{"id":3000,"date":"2024-12-15T04:11:10","date_gmt":"2024-12-15T01:11:10","guid":{"rendered":"https:\/\/dentakdenizsifa.com\/tratamiento-con-circonio\/"},"modified":"2025-02-23T06:38:22","modified_gmt":"2025-02-23T03:38:22","slug":"tratamiento-con-circonio","status":"publish","type":"page","link":"https:\/\/dentakdenizsifa.com\/es\/tratamiento-con-circonio\/","title":{"rendered":"Tratamiento con circonio"},"content":{"rendered":"\t\t<div data-elementor-type=\"wp-page\" data-elementor-id=\"3000\" class=\"elementor elementor-3000 elementor-282\" data-elementor-post-type=\"page\">\n\t\t\t\t<div class=\"elementor-element elementor-element-c127f5a e-flex e-con-boxed e-con e-parent\" data-id=\"c127f5a\" data-element_type=\"container\" data-e-type=\"container\">\n\t\t\t\t\t<div class=\"e-con-inner\">\n\t\t\t\t<div class=\"elementor-element elementor-element-83a1614 elementor-widget elementor-widget-heading\" data-id=\"83a1614\" data-element_type=\"widget\" data-e-type=\"widget\" data-widget_type=\"heading.default\">\n\t\t\t\t<div class=\"elementor-widget-container\">\n\t\t\t\t\t<h1 class=\"elementor-heading-title elementor-size-default\">TRATAMIENTO CON CIRCONIO<\/h1>\t\t\t\t<\/div>\n\t\t\t\t<\/div>\n\t\t\t\t\t<\/div>\n\t\t\t\t<\/div>\n\t\t<div class=\"elementor-element elementor-element-e3c550d e-flex e-con-boxed e-con e-parent\" data-id=\"e3c550d\" data-element_type=\"container\" data-e-type=\"container\">\n\t\t\t\t\t<div class=\"e-con-inner\">\n\t\t\t\t<div class=\"elementor-element elementor-element-153979f elementor-widget elementor-widget-text-editor\" data-id=\"153979f\" data-element_type=\"widget\" data-e-type=\"widget\" data-widget_type=\"text-editor.default\">\n\t\t\t\t<div class=\"elementor-widget-container\">\n\t\t\t\t\t\t\t\t\t<p><img fetchpriority=\"high\" decoding=\"async\" class=\"aligncenter wp-image-269 size-large\" src=\"https:\/\/dentakdenizsifa.com\/wp-content\/uploads\/2024\/12\/zirkonyum-1024x683.png\" alt=\"\" width=\"800\" height=\"534\" srcset=\"https:\/\/dentakdenizsifa.com\/wp-content\/uploads\/2024\/12\/zirkonyum-1024x683.png 1024w, https:\/\/dentakdenizsifa.com\/wp-content\/uploads\/2024\/12\/zirkonyum-300x200.png 300w, https:\/\/dentakdenizsifa.com\/wp-content\/uploads\/2024\/12\/zirkonyum-768x512.png 768w, https:\/\/dentakdenizsifa.com\/wp-content\/uploads\/2024\/12\/zirkonyum.png 1200w\" sizes=\"(max-width: 800px) 100vw, 800px\" \/><\/p><p>Para evitar la p\u00e9rdida total de los dientes deformados y desgastados por diversos motivos, los dentistas suelen aplicar carillas. Estos procedimientos de recubrimiento pueden realizarse con fines est\u00e9ticos, en casos en que haya fracturas dentales o falten dientes, en casos en que haya caries que no puedan tratarse con empastes normales. <\/p><p>Para que el diente recupere su aspecto anterior, el proceso de recubrimiento se aplica utilizando material met\u00e1lico o no met\u00e1lico. Estos materiales son materiales como la cer\u00e1mica, la porcelana o el circonio. <\/p><p>La transmitancia luminosa del material de circonio utilizado en el recubrimiento dental es mayor que la de los recubrimientos con soporte met\u00e1lico. De este modo, tiene un aspecto m\u00e1s natural. Adem\u00e1s, el circonio es un material m\u00e1s sano para las enc\u00edas, al tiempo que minimiza las manchas causadas por el tabaco u otros motivos.  <\/p><p>No provoca mal aliento ni cambios de sabor en la boca. Gracias a su resistencia al calor, es una mejor opci\u00f3n para los pacientes con sensibilidad. <\/p>\t\t\t\t\t\t\t\t<\/div>\n\t\t\t\t<\/div>\n\t\t\t\t\t<\/div>\n\t\t\t\t<\/div>\n\t\t\t\t<\/div>\n\t\t","protected":false},"excerpt":{"rendered":"<p>TRATAMIENTO CON CIRCONIO Para evitar la p\u00e9rdida total de los dientes deformados y desgastados por diversos motivos, los dentistas suelen aplicar carillas. Estos procedimientos de recubrimiento pueden realizarse con fines est\u00e9ticos, en casos en que haya fracturas dentales o falten dientes, en casos en que haya caries que no puedan tratarse con empastes normales. Para [&hellip;]<\/p>\n","protected":false},"author":1,"featured_media":2983,"parent":0,"menu_order":0,"comment_status":"closed","ping_status":"closed","template":"elementor_header_footer","meta":{"footnotes":""},"class_list":["post-3000","page","type-page","status-publish","has-post-thumbnail","hentry"],"_links":{"self":[{"href":"https:\/\/dentakdenizsifa.com\/es\/wp-json\/wp\/v2\/pages\/3000","targetHints":{"allow":["GET"]}}],"collection":[{"href":"https:\/\/dentakdenizsifa.com\/es\/wp-json\/wp\/v2\/pages"}],"about":[{"href":"https:\/\/dentakdenizsifa.com\/es\/wp-json\/wp\/v2\/types\/page"}],"author":[{"embeddable":true,"href":"https:\/\/dentakdenizsifa.com\/es\/wp-json\/wp\/v2\/users\/1"}],"replies":[{"embeddable":true,"href":"https:\/\/dentakdenizsifa.com\/es\/wp-json\/wp\/v2\/comments?post=3000"}],"version-history":[{"count":1,"href":"https:\/\/dentakdenizsifa.com\/es\/wp-json\/wp\/v2\/pages\/3000\/revisions"}],"predecessor-version":[{"id":3002,"href":"https:\/\/dentakdenizsifa.com\/es\/wp-json\/wp\/v2\/pages\/3000\/revisions\/3002"}],"wp:featuredmedia":[{"embeddable":true,"href":"https:\/\/dentakdenizsifa.com\/es\/wp-json\/wp\/v2\/media\/2983"}],"wp:attachment":[{"href":"https:\/\/dentakdenizsifa.com\/es\/wp-json\/wp\/v2\/media?parent=3000"}],"curies":[{"name":"wp","href":"https:\/\/api.w.org\/{rel}","templated":true}]}}