{"id":2994,"date":"2024-12-15T03:58:47","date_gmt":"2024-12-15T00:58:47","guid":{"rendered":"https:\/\/dentakdenizsifa.com\/tratamientos-conservadores\/"},"modified":"2025-02-23T06:38:23","modified_gmt":"2025-02-23T03:38:23","slug":"tratamientos-conservadores","status":"publish","type":"page","link":"https:\/\/dentakdenizsifa.com\/es\/tratamientos-conservadores\/","title":{"rendered":"Tratamientos conservadores"},"content":{"rendered":"\t\t<div data-elementor-type=\"wp-page\" data-elementor-id=\"2994\" class=\"elementor elementor-2994 elementor-253\" data-elementor-post-type=\"page\">\n\t\t\t\t<div class=\"elementor-element elementor-element-279d616 e-flex e-con-boxed e-con e-parent\" data-id=\"279d616\" data-element_type=\"container\" data-e-type=\"container\">\n\t\t\t\t\t<div class=\"e-con-inner\">\n\t\t\t\t<div class=\"elementor-element elementor-element-ce73ad4 elementor-widget elementor-widget-heading\" data-id=\"ce73ad4\" data-element_type=\"widget\" data-e-type=\"widget\" data-widget_type=\"heading.default\">\n\t\t\t\t<div class=\"elementor-widget-container\">\n\t\t\t\t\t<h1 class=\"elementor-heading-title elementor-size-default\">TRATAMIENTO CONSERVADOR<\/h1>\t\t\t\t<\/div>\n\t\t\t\t<\/div>\n\t\t\t\t\t<\/div>\n\t\t\t\t<\/div>\n\t\t<div class=\"elementor-element elementor-element-df33e74 e-flex e-con-boxed e-con e-parent\" data-id=\"df33e74\" data-element_type=\"container\" data-e-type=\"container\">\n\t\t\t\t\t<div class=\"e-con-inner\">\n\t\t\t\t<div class=\"elementor-element elementor-element-024268d elementor-widget elementor-widget-text-editor\" data-id=\"024268d\" data-element_type=\"widget\" data-e-type=\"widget\" data-widget_type=\"text-editor.default\">\n\t\t\t\t<div class=\"elementor-widget-container\">\n\t\t\t\t\t\t\t\t\t<p><img fetchpriority=\"high\" decoding=\"async\" class=\"aligncenter wp-image-255 size-large\" src=\"https:\/\/dentakdenizsifa.com\/wp-content\/uploads\/2024\/12\/konservatif-tedaviler-1024x683.png\" alt=\"\" width=\"800\" height=\"534\" srcset=\"https:\/\/dentakdenizsifa.com\/wp-content\/uploads\/2024\/12\/konservatif-tedaviler-1024x683.png 1024w, https:\/\/dentakdenizsifa.com\/wp-content\/uploads\/2024\/12\/konservatif-tedaviler-300x200.png 300w, https:\/\/dentakdenizsifa.com\/wp-content\/uploads\/2024\/12\/konservatif-tedaviler-768x512.png 768w, https:\/\/dentakdenizsifa.com\/wp-content\/uploads\/2024\/12\/konservatif-tedaviler.png 1200w\" sizes=\"(max-width: 800px) 100vw, 800px\" \/><\/p><p>Abarca todas las aplicaciones relacionadas con los tratamientos dentales. Las principales de estos tratamientos: <\/p><p>a- Laminados de Composite: Las l\u00e1minas de composite son restauraciones est\u00e9ticas y cosm\u00e9ticas realizadas con material de composite en las superficies anteriores de los dientes para cambiar el color, la forma, ampliar o tratar un defecto y dar un aspecto est\u00e9tico a los dientes sin da\u00f1arlos.<\/p><p>Procedimiento:<\/p><p>Utilizamos el laminado de composite en obturaciones est\u00e9ticas de dientes frontales, en casos en los que existe un espacio entre los dientes (diastema), en la reparaci\u00f3n de dientes cariados y rotos por cualquier motivo, cuando necesitamos cambiar el color del diente. La caracter\u00edstica m\u00e1s importante de esta aplicaci\u00f3n es que se puede hacer en una sola sesi\u00f3n y es muy econ\u00f3mica. <\/p><p>b-Rellenos Est\u00e9ticos: Se trata de obtener un aspecto m\u00e1s natural y est\u00e9tico utilizando material compuesto en los dientes y material de empaste con el color de los dientes de la persona. El empaste de material compuesto se endurece con luz hal\u00f3gena y se adhiere qu\u00edmicamente al diente. Es mucho m\u00e1s duradero, est\u00e9tico y sano que los empastes de amalgama.<\/p><p>c-Empastes cer\u00e1micos inlay y onlay: Utilizamos estas restauraciones cuando se producen caries de gran tama\u00f1o y se pierde demasiado material. Las incrustaciones inlay y onlay son una soluci\u00f3n intermedia entre la obturaci\u00f3n y la corona (carilla). <\/p><p>Las incrustaciones inlay u onlay se utilizan cuando no hay suficiente estructura dental para soportar el empaste y el diente no est\u00e1 lo bastante da\u00f1ado como para cubrirlo con una corona. Son empastes dentales a base de porcelana preparados por un prot\u00e9sico dental en el laboratorio. <\/p>\t\t\t\t\t\t\t\t<\/div>\n\t\t\t\t<\/div>\n\t\t\t\t\t<\/div>\n\t\t\t\t<\/div>\n\t\t\t\t<\/div>\n\t\t","protected":false},"excerpt":{"rendered":"<p>TRATAMIENTO CONSERVADOR Abarca todas las aplicaciones relacionadas con los tratamientos dentales. Las principales de estos tratamientos: a- Laminados de Composite: Las l\u00e1minas de composite son restauraciones est\u00e9ticas y cosm\u00e9ticas realizadas con material de composite en las superficies anteriores de los dientes para cambiar el color, la forma, ampliar o tratar un defecto y dar un [&hellip;]<\/p>\n","protected":false},"author":1,"featured_media":2997,"parent":0,"menu_order":0,"comment_status":"closed","ping_status":"closed","template":"elementor_header_footer","meta":{"footnotes":""},"class_list":["post-2994","page","type-page","status-publish","has-post-thumbnail","hentry"],"_links":{"self":[{"href":"https:\/\/dentakdenizsifa.com\/es\/wp-json\/wp\/v2\/pages\/2994","targetHints":{"allow":["GET"]}}],"collection":[{"href":"https:\/\/dentakdenizsifa.com\/es\/wp-json\/wp\/v2\/pages"}],"about":[{"href":"https:\/\/dentakdenizsifa.com\/es\/wp-json\/wp\/v2\/types\/page"}],"author":[{"embeddable":true,"href":"https:\/\/dentakdenizsifa.com\/es\/wp-json\/wp\/v2\/users\/1"}],"replies":[{"embeddable":true,"href":"https:\/\/dentakdenizsifa.com\/es\/wp-json\/wp\/v2\/comments?post=2994"}],"version-history":[{"count":1,"href":"https:\/\/dentakdenizsifa.com\/es\/wp-json\/wp\/v2\/pages\/2994\/revisions"}],"predecessor-version":[{"id":2999,"href":"https:\/\/dentakdenizsifa.com\/es\/wp-json\/wp\/v2\/pages\/2994\/revisions\/2999"}],"wp:featuredmedia":[{"embeddable":true,"href":"https:\/\/dentakdenizsifa.com\/es\/wp-json\/wp\/v2\/media\/2997"}],"wp:attachment":[{"href":"https:\/\/dentakdenizsifa.com\/es\/wp-json\/wp\/v2\/media?parent=2994"}],"curies":[{"name":"wp","href":"https:\/\/api.w.org\/{rel}","templated":true}]}}