{"id":2986,"date":"2024-12-15T04:12:36","date_gmt":"2024-12-15T01:12:36","guid":{"rendered":"https:\/\/dentakdenizsifa.com\/tratamiento-e-max\/"},"modified":"2025-02-23T06:38:22","modified_gmt":"2025-02-23T03:38:22","slug":"tratamiento-e-max","status":"publish","type":"page","link":"https:\/\/dentakdenizsifa.com\/es\/tratamiento-e-max\/","title":{"rendered":"Tratamiento E-Max"},"content":{"rendered":"\t\t<div data-elementor-type=\"wp-page\" data-elementor-id=\"2986\" class=\"elementor elementor-2986 elementor-287\" data-elementor-post-type=\"page\">\n\t\t\t\t<div class=\"elementor-element elementor-element-3c734c2 e-flex e-con-boxed e-con e-parent\" data-id=\"3c734c2\" data-element_type=\"container\" data-e-type=\"container\">\n\t\t\t\t\t<div class=\"e-con-inner\">\n\t\t\t\t<div class=\"elementor-element elementor-element-68bedf5 elementor-widget elementor-widget-heading\" data-id=\"68bedf5\" data-element_type=\"widget\" data-e-type=\"widget\" data-widget_type=\"heading.default\">\n\t\t\t\t<div class=\"elementor-widget-container\">\n\t\t\t\t\t<h1 class=\"elementor-heading-title elementor-size-default\">TRATAMIENTO E-MAX<\/h1>\t\t\t\t<\/div>\n\t\t\t\t<\/div>\n\t\t\t\t\t<\/div>\n\t\t\t\t<\/div>\n\t\t<div class=\"elementor-element elementor-element-07feeb8 e-flex e-con-boxed e-con e-parent\" data-id=\"07feeb8\" data-element_type=\"container\" data-e-type=\"container\">\n\t\t\t\t\t<div class=\"e-con-inner\">\n\t\t\t\t<div class=\"elementor-element elementor-element-cbc116c elementor-widget elementor-widget-text-editor\" data-id=\"cbc116c\" data-element_type=\"widget\" data-e-type=\"widget\" data-widget_type=\"text-editor.default\">\n\t\t\t\t<div class=\"elementor-widget-container\">\n\t\t\t\t\t\t\t\t\t<p><img fetchpriority=\"high\" decoding=\"async\" class=\"aligncenter wp-image-288 size-large\" src=\"https:\/\/dentakdenizsifa.com\/wp-content\/uploads\/2024\/12\/e-max-1024x683.png\" alt=\"\" width=\"800\" height=\"534\" srcset=\"https:\/\/dentakdenizsifa.com\/wp-content\/uploads\/2024\/12\/e-max-1024x683.png 1024w, https:\/\/dentakdenizsifa.com\/wp-content\/uploads\/2024\/12\/e-max-300x200.png 300w, https:\/\/dentakdenizsifa.com\/wp-content\/uploads\/2024\/12\/e-max-768x512.png 768w, https:\/\/dentakdenizsifa.com\/wp-content\/uploads\/2024\/12\/e-max.png 1200w\" sizes=\"(max-width: 800px) 100vw, 800px\" \/><\/p><p>Significa m\u00e1xima est\u00e9tica. La mayor ventaja de esta aplicaci\u00f3n es que no se utiliza metal. As\u00ed, se obtiene un aspecto transparente y cercano al natural. La superficie queda protegida contra las manchas y la formaci\u00f3n de placa.<\/p><p>Al no contener metal, no provoca reacciones al\u00e9rgicas, no se produce la formaci\u00f3n de coloraci\u00f3n viol\u00e1cea en las enc\u00edas y los bordes de los dientes, no da\u00f1a la estructura dental, las sustancias de su contenido se encuentran entre las estructuras m\u00e1s compatibles con el diente.<\/p><p>Como tiene transmitancia luminosa, no tiene aspecto mate, las opciones de color son bastante elevadas, la estructura dental es resbaladiza y lisa. Por esta raz\u00f3n, la formaci\u00f3n de sarro dental es casi inexistente, lo que previene la aparici\u00f3n de enfermedades de las enc\u00edas. El proceso de recubrimiento dental EMax se aplica principalmente en los incisivos frontales. Como los recubrimientos Emax son m\u00e1s d\u00e9biles que los de circonio en cuanto a durabilidad, se prefieren los recubrimientos de circonio para los dientes de la zona posterior.<\/p><p>Emax es un material formado por cer\u00e1mica monol\u00edtica de disilicato de litio. la transmitancia luminosa es mayor que la del circonio. por ello, es m\u00e1s natural y m\u00e1s est\u00e9tico que el circonio, tiene una estructura v\u00edtrea. pero como no es tan duradero como el circonio, se prefiere el revestimiento de circonio en zonas donde la presi\u00f3n es elevada.<\/p>\t\t\t\t\t\t\t\t<\/div>\n\t\t\t\t<\/div>\n\t\t\t\t\t<\/div>\n\t\t\t\t<\/div>\n\t\t\t\t<\/div>\n\t\t","protected":false},"excerpt":{"rendered":"<p>TRATAMIENTO E-MAX Significa m\u00e1xima est\u00e9tica. La mayor ventaja de esta aplicaci\u00f3n es que no se utiliza metal. As\u00ed, se obtiene un aspecto transparente y cercano al natural. La superficie queda protegida contra las manchas y la formaci\u00f3n de placa. Al no contener metal, no provoca reacciones al\u00e9rgicas, no se produce la formaci\u00f3n de coloraci\u00f3n viol\u00e1cea [&hellip;]<\/p>\n","protected":false},"author":1,"featured_media":2988,"parent":0,"menu_order":0,"comment_status":"closed","ping_status":"closed","template":"elementor_header_footer","meta":{"footnotes":""},"class_list":["post-2986","page","type-page","status-publish","has-post-thumbnail","hentry"],"_links":{"self":[{"href":"https:\/\/dentakdenizsifa.com\/es\/wp-json\/wp\/v2\/pages\/2986","targetHints":{"allow":["GET"]}}],"collection":[{"href":"https:\/\/dentakdenizsifa.com\/es\/wp-json\/wp\/v2\/pages"}],"about":[{"href":"https:\/\/dentakdenizsifa.com\/es\/wp-json\/wp\/v2\/types\/page"}],"author":[{"embeddable":true,"href":"https:\/\/dentakdenizsifa.com\/es\/wp-json\/wp\/v2\/users\/1"}],"replies":[{"embeddable":true,"href":"https:\/\/dentakdenizsifa.com\/es\/wp-json\/wp\/v2\/comments?post=2986"}],"version-history":[{"count":1,"href":"https:\/\/dentakdenizsifa.com\/es\/wp-json\/wp\/v2\/pages\/2986\/revisions"}],"predecessor-version":[{"id":2989,"href":"https:\/\/dentakdenizsifa.com\/es\/wp-json\/wp\/v2\/pages\/2986\/revisions\/2989"}],"wp:featuredmedia":[{"embeddable":true,"href":"https:\/\/dentakdenizsifa.com\/es\/wp-json\/wp\/v2\/media\/2988"}],"wp:attachment":[{"href":"https:\/\/dentakdenizsifa.com\/es\/wp-json\/wp\/v2\/media?parent=2986"}],"curies":[{"name":"wp","href":"https:\/\/api.w.org\/{rel}","templated":true}]}}