{"id":2976,"date":"2024-12-15T04:14:06","date_gmt":"2024-12-15T01:14:06","guid":{"rendered":"https:\/\/dentakdenizsifa.com\/carilla-de-porcelana\/"},"modified":"2025-02-23T06:38:13","modified_gmt":"2025-02-23T03:38:13","slug":"carilla-de-porcelana","status":"publish","type":"page","link":"https:\/\/dentakdenizsifa.com\/es\/carilla-de-porcelana\/","title":{"rendered":"Carilla de porcelana"},"content":{"rendered":"\t\t<div data-elementor-type=\"wp-page\" data-elementor-id=\"2976\" class=\"elementor elementor-2976 elementor-293\" data-elementor-post-type=\"page\">\n\t\t\t\t<div class=\"elementor-element elementor-element-4f944ab e-flex e-con-boxed e-con e-parent\" data-id=\"4f944ab\" data-element_type=\"container\" data-e-type=\"container\">\n\t\t\t\t\t<div class=\"e-con-inner\">\n\t\t\t\t<div class=\"elementor-element elementor-element-f77c891 elementor-widget elementor-widget-heading\" data-id=\"f77c891\" data-element_type=\"widget\" data-e-type=\"widget\" data-widget_type=\"heading.default\">\n\t\t\t\t<div class=\"elementor-widget-container\">\n\t\t\t\t\t<h1 class=\"elementor-heading-title elementor-size-default\">CARILLA DE PORCELANA<\/h1>\t\t\t\t<\/div>\n\t\t\t\t<\/div>\n\t\t\t\t\t<\/div>\n\t\t\t\t<\/div>\n\t\t<div class=\"elementor-element elementor-element-6a4fccc e-flex e-con-boxed e-con e-parent\" data-id=\"6a4fccc\" data-element_type=\"container\" data-e-type=\"container\">\n\t\t\t\t\t<div class=\"e-con-inner\">\n\t\t\t\t<div class=\"elementor-element elementor-element-ab34667 elementor-widget elementor-widget-text-editor\" data-id=\"ab34667\" data-element_type=\"widget\" data-e-type=\"widget\" data-widget_type=\"text-editor.default\">\n\t\t\t\t<div class=\"elementor-widget-container\">\n\t\t\t\t\t\t\t\t\t<p><img fetchpriority=\"high\" decoding=\"async\" class=\"aligncenter wp-image-267 size-large\" src=\"https:\/\/dentakdenizsifa.com\/wp-content\/uploads\/2024\/12\/porselen-dis-1024x683.png\" alt=\"\" width=\"800\" height=\"534\" srcset=\"https:\/\/dentakdenizsifa.com\/wp-content\/uploads\/2024\/12\/porselen-dis-1024x683.png 1024w, https:\/\/dentakdenizsifa.com\/wp-content\/uploads\/2024\/12\/porselen-dis-300x200.png 300w, https:\/\/dentakdenizsifa.com\/wp-content\/uploads\/2024\/12\/porselen-dis-768x512.png 768w, https:\/\/dentakdenizsifa.com\/wp-content\/uploads\/2024\/12\/porselen-dis.png 1200w\" sizes=\"(max-width: 800px) 100vw, 800px\" \/><\/p><p>El recubrimiento dental de porcelana es una t\u00e9cnica de recubrimiento dental obtenida a partir de porcelana y producida para cubrir la superficie original del diente. El diente de porcelana es un m\u00e9todo de tratamiento que se aplica para eliminar las preocupaciones est\u00e9ticas que se producen en los dientes y proporcionar a las personas una sonrisa de mejor calidad. <\/p><p>Las carillas dentales de porcelana son una desventaja para los pacientes preocupados por el aspecto est\u00e9tico. Como su transmisi\u00f3n de la luz es menor en comparaci\u00f3n con el circonio y el emax, no puede reflejar el color natural del diente. Esto provoca un color apagado y sin brillo. No puede captar el aspecto natural, sobre todo en los dientes frontales.   <\/p><p>Tienen una buena durabilidad, ya que son revestimientos con soporte met\u00e1lico.<\/p>\t\t\t\t\t\t\t\t<\/div>\n\t\t\t\t<\/div>\n\t\t\t\t\t<\/div>\n\t\t\t\t<\/div>\n\t\t\t\t<\/div>\n\t\t","protected":false},"excerpt":{"rendered":"<p>CARILLA DE PORCELANA El recubrimiento dental de porcelana es una t\u00e9cnica de recubrimiento dental obtenida a partir de porcelana y producida para cubrir la superficie original del diente. El diente de porcelana es un m\u00e9todo de tratamiento que se aplica para eliminar las preocupaciones est\u00e9ticas que se producen en los dientes y proporcionar a las [&hellip;]<\/p>\n","protected":false},"author":1,"featured_media":2977,"parent":0,"menu_order":0,"comment_status":"closed","ping_status":"closed","template":"elementor_header_footer","meta":{"footnotes":""},"class_list":["post-2976","page","type-page","status-publish","has-post-thumbnail","hentry"],"_links":{"self":[{"href":"https:\/\/dentakdenizsifa.com\/es\/wp-json\/wp\/v2\/pages\/2976","targetHints":{"allow":["GET"]}}],"collection":[{"href":"https:\/\/dentakdenizsifa.com\/es\/wp-json\/wp\/v2\/pages"}],"about":[{"href":"https:\/\/dentakdenizsifa.com\/es\/wp-json\/wp\/v2\/types\/page"}],"author":[{"embeddable":true,"href":"https:\/\/dentakdenizsifa.com\/es\/wp-json\/wp\/v2\/users\/1"}],"replies":[{"embeddable":true,"href":"https:\/\/dentakdenizsifa.com\/es\/wp-json\/wp\/v2\/comments?post=2976"}],"version-history":[{"count":1,"href":"https:\/\/dentakdenizsifa.com\/es\/wp-json\/wp\/v2\/pages\/2976\/revisions"}],"predecessor-version":[{"id":2978,"href":"https:\/\/dentakdenizsifa.com\/es\/wp-json\/wp\/v2\/pages\/2976\/revisions\/2978"}],"wp:featuredmedia":[{"embeddable":true,"href":"https:\/\/dentakdenizsifa.com\/es\/wp-json\/wp\/v2\/media\/2977"}],"wp:attachment":[{"href":"https:\/\/dentakdenizsifa.com\/es\/wp-json\/wp\/v2\/media?parent=2976"}],"curies":[{"name":"wp","href":"https:\/\/api.w.org\/{rel}","templated":true}]}}