{"id":2964,"date":"2024-12-15T04:15:24","date_gmt":"2024-12-15T01:15:24","guid":{"rendered":"https:\/\/dentakdenizsifa.com\/blanqueamiento-dental\/"},"modified":"2025-02-23T06:38:13","modified_gmt":"2025-02-23T03:38:13","slug":"blanqueamiento-dental","status":"publish","type":"page","link":"https:\/\/dentakdenizsifa.com\/es\/blanqueamiento-dental\/","title":{"rendered":"Blanqueamiento dental"},"content":{"rendered":"\t\t<div data-elementor-type=\"wp-page\" data-elementor-id=\"2964\" class=\"elementor elementor-2964 elementor-299\" data-elementor-post-type=\"page\">\n\t\t\t\t<div class=\"elementor-element elementor-element-ed65e31 e-flex e-con-boxed e-con e-parent\" data-id=\"ed65e31\" data-element_type=\"container\" data-e-type=\"container\">\n\t\t\t\t\t<div class=\"e-con-inner\">\n\t\t\t\t<div class=\"elementor-element elementor-element-61d2a23 elementor-widget elementor-widget-heading\" data-id=\"61d2a23\" data-element_type=\"widget\" data-e-type=\"widget\" data-widget_type=\"heading.default\">\n\t\t\t\t<div class=\"elementor-widget-container\">\n\t\t\t\t\t<h1 class=\"elementor-heading-title elementor-size-default\">BLANQUEAMIENTO DENTAL<\/h1>\t\t\t\t<\/div>\n\t\t\t\t<\/div>\n\t\t\t\t\t<\/div>\n\t\t\t\t<\/div>\n\t\t<div class=\"elementor-element elementor-element-59fee2e e-flex e-con-boxed e-con e-parent\" data-id=\"59fee2e\" data-element_type=\"container\" data-e-type=\"container\">\n\t\t\t\t\t<div class=\"e-con-inner\">\n\t\t\t\t<div class=\"elementor-element elementor-element-1671c40 elementor-widget elementor-widget-text-editor\" data-id=\"1671c40\" data-element_type=\"widget\" data-e-type=\"widget\" data-widget_type=\"text-editor.default\">\n\t\t\t\t<div class=\"elementor-widget-container\">\n\t\t\t\t\t\t\t\t\t<p> <\/p><p><img fetchpriority=\"high\" decoding=\"async\" class=\"aligncenter wp-image-268 size-large\" src=\"https:\/\/dentakdenizsifa.com\/wp-content\/uploads\/2024\/12\/dis-beyazlatma-1024x683.png\" alt=\"\" width=\"800\" height=\"534\" srcset=\"https:\/\/dentakdenizsifa.com\/wp-content\/uploads\/2024\/12\/dis-beyazlatma-1024x683.png 1024w, https:\/\/dentakdenizsifa.com\/wp-content\/uploads\/2024\/12\/dis-beyazlatma-300x200.png 300w, https:\/\/dentakdenizsifa.com\/wp-content\/uploads\/2024\/12\/dis-beyazlatma-768x512.png 768w, https:\/\/dentakdenizsifa.com\/wp-content\/uploads\/2024\/12\/dis-beyazlatma.png 1200w\" sizes=\"(max-width: 800px) 100vw, 800px\" \/>Los alimentos y bebidas que contienen colorantes consumidos en la vida diaria, as\u00ed como trastornos pasados que se remontan a la infancia, pueden causar decoloraciones. Estas decoloraciones pueden solucionarse f\u00e1cilmente gracias al desarrollo de distintos m\u00e9todos y materiales restauradores en odontolog\u00eda. <\/p><p>Se realiza en la cl\u00ednica dental en aproximadamente una hora; es el sistema de blanqueamiento m\u00e1s r\u00e1pido, fiable y eficaz, compuesto por gel blanqueador y luz, que puede aclarar el color de los dientes 3-4 tonos en poco tiempo.<\/p><p>Aunque la duraci\u00f3n del blanqueamiento var\u00eda en funci\u00f3n de la estructura dental de la persona, muestra efecto durante unos 2-3 a\u00f1os.<\/p><p>La variaci\u00f3n de este periodo depende de si la superficie dental de la persona es lisa o no, de la estructura de la saliva, del consumo de t\u00e9, caf\u00e9 y cigarrillos, de si cuida sus dientes o no.<\/p>\t\t\t\t\t\t\t\t<\/div>\n\t\t\t\t<\/div>\n\t\t\t\t\t<\/div>\n\t\t\t\t<\/div>\n\t\t\t\t<\/div>\n\t\t","protected":false},"excerpt":{"rendered":"<p>BLANQUEAMIENTO DENTAL Los alimentos y bebidas que contienen colorantes consumidos en la vida diaria, as\u00ed como trastornos pasados que se remontan a la infancia, pueden causar decoloraciones. Estas decoloraciones pueden solucionarse f\u00e1cilmente gracias al desarrollo de distintos m\u00e9todos y materiales restauradores en odontolog\u00eda. Se realiza en la cl\u00ednica dental en aproximadamente una hora; es el [&hellip;]<\/p>\n","protected":false},"author":1,"featured_media":2966,"parent":0,"menu_order":0,"comment_status":"closed","ping_status":"closed","template":"elementor_header_footer","meta":{"footnotes":""},"class_list":["post-2964","page","type-page","status-publish","has-post-thumbnail","hentry"],"_links":{"self":[{"href":"https:\/\/dentakdenizsifa.com\/es\/wp-json\/wp\/v2\/pages\/2964","targetHints":{"allow":["GET"]}}],"collection":[{"href":"https:\/\/dentakdenizsifa.com\/es\/wp-json\/wp\/v2\/pages"}],"about":[{"href":"https:\/\/dentakdenizsifa.com\/es\/wp-json\/wp\/v2\/types\/page"}],"author":[{"embeddable":true,"href":"https:\/\/dentakdenizsifa.com\/es\/wp-json\/wp\/v2\/users\/1"}],"replies":[{"embeddable":true,"href":"https:\/\/dentakdenizsifa.com\/es\/wp-json\/wp\/v2\/comments?post=2964"}],"version-history":[{"count":1,"href":"https:\/\/dentakdenizsifa.com\/es\/wp-json\/wp\/v2\/pages\/2964\/revisions"}],"predecessor-version":[{"id":2968,"href":"https:\/\/dentakdenizsifa.com\/es\/wp-json\/wp\/v2\/pages\/2964\/revisions\/2968"}],"wp:featuredmedia":[{"embeddable":true,"href":"https:\/\/dentakdenizsifa.com\/es\/wp-json\/wp\/v2\/media\/2966"}],"wp:attachment":[{"href":"https:\/\/dentakdenizsifa.com\/es\/wp-json\/wp\/v2\/media?parent=2964"}],"curies":[{"name":"wp","href":"https:\/\/api.w.org\/{rel}","templated":true}]}}