{"id":2950,"date":"2024-12-15T23:35:45","date_gmt":"2024-12-15T20:35:45","guid":{"rendered":"https:\/\/dentakdenizsifa.com\/dt-sefa-arslan\/"},"modified":"2025-02-23T06:37:58","modified_gmt":"2025-02-23T03:37:58","slug":"dt-sefa-arslan","status":"publish","type":"page","link":"https:\/\/dentakdenizsifa.com\/es\/dt-sefa-arslan\/","title":{"rendered":"Dt. Sefa ARSLAN"},"content":{"rendered":"\t\t<div data-elementor-type=\"wp-page\" data-elementor-id=\"2950\" class=\"elementor elementor-2950 elementor-721\" data-elementor-post-type=\"page\">\n\t\t\t\t<div class=\"elementor-element elementor-element-ed4bc9b e-con-full elementor-hidden-desktop elementor-hidden-tablet e-flex e-con e-child\" data-id=\"ed4bc9b\" data-element_type=\"container\" data-e-type=\"container\">\n\t\t\t\t<div class=\"elementor-element elementor-element-189baff elementor-widget elementor-widget-image\" data-id=\"189baff\" data-element_type=\"widget\" data-e-type=\"widget\" data-widget_type=\"image.default\">\n\t\t\t\t<div class=\"elementor-widget-container\">\n\t\t\t\t\t\t\t\t\t\t\t\t\t\t\t\t<a href=\"https:\/\/dentakdenizsifa.com\/wp-content\/uploads\/2024\/12\/sefa.jpg\" data-elementor-open-lightbox=\"yes\" data-elementor-lightbox-title=\"sefa\" data-e-action-hash=\"#elementor-action%3Aaction%3Dlightbox%26settings%3DeyJpZCI6Mjg1NCwidXJsIjoiaHR0cHM6XC9cL2RlbnRha2Rlbml6c2lmYS5jb21cL3dwLWNvbnRlbnRcL3VwbG9hZHNcLzIwMjRcLzEyXC9zZWZhLmpwZyJ9\">\n\t\t\t\t\t\t\t<img fetchpriority=\"high\" decoding=\"async\" width=\"522\" height=\"654\" src=\"https:\/\/dentakdenizsifa.com\/wp-content\/uploads\/2024\/12\/sefa.jpg\" class=\"attachment-large size-large wp-image-2854\" alt=\"\" srcset=\"https:\/\/dentakdenizsifa.com\/wp-content\/uploads\/2024\/12\/sefa.jpg 522w, https:\/\/dentakdenizsifa.com\/wp-content\/uploads\/2024\/12\/sefa-239x300.jpg 239w\" sizes=\"(max-width: 522px) 100vw, 522px\" \/>\t\t\t\t\t\t\t\t<\/a>\n\t\t\t\t\t\t\t\t\t\t\t\t\t\t\t<\/div>\n\t\t\t\t<\/div>\n\t\t\t\t<\/div>\n\t\t<div class=\"elementor-element elementor-element-cd751db e-flex e-con-boxed e-con e-parent\" data-id=\"cd751db\" data-element_type=\"container\" data-e-type=\"container\" data-settings=\"{&quot;background_background&quot;:&quot;classic&quot;}\">\n\t\t\t\t\t<div class=\"e-con-inner\">\n\t\t<div class=\"elementor-element elementor-element-f3f1f86 e-con-full e-flex e-con e-child\" data-id=\"f3f1f86\" data-element_type=\"container\" data-e-type=\"container\">\n\t\t\t\t<div class=\"elementor-element elementor-element-4881d2e elementor-widget__width-initial elementor-invisible elementor-widget elementor-widget-heading\" data-id=\"4881d2e\" data-element_type=\"widget\" data-e-type=\"widget\" data-settings=\"{&quot;_animation&quot;:&quot;fadeInUp&quot;}\" data-widget_type=\"heading.default\">\n\t\t\t\t<div class=\"elementor-widget-container\">\n\t\t\t\t\t<h2 class=\"elementor-heading-title elementor-size-default\">Dt. Sefa ARSLAN <\/h2>\t\t\t\t<\/div>\n\t\t\t\t<\/div>\n\t\t\t\t<div class=\"elementor-element elementor-element-134fad5 elementor-invisible elementor-widget elementor-widget-heading\" data-id=\"134fad5\" data-element_type=\"widget\" data-e-type=\"widget\" data-settings=\"{&quot;_animation&quot;:&quot;fadeInUp&quot;}\" data-widget_type=\"heading.default\">\n\t\t\t\t<div class=\"elementor-widget-container\">\n\t\t\t\t\t<h2 class=\"elementor-heading-title elementor-size-default\">Mi biograf\u00eda<\/h2>\t\t\t\t<\/div>\n\t\t\t\t<\/div>\n\t\t\t\t<div class=\"elementor-element elementor-element-4ed8822 elementor-widget__width-initial elementor-invisible elementor-widget elementor-widget-text-editor\" data-id=\"4ed8822\" data-element_type=\"widget\" data-e-type=\"widget\" data-settings=\"{&quot;_animation&quot;:&quot;fadeInUp&quot;}\" data-widget_type=\"text-editor.default\">\n\t\t\t\t<div class=\"elementor-widget-container\">\n\t\t\t\t\t\t\t\t\t<p>En 2010, Dt.Sefa Arslan se gradu\u00f3 en la Facultad de Odontolog\u00eda de la Universidad Atat\u00fcrk de Erzurum y tras su graduaci\u00f3n, estableci\u00f3 su propia cl\u00ednica en Erzincan y continu\u00f3 durante 3 a\u00f1os. Desde 2013, trabaja en la policl\u00ednica dental Dent Akdeniz \u015fifa, de la que es socio. Ha trabajado como m\u00e9dico voluntario tanto en su pa\u00eds como en el extranjero. Realiz\u00f3 tratamientos dentales en zonas de guerra y ciudades de tiendas de campa\u00f1a en Siria.   <\/p><p>Se ha completado con \u00e9xito y se han recibido certificados de formaci\u00f3n sobre el muelle expansor \u00f3seo Ostem y formaci\u00f3n sobre procedimientos quir\u00fargicos y aplicaciones en crestas estrechas, protocolos de carga directa en los cuatro casos, aplicaciones directas e indirectas de elevaci\u00f3n de seno, preparaci\u00f3n y aplicaciones de laminado y muchas otras formaciones y cursos.<\/p>\t\t\t\t\t\t\t\t<\/div>\n\t\t\t\t<\/div>\n\t\t\t\t<\/div>\n\t\t<div class=\"elementor-element elementor-element-e457737 e-con-full e-flex elementor-invisible e-con e-child\" data-id=\"e457737\" data-element_type=\"container\" data-e-type=\"container\" data-settings=\"{&quot;background_background&quot;:&quot;classic&quot;,&quot;animation&quot;:&quot;fadeInUp&quot;}\">\n\t\t<div class=\"elementor-element elementor-element-3170e13 e-con-full elementor-hidden-tablet elementor-hidden-mobile e-flex e-con e-child\" data-id=\"3170e13\" data-element_type=\"container\" data-e-type=\"container\">\n\t\t\t\t<div class=\"elementor-element elementor-element-30c865c elementor-widget elementor-widget-image\" data-id=\"30c865c\" data-element_type=\"widget\" data-e-type=\"widget\" data-widget_type=\"image.default\">\n\t\t\t\t<div class=\"elementor-widget-container\">\n\t\t\t\t\t\t\t\t\t\t\t\t\t\t\t\t<a href=\"https:\/\/dentakdenizsifa.com\/wp-content\/uploads\/2024\/12\/sefa.jpg\" data-elementor-open-lightbox=\"yes\" data-elementor-lightbox-title=\"sefa\" data-e-action-hash=\"#elementor-action%3Aaction%3Dlightbox%26settings%3DeyJpZCI6Mjg1NCwidXJsIjoiaHR0cHM6XC9cL2RlbnRha2Rlbml6c2lmYS5jb21cL3dwLWNvbnRlbnRcL3VwbG9hZHNcLzIwMjRcLzEyXC9zZWZhLmpwZyJ9\">\n\t\t\t\t\t\t\t<img fetchpriority=\"high\" decoding=\"async\" width=\"522\" height=\"654\" src=\"https:\/\/dentakdenizsifa.com\/wp-content\/uploads\/2024\/12\/sefa.jpg\" class=\"attachment-large size-large wp-image-2854\" alt=\"\" srcset=\"https:\/\/dentakdenizsifa.com\/wp-content\/uploads\/2024\/12\/sefa.jpg 522w, https:\/\/dentakdenizsifa.com\/wp-content\/uploads\/2024\/12\/sefa-239x300.jpg 239w\" sizes=\"(max-width: 522px) 100vw, 522px\" \/>\t\t\t\t\t\t\t\t<\/a>\n\t\t\t\t\t\t\t\t\t\t\t\t\t\t\t<\/div>\n\t\t\t\t<\/div>\n\t\t\t\t<\/div>\n\t\t\t\t<\/div>\n\t\t\t\t\t<\/div>\n\t\t\t\t<\/div>\n\t\t\t\t<\/div>\n\t\t","protected":false},"excerpt":{"rendered":"<p>Dt. Sefa ARSLAN Mi biograf\u00eda En 2010, Dt.Sefa Arslan se gradu\u00f3 en la Facultad de Odontolog\u00eda de la Universidad Atat\u00fcrk de Erzurum y tras su graduaci\u00f3n, estableci\u00f3 su propia cl\u00ednica en Erzincan y continu\u00f3 durante 3 a\u00f1os. Desde 2013, trabaja en la policl\u00ednica dental Dent Akdeniz \u015fifa, de la que es socio. Ha trabajado como [&hellip;]<\/p>\n","protected":false},"author":1,"featured_media":0,"parent":0,"menu_order":0,"comment_status":"closed","ping_status":"closed","template":"elementor_header_footer","meta":{"footnotes":""},"class_list":["post-2950","page","type-page","status-publish","hentry"],"_links":{"self":[{"href":"https:\/\/dentakdenizsifa.com\/es\/wp-json\/wp\/v2\/pages\/2950","targetHints":{"allow":["GET"]}}],"collection":[{"href":"https:\/\/dentakdenizsifa.com\/es\/wp-json\/wp\/v2\/pages"}],"about":[{"href":"https:\/\/dentakdenizsifa.com\/es\/wp-json\/wp\/v2\/types\/page"}],"author":[{"embeddable":true,"href":"https:\/\/dentakdenizsifa.com\/es\/wp-json\/wp\/v2\/users\/1"}],"replies":[{"embeddable":true,"href":"https:\/\/dentakdenizsifa.com\/es\/wp-json\/wp\/v2\/comments?post=2950"}],"version-history":[{"count":1,"href":"https:\/\/dentakdenizsifa.com\/es\/wp-json\/wp\/v2\/pages\/2950\/revisions"}],"predecessor-version":[{"id":2951,"href":"https:\/\/dentakdenizsifa.com\/es\/wp-json\/wp\/v2\/pages\/2950\/revisions\/2951"}],"wp:attachment":[{"href":"https:\/\/dentakdenizsifa.com\/es\/wp-json\/wp\/v2\/media?parent=2950"}],"curies":[{"name":"wp","href":"https:\/\/api.w.org\/{rel}","templated":true}]}}