{"id":2946,"date":"2024-12-17T02:11:57","date_gmt":"2024-12-16T23:11:57","guid":{"rendered":"https:\/\/dentakdenizsifa.com\/kvkk\/"},"modified":"2025-02-23T06:37:58","modified_gmt":"2025-02-23T03:37:58","slug":"kvkk","status":"publish","type":"page","link":"https:\/\/dentakdenizsifa.com\/es\/kvkk\/","title":{"rendered":"KVKK"},"content":{"rendered":"\t\t<div data-elementor-type=\"wp-page\" data-elementor-id=\"2946\" class=\"elementor elementor-2946 elementor-821\" data-elementor-post-type=\"page\">\n\t\t\t\t<div class=\"elementor-element elementor-element-898952f e-flex e-con-boxed e-con e-parent\" data-id=\"898952f\" data-element_type=\"container\" data-e-type=\"container\">\n\t\t\t\t\t<div class=\"e-con-inner\">\n\t\t\t\t<div class=\"elementor-element elementor-element-ddd58a8 elementor-invisible elementor-widget elementor-widget-heading\" data-id=\"ddd58a8\" data-element_type=\"widget\" data-e-type=\"widget\" data-settings=\"{&quot;_animation&quot;:&quot;fadeInUp&quot;}\" data-widget_type=\"heading.default\">\n\t\t\t\t<div class=\"elementor-widget-container\">\n\t\t\t\t\t<h2 class=\"elementor-heading-title elementor-size-default\">Texto aclaratorio KVKK<\/h2>\t\t\t\t<\/div>\n\t\t\t\t<\/div>\n\t\t\t\t\t<\/div>\n\t\t\t\t<\/div>\n\t\t<div class=\"elementor-element elementor-element-ed9e037 e-flex e-con-boxed e-con e-parent\" data-id=\"ed9e037\" data-element_type=\"container\" data-e-type=\"container\">\n\t\t\t\t\t<div class=\"e-con-inner\">\n\t\t\t\t<div class=\"elementor-element elementor-element-ebf2458 elementor-widget__width-initial elementor-invisible elementor-widget elementor-widget-text-editor\" data-id=\"ebf2458\" data-element_type=\"widget\" data-e-type=\"widget\" data-settings=\"{&quot;_animation&quot;:&quot;fadeInUp&quot;}\" data-widget_type=\"text-editor.default\">\n\t\t\t\t<div class=\"elementor-widget-container\">\n\t\t\t\t\t\t\t\t\t<p>Como Dent Akdeniz \u015eifa Oral and Dental Health Services Ltd.\u015eti., nos comprometemos a utilizar los datos personales que nos facilites en el formulario \u00fanicamente en las actividades de comunicaci\u00f3n de nuestra empresa y a protegerlos dentro del \u00e1mbito de la Ley de Protecci\u00f3n de Datos Personales n\u00ba 6698 de la Rep\u00fablica de Turqu\u00eda. Como Dent Akdeniz \u015eifa Oral and Dental Health Services Ltd.\u015eti. mientras continuemos con nuestras actividades comerciales, tus datos personales dentro del \u00e1mbito de esta ley; Para informarte sobre las campa\u00f1as especiales que hemos preparado, podremos almacenarlos en centros de datos seguros en nuestro pa\u00eds o en el extranjero y compartirlos con socios comerciales con los que nuestra empresa tenga un acuerdo de confidencialidad. Si quieres cambiar tus preferencias de intercambio de datos, puedes enviar tu solicitud a nuestro especialista en datos a trav\u00e9s de nuestra direcci\u00f3n de correo electr\u00f3nico akdenizsifadis@gmail.com o a nuestro centro de atenci\u00f3n telef\u00f3nica en el 0(212) 635-35-60 y cancelar tu afiliaci\u00f3n.<\/p><p>Dent Akdeniz \u015eifa Servicios de Salud Oral y Dental Ltd.\u015eti. Nota aclaratoria sobre la protecci\u00f3n de datos personales<\/p><p>Este Formulario de Informaci\u00f3n y Aclaraci\u00f3n se ha elaborado en el \u00e1mbito del tratamiento y transferencia de \u00abDatos Personales\u00bb de personas f\u00edsicas regulado por la Ley n\u00ba 6698 de Protecci\u00f3n de Datos Personales (\u00abLey KVK\u00bb). En el \u00e1mbito de la Ley n\u00ba 6698, cualquier informaci\u00f3n actual que hayas compartido con nuestra empresa se considerar\u00e1 \u00abDatos Personales\u00bb. <\/p><p>La seguridad de tus datos personales es de gran importancia para nosotros, y tus datos personales se almacenar\u00e1n de acuerdo con las condiciones estipuladas por la legislaci\u00f3n, de la forma m\u00e1s segura posible y durante el periodo requerido por las obligaciones legales, de acuerdo con la legislaci\u00f3n.<\/p><p>a) Controlador de Datos y Representante<br>De conformidad con la Ley n\u00ba 6698 de Protecci\u00f3n de Datos Personales, tus datos personales pueden ser procesados por Dent Akdeniz \u015eifa Oral and Dental Health Services Ltd.\u015eti. como \u00abControlador de Datos\u00bb en el \u00e1mbito de lo siguiente.<\/p><p>b) Con qu\u00e9 finalidad pueden tratarse tus datos personales<br>Tus datos personales recogidos podr\u00e1n ser utilizados para el cumplimiento de las obligaciones de nuestra empresa y de las personas f\u00edsicas y jur\u00eddicas que mantengan una relaci\u00f3n comercial con nuestra empresa, para informarte sobre actualizaciones, para establecer y ejecutar contratos contigo, para recordar y cumplir obligaciones legales, para llevar a cabo diversas actividades de publicidad y marketing, financiaci\u00f3n, ejecuci\u00f3n y seguimiento de asuntos contables y legales, seguimiento de tus solicitudes y reclamaciones &#8211; Seguimiento de procesos contractuales y\/o solicitudes legales, obtener tu opini\u00f3n a trav\u00e9s de encuestas y votaciones en el \u00e1mbito de la planificaci\u00f3n y ejecuci\u00f3n de actividades de satisfacci\u00f3n del cliente, determinar productos, proyectos y servicios adecuados para ti, personalizarlos y desarrollarlos para ti, proporcionar un servicio eficaz de atenci\u00f3n al cliente, notificarte cambios en la legislaci\u00f3n, pol\u00edticas internas u otras notificaciones que te conciernan, celebraci\u00f3n de cumplea\u00f1os, inclusi\u00f3n en sorteos o concursos, entrega de regalos y otros eventos similares, promociones y campa\u00f1as a tu favor, notific\u00e1ndote por correo electr\u00f3nico, informarte por SMS y fax, informarte sobre campa\u00f1as, enviarte boletines impresos, revistas, art\u00edculos sobre campa\u00f1as, determinar el perfil de nuestros visitantes, evaluar solicitudes, demandas y quejas, llevar a cabo las pol\u00edticas de recursos humanos de nuestra empresa, responder a tus solicitudes y preguntas, los datos personales podr\u00e1n ser tratados en el \u00e1mbito de las condiciones y finalidades del tratamiento de datos personales especificadas en los Art\u00edculos 5 y 6 de la Ley n\u00ba 6698. y 6. de la Ley n\u00ba 6698 en el \u00e1mbito de las condiciones y finalidades de tratamiento de datos personales especificadas en los Art\u00edculos 5 y 6.  <\/p><p>c) A qui\u00e9n y con qu\u00e9 finalidad pueden transferirse los datos personales tratados<br>Tus datos personales recogidos se tratan de acuerdo con los principios de tratamiento conforme a la ley y de buena fe, exactos y actualizados cuando sea necesario, tratados con fines determinados, claros y leg\u00edtimos, en relaci\u00f3n con la finalidad para la que se tratan, limitados y medidos, y conservados durante el per\u00edodo estipulado en la legislaci\u00f3n pertinente o requerido para la finalidad para la que se tratan. Adem\u00e1s, siempre que cumplamos las condiciones estipuladas en los Art\u00edculos 8 y 9 de la Ley KVK y tomemos las medidas de seguridad necesarias, limitadas a los fines enumerados en el Art\u00edculo (b) de esta notificaci\u00f3n, nuestras filiales o subsidiarias nacionales\/extranjeras indirectas\/directas, nacionales\/extranjeras\/internacionales, instituciones y organizaciones p\u00fablicas\/privadas, empresas y otras terceras partes u organizaciones de las que nuestra empresa reciba servicios\/apoyo\/consultor\u00eda o coopere o sea socio de un proyecto\/programa\/financiaci\u00f3n. personas u organizaciones, empresas afiliadas, consultores, accionistas o socios de soluciones de nuestra empresa, otras empresas del grupo, la Agencia Central de Registro y otras instituciones y organizaciones autorizadas, proveedores o subcontratistas en el marco de las condiciones y finalidades de tratamiento de datos personales especificadas en los art\u00edculos 8 y 9 de la Ley n\u00ba 6698. Dent Akdeniz \u015eifa Oral and Dental Health Services Ltd.\u015eti.\u015eti puede procesar y almacenar sus datos personales en servidores u otros medios electr\u00f3nicos ubicados en el extranjero, siempre que exista una protecci\u00f3n adecuada en Turqu\u00eda o en el pa\u00eds extranjero al que se transferir\u00e1n los datos personales, siempre que se tomen las medidas de seguridad necesarias; si no existe una protecci\u00f3n adecuada en el pa\u00eds extranjero pertinente, Dent Akdeniz \u015eifa Oral and Dental Health Services Ltd.\u015eti.\u015eti y los responsables del tratamiento de datos en el pa\u00eds extranjero pertinente se comprometen a una protecci\u00f3n adecuada por escrito y la Junta tiene permiso.<\/p><p>\u00e7) M\u00e9todo y motivo legal para recoger tus datos personales<\/p><p>Tus datos personales pueden ser obtenidos por nuestra Empresa a trav\u00e9s de diferentes canales, como oficinas y otros entornos f\u00edsicos, centros de atenci\u00f3n telef\u00f3nica, sitios web, aplicaciones m\u00f3viles y plataformas similares de transacciones electr\u00f3nicas, medios sociales u otros canales p\u00fablicos, a trav\u00e9s de tu participaci\u00f3n en cursos de formaci\u00f3n, conferencias y entornos similares, a trav\u00e9s de grabaciones escritas, verbales, de audio o v\u00eddeo u otros medios f\u00edsicos o electr\u00f3nicos, etc.) en los que puedes ponerte en contacto con la sede de la empresa, sucursales, agencias, oficinas de ventas u otros subcontratistas o socios comerciales, a trav\u00e9s del m\u00e9todo de investigaci\u00f3n o a trav\u00e9s de otras empresas del grupo u otras personas y organizaciones que hayan contratado. Tus datos personales pueden ser recogidos, procesados, transferidos y almacenados para los fines especificados en los art\u00edculos (b) y (c) de este texto dentro del \u00e1mbito de las condiciones y fines del procesamiento de datos personales especificados en los art\u00edculos 5 y 6 de la Ley KVK.      <\/p><p>Tus Datos Personales se almacenan de acuerdo con la legislaci\u00f3n durante el per\u00edodo requerido por las obligaciones legales o durante el per\u00edodo permitido por la legislaci\u00f3n pertinente.<\/p><p>d) Tus derechos como propietario de datos personales<br>Como propietarios de datos personales, si presentas tus solicitudes relativas a tus derechos a nuestra Empresa por los m\u00e9todos que se indican a continuaci\u00f3n, nuestra Empresa finalizar\u00e1 tu solicitud de forma gratuita lo antes posible y en un plazo m\u00e1ximo de treinta d\u00edas. Sin embargo, si la Junta de Protecci\u00f3n de Datos Personales estipula una tasa, se cobrar\u00e1 la tasa de la tarifa determinada por nuestra Empresa. En este contexto, los titulares de datos personales;  <\/p><p>Para saber si se est\u00e1n tratando datos personales,<\/p><p>Solicitar informaci\u00f3n si se han tratado datos personales,<\/p><p>Conocer la finalidad del tratamiento de los datos personales y si se utilizan de acuerdo con su finalidad,<\/p><p>Conocer a los terceros a los que se transfieren datos personales dentro o fuera del pa\u00eds,<\/p><p>A solicitar la rectificaci\u00f3n de los datos personales en caso de tratamiento incompleto o incorrecto y a solicitar la notificaci\u00f3n de la transacci\u00f3n realizada en este \u00e1mbito a terceros a los que se transfieran datos personales,<\/p><p>Aunque hayan sido tratados de conformidad con las disposiciones de la Ley KVK y otras leyes pertinentes, a solicitar la supresi\u00f3n o destrucci\u00f3n de los datos personales en caso de que desaparezcan los motivos que requirieron su tratamiento y a solicitar la notificaci\u00f3n de la transacci\u00f3n realizada en este \u00e1mbito a terceros a los que se transfieran datos personales,<\/p><p>Aunque hayan sido tratados de conformidad con las disposiciones de la Ley KVK y otras leyes pertinentes, a solicitar la supresi\u00f3n o destrucci\u00f3n de los datos personales en caso de que desaparezcan los motivos que requirieron su tratamiento y a solicitar la notificaci\u00f3n de la transacci\u00f3n realizada en este \u00e1mbito a terceros a los que se transfieran datos personales,<\/p><p>Oponerse a la aparici\u00f3n de un resultado en perjuicio de la propia persona mediante el an\u00e1lisis de los datos tratados exclusivamente a trav\u00e9s de sistemas automatizados,<\/p><p>En caso de da\u00f1os debidos a un tratamiento il\u00edcito de datos personales, tiene derecho a exigir la reparaci\u00f3n del da\u00f1o.<\/p><p>De acuerdo con el apartado 1 del Art\u00edculo 13 de la Ley KVK, puedes presentar tu solicitud a nuestra Empresa por escrito para ejercer los derechos mencionados anteriormente. Puedes rellenar el formulario de la p\u00e1gina web de tu solicitud con tus explicaciones sobre el derecho que solicitas utilizar entre los derechos especificados en el Art\u00edculo 11 de la Ley KVK, y enviar una copia h\u00fameda y firmada del formulario a Dent Akdeniz \u015eifa Oral And Dental Health Services Ltd.\u015eti Patient Relations Department dirigido a la direcci\u00f3n &#8216;Akdeniz Caddesi no: 38 Fatih Istanbul&#8217; con documentos que identifiquen tu identidad o enviarlo a trav\u00e9s de un notario p\u00fablico.<\/p><p>Nuestra Empresa se reserva el derecho a realizar cambios en esta declaraci\u00f3n de divulgaci\u00f3n debido a cambios en la Ley KVK y en los m\u00e9todos que determine el Consejo de Protecci\u00f3n de Datos Personales.<\/p>\t\t\t\t\t\t\t\t<\/div>\n\t\t\t\t<\/div>\n\t\t\t\t\t<\/div>\n\t\t\t\t<\/div>\n\t\t\t\t<\/div>\n\t\t","protected":false},"excerpt":{"rendered":"<p>Texto aclaratorio KVKK Como Dent Akdeniz \u015eifa Oral and Dental Health Services Ltd.\u015eti., nos comprometemos a utilizar los datos personales que nos facilites en el formulario \u00fanicamente en las actividades de comunicaci\u00f3n de nuestra empresa y a protegerlos dentro del \u00e1mbito de la Ley de Protecci\u00f3n de Datos Personales n\u00ba 6698 de la Rep\u00fablica de [&hellip;]<\/p>\n","protected":false},"author":1,"featured_media":0,"parent":0,"menu_order":0,"comment_status":"closed","ping_status":"closed","template":"elementor_header_footer","meta":{"footnotes":""},"class_list":["post-2946","page","type-page","status-publish","hentry"],"_links":{"self":[{"href":"https:\/\/dentakdenizsifa.com\/es\/wp-json\/wp\/v2\/pages\/2946","targetHints":{"allow":["GET"]}}],"collection":[{"href":"https:\/\/dentakdenizsifa.com\/es\/wp-json\/wp\/v2\/pages"}],"about":[{"href":"https:\/\/dentakdenizsifa.com\/es\/wp-json\/wp\/v2\/types\/page"}],"author":[{"embeddable":true,"href":"https:\/\/dentakdenizsifa.com\/es\/wp-json\/wp\/v2\/users\/1"}],"replies":[{"embeddable":true,"href":"https:\/\/dentakdenizsifa.com\/es\/wp-json\/wp\/v2\/comments?post=2946"}],"version-history":[{"count":1,"href":"https:\/\/dentakdenizsifa.com\/es\/wp-json\/wp\/v2\/pages\/2946\/revisions"}],"predecessor-version":[{"id":2947,"href":"https:\/\/dentakdenizsifa.com\/es\/wp-json\/wp\/v2\/pages\/2946\/revisions\/2947"}],"wp:attachment":[{"href":"https:\/\/dentakdenizsifa.com\/es\/wp-json\/wp\/v2\/media?parent=2946"}],"curies":[{"name":"wp","href":"https:\/\/api.w.org\/{rel}","templated":true}]}}