{"id":2822,"date":"2024-12-14T22:33:46","date_gmt":"2024-12-14T19:33:46","guid":{"rendered":"https:\/\/dentakdenizsifa.com\/nuestros-medicos\/"},"modified":"2026-04-02T00:37:50","modified_gmt":"2026-04-01T21:37:50","slug":"nuestros-medicos","status":"publish","type":"page","link":"https:\/\/dentakdenizsifa.com\/es\/nuestros-medicos\/","title":{"rendered":"Nuestros m\u00e9dicos"},"content":{"rendered":"\t\t<div data-elementor-type=\"wp-page\" data-elementor-id=\"2822\" class=\"elementor elementor-2822 elementor-31\" data-elementor-post-type=\"page\">\n\t\t\t\t<div class=\"elementor-element elementor-element-513b3bc e-flex e-con-boxed elementor-invisible e-con e-parent\" data-id=\"513b3bc\" data-element_type=\"container\" data-e-type=\"container\" data-settings=\"{&quot;background_background&quot;:&quot;classic&quot;,&quot;animation&quot;:&quot;fadeInLeft&quot;}\">\n\t\t\t\t\t<div class=\"e-con-inner\">\n\t\t\t\t<div class=\"elementor-element elementor-element-af3ccd1 elementor-widget elementor-widget-heading\" data-id=\"af3ccd1\" data-element_type=\"widget\" data-e-type=\"widget\" data-widget_type=\"heading.default\">\n\t\t\t\t<div class=\"elementor-widget-container\">\n\t\t\t\t\t<h2 class=\"elementor-heading-title elementor-size-default\">Nuestros m\u00e9dicos<\/h2>\t\t\t\t<\/div>\n\t\t\t\t<\/div>\n\t\t\t\t<div class=\"elementor-element elementor-element-6cc3632 elementor-widget elementor-widget-heading\" data-id=\"6cc3632\" data-element_type=\"widget\" data-e-type=\"widget\" data-widget_type=\"heading.default\">\n\t\t\t\t<div class=\"elementor-widget-container\">\n\t\t\t\t\t<h2 class=\"elementor-heading-title elementor-size-default\">Nos aseguramos de que tengas una sonrisa sana eligiendo el tratamiento dental m\u00e1s adecuado para ti. Desde el tratamiento con implantes hasta el dise\u00f1o de la sonrisa, estamos a tu servicio con nuestro personal experto. <\/h2>\t\t\t\t<\/div>\n\t\t\t\t<\/div>\n\t\t\t\t\t<\/div>\n\t\t\t\t<\/div>\n\t\t<div class=\"elementor-element elementor-element-f2768b5 e-flex e-con-boxed e-con e-parent\" data-id=\"f2768b5\" data-element_type=\"container\" data-e-type=\"container\">\n\t\t\t\t\t<div class=\"e-con-inner\">\n\t\t\t\t<div class=\"elementor-element elementor-element-596ef21 elementor-widget elementor-widget-html\" data-id=\"596ef21\" data-element_type=\"widget\" data-e-type=\"widget\" data-widget_type=\"html.default\">\n\t\t\t\t<div class=\"elementor-widget-container\">\n\t\t\t\t\t<style>\r\n.akdeniz-team-widget,\r\n.akdeniz-team-widget *{\r\n    box-sizing:border-box;\r\n}\r\n\r\n.akdeniz-team-widget{\r\n    --atw-card:#ffffff;\r\n    --atw-text:#1f2937;\r\n    --atw-muted:#6b7280;\r\n    --atw-line:#e5e7eb;\r\n    --atw-accent:#0f766e;\r\n    --atw-accent2:#14b8a6;\r\n    font-family:'Poppins', Arial, sans-serif;\r\n    padding:32px 16px;\r\n    direction:ltr;\r\n}\r\n\r\n.akdeniz-team-widget .atw-wrap{\r\n    max-width:1280px;\r\n    margin:0 auto;\r\n}\r\n\r\n.akdeniz-team-widget .atw-branch{\r\n    background:transparent;\r\n    border:none;\r\n    border-radius:28px;\r\n    padding:22px 0;\r\n}\r\n\r\n.akdeniz-team-widget .atw-branch-top{\r\n    display:flex;\r\n    align-items:center;\r\n    justify-content:space-between;\r\n    gap:16px;\r\n    flex-wrap:wrap;\r\n    margin-bottom:22px;\r\n    padding-bottom:16px;\r\n    border-bottom:1px solid var(--atw-line);\r\n}\r\n\r\n.akdeniz-team-widget .atw-branch-title{\r\n    margin:0;\r\n    font-size:clamp(22px,3vw,30px);\r\n    line-height:1.2;\r\n    color:var(--atw-text);\r\n    font-weight:700;\r\n    letter-spacing:-0.02em;\r\n}\r\n\r\n.akdeniz-team-widget .atw-grid{\r\n    display:grid;\r\n    grid-template-columns:repeat(3,minmax(0,1fr));\r\n    gap:22px;\r\n}\r\n\r\n.akdeniz-team-widget .atw-card-link{\r\n    display:block;\r\n    text-decoration:none;\r\n    color:inherit;\r\n}\r\n\r\n.akdeniz-team-widget .atw-card{\r\n    position:relative;\r\n    background:var(--atw-card);\r\n    border:1px solid #eef2f7;\r\n    border-radius:24px;\r\n    overflow:hidden;\r\n    transition:transform .25s ease, box-shadow .25s ease;\r\n}\r\n\r\n.akdeniz-team-widget .atw-card-link:hover .atw-card{\r\n    transform:translateY(-4px);\r\n    box-shadow:0 18px 34px rgba(15,23,42,.11);\r\n}\r\n\r\n.akdeniz-team-widget .atw-image{\r\n    position:relative;\r\n    aspect-ratio:4\/4.8;\r\n    overflow:hidden;\r\n    background:#edf2f7;\r\n}\r\n\r\n.akdeniz-team-widget .atw-image img{\r\n    width:100%;\r\n    height:100%;\r\n    object-fit:cover;\r\n    display:block;\r\n    transition:transform .35s ease;\r\n}\r\n\r\n.akdeniz-team-widget .atw-card-link:hover .atw-image img{\r\n    transform:scale(1.04);\r\n}\r\n\r\n.akdeniz-team-widget .atw-image::after{\r\n    content:\"\";\r\n    position:absolute;\r\n    left:0;\r\n    right:0;\r\n    bottom:0;\r\n    height:40%;\r\n    background:linear-gradient(to top, rgba(15,23,42,.14), rgba(15,23,42,0));\r\n    pointer-events:none;\r\n}\r\n\r\n.akdeniz-team-widget .atw-content{\r\n    padding:18px 18px 20px;\r\n}\r\n\r\n.akdeniz-team-widget .atw-name{\r\n    margin:0 0 8px;\r\n    color:var(--atw-text);\r\n    font-size:20px;\r\n    font-weight:700;\r\n    line-height:1.35;\r\n    letter-spacing:-0.01em;\r\n}\r\n\r\n.akdeniz-team-widget .atw-role{\r\n    margin:0;\r\n    color:var(--atw-muted);\r\n    font-size:14px;\r\n    line-height:1.7;\r\n    min-height:48px;\r\n}\r\n\r\n.akdeniz-team-widget .atw-line{\r\n    width:54px;\r\n    height:4px;\r\n    border-radius:999px;\r\n    background:linear-gradient(90deg,var(--atw-accent),var(--atw-accent2));\r\n    margin-top:14px;\r\n}\r\n\r\n@media (max-width: 1024px){\r\n    .akdeniz-team-widget .atw-grid{\r\n        grid-template-columns:repeat(2,minmax(0,1fr));\r\n    }\r\n}\r\n\r\n@media (max-width: 767px){\r\n    .akdeniz-team-widget{\r\n        padding:22px 12px;\r\n    }\r\n\r\n    .akdeniz-team-widget .atw-branch{\r\n        padding:16px 0;\r\n        border-radius:22px;\r\n    }\r\n\r\n    .akdeniz-team-widget .atw-grid{\r\n        grid-template-columns:1fr;\r\n        gap:16px;\r\n    }\r\n\r\n    .akdeniz-team-widget .atw-name{\r\n        font-size:18px;\r\n    }\r\n\r\n    .akdeniz-team-widget .atw-role{\r\n        min-height:auto;\r\n    }\r\n}\r\n<\/style>\r\n\r\n<section class=\"akdeniz-team-widget\" id=\"akdeniz-team-widget\">\r\n    <div class=\"atw-wrap\">\r\n        <div class=\"atw-branch\">\r\n            <div class=\"atw-branch-top\">\r\n                <h3 class=\"atw-branch-title\">Nuestro equipo de expertos<\/h3>\r\n            <\/div>\r\n\r\n            <div class=\"atw-grid\">\r\n\r\n                <a class=\"atw-card-link\" href=\"https:\/\/dentakdenizsifa.com\/dt-mehmet-bekir-er\/\" aria-label=\"Dt. Mehmet Bekir Er\">\r\n                    <div class=\"atw-card\">\r\n                        <div class=\"atw-image\">\r\n                            <img decoding=\"async\" src=\"https:\/\/dentakdenizsifa.com\/wp-content\/uploads\/2025\/02\/Adsiz-tasarim-2025-02-19T005538.806.png\" alt=\"Dt. Mehmet Bekir Er\">\r\n                        <\/div>\r\n                        <div class=\"atw-content\">\r\n                            <h4 class=\"atw-name\">Dt. Mehmet Bekir Er<\/h4>\r\n                            <p class=\"atw-role\">Dentista<\/p>\r\n                            <div class=\"atw-line\"><\/div>\r\n                        <\/div>\r\n                    <\/div>\r\n                <\/a>\r\n\r\n                <a class=\"atw-card-link\" href=\"https:\/\/dentakdenizsifa.com\/dt-sefa-arslan\/\" aria-label=\"Dt. Sefa Arslan\">\r\n                    <div class=\"atw-card\">\r\n                        <div class=\"atw-image\">\r\n                            <img decoding=\"async\" src=\"https:\/\/dentakdenizsifa.com\/wp-content\/uploads\/2026\/02\/Adsiz-tasarim-76.png\" alt=\"Dt. Sefa Arslan\">\r\n                        <\/div>\r\n                        <div class=\"atw-content\">\r\n                            <h4 class=\"atw-name\">Dt. Sefa Arslan<\/h4>\r\n                            <p class=\"atw-role\">Dentista<\/p>\r\n                            <div class=\"atw-line\"><\/div>\r\n                        <\/div>\r\n                    <\/div>\r\n                <\/a>\r\n\r\n                <a class=\"atw-card-link\" href=\"https:\/\/dentakdenizsifa.com\/dt-merve-akbulut\/\" aria-label=\"Dt. Merve Akbulut\">\r\n                    <div class=\"atw-card\">\r\n                        <div class=\"atw-image\">\r\n                            <img decoding=\"async\" src=\"https:\/\/dentakdenizsifa.com\/wp-content\/uploads\/2024\/12\/merve-akbulut.jpg\" alt=\"Dt. Merve Akbulut\">\r\n                        <\/div>\r\n                        <div class=\"atw-content\">\r\n                            <h4 class=\"atw-name\">Dt. Merve Akbulut<\/h4>\r\n                            <p class=\"atw-role\">Dentista<\/p>\r\n                            <div class=\"atw-line\"><\/div>\r\n                        <\/div>\r\n                    <\/div>\r\n                <\/a>\r\n\r\n                <a class=\"atw-card-link\" href=\"https:\/\/dentakdenizsifa.com\/dt-yusuf-er\/\" aria-label=\"Dt. Yusuf Er\">\r\n                    <div class=\"atw-card\">\r\n                        <div class=\"atw-image\">\r\n                            <img decoding=\"async\" src=\"https:\/\/dentakdenizsifa.com\/wp-content\/uploads\/2026\/02\/yusuf-er-768x1024.jpeg\" alt=\"Dt. Yusuf Er\">\r\n                        <\/div>\r\n                        <div class=\"atw-content\">\r\n                            <h4 class=\"atw-name\">Dt. Yusuf Er<\/h4>\r\n                            <p class=\"atw-role\">Dentista<\/p>\r\n                            <div class=\"atw-line\"><\/div>\r\n                        <\/div>\r\n                    <\/div>\r\n                <\/a>\r\n\r\n                <a class=\"atw-card-link\" href=\"https:\/\/dentakdenizsifa.com\/dt-betul-er\/\" aria-label=\"Dt. Bet\u00fcl Er\">\r\n                    <div class=\"atw-card\">\r\n                        <div class=\"atw-image\">\r\n                            <img decoding=\"async\" src=\"https:\/\/dentakdenizsifa.com\/wp-content\/uploads\/2024\/12\/betul-er.jpg\" alt=\"Dt. Bet\u00fcl Er\">\r\n                        <\/div>\r\n                        <div class=\"atw-content\">\r\n                            <h4 class=\"atw-name\">Dt. Bet\u00fcl Er<\/h4>\r\n                            <p class=\"atw-role\">Dentista<br>Responsable de los derechos del paciente<\/p>\r\n                            <div class=\"atw-line\"><\/div>\r\n                        <\/div>\r\n                    <\/div>\r\n                <\/a>\r\n\r\n                <a class=\"atw-card-link\" href=\"https:\/\/dentakdenizsifa.com\/dt-elif-teke\/\" aria-label=\"Dt. Elif Teke\">\r\n                    <div class=\"atw-card\">\r\n                        <div class=\"atw-image\">\r\n                            <img decoding=\"async\" src=\"https:\/\/dentakdenizsifa.com\/wp-content\/uploads\/2025\/02\/Adsiz-tasarim-2025-02-19T005825.675-1.png\" alt=\"Dt. Elif Teke\">\r\n                        <\/div>\r\n                        <div class=\"atw-content\">\r\n                            <h4 class=\"atw-name\">Dt. Elif Teke<\/h4>\r\n                            <p class=\"atw-role\">Dentista<\/p>\r\n                            <div class=\"atw-line\"><\/div>\r\n                        <\/div>\r\n                    <\/div>\r\n                <\/a>\r\n\r\n            <\/div>\r\n        <\/div>\r\n    <\/div>\r\n<\/section>\t\t\t\t<\/div>\n\t\t\t\t<\/div>\n\t\t\t\t\t<\/div>\n\t\t\t\t<\/div>\n\t\t\t\t<\/div>\n\t\t","protected":false},"excerpt":{"rendered":"<p>Nuestros m\u00e9dicos Nos aseguramos de que tengas una sonrisa sana eligiendo el tratamiento dental m\u00e1s adecuado para ti. Desde el tratamiento con implantes hasta el dise\u00f1o de la sonrisa, estamos a tu servicio con nuestro personal experto. Nuestro equipo de expertos Dt. Mehmet Bekir Er Dentista Dt. Sefa Arslan Dentista Dt. Merve Akbulut Dentista Dt. [&hellip;]<\/p>\n","protected":false},"author":1,"featured_media":0,"parent":0,"menu_order":0,"comment_status":"closed","ping_status":"closed","template":"","meta":{"footnotes":""},"class_list":["post-2822","page","type-page","status-publish","hentry"],"_links":{"self":[{"href":"https:\/\/dentakdenizsifa.com\/es\/wp-json\/wp\/v2\/pages\/2822","targetHints":{"allow":["GET"]}}],"collection":[{"href":"https:\/\/dentakdenizsifa.com\/es\/wp-json\/wp\/v2\/pages"}],"about":[{"href":"https:\/\/dentakdenizsifa.com\/es\/wp-json\/wp\/v2\/types\/page"}],"author":[{"embeddable":true,"href":"https:\/\/dentakdenizsifa.com\/es\/wp-json\/wp\/v2\/users\/1"}],"replies":[{"embeddable":true,"href":"https:\/\/dentakdenizsifa.com\/es\/wp-json\/wp\/v2\/comments?post=2822"}],"version-history":[{"count":10,"href":"https:\/\/dentakdenizsifa.com\/es\/wp-json\/wp\/v2\/pages\/2822\/revisions"}],"predecessor-version":[{"id":5097,"href":"https:\/\/dentakdenizsifa.com\/es\/wp-json\/wp\/v2\/pages\/2822\/revisions\/5097"}],"wp:attachment":[{"href":"https:\/\/dentakdenizsifa.com\/es\/wp-json\/wp\/v2\/media?parent=2822"}],"curies":[{"name":"wp","href":"https:\/\/api.w.org\/{rel}","templated":true}]}}