{"id":4451,"date":"2026-02-09T10:53:48","date_gmt":"2026-02-09T07:53:48","guid":{"rendered":"https:\/\/dentakdenizsifa.com\/?page_id=4451"},"modified":"2026-03-27T12:43:14","modified_gmt":"2026-03-27T09:43:14","slug":"filiale-fatih-2","status":"publish","type":"page","link":"https:\/\/dentakdenizsifa.com\/de\/filiale-fatih-2\/","title":{"rendered":"Buyukcekmece Filiale"},"content":{"rendered":"\t\t<div data-elementor-type=\"wp-page\" data-elementor-id=\"4451\" class=\"elementor elementor-4451 elementor-4446\" data-elementor-post-type=\"page\">\n\t\t\t\t<div class=\"elementor-element elementor-element-fb6fd18 e-flex e-con-boxed e-con e-parent\" data-id=\"fb6fd18\" data-element_type=\"container\" data-e-type=\"container\" data-settings=\"{&quot;background_background&quot;:&quot;classic&quot;}\">\n\t\t\t\t\t<div class=\"e-con-inner\">\n\t\t<div class=\"elementor-element elementor-element-f2ecda8 e-con-full e-flex e-con e-child\" data-id=\"f2ecda8\" data-element_type=\"container\" data-e-type=\"container\" data-settings=\"{&quot;background_background&quot;:&quot;classic&quot;}\">\n\t\t\t\t<div class=\"elementor-element elementor-element-e7538dd elementor-widget__width-inherit elementor-widget elementor-widget-heading\" data-id=\"e7538dd\" data-element_type=\"widget\" data-e-type=\"widget\" data-widget_type=\"heading.default\">\n\t\t\t\t<div class=\"elementor-widget-container\">\n\t\t\t\t\t<h2 class=\"elementor-heading-title elementor-size-default\">Buyukcekmece Filiale<\/h2>\t\t\t\t<\/div>\n\t\t\t\t<\/div>\n\t\t\t\t<div class=\"elementor-element elementor-element-2868c07 elementor-icon-list--layout-traditional elementor-list-item-link-full_width elementor-widget elementor-widget-icon-list\" data-id=\"2868c07\" data-element_type=\"widget\" data-e-type=\"widget\" data-widget_type=\"icon-list.default\">\n\t\t\t\t<div class=\"elementor-widget-container\">\n\t\t\t\t\t\t\t<ul class=\"elementor-icon-list-items\">\n\t\t\t\t\t\t\t<li class=\"elementor-icon-list-item\">\n\t\t\t\t\t\t\t\t\t\t\t<span class=\"elementor-icon-list-icon\">\n\t\t\t\t\t\t\t<svg aria-hidden=\"true\" class=\"e-font-icon-svg e-fas-phone-alt\" viewBox=\"0 0 512 512\" xmlns=\"http:\/\/www.w3.org\/2000\/svg\"><path d=\"M497.39 361.8l-112-48a24 24 0 0 0-28 6.9l-49.6 60.6A370.66 370.66 0 0 1 130.6 204.11l60.6-49.6a23.94 23.94 0 0 0 6.9-28l-48-112A24.16 24.16 0 0 0 122.6.61l-104 24A24 24 0 0 0 0 48c0 256.5 207.9 464 464 464a24 24 0 0 0 23.4-18.6l24-104a24.29 24.29 0 0 0-14.01-27.6z\"><\/path><\/svg>\t\t\t\t\t\t<\/span>\n\t\t\t\t\t\t\t\t\t\t<span class=\"elementor-icon-list-text\">0533 163 22 63<\/span>\n\t\t\t\t\t\t\t\t\t<\/li>\n\t\t\t\t\t\t\t\t<li class=\"elementor-icon-list-item\">\n\t\t\t\t\t\t\t\t\t\t\t<span class=\"elementor-icon-list-icon\">\n\t\t\t\t\t\t\t<svg aria-hidden=\"true\" class=\"e-font-icon-svg e-fas-phone-alt\" viewBox=\"0 0 512 512\" xmlns=\"http:\/\/www.w3.org\/2000\/svg\"><path d=\"M497.39 361.8l-112-48a24 24 0 0 0-28 6.9l-49.6 60.6A370.66 370.66 0 0 1 130.6 204.11l60.6-49.6a23.94 23.94 0 0 0 6.9-28l-48-112A24.16 24.16 0 0 0 122.6.61l-104 24A24 24 0 0 0 0 48c0 256.5 207.9 464 464 464a24 24 0 0 0 23.4-18.6l24-104a24.29 24.29 0 0 0-14.01-27.6z\"><\/path><\/svg>\t\t\t\t\t\t<\/span>\n\t\t\t\t\t\t\t\t\t\t<span class=\"elementor-icon-list-text\">0532 507 23 01<\/span>\n\t\t\t\t\t\t\t\t\t<\/li>\n\t\t\t\t\t\t\t\t<li class=\"elementor-icon-list-item\">\n\t\t\t\t\t\t\t\t\t\t\t<span class=\"elementor-icon-list-icon\">\n\t\t\t\t\t\t\t<svg aria-hidden=\"true\" class=\"e-font-icon-svg e-fas-map-marker-alt\" viewBox=\"0 0 384 512\" xmlns=\"http:\/\/www.w3.org\/2000\/svg\"><path d=\"M172.268 501.67C26.97 291.031 0 269.413 0 192 0 85.961 85.961 0 192 0s192 85.961 192 192c0 77.413-26.97 99.031-172.268 309.67-9.535 13.774-29.93 13.773-39.464 0zM192 272c44.183 0 80-35.817 80-80s-35.817-80-80-80-80 35.817-80 80 35.817 80 80 80z\"><\/path><\/svg>\t\t\t\t\t\t<\/span>\n\t\t\t\t\t\t\t\t\t\t<span class=\"elementor-icon-list-text\">Ak\u015femsettin Mahallesi, Akdeniz Caddesi. Nr:38, 34080 Fatih\/Istanbul, T\u00fcrkei <\/span>\n\t\t\t\t\t\t\t\t\t<\/li>\n\t\t\t\t\t\t<\/ul>\n\t\t\t\t\t\t<\/div>\n\t\t\t\t<\/div>\n\t\t\t\t<div class=\"elementor-element elementor-element-13c0e1b elementor-widget elementor-widget-button\" data-id=\"13c0e1b\" data-element_type=\"widget\" data-e-type=\"widget\" data-widget_type=\"button.default\">\n\t\t\t\t<div class=\"elementor-widget-container\">\n\t\t\t\t\t\t\t\t\t<div class=\"elementor-button-wrapper\">\n\t\t\t\t\t<a class=\"elementor-button elementor-button-link elementor-size-sm\" href=\"https:\/\/maps.app.goo.gl\/pL6p9ZBYM7MT418d7\" target=\"_blank\" rel=\"noopener\">\n\t\t\t\t\t\t<span class=\"elementor-button-content-wrapper\">\n\t\t\t\t\t\t\t\t\t<span class=\"elementor-button-text\">Wegbeschreibung erhalten<\/span>\n\t\t\t\t\t<\/span>\n\t\t\t\t\t<\/a>\n\t\t\t\t<\/div>\n\t\t\t\t\t\t\t\t<\/div>\n\t\t\t\t<\/div>\n\t\t\t\t<\/div>\n\t\t<div class=\"elementor-element elementor-element-5e65f2c e-con-full e-flex e-con e-child\" data-id=\"5e65f2c\" data-element_type=\"container\" data-e-type=\"container\" data-settings=\"{&quot;background_background&quot;:&quot;classic&quot;}\">\n\t\t\t\t<div class=\"elementor-element elementor-element-5457503 elementor-widget elementor-widget-image\" data-id=\"5457503\" data-element_type=\"widget\" data-e-type=\"widget\" data-widget_type=\"image.default\">\n\t\t\t\t<div class=\"elementor-widget-container\">\n\t\t\t\t\t\t\t\t\t\t\t\t\t\t\t<img fetchpriority=\"high\" decoding=\"async\" width=\"800\" height=\"533\" src=\"https:\/\/dentakdenizsifa.com\/wp-content\/uploads\/2025\/02\/thumbnail.jpeg\" class=\"attachment-large size-large wp-image-3321\" alt=\"\" srcset=\"https:\/\/dentakdenizsifa.com\/wp-content\/uploads\/2025\/02\/thumbnail.jpeg 900w, https:\/\/dentakdenizsifa.com\/wp-content\/uploads\/2025\/02\/thumbnail-300x200.jpeg 300w, https:\/\/dentakdenizsifa.com\/wp-content\/uploads\/2025\/02\/thumbnail-768x512.jpeg 768w\" sizes=\"(max-width: 800px) 100vw, 800px\" \/>\t\t\t\t\t\t\t\t\t\t\t\t\t\t\t<\/div>\n\t\t\t\t<\/div>\n\t\t\t\t<\/div>\n\t\t\t\t\t<\/div>\n\t\t\t\t<\/div>\n\t\t<div class=\"elementor-element elementor-element-916e006 e-con-full e-flex e-con e-parent\" data-id=\"916e006\" data-element_type=\"container\" data-e-type=\"container\" data-settings=\"{&quot;background_background&quot;:&quot;classic&quot;}\">\n\t\t\t\t<div class=\"elementor-element elementor-element-f5dbf24 elementor-widget elementor-widget-google_maps\" data-id=\"f5dbf24\" data-element_type=\"widget\" data-e-type=\"widget\" data-widget_type=\"google_maps.default\">\n\t\t\t\t<div class=\"elementor-widget-container\">\n\t\t\t\t\t\t\t<div class=\"elementor-custom-embed\">\n\t\t\t<iframe loading=\"lazy\"\n\t\t\t\t\tsrc=\"https:\/\/maps.google.com\/maps?q=Akdeniz%20Cad.%20No%3A38%2034080%20Fatih%2F%C4%B0stanbul&#038;t=m&#038;z=15&#038;output=embed&#038;iwloc=near\"\n\t\t\t\t\ttitle=\"Akdeniz Cad. No:38 34080 Fatih\/\u0130stanbul\"\n\t\t\t\t\taria-label=\"Akdeniz Cad. No:38 34080 Fatih\/\u0130stanbul\"\n\t\t\t><\/iframe>\n\t\t<\/div>\n\t\t\t\t\t\t<\/div>\n\t\t\t\t<\/div>\n\t\t\t\t<\/div>\n\t\t<div class=\"elementor-element elementor-element-03cf64d e-flex e-con-boxed elementor-invisible e-con e-parent\" data-id=\"03cf64d\" data-element_type=\"container\" data-e-type=\"container\" data-settings=\"{&quot;background_background&quot;:&quot;classic&quot;,&quot;animation&quot;:&quot;fadeInLeft&quot;}\">\n\t\t\t\t\t<div class=\"e-con-inner\">\n\t\t\t\t<div class=\"elementor-element elementor-element-5f62089 elementor-widget elementor-widget-heading\" data-id=\"5f62089\" data-element_type=\"widget\" data-e-type=\"widget\" data-widget_type=\"heading.default\">\n\t\t\t\t<div class=\"elementor-widget-container\">\n\t\t\t\t\t<h2 class=\"elementor-heading-title elementor-size-default\">Unsere \u00c4rzte<\/h2>\t\t\t\t<\/div>\n\t\t\t\t<\/div>\n\t\t\t\t<div class=\"elementor-element elementor-element-c3b6877 elementor-widget elementor-widget-heading\" data-id=\"c3b6877\" data-element_type=\"widget\" data-e-type=\"widget\" data-widget_type=\"heading.default\">\n\t\t\t\t<div class=\"elementor-widget-container\">\n\t\t\t\t\t<h2 class=\"elementor-heading-title elementor-size-default\">Wir sorgen daf\u00fcr, dass Sie ein gesundes L\u00e4cheln haben, indem wir die f\u00fcr Sie am besten geeignete Zahnbehandlung ausw\u00e4hlen. Von der Implantatbehandlung bis zum Smile Design, wir stehen Ihnen mit unserem Fachpersonal zur Verf\u00fcgung. <\/h2>\t\t\t\t<\/div>\n\t\t\t\t<\/div>\n\t\t\t\t<div class=\"elementor-element elementor-element-5c3fd0a elementor-widget elementor-widget-html\" data-id=\"5c3fd0a\" data-element_type=\"widget\" data-e-type=\"widget\" data-widget_type=\"html.default\">\n\t\t\t\t<div class=\"elementor-widget-container\">\n\t\t\t\t\t<style>\r\n.buyukcekmece-team-widget,\r\n.buyukcekmece-team-widget *{\r\n    box-sizing:border-box;\r\n}\r\n\r\n.buyukcekmece-team-widget{\r\n    --bct-card:#ffffff;\r\n    --bct-text:#1f2937;\r\n    --bct-muted:#6b7280;\r\n    --bct-accent:#0f766e;\r\n    --bct-accent2:#14b8a6;\r\n    font-family:'Poppins', Arial, sans-serif;\r\n    padding:0;\r\n}\r\n\r\n.buyukcekmece-team-widget .bct-wrap{\r\n    max-width:1280px;\r\n    margin:0 auto;\r\n}\r\n\r\n.buyukcekmece-team-widget .bct-grid{\r\n    display:grid;\r\n    grid-template-columns:repeat(3,minmax(0,1fr));\r\n    gap:22px;\r\n}\r\n\r\n.buyukcekmece-team-widget .bct-card-link{\r\n    display:block;\r\n    text-decoration:none;\r\n    color:inherit;\r\n}\r\n\r\n.buyukcekmece-team-widget .bct-card{\r\n    background:#fff;\r\n    border-radius:24px;\r\n    overflow:hidden;\r\n    border:1px solid #eef2f7;\r\n    transition:.25s;\r\n}\r\n\r\n.buyukcekmece-team-widget .bct-card-link:hover .bct-card{\r\n    transform:translateY(-4px);\r\n}\r\n\r\n.buyukcekmece-team-widget .bct-image{\r\n    aspect-ratio:4\/4.8;\r\n    overflow:hidden;\r\n}\r\n\r\n.buyukcekmece-team-widget .bct-image img{\r\n    width:100%;\r\n    height:100%;\r\n    object-fit:cover;\r\n}\r\n\r\n.buyukcekmece-team-widget .bct-content{\r\n    padding:18px;\r\n}\r\n\r\n.buyukcekmece-team-widget .bct-name{\r\n    font-size:20px;\r\n    font-weight:700;\r\n    margin-bottom:6px;\r\n}\r\n\r\n.buyukcekmece-team-widget .bct-role{\r\n    font-size:14px;\r\n    color:#6b7280;\r\n    line-height:1.6;\r\n}\r\n\r\n.buyukcekmece-team-widget .bct-line{\r\n    width:50px;\r\n    height:4px;\r\n    background:linear-gradient(90deg,#0f766e,#14b8a6);\r\n    margin-top:10px;\r\n    border-radius:999px;\r\n}\r\n\r\n@media(max-width:1024px){\r\n    .buyukcekmece-team-widget .bct-grid{\r\n        grid-template-columns:repeat(2,1fr);\r\n    }\r\n}\r\n\r\n@media(max-width:767px){\r\n    .buyukcekmece-team-widget .bct-grid{\r\n        grid-template-columns:1fr;\r\n    }\r\n}\r\n<\/style>\r\n\r\n<section class=\"buyukcekmece-team-widget\">\r\n    <div class=\"bct-wrap\">\r\n        <div class=\"bct-grid\">\r\n\r\n            <a class=\"bct-card-link\" href=\"https:\/\/dentakdenizsifa.com\/dt-betul-er\/\">\r\n                <div class=\"bct-card\">\r\n                    <div class=\"bct-image\">\r\n                        <img decoding=\"async\" src=\"https:\/\/dentakdenizsifa.com\/wp-content\/uploads\/2024\/12\/betul-er.jpg\" alt=\"Dt. Bet\u00fcl Er\">\r\n                    <\/div>\r\n                    <div class=\"bct-content\">\r\n                        <div class=\"bct-name\">Dt. Bet\u00fcl Er<\/div>\r\n                        <div class=\"bct-role\">Zahn\u00e4rztin<br>Beauftragte f\u00fcr Patientenrechte<\/div>\r\n                        <div class=\"bct-line\"><\/div>\r\n                    <\/div>\r\n                <\/div>\r\n            <\/a>\r\n\r\n            <a class=\"bct-card-link\" href=\"https:\/\/dentakdenizsifa.com\/dt-sefa-arslan\/\">\r\n                <div class=\"bct-card\">\r\n                    <div class=\"bct-image\">\r\n                        <img decoding=\"async\" src=\"https:\/\/dentakdenizsifa.com\/wp-content\/uploads\/2026\/02\/Adsiz-tasarim-76.png\" alt=\"Dt. Sefa Arslan\">\r\n                    <\/div>\r\n                    <div class=\"bct-content\">\r\n                        <div class=\"bct-name\">Dt. Sefa Arslan<\/div>\r\n                        <div class=\"bct-role\">Zahnarzt<\/div>\r\n                        <div class=\"bct-line\"><\/div>\r\n                    <\/div>\r\n                <\/div>\r\n            <\/a>\r\n\r\n            <a class=\"bct-card-link\" href=\"https:\/\/dentakdenizsifa.com\/dt-elif-teke\/\">\r\n                <div class=\"bct-card\">\r\n                    <div class=\"bct-image\">\r\n                        <img decoding=\"async\" src=\"https:\/\/dentakdenizsifa.com\/wp-content\/uploads\/2025\/02\/Adsiz-tasarim-2025-02-19T005825.675-1.png\" alt=\"Dt. Elif Teke\">\r\n                    <\/div>\r\n                    <div class=\"bct-content\">\r\n                        <div class=\"bct-name\">Dt. Elif Teke<\/div>\r\n                        <div class=\"bct-role\">Zahn\u00e4rztin<\/div>\r\n                        <div class=\"bct-line\"><\/div>\r\n                    <\/div>\r\n                <\/div>\r\n            <\/a>\r\n\r\n        <\/div>\r\n    <\/div>\r\n<\/section>\t\t\t\t<\/div>\n\t\t\t\t<\/div>\n\t\t\t\t\t<\/div>\n\t\t\t\t<\/div>\n\t\t\t\t<\/div>\n\t\t","protected":false},"excerpt":{"rendered":"<p>Buyukcekmece Filiale 0533 163 22 63 0532 507 23 01 Ak\u015femsettin Mahallesi, Akdeniz Caddesi. Nr:38, 34080 Fatih\/Istanbul, T\u00fcrkei Wegbeschreibung erhalten Unsere \u00c4rzte Wir sorgen daf\u00fcr, dass Sie ein gesundes L\u00e4cheln haben, indem wir die f\u00fcr Sie am besten geeignete Zahnbehandlung ausw\u00e4hlen. Von der Implantatbehandlung bis zum Smile Design, wir stehen Ihnen mit unserem Fachpersonal zur [&hellip;]<\/p>\n","protected":false},"author":1,"featured_media":0,"parent":0,"menu_order":0,"comment_status":"closed","ping_status":"closed","template":"","meta":{"footnotes":""},"class_list":["post-4451","page","type-page","status-publish","hentry"],"_links":{"self":[{"href":"https:\/\/dentakdenizsifa.com\/de\/wp-json\/wp\/v2\/pages\/4451","targetHints":{"allow":["GET"]}}],"collection":[{"href":"https:\/\/dentakdenizsifa.com\/de\/wp-json\/wp\/v2\/pages"}],"about":[{"href":"https:\/\/dentakdenizsifa.com\/de\/wp-json\/wp\/v2\/types\/page"}],"author":[{"embeddable":true,"href":"https:\/\/dentakdenizsifa.com\/de\/wp-json\/wp\/v2\/users\/1"}],"replies":[{"embeddable":true,"href":"https:\/\/dentakdenizsifa.com\/de\/wp-json\/wp\/v2\/comments?post=4451"}],"version-history":[{"count":11,"href":"https:\/\/dentakdenizsifa.com\/de\/wp-json\/wp\/v2\/pages\/4451\/revisions"}],"predecessor-version":[{"id":5042,"href":"https:\/\/dentakdenizsifa.com\/de\/wp-json\/wp\/v2\/pages\/4451\/revisions\/5042"}],"wp:attachment":[{"href":"https:\/\/dentakdenizsifa.com\/de\/wp-json\/wp\/v2\/media?parent=4451"}],"curies":[{"name":"wp","href":"https:\/\/api.w.org\/{rel}","templated":true}]}}