{"id":3726,"date":"2025-03-23T03:43:30","date_gmt":"2025-03-23T00:43:30","guid":{"rendered":"https:\/\/dentakdenizsifa.com\/kiefer-und-gesichtschirurgie\/"},"modified":"2025-03-23T03:43:30","modified_gmt":"2025-03-23T00:43:30","slug":"kiefer-und-gesichtschirurgie","status":"publish","type":"page","link":"https:\/\/dentakdenizsifa.com\/de\/kiefer-und-gesichtschirurgie\/","title":{"rendered":"Kiefer- und Gesichtschirurgie"},"content":{"rendered":"<p class=\"\" data-start=\"35\" data-end=\"724\"><strong data-start=\"0\" data-end=\"31\" data-is-only-node=\"\">Kiefer- und Gesichtschirurgie<\/strong>Die Kieferchirurgie ist eine umfassende Anwendung, die Fachwissen erfordert, bei der strukturelle, funktionelle oder \u00e4sthetische Probleme im Kiefer- und Mundbereich mit modernen chirurgischen Methoden behandelt werden. Sie ist nicht nur eine \u00e4sthetische, sondern auch eine funktionelle Behandlung. Sie bietet L\u00f6sungen f\u00fcr strukturelle Probleme im Zusammenhang mit dem Kieferknochen. Sie deckt viele Erkrankungen ab, wie Zahnextraktionen, impaktierte Z\u00e4hne, Kieferfrakturen. Sie ist wirksam bei Problemen mit dem \u00d6ffnen und Schlie\u00dfen des Mundes. Verbessert die Sprach- und Kaufunktion. Verbessert die \u00c4sthetik des Gesichts. Unterst\u00fctzt die Ausrichtung der Z\u00e4hne. Sie bereitet den Boden f\u00fcr kieferorthop\u00e4dische Behandlungen. Sie wird in der Regel unter lokaler An\u00e4sthesie durchgef\u00fchrt. In einigen F\u00e4llen kann eine Vollnarkose bevorzugt werden. Der chirurgische Eingriff erfordert Fachwissen. In B\u00fcy\u00fck\u00e7ekmece gibt es erfolgreiche \u00c4rzte auf diesem Gebiet. Mit der richtigen Planung lassen sich wirksame Ergebnisse erzielen. Lassen Sie uns nun einen genaueren Blick darauf werfen, was dieser Eingriff ist.<\/p>\n<figure id=\"attachment_3691\" aria-describedby=\"caption-attachment-3691\" style=\"width: 330px\" class=\"wp-caption alignleft\"><img fetchpriority=\"high\" decoding=\"async\" class=\" wp-image-3691\" src=\"https:\/\/dentakdenizsifa.com\/wp-content\/uploads\/2025\/03\/close-up-doctor-checking-man-300x200.webp\" alt=\"Kiefer- und Gesichtschirurgie\" width=\"330\" height=\"220\" srcset=\"https:\/\/dentakdenizsifa.com\/wp-content\/uploads\/2025\/03\/close-up-doctor-checking-man-300x200.webp 300w, https:\/\/dentakdenizsifa.com\/wp-content\/uploads\/2025\/03\/close-up-doctor-checking-man-1024x682.webp 1024w, https:\/\/dentakdenizsifa.com\/wp-content\/uploads\/2025\/03\/close-up-doctor-checking-man-768x512.webp 768w, https:\/\/dentakdenizsifa.com\/wp-content\/uploads\/2025\/03\/close-up-doctor-checking-man-1536x1024.webp 1536w, https:\/\/dentakdenizsifa.com\/wp-content\/uploads\/2025\/03\/close-up-doctor-checking-man.webp 2000w\" sizes=\"(max-width: 330px) 100vw, 330px\" \/><figcaption id=\"caption-attachment-3691\" class=\"wp-caption-text\">Kiefer- und Gesichtschirurgie<\/figcaption><\/figure>\n<h2 data-start=\"726\" data-end=\"766\"><strong data-start=\"726\" data-end=\"764\">Was ist Buyukcekmece Maxillofacial Surgery?<\/strong><\/h2>\n<p class=\"\" data-start=\"768\" data-end=\"1536\">Die Kieferchirurgie ist die chirurgische Behandlung von Erkrankungen im Mund-, Zahn- und Kieferbereich. Es werden angeborene oder erworbene Probleme im Zusammenhang mit dem Kieferknochen operiert. Die Extraktion eines impaktierten Zahns ist einer der h\u00e4ufigsten Eingriffe. Auch Gebilde wie Zysten und Tumore k\u00f6nnen chirurgisch entfernt werden. Nach einer Zahnextraktion k\u00f6nnen Knochenkorrekturen vorgenommen werden. Vor einer <a href=\"https:\/\/tr.wikipedia.org\/wiki\/Protez\" target=\"_blank\" rel=\"noopener\">Prothese<\/a> k\u00f6nnen knochengl\u00e4ttende Verfahren angewendet werden. Bei Patienten mit Kieferknochenresorption wird eine Knochentransplantation durchgef\u00fchrt. Kiefergelenksprobleme werden behandelt. Kieferverl\u00e4ngerungen oder -verk\u00fcrzungen geh\u00f6ren ebenfalls zum Spektrum der Chirurgie. \u00c4sthetische Anwendungen werden ebenfalls durchgef\u00fchrt. Die Kiefersymmetrie wird vor der Gestaltung des L\u00e4chelns hergestellt. All diese Eingriffe erfordern eine detaillierte Planung. Der Komfort des Patienten steht an erster Stelle. Kommen wir nun dazu, wie die Kieferchirurgie durchgef\u00fchrt wird.            <\/p>\n<p data-start=\"768\" data-end=\"1536\">Sie interessieren sich vielleicht f\u00fcr <a href=\"https:\/\/dentakdenizsifa.com\/cene-cerrahisi\/\"><strong data-start=\"1538\" data-end=\"1584\">Kieferchirurgie<\/strong><\/a><\/p>\n<h2 data-start=\"1538\" data-end=\"1586\"><strong data-start=\"1538\" data-end=\"1584\">Wie wird die Kieferchirurgie in Buyukcekmece durchgef\u00fchrt?<\/strong><\/h2>\n<p class=\"\" data-start=\"1588\" data-end=\"2184\">Der erste Schritt ist eine ausf\u00fchrliche Untersuchung. Die Kieferstruktur wird mittels R\u00f6ntgen und Tomographie untersucht. Das Problem wird eindeutig bestimmt. Es wird ein spezieller Behandlungsplan f\u00fcr den Patienten erstellt. Einfache Eingriffe werden unter lokaler An\u00e4sthesie durchgef\u00fchrt. In komplexeren F\u00e4llen wird eine Vollnarkose bevorzugt. Wenn ein impaktierter Zahn vorhanden ist, wird er durch einen chirurgischen Schnitt entfernt. Knochenkorrekturen werden mit pr\u00e4zisen Techniken durchgef\u00fchrt. Falls erforderlich, wird ein Knochentransplantat eingesetzt. Nach dem Eingriff beginnt der Heilungsprozess. Schmerzen und Schwellungen werden unter Kontrolle gebracht. Vom Arzt verschriebene Medikamente werden regelm\u00e4\u00dfig eingenommen. Auf die Mundhygiene wird geachtet. Es sollten regelm\u00e4\u00dfig Kontrollen durchgef\u00fchrt werden. Lassen Sie uns nun einen Blick auf die empfohlenen Kliniken werfen.              <\/p>\n<h3 data-start=\"2186\" data-end=\"2227\"><strong data-start=\"2186\" data-end=\"2225\">Mund-Kiefer-Gesichtschirurgie in Buyukcekmece empfohlen<\/strong><\/h3>\n<p class=\"\" data-start=\"2229\" data-end=\"2881\">Die Kieferchirurgie ist ein ernsthafter und sensibler Eingriff. Daher ist die Wahl der richtigen Klinik sehr wichtig. Spezialisten, die ihre Arbeit sorgf\u00e4ltig erledigen, sollten bevorzugt werden. Die Ausr\u00fcstung muss modern und steril sein. Es gibt zuverl\u00e4ssige Kliniken in Buyukcekmece. Besonders die <strong data-start=\"2478\" data-end=\"2531\">Dent Akdeniz \u015eifa Poliklinik f\u00fcr Mund- und Zahngesundheit<\/strong> sticht in diesem Bereich hervor. Sie verf\u00fcgt \u00fcber erfahrenes \u00e4rztliches Personal. Die technologische Infrastruktur ist stark. Sie k\u00fcmmern sich um jeden Patienten in besonderer Weise. Sie bieten Unterst\u00fctzung vor und nach dem Eingriff. Sie arbeiten auf die Zufriedenheit der Patienten hin. Der Behandlungsprozess ist komfortabel und sicher. Die Sauberkeit und Disziplin in der Klinik wird von den Patienten gesch\u00e4tzt. Lassen Sie uns nun \u00fcber den Preis sprechen.             <\/p>\n<h3 data-start=\"2883\" data-end=\"2926\"><strong data-start=\"2883\" data-end=\"2924\">Buyukcekmece Kiefer- und Gesichtschirurgie Preise<\/strong><\/h3>\n<p class=\"\" data-start=\"2928\" data-end=\"3552\">Die Preise f\u00fcr Kieferchirurgie sind nicht festgelegt. Die Art des Eingriffs bestimmt den Preis. Es gibt einen Unterschied zwischen der Extraktion eines impaktierten Zahns und einer Knochentransplantation. Das verwendete Material und die Technik sind wichtig. Auch der Behandlungsprozess wirkt sich auf den Preis aus. Die Erfahrung des Chirurgen kann sich auf den Preis auswirken. Auch die Qualit\u00e4t der Klinik ist ein entscheidender Faktor. Die Preise in Buyukcekmece variieren von Klinik zu Klinik. Die genauesten Informationen erhalten Sie nach der Untersuchung. Die <strong data-start=\"3320\" data-end=\"3373\">Dent Akdeniz \u015eifa Poliklinik f\u00fcr Mund- und Zahngesundheit<\/strong> bietet erschwingliche Qualit\u00e4tsl\u00f6sungen. Es werden auch patientenspezifische Zahlungsm\u00f6glichkeiten angeboten. F\u00fcr detaillierte Informationen und Terminvereinbarungen <strong data-start=\"3493\" data-end=\"3520\"><a href=\"http:\/\/www.dentakdenizsifa.com\" target=\"_new\" rel=\"noopener\" data-start=\"3495\" data-end=\"3518\">www.dentakdenizsifa.com<\/a><\/strong> Sie k\u00f6nnen die Adresse besuchen.          <\/p>\n<p><iframe style=\"border: 0;\" src=\"https:\/\/www.google.com\/maps\/embed?pb=!1m18!1m12!1m3!1d3010.0486432533517!2d28.579143876450743!3d41.024191718444236!2m3!1f0!2f0!3f0!3m2!1i1024!2i768!4f13.1!3m3!1m2!1s0x14b55fdaec774a49%3A0x9c2fb1553912c196!2zxLBzdGFuYnVsIELDvHnDvGvDp2VrbWVjZSBBxJ_EsXogdmUgRGnFnyBTYcSfbMSxxJ_EsSBNZXJrZXpp!5e0!3m2!1str!2str!4v1742689951926!5m2!1str!2str\" width=\"0,1\" height=\"0,1\" allowfullscreen=\"allowfullscreen\"><\/iframe><br \/>\n<iframe title=\"YouTube-Video-Player\" src=\"https:\/\/www.youtube.com\/embed\/Beg2QUFMg_M?si=taaY_iyJTnvB35dv\" width=\"0,1\" height=\"0,1\" frameborder=\"0\" allowfullscreen=\"allowfullscreen\"><\/iframe><\/p>\n","protected":false},"excerpt":{"rendered":"<p>Kiefer- und GesichtschirurgieDie Kieferchirurgie ist eine umfassende Anwendung, die Fachwissen erfordert, bei der strukturelle, funktionelle oder \u00e4sthetische Probleme im Kiefer- und Mundbereich mit modernen chirurgischen Methoden behandelt werden. Sie ist nicht nur eine \u00e4sthetische, sondern auch eine funktionelle Behandlung. Sie bietet L\u00f6sungen f\u00fcr strukturelle Probleme im Zusammenhang mit dem Kieferknochen. Sie deckt viele Erkrankungen ab, [&hellip;]<\/p>\n","protected":false},"author":1,"featured_media":3705,"parent":0,"menu_order":0,"comment_status":"closed","ping_status":"closed","template":"","meta":{"footnotes":""},"class_list":["post-3726","page","type-page","status-publish","has-post-thumbnail","hentry"],"_links":{"self":[{"href":"https:\/\/dentakdenizsifa.com\/de\/wp-json\/wp\/v2\/pages\/3726","targetHints":{"allow":["GET"]}}],"collection":[{"href":"https:\/\/dentakdenizsifa.com\/de\/wp-json\/wp\/v2\/pages"}],"about":[{"href":"https:\/\/dentakdenizsifa.com\/de\/wp-json\/wp\/v2\/types\/page"}],"author":[{"embeddable":true,"href":"https:\/\/dentakdenizsifa.com\/de\/wp-json\/wp\/v2\/users\/1"}],"replies":[{"embeddable":true,"href":"https:\/\/dentakdenizsifa.com\/de\/wp-json\/wp\/v2\/comments?post=3726"}],"version-history":[{"count":0,"href":"https:\/\/dentakdenizsifa.com\/de\/wp-json\/wp\/v2\/pages\/3726\/revisions"}],"wp:featuredmedia":[{"embeddable":true,"href":"https:\/\/dentakdenizsifa.com\/de\/wp-json\/wp\/v2\/media\/3705"}],"wp:attachment":[{"href":"https:\/\/dentakdenizsifa.com\/de\/wp-json\/wp\/v2\/media?parent=3726"}],"curies":[{"name":"wp","href":"https:\/\/api.w.org\/{rel}","templated":true}]}}