{"id":3666,"date":"2025-03-19T02:22:25","date_gmt":"2025-03-18T23:22:25","guid":{"rendered":"https:\/\/dentakdenizsifa.com\/buyukcekmece-zirkonium-behandlung\/"},"modified":"2025-03-19T02:22:25","modified_gmt":"2025-03-18T23:22:25","slug":"buyukcekmece-zirkonium-behandlung","status":"publish","type":"page","link":"https:\/\/dentakdenizsifa.com\/de\/buyukcekmece-zirkonium-behandlung\/","title":{"rendered":"Buyukcekmece Zirkonium Behandlung"},"content":{"rendered":"<p data-start=\"39\" data-end=\"629\">Zahn\u00e4sthetik ist wichtig f\u00fcr ein sch\u00f6nes L\u00e4cheln. <strong>Die Buyukcekmece Zirkonium-Behandlung<\/strong> bietet gesunde und nat\u00fcrlich aussehende Z\u00e4hne. Sie ist \u00e4sthetischer als metallgest\u00fctzte Verblendschalen. Es hat eine Struktur, die mit dem Zahnfleisch kompatibel ist. Es bietet ein nat\u00fcrliches Aussehen dank seiner Lichtdurchl\u00e4ssigkeit. Sie ist haltbar und langlebig. Es hinterl\u00e4sst keinen Metallgeschmack im Mund. Sch\u00e4digt das Zahnfleisch nicht. Verursacht keine Allergie. Erfordert keinen Aufhellungsprozess. Es kommt zu keiner Farbver\u00e4nderung. Es ist resistent gegen Kaffee-, Tee- und Zigarettenflecken. Diese Behandlung wird in B\u00fcy\u00fck\u00e7ekmece professionell durchgef\u00fchrt. Lassen Sie uns nun im Detail untersuchen, was eine <strong>Zirkonbehandlung in B\u00fcy\u00fck\u00e7ekmece<\/strong>ist.            <\/p>\n<figure id=\"attachment_3651\" aria-describedby=\"caption-attachment-3651\" style=\"width: 224px\" class=\"wp-caption alignleft\"><img fetchpriority=\"high\" decoding=\"async\" class=\" wp-image-3651\" src=\"https:\/\/dentakdenizsifa.com\/wp-content\/uploads\/2025\/03\/woman-smiles-with-dental-shade-guide-indoors-joyful-woman-with-long-hair-holds-dental-shade-guide-cl-200x300.webp\" alt=\"Eine gl\u00fcckliche Frau vergleicht Zirkonium-Veneers mit der Farbe ihrer Z\u00e4hne.\" width=\"224\" height=\"336\" srcset=\"https:\/\/dentakdenizsifa.com\/wp-content\/uploads\/2025\/03\/woman-smiles-with-dental-shade-guide-indoors-joyful-woman-with-long-hair-holds-dental-shade-guide-cl-200x300.webp 200w, https:\/\/dentakdenizsifa.com\/wp-content\/uploads\/2025\/03\/woman-smiles-with-dental-shade-guide-indoors-joyful-woman-with-long-hair-holds-dental-shade-guide-cl-683x1024.webp 683w, https:\/\/dentakdenizsifa.com\/wp-content\/uploads\/2025\/03\/woman-smiles-with-dental-shade-guide-indoors-joyful-woman-with-long-hair-holds-dental-shade-guide-cl-768x1152.webp 768w, https:\/\/dentakdenizsifa.com\/wp-content\/uploads\/2025\/03\/woman-smiles-with-dental-shade-guide-indoors-joyful-woman-with-long-hair-holds-dental-shade-guide-cl-1024x1536.webp 1024w, https:\/\/dentakdenizsifa.com\/wp-content\/uploads\/2025\/03\/woman-smiles-with-dental-shade-guide-indoors-joyful-woman-with-long-hair-holds-dental-shade-guide-cl-1365x2048.webp 1365w, https:\/\/dentakdenizsifa.com\/wp-content\/uploads\/2025\/03\/woman-smiles-with-dental-shade-guide-indoors-joyful-woman-with-long-hair-holds-dental-shade-guide-cl-scaled.webp 1707w\" sizes=\"(max-width: 224px) 100vw, 224px\" \/><figcaption id=\"caption-attachment-3651\" class=\"wp-caption-text\">Entdecken Sie die M\u00f6glichkeiten der Zirkonium-Zahnbeschichtung, um Ihr L\u00e4cheln zu perfektionieren! Eine \u00e4sthetische Zahnbehandlung in B\u00fcy\u00fck\u00e7ekmece wartet auf Sie.<\/figcaption><\/figure>\n<h2 data-start=\"631\" data-end=\"675\"><strong data-start=\"631\" data-end=\"673\">Was ist die Buyukcekmece Zirkonium Behandlung?<\/strong><\/h2>\n<p data-start=\"677\" data-end=\"1269\"><a href=\"https:\/\/dentakdenizsifa.com\/zirkonyum-tedavisi\/\">Zirkonium<\/a> ist ein starkes Material, das f\u00fcr Zahnverblendungen verwendet wird. Es kommt dem Aussehen der nat\u00fcrlichen Z\u00e4hne am n\u00e4chsten. Es enth\u00e4lt kein Metall. Ideal f\u00fcr Patienten mit \u00e4sthetischen Bedenken. Es hat eine hohe Haltbarkeit. Es ist widerstandsf\u00e4hig gegen Kaudruck. Es ist widerstandsf\u00e4hig gegen Frakturen. Es bietet einen nat\u00fcrlichen Glanz dank seiner Lichtdurchl\u00e4ssigkeit. Perfekte Harmonie mit dem Zahnfleisch. Verursacht keinen Zahnfleischr\u00fcckgang. Hohe intraorale Vertr\u00e4glichkeit. Verursacht keine allergischen Reaktionen. Sieht nat\u00fcrlicher aus als Porzellan. Es kann sicher auf Vorder- und Backenz\u00e4hnen verwendet werden. Es wird h\u00e4ufig bei der Gestaltung des L\u00e4chelns bevorzugt. Lassen Sie uns nun untersuchen, wie die <strong data-start=\"1271\" data-end=\"1321\">B\u00fcy\u00fck\u00e7ekmece Zirkonium-Behandlung <\/strong>angewendet wird.               <\/p>\n<h2 data-start=\"1271\" data-end=\"1323\"><strong data-start=\"1271\" data-end=\"1321\">Wie wird Zirkonium in Buyukcekmece behandelt?<\/strong><\/h2>\n<p data-start=\"1325\" data-end=\"1873\">Zun\u00e4chst wird eine ausf\u00fchrliche Untersuchung durchgef\u00fchrt. Der aktuelle Zustand der Z\u00e4hne wird beurteilt. Es werden digitale Messungen vorgenommen. Falls erforderlich, werden kleine Abrasionen an den Z\u00e4hnen vorgenommen. Die individuelle Zirkoniumbeschichtung wird vorbereitet. Der f\u00fcr die Zahnfarbe geeignete Farbton wird bestimmt. Provisorische Verblendschalen werden angebracht. Permanente Veneers werden im Labor vorbereitet. Die vorbereiteten Verblendschalen werden auf die Z\u00e4hne geklebt. Es wird ein spezieller Kleber verwendet. Die \u00dcbereinstimmung wird \u00fcberpr\u00fcft. Die Zufriedenheit des Patienten ist wichtig. Der Prozess ist in kurzer Zeit abgeschlossen. Es wird ein nat\u00fcrliches und \u00e4sthetisches Aussehen erzielt. Schauen wir uns nun an<strong data-start=\"1875\" data-end=\"1918\">, welche <\/strong>Klinik<strong data-start=\"1875\" data-end=\"1918\">f\u00fcr die <\/strong> <strong data-start=\"1875\" data-end=\"1918\">B\u00fcy\u00fck\u00e7ekmece Zirkonium-Behandlung<\/strong> empfohlen wird.              <\/p>\n<h3 data-start=\"1875\" data-end=\"1920\"><strong data-start=\"1875\" data-end=\"1918\">Buyukcekmece Zirkonium Behandlung Beratung<\/strong><\/h3>\n<p data-start=\"1922\" data-end=\"2494\">Es ist wichtig, dass Sie eine erfahrene Klinik f\u00fcr die Zirkonbehandlung w\u00e4hlen. Das Verfahren sollte von spezialisierten Zahn\u00e4rzten durchgef\u00fchrt werden. Das verwendete Material muss von hoher Qualit\u00e4t sein. Eine zuverl\u00e4ssige Adresse in B\u00fcy\u00fck\u00e7ekmece ist die <strong data-start=\"2110\" data-end=\"2163\">Dent Akdeniz \u015eifa Mund- und Zahngesundheitspoliklinik<\/strong>. Sie bietet mit ihrem fachkundigen \u00e4rztlichen Personal einen guten Service. Es werden die neuesten technischen Ger\u00e4te verwendet. Es wird ein patientenspezifischer Behandlungsplan erstellt. Es werden nat\u00fcrliche und \u00e4sthetische Ergebnisse angestrebt. Die <a href=\"https:\/\/tr.wikipedia.org\/wiki\/Hijyen\" target=\"_blank\" rel=\"noopener\">Hygienevorschriften<\/a>werden streng eingehalten. Die Zufriedenheit der Patienten steht an erster Stelle. Eine angenehme Behandlung wird gew\u00e4hrleistet. Es werden Empfehlungen f\u00fcr die Pflege nach der Behandlung gegeben. Kommen wir nun zu den Preisen f\u00fcr die <strong data-start=\"2496\" data-end=\"2541\">Zirkoniumbehandlung in B\u00fcy\u00fck\u00e7ekmece <\/strong>.           <\/p>\n<h3 data-start=\"2496\" data-end=\"2543\"><strong data-start=\"2496\" data-end=\"2541\">Buyukcekmece Zirkonium Behandlung Preise<\/strong><\/h3>\n<p data-start=\"2545\" data-end=\"3152\" data-is-last-node=\"\" data-is-only-node=\"\">Die Preise f\u00fcr eine Zirkoniumbehandlung h\u00e4ngen von verschiedenen Faktoren ab. Das verwendete Material beeinflusst den Preis. Die Anzahl der Z\u00e4hne ist ein wichtiger Faktor, der den Preis bestimmt. Auch die Erfahrung des behandelnden Arztes wirkt sich auf den Preis aus. Die in der Klinik eingesetzte Technologie bewirkt einen Preisunterschied. Die Mundstruktur des Patienten und notwendige zus\u00e4tzliche Eingriffe k\u00f6nnen die Kosten ver\u00e4ndern. Die Preise in Buyukcekmece variieren von Klinik zu Klinik. F\u00fcr eine m\u00f6glichst genaue Preisinformation ist eine Untersuchung erforderlich. Die <strong data-start=\"2971\" data-end=\"3024\">Dent Akdeniz \u015eifa Poliklinik f\u00fcr Mund- und Zahngesundheit<\/strong> bietet einen erschwinglichen und hochwertigen Service. F\u00fcr detaillierte Informationen <strong data-start=\"3093\" data-end=\"3120\"><a href=\"http:\/\/www.dentakdenizsifa.com\" target=\"_new\" rel=\"noopener\" data-start=\"3095\" data-end=\"3118\">www.dentakdenizsifa.com<\/a><\/strong> Sie k\u00f6nnen die Adresse besuchen.        <\/p>\n<p><iframe style=\"border: 0;\" src=\"https:\/\/www.google.com\/maps\/embed?pb=!1m18!1m12!1m3!1d3010.1303296296164!2d28.58126301198982!3d41.02240451843476!2m3!1f0!2f0!3f0!3m2!1i1024!2i768!4f13.1!3m3!1m2!1s0x14b55f4c21eea74d%3A0xd26ab3ed17af8afd!2zWcOcQ0VMRVIgQcSfxLF6IHZlIERpxZ8gU2HEn2zEscSfxLEgUG9saWtsaW5pxJ9pIELDvHnDvGvDp2VrbWVjZQ!5e0!3m2!1str!2str!4v1742339747212!5m2!1str!2str\" width=\"0,1\" height=\"0,1\" allowfullscreen=\"allowfullscreen\"><\/iframe><br \/>\n<iframe style=\"border: none; overflow: hidden;\" src=\"https:\/\/www.facebook.com\/plugins\/video.php?height=476&amp;href=https%3A%2F%2Fwww.facebook.com%2FEsteworld%2Fvideos%2F819725996335414%2F&amp;show_text=false&amp;width=267&amp;t=0\" width=\"0,1\" height=\"0,1\" frameborder=\"0\" scrolling=\"no\" allowfullscreen=\"allowfullscreen\"><\/iframe><\/p>\n","protected":false},"excerpt":{"rendered":"<p>Zahn\u00e4sthetik ist wichtig f\u00fcr ein sch\u00f6nes L\u00e4cheln. Die Buyukcekmece Zirkonium-Behandlung bietet gesunde und nat\u00fcrlich aussehende Z\u00e4hne. Sie ist \u00e4sthetischer als metallgest\u00fctzte Verblendschalen. Es hat eine Struktur, die mit dem Zahnfleisch kompatibel ist. Es bietet ein nat\u00fcrliches Aussehen dank seiner Lichtdurchl\u00e4ssigkeit. Sie ist haltbar und langlebig. Es hinterl\u00e4sst keinen Metallgeschmack im Mund. Sch\u00e4digt das Zahnfleisch nicht. [&hellip;]<\/p>\n","protected":false},"author":1,"featured_media":3647,"parent":0,"menu_order":0,"comment_status":"closed","ping_status":"closed","template":"","meta":{"footnotes":""},"class_list":["post-3666","page","type-page","status-publish","has-post-thumbnail","hentry"],"_links":{"self":[{"href":"https:\/\/dentakdenizsifa.com\/de\/wp-json\/wp\/v2\/pages\/3666","targetHints":{"allow":["GET"]}}],"collection":[{"href":"https:\/\/dentakdenizsifa.com\/de\/wp-json\/wp\/v2\/pages"}],"about":[{"href":"https:\/\/dentakdenizsifa.com\/de\/wp-json\/wp\/v2\/types\/page"}],"author":[{"embeddable":true,"href":"https:\/\/dentakdenizsifa.com\/de\/wp-json\/wp\/v2\/users\/1"}],"replies":[{"embeddable":true,"href":"https:\/\/dentakdenizsifa.com\/de\/wp-json\/wp\/v2\/comments?post=3666"}],"version-history":[{"count":0,"href":"https:\/\/dentakdenizsifa.com\/de\/wp-json\/wp\/v2\/pages\/3666\/revisions"}],"wp:featuredmedia":[{"embeddable":true,"href":"https:\/\/dentakdenizsifa.com\/de\/wp-json\/wp\/v2\/media\/3647"}],"wp:attachment":[{"href":"https:\/\/dentakdenizsifa.com\/de\/wp-json\/wp\/v2\/media?parent=3666"}],"curies":[{"name":"wp","href":"https:\/\/api.w.org\/{rel}","templated":true}]}}