{"id":3630,"date":"2025-03-11T04:45:39","date_gmt":"2025-03-11T01:45:39","guid":{"rendered":"https:\/\/dentakdenizsifa.com\/buyukcekmece-implantat-behandlung\/"},"modified":"2025-03-11T04:46:11","modified_gmt":"2025-03-11T01:46:11","slug":"buyukcekmece-implantat-behandlung","status":"publish","type":"page","link":"https:\/\/dentakdenizsifa.com\/de\/buyukcekmece-implantat-behandlung\/","title":{"rendered":"Buyukcekmece Implantat Behandlung"},"content":{"rendered":"<p data-start=\"37\" data-end=\"664\">Fehlende Z\u00e4hne verursachen \u00e4sthetische und gesundheitliche Probleme. Die Buyukcekmece Implantatbehandlung l\u00f6st dieses Problem dauerhaft. Sie wird mit fortschrittlichen Techniken in Buyukcekmece durchgef\u00fchrt. Titanschrauben, die in den Kieferknochen eingesetzt werden, wirken wie eine Zahnwurzel. Darauf wird eine nat\u00fcrlich aussehende Zahnprothese angebracht. Die Kaufunktion wird wiederhergestellt. Ein \u00e4sthetisch nat\u00fcrliches L\u00e4cheln ist m\u00f6glich. Es ist robust und langlebig. Es ist eine dauerhafte L\u00f6sung. Sie besch\u00e4digt keine anderen Z\u00e4hne. Sie kann bei korrekter Anwendung ein Leben lang verwendet werden. Es gibt spezialisierte Kliniken in B\u00fcy\u00fck\u00e7ekmece, die diese Behandlung durchf\u00fchren. Es ist wichtig, dass Sie den Prozess kennen, bevor Sie sich ein Implantat einsetzen lassen. Sehen wir uns nun an, was eine Implantatbehandlung ist.             <\/p>\n<figure id=\"attachment_3597\" aria-describedby=\"caption-attachment-3597\" style=\"width: 300px\" class=\"wp-caption alignleft\"><img fetchpriority=\"high\" decoding=\"async\" class=\"size-medium wp-image-3597\" src=\"https:\/\/dentakdenizsifa.com\/wp-content\/uploads\/2025\/03\/24553956_vkar_0a2e_220301-300x232.webp\" alt=\"Buyukcekmece Implantat Behandlung\" width=\"300\" height=\"232\" srcset=\"https:\/\/dentakdenizsifa.com\/wp-content\/uploads\/2025\/03\/24553956_vkar_0a2e_220301-300x232.webp 300w, https:\/\/dentakdenizsifa.com\/wp-content\/uploads\/2025\/03\/24553956_vkar_0a2e_220301-1024x793.webp 1024w, https:\/\/dentakdenizsifa.com\/wp-content\/uploads\/2025\/03\/24553956_vkar_0a2e_220301-768x595.webp 768w, https:\/\/dentakdenizsifa.com\/wp-content\/uploads\/2025\/03\/24553956_vkar_0a2e_220301-1536x1189.webp 1536w, https:\/\/dentakdenizsifa.com\/wp-content\/uploads\/2025\/03\/24553956_vkar_0a2e_220301-2048x1586.webp 2048w\" sizes=\"(max-width: 300px) 100vw, 300px\" \/><figcaption id=\"caption-attachment-3597\" class=\"wp-caption-text\">Buyukcekmece Implantat Behandlung<\/figcaption><\/figure>\n<h2 data-start=\"666\" data-end=\"708\"><strong data-start=\"666\" data-end=\"706\">Was ist eine Buyukcekmece Implantat-Behandlung?<\/strong><\/h2>\n<p data-start=\"710\" data-end=\"1323\">Eine Implantatbehandlung bietet eine dauerhafte L\u00f6sung, um fehlende Z\u00e4hne zu ersetzen. Dabei wird eine Schraube in den Kieferknochen eingesetzt. Das verwendete Material <a href=\"https:\/\/tr.wikipedia.org\/wiki\/Titanyum\" target=\"_blank\" rel=\"noopener\">ist Titan<\/a>. Es ist mit dem K\u00f6rper kompatibel. Es bildet eine solide Struktur, indem es mit dem Knochen verschmilzt. Stellt die nat\u00fcrliche Zahnfunktion wieder her. Erleichtert das Sprechen und Kauen. Bietet ein \u00e4sthetisch nat\u00fcrliches Aussehen. Verhindert eine Belastung der anderen Z\u00e4hne. Langlebig. Es kann bei regelm\u00e4\u00dfiger Pflege ein Leben lang verwendet werden. Eine gesunde Kieferstruktur ist erforderlich. Bei Patienten mit Knochenresorption k\u00f6nnen zus\u00e4tzliche Eingriffe durchgef\u00fchrt werden. Es erfordert eine spezielle Planung f\u00fcr jeden Patienten. Der Behandlungsprozess variiert je nach Person. Lassen Sie uns nun sehen, wie die<strong data-start=\"1325\" data-end=\"1373\">B\u00fcy\u00fck\u00e7ekmece Implantatbehandlung <\/strong>durchgef\u00fchrt wird.             <\/p>\n<h2 data-start=\"1325\" data-end=\"1375\"><strong data-start=\"1325\" data-end=\"1373\">Wie wird die Buyukcekmece Implantatbehandlung durchgef\u00fchrt?<\/strong><\/h2>\n<p data-start=\"1377\" data-end=\"1964\">Zun\u00e4chst wird eine ausf\u00fchrliche Untersuchung durchgef\u00fchrt. Es werden R\u00f6ntgenaufnahmen gemacht und die Knochenstruktur wird beurteilt. Wenn eine geeignete Knochenstruktur vorhanden ist, wird die Implantatplanung vorgenommen. Der Eingriff wird unter lokaler An\u00e4sthesie durchgef\u00fchrt. Es wird eine Titanschraube in den Kieferknochen eingesetzt. Diese Schraube wird einige Monate lang gewartet, um mit dem Knochen zu verwachsen. Nachdem die Verwachsung abgeschlossen ist, wird die Prothese befestigt. Der Zahn wird so gestaltet, dass er nat\u00fcrlich aussieht. Der Behandlungsprozess ist von Person zu Person unterschiedlich. Wenn die Knochenstruktur stark ist, erfolgt die Heilung schneller. Achten Sie auf die Gesundheit Ihres Zahnfleisches. Eine regelm\u00e4\u00dfige Pflege verl\u00e4ngert die Lebensdauer des Implantats. Es ist wichtig, sich professionelle Unterst\u00fctzung zu holen. Werfen wir einen Blick auf die empfohlenen Kliniken <strong data-start=\"1325\" data-end=\"1373\">f\u00fcr die Buyukcekmece Implantatbehandlung <\/strong>.            <\/p>\n<h3 data-start=\"1966\" data-end=\"2009\"><strong data-start=\"1966\" data-end=\"2007\">Buyukcekmece Implantat Behandlung Beratung<\/strong><\/h3>\n<p data-start=\"2011\" data-end=\"2633\">Eine <a href=\"https:\/\/dentakdenizsifa.com\/implant-tedavisi\/\">Implantatbehandlung<\/a> ist ein heikles Verfahren. Sie sollte von erfahrenen \u00c4rzten durchgef\u00fchrt werden. Die Qualit\u00e4t des verwendeten Materials ist wichtig. Mit der richtigen Anwendung werden lang anhaltende Ergebnisse erzielt. Wenn Sie auf der Suche nach einer zuverl\u00e4ssigen Klinik in B\u00fcy\u00fck\u00e7ekmece sind, ist die <strong data-start=\"2229\" data-end=\"2282\">Dent Akdeniz \u015eifa Oral and Dental Health Polyclinic<\/strong> eine gute Wahl. Sie wird von erfahrenen Zahn\u00e4rzten betreut. Es werden die neuesten technischen Ger\u00e4te verwendet. Sie bietet eine sterile und hygienische Umgebung. Es wird eine patientenspezifische Behandlungsplanung vorgenommen. Es werden nat\u00fcrliche und \u00e4sthetische Ergebnisse angestrebt. Die Zufriedenheit der Patienten steht an erster Stelle. Ein komfortabler Behandlungsprozess wird geboten. Es werden Empfehlungen f\u00fcr die Pflege nach der Implantation gegeben. Lassen Sie uns nun einen Blick auf die Preise werfen.             <\/p>\n<h3 data-start=\"2635\" data-end=\"2680\"><strong data-start=\"2635\" data-end=\"2678\">Buyukcekmece Implantat Behandlung Preise<\/strong><\/h3>\n<p data-start=\"2682\" data-end=\"3299\" data-is-last-node=\"\" data-is-only-node=\"\">Die Preise f\u00fcr Implantate h\u00e4ngen von vielen Faktoren ab. Das verwendete Material ist wichtig. Die Qualit\u00e4t der Titanschraube bestimmt den Preis. Die Erfahrung des behandelnden Arztes ist wirksam. Die Bedingungen in der Klinik und die verwendete Technologie machen einen Preisunterschied aus. Je nach der Knochenstruktur des Patienten k\u00f6nnen zus\u00e4tzliche Eingriffe erforderlich sein. Dadurch k\u00f6nnen sich die Kosten \u00e4ndern. Die Preise variieren in Buyukcekmece. F\u00fcr die genauesten Informationen ist eine Untersuchung erforderlich. Die <strong data-start=\"3077\" data-end=\"3130\">Dent Akdeniz \u015eifa Poliklinik f\u00fcr Mund- und Zahngesundheit<\/strong> bietet einen hochwertigen Service zu erschwinglichen Preisen. Sie ist vorteilhaft in Bezug auf das Preis-Leistungs-Verh\u00e4ltnis. F\u00fcr detaillierte Informationen <strong data-start=\"3240\" data-end=\"3267\"><a href=\"http:\/\/www.dentakdenizsifa.com\" target=\"_new\" rel=\"noopener\" data-start=\"3242\" data-end=\"3265\">www.dentakdenizsifa.com<\/a><\/strong> Sie k\u00f6nnen die Adresse besuchen.          <\/p>\n<p><iframe style=\"border: 0;\" src=\"https:\/\/www.google.com\/maps\/embed?pb=!1m18!1m12!1m3!1d3010.1303296241454!2d28.58126837645062!3d41.02240451855446!2m3!1f0!2f0!3f0!3m2!1i1024!2i768!4f13.1!3m3!1m2!1s0x14b55f4c21eea74d%3A0xd26ab3ed17af8afd!2zWcOcQ0VMRVIgQcSfxLF6IHZlIERpxZ8gU2HEn2zEscSfxLEgUG9saWtsaW5pxJ9pIELDvHnDvGvDp2VrbWVjZQ!5e0!3m2!1str!2str!4v1741657052554!5m2!1str!2str\" width=\"0,1\" height=\"0,1\" allowfullscreen=\"allowfullscreen\"><\/iframe><br \/>\n<iframe title=\"YouTube-Video-Player\" src=\"https:\/\/www.youtube.com\/embed\/q-bbMgwrgBA?si=icEccHKcuZknKOIp\" width=\"0,1\" height=\"0,1\" frameborder=\"0\" allowfullscreen=\"allowfullscreen\"><\/iframe><\/p>\n","protected":false},"excerpt":{"rendered":"<p>Fehlende Z\u00e4hne verursachen \u00e4sthetische und gesundheitliche Probleme. Die Buyukcekmece Implantatbehandlung l\u00f6st dieses Problem dauerhaft. Sie wird mit fortschrittlichen Techniken in Buyukcekmece durchgef\u00fchrt. Titanschrauben, die in den Kieferknochen eingesetzt werden, wirken wie eine Zahnwurzel. Darauf wird eine nat\u00fcrlich aussehende Zahnprothese angebracht. Die Kaufunktion wird wiederhergestellt. Ein \u00e4sthetisch nat\u00fcrliches L\u00e4cheln ist m\u00f6glich. Es ist robust und langlebig. [&hellip;]<\/p>\n","protected":false},"author":1,"featured_media":3611,"parent":0,"menu_order":0,"comment_status":"closed","ping_status":"closed","template":"","meta":{"footnotes":""},"class_list":["post-3630","page","type-page","status-publish","has-post-thumbnail","hentry"],"_links":{"self":[{"href":"https:\/\/dentakdenizsifa.com\/de\/wp-json\/wp\/v2\/pages\/3630","targetHints":{"allow":["GET"]}}],"collection":[{"href":"https:\/\/dentakdenizsifa.com\/de\/wp-json\/wp\/v2\/pages"}],"about":[{"href":"https:\/\/dentakdenizsifa.com\/de\/wp-json\/wp\/v2\/types\/page"}],"author":[{"embeddable":true,"href":"https:\/\/dentakdenizsifa.com\/de\/wp-json\/wp\/v2\/users\/1"}],"replies":[{"embeddable":true,"href":"https:\/\/dentakdenizsifa.com\/de\/wp-json\/wp\/v2\/comments?post=3630"}],"version-history":[{"count":1,"href":"https:\/\/dentakdenizsifa.com\/de\/wp-json\/wp\/v2\/pages\/3630\/revisions"}],"predecessor-version":[{"id":3638,"href":"https:\/\/dentakdenizsifa.com\/de\/wp-json\/wp\/v2\/pages\/3630\/revisions\/3638"}],"wp:featuredmedia":[{"embeddable":true,"href":"https:\/\/dentakdenizsifa.com\/de\/wp-json\/wp\/v2\/media\/3611"}],"wp:attachment":[{"href":"https:\/\/dentakdenizsifa.com\/de\/wp-json\/wp\/v2\/media?parent=3630"}],"curies":[{"name":"wp","href":"https:\/\/api.w.org\/{rel}","templated":true}]}}