{"id":2540,"date":"2025-02-23T01:12:21","date_gmt":"2025-02-22T22:12:21","guid":{"rendered":"https:\/\/dentakdenizsifa.com\/dt-elif-teke\/"},"modified":"2025-02-23T01:34:35","modified_gmt":"2025-02-22T22:34:35","slug":"dt-elif-teke","status":"publish","type":"page","link":"https:\/\/dentakdenizsifa.com\/de\/dt-elif-teke\/","title":{"rendered":"Dt. Elif TEKE"},"content":{"rendered":"\t\t<div data-elementor-type=\"wp-page\" data-elementor-id=\"2540\" class=\"elementor elementor-2540 elementor-2529\" data-elementor-post-type=\"page\">\n\t\t\t\t<div class=\"elementor-element elementor-element-79c755c e-flex e-con-boxed e-con e-parent\" data-id=\"79c755c\" data-element_type=\"container\" data-e-type=\"container\" data-settings=\"{&quot;background_background&quot;:&quot;classic&quot;}\">\n\t\t\t\t\t<div class=\"e-con-inner\">\n\t\t<div class=\"elementor-element elementor-element-ba6d3b3 e-con-full e-flex e-con e-child\" data-id=\"ba6d3b3\" data-element_type=\"container\" data-e-type=\"container\">\n\t\t\t\t<div class=\"elementor-element elementor-element-fba25e7 elementor-widget__width-initial elementor-invisible elementor-widget elementor-widget-heading\" data-id=\"fba25e7\" data-element_type=\"widget\" data-e-type=\"widget\" data-settings=\"{&quot;_animation&quot;:&quot;fadeInUp&quot;}\" data-widget_type=\"heading.default\">\n\t\t\t\t<div class=\"elementor-widget-container\">\n\t\t\t\t\t<h2 class=\"elementor-heading-title elementor-size-default\">Dt. Elif TEKE<\/h2>\t\t\t\t<\/div>\n\t\t\t\t<\/div>\n\t\t\t\t<div class=\"elementor-element elementor-element-e0e5754 elementor-invisible elementor-widget elementor-widget-heading\" data-id=\"e0e5754\" data-element_type=\"widget\" data-e-type=\"widget\" data-settings=\"{&quot;_animation&quot;:&quot;fadeInUp&quot;}\" data-widget_type=\"heading.default\">\n\t\t\t\t<div class=\"elementor-widget-container\">\n\t\t\t\t\t<h2 class=\"elementor-heading-title elementor-size-default\">Meine Biographie<\/h2>\t\t\t\t<\/div>\n\t\t\t\t<\/div>\n\t\t\t\t<div class=\"elementor-element elementor-element-f5bfc3d elementor-widget__width-initial elementor-invisible elementor-widget elementor-widget-text-editor\" data-id=\"f5bfc3d\" data-element_type=\"widget\" data-e-type=\"widget\" data-settings=\"{&quot;_animation&quot;:&quot;fadeInUp&quot;}\" data-widget_type=\"text-editor.default\">\n\t\t\t\t<div class=\"elementor-widget-container\">\n\t\t\t\t\t\t\t\t\t<p>Die Zahn\u00e4rztin Elif Teke schloss 2020 ihr Studium an der Fakult\u00e4t f\u00fcr Zahnmedizin der Ege-Universit\u00e4t ab. In unserer Klinik bietet sie Dienstleistungen in den Bereichen \u00e4sthetische Zahnmedizin, festsitzender Zahnersatz (Zirkonium, Porzellan), allgemeine Zahnmedizin, Wurzelbehandlung, F\u00fcllungen, Extraktionen, Bleaching und Kinderzahnheilkunde an. Da er seinen Beruf liebt, verfolgt er die aktuellen Behandlungen im Bereich der Zahnmedizin und erneuert seine Kenntnisse und F\u00e4higkeiten.<\/p>\t\t\t\t\t\t\t\t<\/div>\n\t\t\t\t<\/div>\n\t\t\t\t<\/div>\n\t\t<div class=\"elementor-element elementor-element-0c8bd23 e-con-full e-flex elementor-invisible e-con e-child\" data-id=\"0c8bd23\" data-element_type=\"container\" data-e-type=\"container\" data-settings=\"{&quot;background_background&quot;:&quot;classic&quot;,&quot;animation&quot;:&quot;fadeInUp&quot;}\">\n\t\t<div class=\"elementor-element elementor-element-2d5201a e-con-full elementor-hidden-tablet elementor-hidden-mobile e-flex e-con e-child\" data-id=\"2d5201a\" data-element_type=\"container\" data-e-type=\"container\">\n\t\t\t\t<div class=\"elementor-element elementor-element-2086471 elementor-widget elementor-widget-image\" data-id=\"2086471\" data-element_type=\"widget\" data-e-type=\"widget\" data-widget_type=\"image.default\">\n\t\t\t\t<div class=\"elementor-widget-container\">\n\t\t\t\t\t\t\t\t\t\t\t\t\t\t\t\t<a href=\"https:\/\/dentakdenizsifa.com\/wp-content\/uploads\/2025\/02\/Adsiz-tasarim-2025-02-19T005825.675.png\" data-elementor-open-lightbox=\"yes\" data-elementor-lightbox-title=\"Ads\u0131z tasar\u0131m - 2025-02-19T005825.675\" data-e-action-hash=\"#elementor-action%3Aaction%3Dlightbox%26settings%3DeyJpZCI6MjQzNCwidXJsIjoiaHR0cHM6XC9cL2RlbnRha2Rlbml6c2lmYS5jb21cL3dwLWNvbnRlbnRcL3VwbG9hZHNcLzIwMjVcLzAyXC9BZHNpei10YXNhcmltLTIwMjUtMDItMTlUMDA1ODI1LjY3NS5wbmcifQ%3D%3D\">\n\t\t\t\t\t\t\t<img fetchpriority=\"high\" decoding=\"async\" width=\"522\" height=\"654\" src=\"https:\/\/dentakdenizsifa.com\/wp-content\/uploads\/2025\/02\/Adsiz-tasarim-2025-02-19T005825.675.png\" class=\"attachment-large size-large wp-image-2434\" alt=\"\" srcset=\"https:\/\/dentakdenizsifa.com\/wp-content\/uploads\/2025\/02\/Adsiz-tasarim-2025-02-19T005825.675.png 522w, https:\/\/dentakdenizsifa.com\/wp-content\/uploads\/2025\/02\/Adsiz-tasarim-2025-02-19T005825.675-239x300.png 239w\" sizes=\"(max-width: 522px) 100vw, 522px\" \/>\t\t\t\t\t\t\t\t<\/a>\n\t\t\t\t\t\t\t\t\t\t\t\t\t\t\t<\/div>\n\t\t\t\t<\/div>\n\t\t\t\t<\/div>\n\t\t\t\t<\/div>\n\t\t\t\t\t<\/div>\n\t\t\t\t<\/div>\n\t\t\t\t<\/div>\n\t\t","protected":false},"excerpt":{"rendered":"<p>Dt. Elif TEKE Meine Biographie Die Zahn\u00e4rztin Elif Teke schloss 2020 ihr Studium an der Fakult\u00e4t f\u00fcr Zahnmedizin der Ege-Universit\u00e4t ab. In unserer Klinik bietet sie Dienstleistungen in den Bereichen \u00e4sthetische Zahnmedizin, festsitzender Zahnersatz (Zirkonium, Porzellan), allgemeine Zahnmedizin, Wurzelbehandlung, F\u00fcllungen, Extraktionen, Bleaching und Kinderzahnheilkunde an. Da er seinen Beruf liebt, verfolgt er die aktuellen Behandlungen [&hellip;]<\/p>\n","protected":false},"author":1,"featured_media":0,"parent":0,"menu_order":0,"comment_status":"closed","ping_status":"closed","template":"","meta":{"footnotes":""},"class_list":["post-2540","page","type-page","status-publish","hentry"],"_links":{"self":[{"href":"https:\/\/dentakdenizsifa.com\/de\/wp-json\/wp\/v2\/pages\/2540","targetHints":{"allow":["GET"]}}],"collection":[{"href":"https:\/\/dentakdenizsifa.com\/de\/wp-json\/wp\/v2\/pages"}],"about":[{"href":"https:\/\/dentakdenizsifa.com\/de\/wp-json\/wp\/v2\/types\/page"}],"author":[{"embeddable":true,"href":"https:\/\/dentakdenizsifa.com\/de\/wp-json\/wp\/v2\/users\/1"}],"replies":[{"embeddable":true,"href":"https:\/\/dentakdenizsifa.com\/de\/wp-json\/wp\/v2\/comments?post=2540"}],"version-history":[{"count":11,"href":"https:\/\/dentakdenizsifa.com\/de\/wp-json\/wp\/v2\/pages\/2540\/revisions"}],"predecessor-version":[{"id":2618,"href":"https:\/\/dentakdenizsifa.com\/de\/wp-json\/wp\/v2\/pages\/2540\/revisions\/2618"}],"wp:attachment":[{"href":"https:\/\/dentakdenizsifa.com\/de\/wp-json\/wp\/v2\/media?parent=2540"}],"curies":[{"name":"wp","href":"https:\/\/api.w.org\/{rel}","templated":true}]}}