{"id":1582,"date":"2024-12-17T02:11:57","date_gmt":"2024-12-16T23:11:57","guid":{"rendered":"https:\/\/dentakdenizsifa.com\/kvkk\/"},"modified":"2024-12-28T02:21:22","modified_gmt":"2024-12-27T23:21:22","slug":"kvkk","status":"publish","type":"page","link":"https:\/\/dentakdenizsifa.com\/de\/kvkk\/","title":{"rendered":"KVKK"},"content":{"rendered":"\t\t<div data-elementor-type=\"wp-page\" data-elementor-id=\"1582\" class=\"elementor elementor-1582 elementor-821\" data-elementor-post-type=\"page\">\n\t\t\t\t<div class=\"elementor-element elementor-element-898952f e-flex e-con-boxed e-con e-parent\" data-id=\"898952f\" data-element_type=\"container\" data-e-type=\"container\">\n\t\t\t\t\t<div class=\"e-con-inner\">\n\t\t\t\t<div class=\"elementor-element elementor-element-ddd58a8 elementor-invisible elementor-widget elementor-widget-heading\" data-id=\"ddd58a8\" data-element_type=\"widget\" data-e-type=\"widget\" data-settings=\"{&quot;_animation&quot;:&quot;fadeInUp&quot;}\" data-widget_type=\"heading.default\">\n\t\t\t\t<div class=\"elementor-widget-container\">\n\t\t\t\t\t<h2 class=\"elementor-heading-title elementor-size-default\">KVKK Erl\u00e4uterungstext<\/h2>\t\t\t\t<\/div>\n\t\t\t\t<\/div>\n\t\t\t\t\t<\/div>\n\t\t\t\t<\/div>\n\t\t<div class=\"elementor-element elementor-element-ed9e037 e-flex e-con-boxed e-con e-parent\" data-id=\"ed9e037\" data-element_type=\"container\" data-e-type=\"container\">\n\t\t\t\t\t<div class=\"e-con-inner\">\n\t\t\t\t<div class=\"elementor-element elementor-element-ebf2458 elementor-widget__width-initial elementor-invisible elementor-widget elementor-widget-text-editor\" data-id=\"ebf2458\" data-element_type=\"widget\" data-e-type=\"widget\" data-settings=\"{&quot;_animation&quot;:&quot;fadeInUp&quot;}\" data-widget_type=\"text-editor.default\">\n\t\t\t\t<div class=\"elementor-widget-container\">\n\t\t\t\t\t\t\t\t\t<p>Als Dent Akdeniz \u015eifa Oral and Dental Health Services Ltd.\u015eti. verpflichten wir uns, Ihre pers\u00f6nlichen Daten, die Sie im Formular angeben, nur im Rahmen der Kommunikationsaktivit\u00e4ten unseres Unternehmens zu verwenden und sie im Rahmen des Gesetzes Nr. 6698 der Republik T\u00fcrkei zum Schutz pers\u00f6nlicher Daten zu sch\u00fctzen. Als Dent Akdeniz \u015eifa Oral and Dental Health Services Ltd.\u015eti. werden wir, solange wir unsere kommerziellen Aktivit\u00e4ten fortsetzen, Ihre pers\u00f6nlichen Daten im Rahmen dieses Gesetzes sch\u00fctzen. Um Sie \u00fcber die von uns vorbereiteten speziellen Kampagnen zu informieren, k\u00f6nnen wir diese in sicheren Datenzentren im In- oder Ausland speichern und sie an Gesch\u00e4ftspartner weitergeben, mit denen unser Unternehmen eine Vertraulichkeitsvereinbarung getroffen hat. Wenn Sie Ihre Pr\u00e4ferenzen f\u00fcr die Weitergabe von Daten \u00e4ndern m\u00f6chten, k\u00f6nnen Sie Ihre Anfrage an unseren Datenspezialisten \u00fcber unsere E-Mail-Adresse akdenizsifadis@gmail.com oder unser Callcenter unter 0(212) 635-35-60 senden und Ihre Mitgliedschaft k\u00fcndigen.<\/p>\n<p>Dent Akdeniz \u015eifa Oral And Dental Health Services Ltd.\u015eti. Klarstellung zum Schutz personenbezogener Daten<\/p>\n<p>Dieses Informations- und Erkl\u00e4rungsformular wurde im Rahmen der Verarbeitung und \u00dcbermittlung &#8222;Pers\u00f6nlicher Daten&#8220; nat\u00fcrlicher Personen erstellt, die durch das Gesetz Nr. 6698 zum Schutz pers\u00f6nlicher Daten (&#8222;KVK-Gesetz&#8220;) geregelt sind. Im Rahmen des Gesetzes Nr. 6698 werden alle aktuellen Informationen, die Sie unserem Unternehmen mitgeteilt haben, als &#8222;Pers\u00f6nliche Daten&#8220; betrachtet. <\/p>\n<p>Die Sicherheit Ihrer pers\u00f6nlichen Daten ist f\u00fcr uns von gro\u00dfer Bedeutung. Ihre pers\u00f6nlichen Daten werden in \u00dcbereinstimmung mit den gesetzlichen Bestimmungen auf die sicherste Art und Weise und f\u00fcr den gesetzlich vorgeschriebenen Zeitraum aufbewahrt.<\/p>\n<p>a) Datenverantwortlicher und Beauftragter Gem\u00e4\u00df dem Gesetz Nr. 6698 \u00fcber den Schutz personenbezogener Daten k\u00f6nnen Ihre personenbezogenen Daten von Dent Akdeniz \u015eifa Oral and Dental Health Services Ltd.\u015eti. als &#8222;Datenverantwortlicher&#8220; im Rahmen der folgenden Bestimmungen verarbeitet werden.<\/p>\n<p>b) Zu welchem Zweck Ihre pers\u00f6nlichen Daten verarbeitet werden d\u00fcrfen<br \/>Die von Ihnen erfassten personenbezogenen Daten k\u00f6nnen f\u00fcr die Erf\u00fcllung der Verpflichtungen unseres Unternehmens und der nat\u00fcrlichen und juristischen Personen, die mit unserem Unternehmen in Gesch\u00e4ftsbeziehung stehen, verwendet werden, um Sie \u00fcber Aktualisierungen zu informieren, um Vertr\u00e4ge mit Ihnen zu schlie\u00dfen und auszuf\u00fchren, um an gesetzliche Verpflichtungen zu erinnern und diese zu erf\u00fcllen, um verschiedene Werbe- und Marketingaktivit\u00e4ten durchzuf\u00fchren, zur Finanzierung, Durchf\u00fchrung und Nachverfolgung von buchhalterischen und rechtlichen Angelegenheiten, Nachverfolgung Ihrer Anfragen und Beschwerden &#8211; Nachverfolgung von Vertragsprozessen und \/ oder rechtlichen Anfragen, Einholung Ihrer Meinung durch Umfragen und Abstimmungen im Rahmen der Planung und Durchf\u00fchrung von Aktivit\u00e4ten zur Kundenzufriedenheit, Bestimmung geeigneter Produkte, Projekte und Dienstleistungen f\u00fcr Sie, deren Anpassung und Entwicklung f\u00fcr Sie, Bereitstellung eines effektiven Kundendienstes, Benachrichtigung \u00fcber Gesetzes\u00e4nderungen, interne Richtlinien oder andere Sie betreffende Mitteilungen, Geburtstagsfeiern, Teilnahme an Verlosungen oder Wettbewerben, Schenkungen und andere \u00e4hnliche Ereignisse, Werbeaktionen und Kampagnen zu Ihren Gunsten, Benachrichtigung per E-Mail, Um Sie per SMS und Fax zu informieren, um Sie \u00fcber Kampagnen zu informieren, um Ihnen gedruckte Bulletins, Zeitschriften, Artikel \u00fcber Kampagnen zuzusenden, um unsere Besucherprofile zu ermitteln, um Anfragen, Forderungen und Beschwerden zu bewerten, um die Personalpolitik unseres Unternehmens durchzuf\u00fchren, um auf Ihre Anfragen und Fragen zu antworten, k\u00f6nnen personenbezogene Daten im Rahmen der Bedingungen und Zwecke der Verarbeitung personenbezogener Daten verarbeitet werden, die in den Artikeln 5 und 6 des Gesetzes Nr. 6698. und 6. des Gesetzes Nr. 6698 im Rahmen der in den Artikeln 5 und 6 genannten Bedingungen und Zwecke f\u00fcr die Verarbeitung personenbezogener Daten.  <\/p>\n<p>c) An wen und zu welchem Zweck die verarbeiteten personenbezogenen Daten weitergegeben werden k\u00f6nnen<br \/>Die von Ihnen erhobenen personenbezogenen Daten werden nach den Grunds\u00e4tzen verarbeitet, dass sie nach Recht und Gesetz und nach Treu und Glauben verarbeitet werden, dass sie richtig und aktuell sind, dass sie f\u00fcr bestimmte, eindeutige und rechtm\u00e4\u00dfige Zwecke verarbeitet werden, dass sie mit dem Zweck, f\u00fcr den sie verarbeitet werden, in Verbindung stehen, dass sie begrenzt und gemessen werden und dass sie f\u00fcr den Zeitraum aufbewahrt werden, der in den einschl\u00e4gigen Rechtsvorschriften vorgesehen oder f\u00fcr den Zweck, f\u00fcr den sie verarbeitet werden, erforderlich ist. Dar\u00fcber hinaus, sofern wir die in den Artikeln 8 und 9 des KVK-Gesetzes festgelegten Bedingungen einhalten und die erforderlichen Sicherheitsma\u00dfnahmen ergreifen, beschr\u00e4nkt auf die unter Artikel (b) dieser Meldung aufgef\u00fchrten Zwecke, unsere indirekten\/unmittelbaren inl\u00e4ndischen\/ausl\u00e4ndischen verbundenen Unternehmen oder Tochtergesellschaften, inl\u00e4ndische\/ausl\u00e4ndische\/internationale, \u00f6ffentliche\/private Einrichtungen und Organisationen, Unternehmen und andere Dritte oder Organisationen, von denen unser Unternehmen Dienstleistungen\/Unterst\u00fctzung\/Beratung erh\u00e4lt oder mit ihnen zusammenarbeitet oder ein Projekt\/Programm\/Finanzierungspartner ist. Personen oder Organisationen, verbundene Unternehmen, Berater, Anteilseigner oder L\u00f6sungspartner unseres Unternehmens, andere Unternehmen der Gruppe, die Zentrale Registrierungsstelle und andere autorisierte Institutionen und Organisationen, Lieferanten oder Subunternehmer im Rahmen der in Artikel 8 und 9 des Gesetzes Nr. 6698 genannten Bedingungen und Zwecke der Verarbeitung personenbezogener Daten. Dent Akdeniz \u015eifa Oral and Dental Health Services Ltd.\u015eti.\u015eti kann Ihre personenbezogenen Daten auf Servern oder anderen elektronischen Medien im Ausland verarbeiten und speichern, sofern in der T\u00fcrkei oder im Ausland, in das die personenbezogenen Daten \u00fcbertragen werden, ein angemessener Schutz besteht, vorausgesetzt, dass die erforderlichen Sicherheitsma\u00dfnahmen ergriffen werden; wenn im betreffenden Ausland kein angemessener Schutz besteht, verpflichten sich Dent Akdeniz \u015eifa Oral and Dental Health Services Ltd.\u015eti.\u015eti und die f\u00fcr die Datenverarbeitung Verantwortlichen im betreffenden Ausland schriftlich zu einem angemessenen Schutz und der Vorstand hat seine Zustimmung erteilt.<\/p>\n<p>\u00e7) Methode und rechtlicher Grund f\u00fcr die Erhebung Ihrer pers\u00f6nlichen Daten<\/p>\n<p>Ihre personenbezogenen Daten k\u00f6nnen von unserem Unternehmen \u00fcber verschiedene Kan\u00e4le erhoben werden, wie z. B. \u00fcber B\u00fcros und andere physische Umgebungen, Callcenter, Websites, mobile Anwendungen und \u00e4hnliche elektronische Transaktionsplattformen, soziale Medien oder andere \u00f6ffentliche Kan\u00e4le, durch Ihre Teilnahme an Schulungen, Konferenzen und \u00e4hnlichen Umgebungen, durch schriftliche, m\u00fcndliche, Audio- oder Videoaufzeichnungen oder andere physische oder elektronische Medien usw.), bei denen Sie mit dem Hauptsitz des Unternehmens, den Niederlassungen, Agenturen, Verkaufsb\u00fcros oder anderen Unterauftragnehmern oder Gesch\u00e4ftspartnern in Kontakt treten k\u00f6nnen, durch die Ermittlungsmethode oder durch andere Konzernunternehmen oder andere beauftragte Personen und Organisationen. Ihre personenbezogenen Daten k\u00f6nnen f\u00fcr die in den Artikeln (b) und (c) dieses Textes genannten Zwecke im Rahmen der in den Artikeln 5 und 6 des KVK-Gesetzes genannten Bedingungen und Zwecke der Verarbeitung personenbezogener Daten erhoben, verarbeitet, \u00fcbertragen und gespeichert werden.      <\/p>\n<p>Ihre pers\u00f6nlichen Daten werden in \u00dcbereinstimmung mit der Gesetzgebung f\u00fcr den Zeitraum gespeichert, der aufgrund gesetzlicher Verpflichtungen erforderlich ist, oder f\u00fcr den Zeitraum, der nach den einschl\u00e4gigen Gesetzen zul\u00e4ssig ist.<\/p>\n<p>d)<br \/>Ihre Rechte als Inhaber personenbezogener Daten Wenn Sie als Inhaber personenbezogener Daten Ihre Anfragen zu Ihren Rechten an unser Unternehmen auf die nachstehend beschriebene Weise \u00fcbermitteln, wird unser Unternehmen Ihre Anfrage so schnell wie m\u00f6glich, sp\u00e4testens jedoch innerhalb von drei\u00dfig Tagen, kostenlos bearbeiten. Sollte jedoch eine Geb\u00fchr von der Aufsichtsbeh\u00f6rde f\u00fcr den Schutz personenbezogener Daten vorgeschrieben sein, wird die Geb\u00fchr gem\u00e4\u00df dem von unserem Unternehmen festgelegten Tarif erhoben. In diesem Zusammenhang sind die Inhaber personenbezogener Daten;  <\/p>\n<p>Um zu erfahren, ob personenbezogene Daten verarbeitet werden,<\/p>\n<p>Fordern Sie Informationen an, wenn personenbezogene Daten verarbeitet wurden,<\/p>\n<p>Um zu erfahren, zu welchem Zweck personenbezogene Daten verarbeitet werden und ob sie in \u00dcbereinstimmung mit ihrem Zweck verwendet werden,<\/p>\n<p>die Dritten zu kennen, an die personenbezogene Daten im In- oder Ausland \u00fcbermittelt werden,<\/p>\n<p>die Berichtigung personenbezogener Daten im Falle einer unvollst\u00e4ndigen oder unrichtigen Verarbeitung zu verlangen und die Mitteilung der in diesem Rahmen vorgenommenen Transaktion an Dritte, an die personenbezogene Daten \u00fcbermittelt werden, zu verlangen,<\/p>\n<p>auch wenn sie in \u00dcbereinstimmung mit den Bestimmungen des KVK-Gesetzes und anderer einschl\u00e4giger Gesetze verarbeitet wurden, die L\u00f6schung oder Vernichtung personenbezogener Daten zu verlangen, wenn die Gr\u00fcnde, die ihre Verarbeitung erforderlich machten, wegfallen, und die Mitteilung der in diesem Rahmen vorgenommenen Transaktion an Dritte zu verlangen, an die personenbezogene Daten \u00fcbermittelt werden,<\/p>\n<p>auch wenn sie in \u00dcbereinstimmung mit den Bestimmungen des KVK-Gesetzes und anderer einschl\u00e4giger Gesetze verarbeitet wurden, die L\u00f6schung oder Vernichtung personenbezogener Daten zu verlangen, wenn die Gr\u00fcnde, die ihre Verarbeitung erforderlich machten, wegfallen, und die Mitteilung der in diesem Rahmen vorgenommenen Transaktion an Dritte zu verlangen, an die personenbezogene Daten \u00fcbermittelt werden,<\/p>\n<p>Einspruch zu erheben gegen das Entstehen eines Ergebnisses zum Nachteil der Person selbst durch die Analyse der verarbeiteten Daten ausschlie\u00dflich durch automatisierte Systeme,<\/p>\n<p>Im Falle eines Schadens aufgrund einer unrechtm\u00e4\u00dfigen Verarbeitung personenbezogener Daten hat er das Recht, eine Entsch\u00e4digung f\u00fcr den Schaden zu verlangen.<\/p>\n<p>Gem\u00e4\u00df Artikel 13 Absatz 1 des KVK-Gesetzes k\u00f6nnen Sie bei unserem Unternehmen einen schriftlichen Antrag auf Aus\u00fcbung Ihrer oben genannten Rechte stellen. Sie k\u00f6nnen das Formular auf der Webseite Ihrer Anfrage ausf\u00fcllen, das Ihre Erkl\u00e4rungen zu dem Recht enth\u00e4lt, das Sie unter den in Artikel 11 des KVK-Gesetzes genannten Rechten in Anspruch nehmen m\u00f6chten, und eine nass unterschriebene Kopie des Formulars an die Abteilung f\u00fcr Patientenbeziehungen von Dent Akdeniz \u015eifa Oral And Dental Health Services Ltd.\u015eti an die Adresse &#8218;Akdeniz Caddesi no: 38 Fatih Istanbul&#8216; mit Dokumenten, die Ihre Identit\u00e4t ausweisen, senden oder es \u00fcber einen Notar senden.<\/p>\n<p>Unser Unternehmen beh\u00e4lt sich das Recht vor, diese Offenlegungserkl\u00e4rung aufgrund von \u00c4nderungen des KVK-Gesetzes und der vom Amt f\u00fcr den Schutz personenbezogener Daten zu bestimmenden Methoden zu \u00e4ndern.<\/p>\n\t\t\t\t\t\t\t\t<\/div>\n\t\t\t\t<\/div>\n\t\t\t\t\t<\/div>\n\t\t\t\t<\/div>\n\t\t\t\t<\/div>\n\t\t","protected":false},"excerpt":{"rendered":"<p>KVKK Erl\u00e4uterungstext Als Dent Akdeniz \u015eifa Oral and Dental Health Services Ltd.\u015eti. verpflichten wir uns, Ihre pers\u00f6nlichen Daten, die Sie im Formular angeben, nur im Rahmen der Kommunikationsaktivit\u00e4ten unseres Unternehmens zu verwenden und sie im Rahmen des Gesetzes Nr. 6698 der Republik T\u00fcrkei zum Schutz pers\u00f6nlicher Daten zu sch\u00fctzen. Als Dent Akdeniz \u015eifa Oral and [&hellip;]<\/p>\n","protected":false},"author":1,"featured_media":0,"parent":0,"menu_order":0,"comment_status":"closed","ping_status":"closed","template":"elementor_header_footer","meta":{"footnotes":""},"class_list":["post-1582","page","type-page","status-publish","hentry"],"_links":{"self":[{"href":"https:\/\/dentakdenizsifa.com\/de\/wp-json\/wp\/v2\/pages\/1582","targetHints":{"allow":["GET"]}}],"collection":[{"href":"https:\/\/dentakdenizsifa.com\/de\/wp-json\/wp\/v2\/pages"}],"about":[{"href":"https:\/\/dentakdenizsifa.com\/de\/wp-json\/wp\/v2\/types\/page"}],"author":[{"embeddable":true,"href":"https:\/\/dentakdenizsifa.com\/de\/wp-json\/wp\/v2\/users\/1"}],"replies":[{"embeddable":true,"href":"https:\/\/dentakdenizsifa.com\/de\/wp-json\/wp\/v2\/comments?post=1582"}],"version-history":[{"count":1,"href":"https:\/\/dentakdenizsifa.com\/de\/wp-json\/wp\/v2\/pages\/1582\/revisions"}],"predecessor-version":[{"id":1584,"href":"https:\/\/dentakdenizsifa.com\/de\/wp-json\/wp\/v2\/pages\/1582\/revisions\/1584"}],"wp:attachment":[{"href":"https:\/\/dentakdenizsifa.com\/de\/wp-json\/wp\/v2\/media?parent=1582"}],"curies":[{"name":"wp","href":"https:\/\/api.w.org\/{rel}","templated":true}]}}