{"id":1476,"date":"2024-12-14T23:53:59","date_gmt":"2024-12-14T20:53:59","guid":{"rendered":"https:\/\/dentakdenizsifa.com\/implantat-behandlung\/"},"modified":"2024-12-28T01:22:38","modified_gmt":"2024-12-27T22:22:38","slug":"implantat-behandlung","status":"publish","type":"page","link":"https:\/\/dentakdenizsifa.com\/de\/implantat-behandlung\/","title":{"rendered":"Implantat-Behandlung"},"content":{"rendered":"\t\t<div data-elementor-type=\"wp-page\" data-elementor-id=\"1476\" class=\"elementor elementor-1476 elementor-98\" data-elementor-post-type=\"page\">\n\t\t\t\t<div class=\"elementor-element elementor-element-7a5fb4c e-flex e-con-boxed e-con e-parent\" data-id=\"7a5fb4c\" data-element_type=\"container\" data-e-type=\"container\">\n\t\t\t\t\t<div class=\"e-con-inner\">\n\t\t\t\t<div class=\"elementor-element elementor-element-5d231b8 elementor-widget elementor-widget-heading\" data-id=\"5d231b8\" data-element_type=\"widget\" data-e-type=\"widget\" data-widget_type=\"heading.default\">\n\t\t\t\t<div class=\"elementor-widget-container\">\n\t\t\t\t\t<h1 class=\"elementor-heading-title elementor-size-default\">IMPLANTAT-BEHANDLUNG<\/h1>\t\t\t\t<\/div>\n\t\t\t\t<\/div>\n\t\t\t\t\t<\/div>\n\t\t\t\t<\/div>\n\t\t<div class=\"elementor-element elementor-element-9732d79 e-flex e-con-boxed e-con e-parent\" data-id=\"9732d79\" data-element_type=\"container\" data-e-type=\"container\">\n\t\t\t\t\t<div class=\"e-con-inner\">\n\t\t\t\t<div class=\"elementor-element elementor-element-a2bd795 elementor-widget elementor-widget-text-editor\" data-id=\"a2bd795\" data-element_type=\"widget\" data-e-type=\"widget\" data-widget_type=\"text-editor.default\">\n\t\t\t\t<div class=\"elementor-widget-container\">\n\t\t\t\t\t\t\t\t\t<p>Ein Implantat ist definiert als eine k\u00fcnstliche Zahnwurzel, die im oder am Kiefer eingesetzt wird, um den fehlenden Zahn zu ersetzen oder die verlorenen Teile des Mundes zu erg\u00e4nzen.<\/p>\n<p><img fetchpriority=\"high\" decoding=\"async\" class=\"wp-image-107 size-large aligncenter\" src=\"https:\/\/dentakdenizsifa.com\/wp-content\/uploads\/2024\/12\/implant-tedavisi-2-1024x683.png\" alt=\"\" width=\"800\" height=\"534\" srcset=\"https:\/\/dentakdenizsifa.com\/wp-content\/uploads\/2024\/12\/implant-tedavisi-2-1024x683.png 1024w, https:\/\/dentakdenizsifa.com\/wp-content\/uploads\/2024\/12\/implant-tedavisi-2-300x200.png 300w, https:\/\/dentakdenizsifa.com\/wp-content\/uploads\/2024\/12\/implant-tedavisi-2-768x512.png 768w, https:\/\/dentakdenizsifa.com\/wp-content\/uploads\/2024\/12\/implant-tedavisi-2.png 1200w\" sizes=\"(max-width: 800px) 100vw, 800px\" \/><\/p>\n<p>Bei dieser Art der Behandlung wird ein Material aus Titan, das vom menschlichen K\u00f6rper gut angenommen wird und mit dem Zahngewebe kompatibel ist, in die Bereiche eingebracht, in denen der Zahnverlust stattgefunden hat. Der zu implantierende Bereich wird mit lokaler An\u00e4sthesie bet\u00e4ubt und das Implantat wird innerhalb von 5-10 Minuten eingesetzt. 2,5-3 Monate wird gewartet, bis das Implantat mit dem Kieferknochen verwachsen ist, dann wird die zweite Stufe erreicht. Die Porzellanz\u00e4hne, die auf die Implantate gesetzt werden, werden vermessen und die Z\u00e4hne werden innerhalb einer Woche und zehn Tagen ersetzt.<\/p>\n<p>Um einen Patienten zu implantieren, ist eine ausreichende Knochendicke erforderlich. Die k\u00fcrzesten Implantate, die auf dem Markt erh\u00e4ltlich sind, haben eine H\u00f6he von 6-8 mm und einen Durchmesser von 3,5-4 mm. Um ein Implantat dieser Dicke in den Kieferknochen einzusetzen, ist also eine dickere Knochenstruktur erforderlich. F\u00fcr ein 6-8-mm-Implantat ist eine Knochenh\u00f6he von 7 oder 9 mm und f\u00fcr ein 3,5-mm-Implantat eine Knochendicke von 5,5 mm im Durchmesser erforderlich. Wenn der Patient nicht \u00fcber dieses Niveau und diese Menge an Knochen verf\u00fcgt, werden Verfahren zum Knochenaufbau mit fortschrittlichen chirurgischen Techniken eingesetzt. Zu diesem Zweck werden in unserer Klinik chirurgische Eingriffe wie Knochenaufbau, Titannetz, Sinuslift und Knochenspreizung erfolgreich angewendet.     <\/p>\n<p>Als Akdeniz \u015eifa-Familie behandeln wir jeden gesunden Menschen, der seine Entwicklung in unserem Zentrum mit unserem besten \u00c4rzteteam abgeschlossen hat, mit Implantaten.<\/p>\n<p>Wir bieten lebenslangen Support f\u00fcr Implantate.<\/p>\n<p>Unsere Implantatpatienten erhalten ein Zertifikat, auf dem der Typ und die Gr\u00f6\u00dfe des von uns eingesetzten Implantats vermerkt sind. Leider gibt es in einigen Kliniken viele Patienten, bei denen keine Z\u00e4hne auf dem Implantat hergestellt werden k\u00f6nnen, weil die Marke des Implantats nicht bekannt ist. In F\u00e4llen, in denen die Implantate mit dem Kieferknochen verwachsen sind, die Marke aber nicht bekannt ist, m\u00fcssen diese Implantate leider entfernt werden. Unsere Patienten k\u00f6nnen ihre Implantatprothese an jedem Ort der Welt anfertigen lassen, auch wenn sie f\u00fcr die Suprakonstruktion nicht zur\u00fcckkommen k\u00f6nnen.  <\/p>\n<h4><span style=\"color: #000000;\"><strong>Sofortige Implantate Implantat an einem Tag<\/strong><\/span><\/h4>\n<p>Nachdem die notwendigen Verfahren durchgef\u00fchrt wurden, k\u00f6nnen Implantate nach einer Zahnextraktion eingesetzt werden. Zugleich sind diese Implantate eine von \u00c4rzten empfohlene Behandlung. Da der Knochenschwund in den ersten 24 Stunden nach der Zahnextraktion einsetzt, kann der Knochenverlust mit Sofortimplantaten verhindert werden. Die Extraktion und Implantation am selben Tag ist eine angenehme Behandlung f\u00fcr den Patienten.   <\/p>\n<h4><span style=\"color: #000000;\"><strong>Prothesen, die mit Hilfe von Implantaten hergestellt werden:<\/strong><\/span><\/h4>\n<p>Implantatprothesen sind festsitzende oder herausnehmbare Prothesen. Festsitzende Prothesen werden auf Implantaten befestigt, die in den Zahnknochen eingesetzt werden. <\/p>\n<p>Herausnehmbarer Zahnersatz ist eine Art von Zahnersatz, der in F\u00e4llen eingesetzt wird, in denen viele Z\u00e4hne fehlen und die Behandlung nicht mit festsitzendem Zahnersatz durchgef\u00fchrt werden kann. Herausnehmbarer Zahnersatz ist eine Methode, die bei Patienten mit fehlenden Z\u00e4hnen oder bei v\u00f6llig zahnlosen Patienten angewendet wird. Dieses Verfahren kann bei Patienten mit ausreichender Zahnknochenstruktur problemlos angewendet werden. Die Beschichtung des Implantats kann je nach Wunsch des Patienten aus verschiedenen Materialien hergestellt werden. Implantatgetragene Prothesen werden im Vergleich zu traditionellen Prothesenverfahren in kleineren Gr\u00f6\u00dfen angefertigt. Dies erleichtert dem Patienten die Akzeptanz der Prothese. Da das Implantat gest\u00fctzt wird, ist die Kaukraft st\u00e4rker.      <\/p>\n<h4><span style=\"color: #000000;\"><strong>Chirurgische Techniken zur Gew\u00e4hrleistung einer angemessenen Knochenunterst\u00fctzung bei der Implantatanwendung:<\/strong><\/span><\/h4>\n<p>Um implantatgetragene Z\u00e4hne auf gesunde Weise herzustellen, m\u00fcssen die Implantate von mindestens 1 mm Knochen umgeben sein. Daher ist f\u00fcr die Anwendung von langlebigen Implantaten eine Knochenunterst\u00fctzung von ausreichender Breite und L\u00e4nge erforderlich. <\/p>\n<p>Es gibt zwei M\u00f6glichkeiten, wie wir feststellen k\u00f6nnen, ob gen\u00fcgend Knochen vorhanden ist:<\/p>\n<p>1- Die klinische Untersuchung wird von einem sachkundigen und erfahrenen Arzt durchgef\u00fchrt.<\/p>\n<p>2- Die dentale volumetrische Tomographie (dreidimensionale Bildgebung) wird verwendet, um alle Details zu sehen, die bei klinischen Kontrollen und sogar w\u00e4hrend der Operation nicht erkannt werden k\u00f6nnen. Wenn nicht gen\u00fcgend Knochen vorhanden ist; <\/p>\n<p>Eine ad\u00e4quate Knochenunterst\u00fctzung wird durch chirurgische Techniken wie Sinuslift, Verwendung von Knochenpulver, Knochenspreizung und Verwendung von Titanmesh gew\u00e4hrleistet.<\/p>\n<p>Technik des Sinuslifting<\/p>\n<p>Wenn im hinteren Bereich des Oberkiefers nicht gen\u00fcgend Knochen vorhanden ist, handelt es sich um eine chirurgische Technik, mit der in vertikaler Richtung zum Sinusbereich neuer Knochen gebildet wird. Die Kieferh\u00f6hle ist ein anatomischer Hohlraum, der sich direkt oberhalb des Oberkiefers in der N\u00e4he der verletzten Oberkiefermolaren befindet. Wenn die Z\u00e4hne im hinteren Bereich des Oberkiefers verloren gehen und die Prothese nicht rechtzeitig angefertigt wird, verk\u00fcrzt sich der Abstand zwischen der Sinuswand und dem obersten Punkt des Kieferknochens, dem so genannten Kammh\u00fcgel, und da in diesem Bereich nicht gen\u00fcgend Knochen f\u00fcr eine Implantation vorhanden ist, wird ein Sinuslift durchgef\u00fchrt, um das abnehmende Knochenverh\u00e4ltnis zu vergr\u00f6\u00dfern. Dieser Eingriff wird in der Regel unter lokaler An\u00e4sthesie durchgef\u00fchrt. Der Sinusbereich wird auf dem gew\u00fcnschten Niveau angehoben und Knochenpulver und -transplantate werden in den Hohlraum eingebracht, der durch ein kleines Fenster, das durch den Mund in diesem Bereich ge\u00f6ffnet wird, entsteht, vern\u00e4ht und der Bereich geschlossen. Das Sinus-Transplantationsverfahren wird eingesetzt, um zahnlose Bereiche mit Implantaten zu versorgen, die durch das Auff\u00fcllen der abgesunkenen Sinush\u00f6hlen entstanden sind. Dank dieses Verfahrens wird ein ausreichendes Volumen f\u00fcr die L\u00e4nge und Breite des Implantats geschaffen, das vollst\u00e4ndig in den Knochen eingesetzt werden muss.      <\/p>\n<p>Knochenspreizung, Knochenspaltung, Sandwich-Technik, Spaltosteotom<\/p>\n<p>Bei unzureichender Knochendicke handelt es sich um eine Technik, bei der der Knochen wie ein Sandwich ge\u00f6ffnet wird und ein Implantat dazwischen gesetzt wird. Der Prozess der Kiefererweiterung wird durch eine horizontale Trennung des Knochens durchgef\u00fchrt. <\/p>\n<p>Knochenaugmentation (Crest Ogmentation)<\/p>\n<p>Dabei handelt es sich um chirurgische Eingriffe, die durchgef\u00fchrt werden, um den Knochen, der die Z\u00e4hne tr\u00e4gt, zu verdicken oder zu erh\u00f6hen, damit Implantate eingesetzt werden k\u00f6nnen. Bei diesen Eingriffen kann der eigene Knochen des Patienten verwendet werden oder es k\u00f6nnen speziell hergestellte Knochenpulver eingesetzt werden. In der Sitzung, in der Knochenpulver verwendet wird, kann es auch m\u00f6glich sein, gleichzeitig Implantate zu setzen.  <\/p>\n<p>Titanium Mesh (Titanium Mesh, Titanium Membrane)<\/p>\n<p>Ausgezeichnete Biokompatibilit\u00e4t, okklusive Eigenschaften, sehr gute Permeabilit\u00e4t, leicht zu handhaben, da es weich ist. Es kann zur Anpassung an chirurgische Bereiche zugeschnitten werden. Bietet eine dreidimensionale Rekonstruktion von Alveolarknochendefekten. Es sorgt f\u00fcr eine ordnungsgem\u00e4\u00dfe Erhaltung des Knochentransplantats, verbessert den Bereich der Knochenregeneration und erleichtert den Knochenersatz. Unterst\u00fctzt die Knochenneubildung, indem es als Barriere wirkt.    <\/p>\n\t\t\t\t\t\t\t\t<\/div>\n\t\t\t\t<\/div>\n\t\t\t\t\t<\/div>\n\t\t\t\t<\/div>\n\t\t\t\t<\/div>\n\t\t","protected":false},"excerpt":{"rendered":"<p>IMPLANTAT-BEHANDLUNG Ein Implantat ist definiert als eine k\u00fcnstliche Zahnwurzel, die im oder am Kiefer eingesetzt wird, um den fehlenden Zahn zu ersetzen oder die verlorenen Teile des Mundes zu erg\u00e4nzen. Bei dieser Art der Behandlung wird ein Material aus Titan, das vom menschlichen K\u00f6rper gut angenommen wird und mit dem Zahngewebe kompatibel ist, in die [&hellip;]<\/p>\n","protected":false},"author":1,"featured_media":890,"parent":0,"menu_order":0,"comment_status":"closed","ping_status":"closed","template":"elementor_header_footer","meta":{"footnotes":""},"class_list":["post-1476","page","type-page","status-publish","has-post-thumbnail","hentry"],"_links":{"self":[{"href":"https:\/\/dentakdenizsifa.com\/de\/wp-json\/wp\/v2\/pages\/1476","targetHints":{"allow":["GET"]}}],"collection":[{"href":"https:\/\/dentakdenizsifa.com\/de\/wp-json\/wp\/v2\/pages"}],"about":[{"href":"https:\/\/dentakdenizsifa.com\/de\/wp-json\/wp\/v2\/types\/page"}],"author":[{"embeddable":true,"href":"https:\/\/dentakdenizsifa.com\/de\/wp-json\/wp\/v2\/users\/1"}],"replies":[{"embeddable":true,"href":"https:\/\/dentakdenizsifa.com\/de\/wp-json\/wp\/v2\/comments?post=1476"}],"version-history":[{"count":1,"href":"https:\/\/dentakdenizsifa.com\/de\/wp-json\/wp\/v2\/pages\/1476\/revisions"}],"predecessor-version":[{"id":1477,"href":"https:\/\/dentakdenizsifa.com\/de\/wp-json\/wp\/v2\/pages\/1476\/revisions\/1477"}],"wp:featuredmedia":[{"embeddable":true,"href":"https:\/\/dentakdenizsifa.com\/de\/wp-json\/wp\/v2\/media\/890"}],"wp:attachment":[{"href":"https:\/\/dentakdenizsifa.com\/de\/wp-json\/wp\/v2\/media?parent=1476"}],"curies":[{"name":"wp","href":"https:\/\/api.w.org\/{rel}","templated":true}]}}