{"id":1475,"date":"2024-12-15T03:17:28","date_gmt":"2024-12-15T00:17:28","guid":{"rendered":"https:\/\/dentakdenizsifa.com\/laecheln-design\/"},"modified":"2024-12-28T02:13:02","modified_gmt":"2024-12-27T23:13:02","slug":"laecheln-design","status":"publish","type":"page","link":"https:\/\/dentakdenizsifa.com\/de\/laecheln-design\/","title":{"rendered":"L\u00e4cheln Design"},"content":{"rendered":"\t\t<div data-elementor-type=\"wp-page\" data-elementor-id=\"1475\" class=\"elementor elementor-1475 elementor-132\" data-elementor-post-type=\"page\">\n\t\t\t\t<div class=\"elementor-element elementor-element-8c652ea e-flex e-con-boxed e-con e-parent\" data-id=\"8c652ea\" data-element_type=\"container\" data-e-type=\"container\">\n\t\t\t\t\t<div class=\"e-con-inner\">\n\t\t\t\t<div class=\"elementor-element elementor-element-c2aae21 elementor-widget elementor-widget-heading\" data-id=\"c2aae21\" data-element_type=\"widget\" data-e-type=\"widget\" data-widget_type=\"heading.default\">\n\t\t\t\t<div class=\"elementor-widget-container\">\n\t\t\t\t\t<h1 class=\"elementor-heading-title elementor-size-default\">SMILE DESIGN<\/h1>\t\t\t\t<\/div>\n\t\t\t\t<\/div>\n\t\t\t\t\t<\/div>\n\t\t\t\t<\/div>\n\t\t<div class=\"elementor-element elementor-element-fca2815 e-flex e-con-boxed e-con e-parent\" data-id=\"fca2815\" data-element_type=\"container\" data-e-type=\"container\">\n\t\t\t\t\t<div class=\"e-con-inner\">\n\t\t\t\t<div class=\"elementor-element elementor-element-772a403 elementor-widget elementor-widget-text-editor\" data-id=\"772a403\" data-element_type=\"widget\" data-e-type=\"widget\" data-widget_type=\"text-editor.default\">\n\t\t\t\t<div class=\"elementor-widget-container\">\n\t\t\t\t\t\t\t\t\t<p>Durch die Bewertung des Verh\u00e4ltnisses zwischen einer Reihe von \u00e4sthetischen Kriterien wie Lippen, Zahnfleisch, Z\u00e4hnen, der Farbe des Gewebes um die Lippe herum, ist es die Gestaltung eines pers\u00f6nlichen L\u00e4chelns durch die Verwendung von Porzellanlaminaten, emax oder zirkoniumgest\u00fctzten Veneers, Zahnaufhellung und kleinen Bonding-Systemen oder einer Kombination aus allen von ihnen in \u00dcbereinstimmung mit den speziellen W\u00fcnschen der Person.<\/p>\n<p><img fetchpriority=\"high\" decoding=\"async\" class=\"wp-image-139 size-large aligncenter\" src=\"https:\/\/dentakdenizsifa.com\/wp-content\/uploads\/2024\/12\/gulus-tasarimi-tedavisi-1024x683.png\" alt=\"\" width=\"800\" height=\"534\" srcset=\"https:\/\/dentakdenizsifa.com\/wp-content\/uploads\/2024\/12\/gulus-tasarimi-tedavisi-1024x683.png 1024w, https:\/\/dentakdenizsifa.com\/wp-content\/uploads\/2024\/12\/gulus-tasarimi-tedavisi-300x200.png 300w, https:\/\/dentakdenizsifa.com\/wp-content\/uploads\/2024\/12\/gulus-tasarimi-tedavisi-768x512.png 768w, https:\/\/dentakdenizsifa.com\/wp-content\/uploads\/2024\/12\/gulus-tasarimi-tedavisi.png 1200w\" sizes=\"(max-width: 800px) 100vw, 800px\" \/><\/p>\n<p>Einige der Methoden, die wir in unserer Klinik f\u00fcr das L\u00e4chel-Design verwenden;<\/p>\n<p>1-Blatt-Porzellanbehandlung (Lamina), die in F\u00e4llen angewendet werden kann, in denen die strukturelle Form unregelm\u00e4\u00dfig und diskret ist und ein ausreichender Effekt mit dem Bleichen nicht erzielt werden kann<\/p>\n<p>2-Porzellan-Veneers, Zirkonium-Veneers und emax Porzellan-Veneers, die bei Abrasion und Materialverlust der Z\u00e4hne aus verschiedenen Gr\u00fcnden, bei Z\u00e4hnen mit \u00fcberm\u00e4\u00dfiger Verf\u00e4rbung, bei Implantat-Overlays, bei Z\u00e4hnen mit verschlechterter Struktur, bei Br\u00fcckenanwendungen, zur St\u00e4rkung und Verl\u00e4ngerung der Lebensdauer der Z\u00e4hne und f\u00fcr ein nat\u00fcrliches Aussehen eingesetzt werden.<\/p>\n<p>3-\u00c4sthetische F\u00fcllungsverfahren (Bonding), bei denen diese L\u00fccken mit F\u00fcllungen gef\u00fcllt werden, ohne die Z\u00e4hne zu besch\u00e4digen, wenn bei Patienten L\u00fccken zwischen den Z\u00e4hnen vorhanden sind<\/p>\n<p>4-Bleaching Anwendung auf Z\u00e4hnen, die ihr Wei\u00df verloren haben<\/p>\n<p>Um ein sch\u00f6nes L\u00e4cheln zu erhalten, reichen wei\u00dfe Z\u00e4hne allein nicht aus. Neben dem Wei\u00df sind auch das gesunde Aussehen des Zahnfleischs und die Proportionen der Z\u00e4hne sehr wichtig. Mit Smile Design wird ein perfektes L\u00e4cheln angestrebt, indem Zahnfleisch, Z\u00e4hne und Lippen in Einklang gebracht werden.  <\/p>\n<p>A- Laminiertes Furnier (Blattporzellan)<\/p>\n<p>Laminiert bedeutet auf Lateinisch Blatt. Laminierte Zahnveneers werden bei Farbunterschieden zwischen den Z\u00e4hnen, bei Zahnrissen und -frakturen, bei Verf\u00e4rbungen durch F\u00fcllungen und beim Zusammenf\u00fchren getrennter Z\u00e4hne (Diastemaschluss) eingesetzt. <\/p>\n<p>Als Alternative zur kieferorthop\u00e4dischen Behandlung bei der Korrektur von schiefen und gekr\u00fcmmten Z\u00e4hnen kann eine \u00e4sthetische Anwendung erfolgen, indem Blattporzellan nur auf der Vorderseite aufgetragen wird, anstatt eine abgeschnittene Zahnform durch Abschleifen des Zahns von allen Seiten zu erhalten. Bei dieser Methode handelt es sich um eine sehr sch\u00fctzende Prothesenanwendung, da sie von der Struktur des Zahns um 0,3 -0,7 mm abgetrennt wird und aufgrund der Struktur des Porzellans selbst ein nat\u00fcrliches und \u00e4sthetisches L\u00e4cheln entsteht, da sich kein Metall im Unterbau befindet. Mit Laminaten k\u00f6nnen Ihre Z\u00e4hne aufgehellt, die L\u00fccken zwischen den Z\u00e4hnen gef\u00fcllt und ein sch\u00f6nes L\u00e4cheln erzielt werden. Laminate sind sehr abriebfest und ihre Oberfl\u00e4che ist sehr glatt, so dass es keine Verf\u00e4rbungen gibt, die durch Rauchen oder \u00e4hnliches entstehen k\u00f6nnen.<\/p>\n<p>Da w\u00e4hrend des Eingriffs ein spezielles Material als Klebstoff verwendet wird, ist es nicht m\u00f6glich, dass sich die Veneers aus irgendeinem Grund von der Zahnoberfl\u00e4che l\u00f6sen oder abfallen.<\/p>\n<p>B-Zirkonium Beschichtungen<\/p>\n<p>Zirkonium ist ein chemisches Element, das in der Natur vorkommt. Es geh\u00f6rt zur Gruppe der nicht-metallgest\u00fctzten Beschichtungen und bietet im Vergleich zu metallgest\u00fctzten Beschichtungen ein nat\u00fcrlicheres Aussehen.Aufgrund seiner h\u00f6heren Lichtdurchl\u00e4ssigkeit im Vergleich zu metallgest\u00fctzten Beschichtungen erzeugt es keine dunkle Farbe im Zahnfleisch und verursacht keine PROBLEME wie schwarze Farbreflexionen am Zahnfleischrand, die bei Porzellanz\u00e4hnen mit Metallbeschichtungen in Zukunft m\u00f6glich sind. Au\u00dferdem verschwindet aufgrund der Lichtdurchl\u00e4ssigkeit von Zirkonium das matte Aussehen der Z\u00e4hne und es wird ein ges\u00fcnderes, transparenteres und nat\u00fcrlicheres Aussehen erzielt, da die Z\u00e4hne dem Original am n\u00e4chsten kommen.Es ist eine ideale Art der Zahnbehandlung f\u00fcr Patienten mit Metallallergie, es ist langlebig, minimiert durch Rauchen oder andere Gr\u00fcnde verursachte Verf\u00e4rbungen, verursacht keinen Mundgeruch, keine Zahnfleischprobleme und keine Geschmacksver\u00e4nderungen im Mund.<\/p>\n<p>Zirkonium wird aufgrund seines geringen Korndurchmessers, seiner hohen Zugfestigkeit und seiner \u00e4sthetischen Infrastruktur h\u00e4ufig in der Zahnmedizin verwendet. Es ist sehr temperatur- und abriebbest\u00e4ndig.<\/p>\n<p>Dank der Innovationen auf dem Gebiet der Zahnmedizin wird Zirkonium heute f\u00fcr Zahnbeschichtungen bevorzugt. W\u00e4hrend fr\u00fcher Zahnbehandlungen mit Porzellanbeschichtungen durchgef\u00fchrt wurden, hat die Verwendung von Zirkonium-Zahnbeschichtungen in den letzten Jahren zugenommen. Zirkonium ist ein Beschichtungsmaterial, das in der heutigen Welt der Zahnmedizin Porzellan ersetzt. Zirkonium, das den Z\u00e4hnen ein nat\u00fcrlicheres Aussehen verleiht als Porzellan, ist eine von vielen Zahn\u00e4rzten bevorzugte Beschichtungsmethode.   <\/p>\n<p>C-Emax Beschichtungen<\/p>\n<p>Das bedeutet maximale \u00c4sthetik. Der gr\u00f6\u00dfte Vorteil dieser Anwendung ist, dass kein Metall verwendet wird. So wird ein transparentes und naturnahes Aussehen erzielt. Die Oberfl\u00e4che ist vor Flecken und Plaquebildung gesch\u00fctzt.<\/p>\n<p>Da es kein Metall enth\u00e4lt, ruft es keine allergischen Reaktionen hervor, die violette Verf\u00e4rbung des Zahnfleisches und der Zahnr\u00e4nder bleibt aus, die Zahnstruktur wird nicht besch\u00e4digt und die Inhaltsstoffe geh\u00f6ren zu den am besten mit dem Zahn vertr\u00e4glichen Strukturen.<\/p>\n<p>Da es lichtdurchl\u00e4ssig ist, gibt es kein mattes Aussehen, die Farbauswahl ist recht gro\u00df, die Zahnstruktur ist glatt und rutschig. Aus diesem Grund gibt es so gut wie keine Zahnsteinbildung, was das Auftreten von Zahnfleischerkrankungen verhindert. Das EMax-Zahnbeschichtungsverfahren wird haupts\u00e4chlich f\u00fcr die vorderen Schneidez\u00e4hne verwendet. Da Emax-Beschichtungen in Bezug auf die Haltbarkeit schw\u00e4cher sind als Zirkoniumbeschichtungen, werden Zirkoniumbeschichtungen f\u00fcr die Z\u00e4hne im hinteren Bereich bevorzugt.<\/p>\n<p>Emax ist ein Material, das aus monolithischer Lithiumdisilikat-Keramik besteht. Die Lichtdurchl\u00e4ssigkeit ist h\u00f6her als bei Zirkonium. Aus diesem Grund ist es nat\u00fcrlicher und \u00e4sthetischer als Zirkonium, es hat eine glasartige Struktur. Da es jedoch nicht so haltbar ist wie Zirkonium, wird die Zirkoniumbeschichtung in Bereichen mit hohem Druck bevorzugt.<\/p>\n\t\t\t\t\t\t\t\t<\/div>\n\t\t\t\t<\/div>\n\t\t\t\t\t<\/div>\n\t\t\t\t<\/div>\n\t\t<div class=\"elementor-element elementor-element-90bffbf e-flex e-con-boxed e-con e-parent\" data-id=\"90bffbf\" data-element_type=\"container\" data-e-type=\"container\">\n\t\t\t\t\t<div class=\"e-con-inner\">\n\t\t<div class=\"elementor-element elementor-element-d09ebcb e-con-full e-flex e-con e-child\" data-id=\"d09ebcb\" data-element_type=\"container\" data-e-type=\"container\">\n\t\t\t\t<div class=\"elementor-element elementor-element-378b147 elementor-widget elementor-widget-image\" data-id=\"378b147\" data-element_type=\"widget\" data-e-type=\"widget\" data-widget_type=\"image.default\">\n\t\t\t\t<div class=\"elementor-widget-container\">\n\t\t\t\t\t\t\t\t\t\t\t\t\t\t\t<img decoding=\"async\" width=\"707\" height=\"900\" src=\"https:\/\/dentakdenizsifa.com\/wp-content\/uploads\/2024\/12\/g13-1.jpg\" class=\"attachment-large size-large wp-image-902\" alt=\"\" srcset=\"https:\/\/dentakdenizsifa.com\/wp-content\/uploads\/2024\/12\/g13-1.jpg 707w, https:\/\/dentakdenizsifa.com\/wp-content\/uploads\/2024\/12\/g13-1-236x300.jpg 236w\" sizes=\"(max-width: 707px) 100vw, 707px\" \/>\t\t\t\t\t\t\t\t\t\t\t\t\t\t\t<\/div>\n\t\t\t\t<\/div>\n\t\t\t\t<\/div>\n\t\t<div class=\"elementor-element elementor-element-f0f9256 e-con-full e-flex e-con e-child\" data-id=\"f0f9256\" data-element_type=\"container\" data-e-type=\"container\">\n\t\t\t\t<div class=\"elementor-element elementor-element-af130a4 elementor-widget elementor-widget-text-editor\" data-id=\"af130a4\" data-element_type=\"widget\" data-e-type=\"widget\" data-widget_type=\"text-editor.default\">\n\t\t\t\t<div class=\"elementor-widget-container\">\n\t\t\t\t\t\t\t\t\tD-Porzellan-Veneers Porzellanzahnbeschichtung ist eine zahnmedizinische Beschichtungstechnik, die aus Porzellan hergestellt wird und die urspr\u00fcngliche Zahnoberfl\u00e4che bedeckt. Porzellanzahn ist eine Behandlungsmethode, die angewandt wird, um die \u00e4sthetischen Bedenken, die bei den Z\u00e4hnen auftreten, zu beseitigen und den Menschen ein qualitativ besseres L\u00e4cheln zu erm\u00f6glichen. Die Beschichtung von Porzellanz\u00e4hnen ist ein Nachteil f\u00fcr Patienten, die sich Sorgen um ihr \u00e4sthetisches Erscheinungsbild machen. Da seine Lichtdurchl\u00e4ssigkeit im Vergleich zu Zirkonium und Emax geringer ist, kann es die nat\u00fcrliche Zahnfarbe nicht reflektieren. Dies f\u00fchrt zu einer stumpfen und glanzlosen Farbe. Es kann das nat\u00fcrliche Erscheinungsbild nicht einfangen, insbesondere an den Frontz\u00e4hnen. Da es sich um metallgest\u00fctzte Beschichtungen handelt, ist ihre Haltbarkeit gut. E-Zahnaufhellung (Bleaching) Die Laserzahnaufhellung ist ein Zahnaufhellungsverfahren, bei dem die neueste Technologie zum Einsatz kommt. Diese Technik ist derzeit die modernste Technologie zur dauerhaften Zahnaufhellung. Das Laserzahnaufhellungsverfahren, das wir heute anwenden, verursacht keine Sch\u00e4den an der Zahnoberfl\u00e4che und am Zahnschmelz.\n\n \n\n   \n\n\n\n\n\n\t\t\t\t\t\t\t\t<\/div>\n\t\t\t\t<\/div>\n\t\t\t\t<\/div>\n\t\t\t\t\t<\/div>\n\t\t\t\t<\/div>\n\t\t<div class=\"elementor-element elementor-element-5f63f3b e-flex e-con-boxed e-con e-parent\" data-id=\"5f63f3b\" data-element_type=\"container\" data-e-type=\"container\">\n\t\t\t\t\t<div class=\"e-con-inner\">\n\t\t<div class=\"elementor-element elementor-element-1d81805 e-con-full e-flex e-con e-child\" data-id=\"1d81805\" data-element_type=\"container\" data-e-type=\"container\">\n\t\t\t\t<div class=\"elementor-element elementor-element-f10b1c8 elementor-widget elementor-widget-text-editor\" data-id=\"f10b1c8\" data-element_type=\"widget\" data-e-type=\"widget\" data-widget_type=\"text-editor.default\">\n\t\t\t\t<div class=\"elementor-widget-container\">\n\t\t\t\t\t\t\t\t\t<p>Zahnaufhellungsbehandlungen mit einer sehr hohen Erfolgsquote k\u00f6nnen Ihre Z\u00e4hne sch\u00e4digen, wenn sie nicht von einem Zahnarzt durchgef\u00fchrt werden.Laser-Zahnaufhellung ist ein Verfahren, das etwa 1 Stunde in einer klinischen Umgebung dauert. Beim Bleichen wird die Farbe der Z\u00e4hne mit Hilfe von chemischen Substanzen aufgehellt. Da die Z\u00e4hne 15 Tage lang nach dem Laser-Bleaching offen f\u00fcr farbige Substanzen von au\u00dfen sind, sollten Sie darauf achten, keine f\u00e4rbenden Lebensmittel und Getr\u00e4nke zu sich zu nehmen. W\u00e4hrend dieses Prozesses wird ein Schutzbelag auf das Zahnfleisch um den Zahn herum aufgetragen, um zu verhindern, dass das Zahnfleisch von den Chemikalien angegriffen wird. In unserer Klinik wenden wir das Bleaching-Verfahren sicher und erfolgreich an, so dass eine optimale Aufhellung erzielt wird.<\/p>\n\t\t\t\t\t\t\t\t<\/div>\n\t\t\t\t<\/div>\n\t\t\t\t<\/div>\n\t\t<div class=\"elementor-element elementor-element-5aca3c3 e-con-full e-flex e-con e-child\" data-id=\"5aca3c3\" data-element_type=\"container\" data-e-type=\"container\">\n\t\t\t\t<div class=\"elementor-element elementor-element-0314205 elementor-widget elementor-widget-image\" data-id=\"0314205\" data-element_type=\"widget\" data-e-type=\"widget\" data-widget_type=\"image.default\">\n\t\t\t\t<div class=\"elementor-widget-container\">\n\t\t\t\t\t\t\t\t\t\t\t\t\t\t\t<img decoding=\"async\" width=\"225\" height=\"300\" src=\"https:\/\/dentakdenizsifa.com\/wp-content\/uploads\/2024\/12\/b-225x300-1.jpg\" class=\"attachment-large size-large wp-image-908\" alt=\"\" \/>\t\t\t\t\t\t\t\t\t\t\t\t\t\t\t<\/div>\n\t\t\t\t<\/div>\n\t\t\t\t<\/div>\n\t\t\t\t\t<\/div>\n\t\t\t\t<\/div>\n\t\t\t\t<\/div>\n\t\t","protected":false},"excerpt":{"rendered":"<p>SMILE DESIGN Durch die Bewertung des Verh\u00e4ltnisses zwischen einer Reihe von \u00e4sthetischen Kriterien wie Lippen, Zahnfleisch, Z\u00e4hnen, der Farbe des Gewebes um die Lippe herum, ist es die Gestaltung eines pers\u00f6nlichen L\u00e4chelns durch die Verwendung von Porzellanlaminaten, emax oder zirkoniumgest\u00fctzten Veneers, Zahnaufhellung und kleinen Bonding-Systemen oder einer Kombination aus allen von ihnen in \u00dcbereinstimmung mit [&hellip;]<\/p>\n","protected":false},"author":1,"featured_media":920,"parent":0,"menu_order":0,"comment_status":"closed","ping_status":"closed","template":"elementor_header_footer","meta":{"footnotes":""},"class_list":["post-1475","page","type-page","status-publish","has-post-thumbnail","hentry"],"_links":{"self":[{"href":"https:\/\/dentakdenizsifa.com\/de\/wp-json\/wp\/v2\/pages\/1475","targetHints":{"allow":["GET"]}}],"collection":[{"href":"https:\/\/dentakdenizsifa.com\/de\/wp-json\/wp\/v2\/pages"}],"about":[{"href":"https:\/\/dentakdenizsifa.com\/de\/wp-json\/wp\/v2\/types\/page"}],"author":[{"embeddable":true,"href":"https:\/\/dentakdenizsifa.com\/de\/wp-json\/wp\/v2\/users\/1"}],"replies":[{"embeddable":true,"href":"https:\/\/dentakdenizsifa.com\/de\/wp-json\/wp\/v2\/comments?post=1475"}],"version-history":[{"count":1,"href":"https:\/\/dentakdenizsifa.com\/de\/wp-json\/wp\/v2\/pages\/1475\/revisions"}],"predecessor-version":[{"id":1478,"href":"https:\/\/dentakdenizsifa.com\/de\/wp-json\/wp\/v2\/pages\/1475\/revisions\/1478"}],"wp:featuredmedia":[{"embeddable":true,"href":"https:\/\/dentakdenizsifa.com\/de\/wp-json\/wp\/v2\/media\/920"}],"wp:attachment":[{"href":"https:\/\/dentakdenizsifa.com\/de\/wp-json\/wp\/v2\/media?parent=1475"}],"curies":[{"name":"wp","href":"https:\/\/api.w.org\/{rel}","templated":true}]}}