{"id":1455,"date":"2024-12-15T03:34:59","date_gmt":"2024-12-15T00:34:59","guid":{"rendered":"https:\/\/dentakdenizsifa.com\/kieferorthopaedie\/"},"modified":"2024-12-28T02:52:42","modified_gmt":"2024-12-27T23:52:42","slug":"kieferorthopaedie","status":"publish","type":"page","link":"https:\/\/dentakdenizsifa.com\/de\/kieferorthopaedie\/","title":{"rendered":"Kieferorthop\u00e4die"},"content":{"rendered":"\t\t<div data-elementor-type=\"wp-page\" data-elementor-id=\"1455\" class=\"elementor elementor-1455 elementor-178\" data-elementor-post-type=\"page\">\n\t\t\t\t<div class=\"elementor-element elementor-element-7f93597 e-flex e-con-boxed e-con e-parent\" data-id=\"7f93597\" data-element_type=\"container\" data-e-type=\"container\">\n\t\t\t\t\t<div class=\"e-con-inner\">\n\t\t\t\t<div class=\"elementor-element elementor-element-25c4c05 elementor-widget elementor-widget-heading\" data-id=\"25c4c05\" data-element_type=\"widget\" data-e-type=\"widget\" data-widget_type=\"heading.default\">\n\t\t\t\t<div class=\"elementor-widget-container\">\n\t\t\t\t\t<h1 class=\"elementor-heading-title elementor-size-default\">KIEFERORTHOP\u00c4DISCHE BEHANDLUNG<\/h1>\t\t\t\t<\/div>\n\t\t\t\t<\/div>\n\t\t\t\t\t<\/div>\n\t\t\t\t<\/div>\n\t\t<div class=\"elementor-element elementor-element-cd07197 e-flex e-con-boxed e-con e-parent\" data-id=\"cd07197\" data-element_type=\"container\" data-e-type=\"container\">\n\t\t\t\t\t<div class=\"e-con-inner\">\n\t\t\t\t<div class=\"elementor-element elementor-element-9055829 elementor-widget elementor-widget-text-editor\" data-id=\"9055829\" data-element_type=\"widget\" data-e-type=\"widget\" data-widget_type=\"text-editor.default\">\n\t\t\t\t<div class=\"elementor-widget-container\">\n\t\t\t\t\t\t\t\t\t<p><img fetchpriority=\"high\" decoding=\"async\" class=\"aligncenter wp-image-181 size-large\" src=\"https:\/\/dentakdenizsifa.com\/wp-content\/uploads\/2024\/12\/ortodonti-tedavisi-1024x683.png\" alt=\"\" width=\"800\" height=\"534\" srcset=\"https:\/\/dentakdenizsifa.com\/wp-content\/uploads\/2024\/12\/ortodonti-tedavisi-1024x683.png 1024w, https:\/\/dentakdenizsifa.com\/wp-content\/uploads\/2024\/12\/ortodonti-tedavisi-300x200.png 300w, https:\/\/dentakdenizsifa.com\/wp-content\/uploads\/2024\/12\/ortodonti-tedavisi-768x512.png 768w, https:\/\/dentakdenizsifa.com\/wp-content\/uploads\/2024\/12\/ortodonti-tedavisi.png 1200w\" sizes=\"(max-width: 800px) 100vw, 800px\" \/><\/p>\n<p>Der Zweig der Zahnmedizin, der sich mit der Erkennung und Behandlung von Zahnfehlstellungen und Kieferfehlstellungen befasst, hei\u00dft Kieferorthop\u00e4die. Je nach dem bestehenden kieferorthop\u00e4dischen Problem im Mund gibt es die Behandlung mit transparenten Platten (Invisalign), festen Brackets und mobilen kieferorthop\u00e4dischen Behandlungen. <\/p>\n<p>Mit unserem fachkundigen kieferorthop\u00e4dischen \u00c4rzteteam in unserer Klinik;<\/p>\n<p>Transparente Plattenbehandlung Bewegliche kieferorthop\u00e4dische Behandlung Behandlung Oberkiefer-Expansionsbehandlung Behandlung von Schlie\u00dfst\u00f6rungen Orthop\u00e4dische Kieferbehandlungen Verst\u00e4rkungsbehandlung Nachtplatte Bruxismusbehandlungen (Z\u00e4hneknirschen) werden erfolgreich angewendet.<\/p>\n<p>Transparente Platte invisalign &#8211; Kabellose Zahnbehandlung Die Technik, die daf\u00fcr sorgt, dass die Z\u00e4hne ohne Zahnspange, nur mit Apparaten, die gew\u00fcnschte Position erreichen, wird transparente Plattenbehandlung genannt.<\/p>\n<p>Welche Vorteile bietet die kabellose kieferorthop\u00e4dische Behandlung?<\/p>\n<p>\u00c4sthetische Bedenken bei der Verwendung von Ger\u00e4ten wie Zahnspangen, Brackets usw. sind bei transparenten Plaques nicht vorhanden. Es gibt keine leichten Irritationen und Unannehmlichkeiten, die w\u00e4hrend der Gew\u00f6hnungsphase an die Zahnspange auftreten k\u00f6nnen. Die Pflege und der t\u00e4gliche Gebrauch von transparenten Zahnplaques sind ebenfalls praktischer als bei einer Zahnspange.<\/p>\n<p>Im Gegensatz zu einer Zahnspange kann die Verwendung von Zahnseide und Zahnb\u00fcrste nicht schaden. Das Problem des Abbrechens der Brackets, das bei der Behandlung mit einer Zahnspange auftritt, gibt es bei den Plaques nicht. Das Wichtigste bei der drahtlosen Zahnbegradigung ist, dass der Patient die Plaques regelm\u00e4\u00dfig und regelm\u00e4\u00dfig f\u00fcr die erforderliche Zeit (18 Stunden pro Tag) tr\u00e4gt. <\/p>\n\t\t\t\t\t\t\t\t<\/div>\n\t\t\t\t<\/div>\n\t\t\t\t\t<\/div>\n\t\t\t\t<\/div>\n\t\t\t\t<\/div>\n\t\t","protected":false},"excerpt":{"rendered":"<p>KIEFERORTHOP\u00c4DISCHE BEHANDLUNG Der Zweig der Zahnmedizin, der sich mit der Erkennung und Behandlung von Zahnfehlstellungen und Kieferfehlstellungen befasst, hei\u00dft Kieferorthop\u00e4die. Je nach dem bestehenden kieferorthop\u00e4dischen Problem im Mund gibt es die Behandlung mit transparenten Platten (Invisalign), festen Brackets und mobilen kieferorthop\u00e4dischen Behandlungen. Mit unserem fachkundigen kieferorthop\u00e4dischen \u00c4rzteteam in unserer Klinik; Transparente Plattenbehandlung Bewegliche kieferorthop\u00e4dische Behandlung [&hellip;]<\/p>\n","protected":false},"author":1,"featured_media":938,"parent":0,"menu_order":0,"comment_status":"closed","ping_status":"closed","template":"elementor_header_footer","meta":{"footnotes":""},"class_list":["post-1455","page","type-page","status-publish","has-post-thumbnail","hentry"],"_links":{"self":[{"href":"https:\/\/dentakdenizsifa.com\/de\/wp-json\/wp\/v2\/pages\/1455","targetHints":{"allow":["GET"]}}],"collection":[{"href":"https:\/\/dentakdenizsifa.com\/de\/wp-json\/wp\/v2\/pages"}],"about":[{"href":"https:\/\/dentakdenizsifa.com\/de\/wp-json\/wp\/v2\/types\/page"}],"author":[{"embeddable":true,"href":"https:\/\/dentakdenizsifa.com\/de\/wp-json\/wp\/v2\/users\/1"}],"replies":[{"embeddable":true,"href":"https:\/\/dentakdenizsifa.com\/de\/wp-json\/wp\/v2\/comments?post=1455"}],"version-history":[{"count":1,"href":"https:\/\/dentakdenizsifa.com\/de\/wp-json\/wp\/v2\/pages\/1455\/revisions"}],"predecessor-version":[{"id":1457,"href":"https:\/\/dentakdenizsifa.com\/de\/wp-json\/wp\/v2\/pages\/1455\/revisions\/1457"}],"wp:featuredmedia":[{"embeddable":true,"href":"https:\/\/dentakdenizsifa.com\/de\/wp-json\/wp\/v2\/media\/938"}],"wp:attachment":[{"href":"https:\/\/dentakdenizsifa.com\/de\/wp-json\/wp\/v2\/media?parent=1455"}],"curies":[{"name":"wp","href":"https:\/\/api.w.org\/{rel}","templated":true}]}}