{"id":1452,"date":"2024-12-15T03:28:40","date_gmt":"2024-12-15T00:28:40","guid":{"rendered":"https:\/\/dentakdenizsifa.com\/kieferchirurgie\/"},"modified":"2024-12-28T01:26:54","modified_gmt":"2024-12-27T22:26:54","slug":"kieferchirurgie","status":"publish","type":"page","link":"https:\/\/dentakdenizsifa.com\/de\/kieferchirurgie\/","title":{"rendered":"Kieferchirurgie"},"content":{"rendered":"\t\t<div data-elementor-type=\"wp-page\" data-elementor-id=\"1452\" class=\"elementor elementor-1452 elementor-150\" data-elementor-post-type=\"page\">\n\t\t\t\t<div class=\"elementor-element elementor-element-f282017 e-flex e-con-boxed e-con e-parent\" data-id=\"f282017\" data-element_type=\"container\" data-e-type=\"container\">\n\t\t\t\t\t<div class=\"e-con-inner\">\n\t\t\t\t<div class=\"elementor-element elementor-element-b035313 elementor-widget elementor-widget-heading\" data-id=\"b035313\" data-element_type=\"widget\" data-e-type=\"widget\" data-widget_type=\"heading.default\">\n\t\t\t\t<div class=\"elementor-widget-container\">\n\t\t\t\t\t<h1 class=\"elementor-heading-title elementor-size-default\">KIEFERCHIRURGIE<\/h1>\t\t\t\t<\/div>\n\t\t\t\t<\/div>\n\t\t\t\t\t<\/div>\n\t\t\t\t<\/div>\n\t\t<div class=\"elementor-element elementor-element-4643720 e-flex e-con-boxed e-con e-parent\" data-id=\"4643720\" data-element_type=\"container\" data-e-type=\"container\">\n\t\t\t\t\t<div class=\"e-con-inner\">\n\t\t\t\t<div class=\"elementor-element elementor-element-9d21e60 elementor-widget elementor-widget-text-editor\" data-id=\"9d21e60\" data-element_type=\"widget\" data-e-type=\"widget\" data-widget_type=\"text-editor.default\">\n\t\t\t\t<div class=\"elementor-widget-container\">\n\t\t\t\t\t\t\t\t\t<p><img fetchpriority=\"high\" decoding=\"async\" class=\"alignnone wp-image-151 size-large\" src=\"https:\/\/dentakdenizsifa.com\/wp-content\/uploads\/2024\/12\/cene-cerrahisi-tedavisi-1024x683.png\" alt=\"\" width=\"800\" height=\"534\" srcset=\"https:\/\/dentakdenizsifa.com\/wp-content\/uploads\/2024\/12\/cene-cerrahisi-tedavisi-1024x683.png 1024w, https:\/\/dentakdenizsifa.com\/wp-content\/uploads\/2024\/12\/cene-cerrahisi-tedavisi-300x200.png 300w, https:\/\/dentakdenizsifa.com\/wp-content\/uploads\/2024\/12\/cene-cerrahisi-tedavisi-768x512.png 768w, https:\/\/dentakdenizsifa.com\/wp-content\/uploads\/2024\/12\/cene-cerrahisi-tedavisi.png 1200w\" sizes=\"(max-width: 800px) 100vw, 800px\" \/><\/p>\n<p>Unter dem Namen maxillofaziale Chirurgie;<\/p>\n<p>-Implantatchirurgie; chirurgische Techniken zur Knochenneubildung wurden erw\u00e4hnt.<\/p>\n<p>-Endodontie; apikale Resektionsbehandlung,<\/p>\n<p>-Parodontologie; bei Gingivektomie-Operationen,<\/p>\n<p>-In der Kieferorthop\u00e4die; bei der Extraktion von impaktierten Weisheitsz\u00e4hnen, Eckz\u00e4hnen und kleinen Backenz\u00e4hnen, die nicht durch eine kieferorthop\u00e4dische Behandlung ersetzt werden k\u00f6nnen,<\/p>\n<p>-Chirurgische Extraktionen; Wenn ein impaktierter Zahn noch nicht ausreichend durchgebrochen ist, m\u00fcssen wir das Zahnfleisch oder den Knochen entfernen, damit er extrahiert werden kann.<br \/>\nDies wird als chirurgische Extraktion bezeichnet. Der Bereich muss gen\u00e4ht werden, damit er ordnungsgem\u00e4\u00df verschlossen wird und heilt.<br \/>\nManchmal kann es F\u00e4lle geben, in denen Zahnextraktionen zu chirurgischen Extraktionen werden.<br \/>\nWenn der Zahn bei der Extraktion nicht ganz herausgekommen ist, wird das Verfahren mit einer chirurgischen Extraktion fortgesetzt.   <\/p>\n<p>Die Weisheitsz\u00e4hne werden in der Regel chirurgisch entfernt.<br \/>\nDie Extraktion von Z\u00e4hnen mit \u00fcberm\u00e4\u00dfigem Materialverlust, Wurzelspitzen oder Z\u00e4hnen mit langen gebogenen Wurzeln kann eine chirurgische Extraktion erfordern.<br \/>\nEs kann F\u00e4lle geben, in denen der Knochen um den Zahn herum verdichtet ist, was eine chirurgische Behandlung erforderlich macht.  <\/p>\n\t\t\t\t\t\t\t\t<\/div>\n\t\t\t\t<\/div>\n\t\t\t\t\t<\/div>\n\t\t\t\t<\/div>\n\t\t\t\t<\/div>\n\t\t","protected":false},"excerpt":{"rendered":"<p>KIEFERCHIRURGIE Unter dem Namen maxillofaziale Chirurgie; -Implantatchirurgie; chirurgische Techniken zur Knochenneubildung wurden erw\u00e4hnt. -Endodontie; apikale Resektionsbehandlung, -Parodontologie; bei Gingivektomie-Operationen, -In der Kieferorthop\u00e4die; bei der Extraktion von impaktierten Weisheitsz\u00e4hnen, Eckz\u00e4hnen und kleinen Backenz\u00e4hnen, die nicht durch eine kieferorthop\u00e4dische Behandlung ersetzt werden k\u00f6nnen, -Chirurgische Extraktionen; Wenn ein impaktierter Zahn noch nicht ausreichend durchgebrochen ist, m\u00fcssen wir das [&hellip;]<\/p>\n","protected":false},"author":1,"featured_media":932,"parent":0,"menu_order":0,"comment_status":"closed","ping_status":"closed","template":"elementor_header_footer","meta":{"footnotes":""},"class_list":["post-1452","page","type-page","status-publish","has-post-thumbnail","hentry"],"_links":{"self":[{"href":"https:\/\/dentakdenizsifa.com\/de\/wp-json\/wp\/v2\/pages\/1452","targetHints":{"allow":["GET"]}}],"collection":[{"href":"https:\/\/dentakdenizsifa.com\/de\/wp-json\/wp\/v2\/pages"}],"about":[{"href":"https:\/\/dentakdenizsifa.com\/de\/wp-json\/wp\/v2\/types\/page"}],"author":[{"embeddable":true,"href":"https:\/\/dentakdenizsifa.com\/de\/wp-json\/wp\/v2\/users\/1"}],"replies":[{"embeddable":true,"href":"https:\/\/dentakdenizsifa.com\/de\/wp-json\/wp\/v2\/comments?post=1452"}],"version-history":[{"count":2,"href":"https:\/\/dentakdenizsifa.com\/de\/wp-json\/wp\/v2\/pages\/1452\/revisions"}],"predecessor-version":[{"id":2227,"href":"https:\/\/dentakdenizsifa.com\/de\/wp-json\/wp\/v2\/pages\/1452\/revisions\/2227"}],"wp:featuredmedia":[{"embeddable":true,"href":"https:\/\/dentakdenizsifa.com\/de\/wp-json\/wp\/v2\/media\/932"}],"wp:attachment":[{"href":"https:\/\/dentakdenizsifa.com\/de\/wp-json\/wp\/v2\/media?parent=1452"}],"curies":[{"name":"wp","href":"https:\/\/api.w.org\/{rel}","templated":true}]}}