{"id":1435,"date":"2024-12-15T03:39:23","date_gmt":"2024-12-15T00:39:23","guid":{"rendered":"https:\/\/dentakdenizsifa.com\/kinderzahnheilkunde\/"},"modified":"2024-12-28T02:54:49","modified_gmt":"2024-12-27T23:54:49","slug":"kinderzahnheilkunde","status":"publish","type":"page","link":"https:\/\/dentakdenizsifa.com\/de\/kinderzahnheilkunde\/","title":{"rendered":"Kinderzahnheilkunde"},"content":{"rendered":"\t\t<div data-elementor-type=\"wp-page\" data-elementor-id=\"1435\" class=\"elementor elementor-1435 elementor-194\" data-elementor-post-type=\"page\">\n\t\t\t\t<div class=\"elementor-element elementor-element-6953c53 e-flex e-con-boxed e-con e-parent\" data-id=\"6953c53\" data-element_type=\"container\" data-e-type=\"container\">\n\t\t\t\t\t<div class=\"e-con-inner\">\n\t\t\t\t<div class=\"elementor-element elementor-element-93d56bf elementor-widget elementor-widget-heading\" data-id=\"93d56bf\" data-element_type=\"widget\" data-e-type=\"widget\" data-widget_type=\"heading.default\">\n\t\t\t\t<div class=\"elementor-widget-container\">\n\t\t\t\t\t<h1 class=\"elementor-heading-title elementor-size-default\">P\u00c4DODONTISCHE BEHANDLUNG<\/h1>\t\t\t\t<\/div>\n\t\t\t\t<\/div>\n\t\t\t\t\t<\/div>\n\t\t\t\t<\/div>\n\t\t<div class=\"elementor-element elementor-element-9a348ef e-flex e-con-boxed e-con e-parent\" data-id=\"9a348ef\" data-element_type=\"container\" data-e-type=\"container\">\n\t\t\t\t\t<div class=\"e-con-inner\">\n\t\t\t\t<div class=\"elementor-element elementor-element-7215733 elementor-widget elementor-widget-text-editor\" data-id=\"7215733\" data-element_type=\"widget\" data-e-type=\"widget\" data-widget_type=\"text-editor.default\">\n\t\t\t\t<div class=\"elementor-widget-container\">\n\t\t\t\t\t\t\t\t\t<p><img fetchpriority=\"high\" decoding=\"async\" class=\"aligncenter wp-image-196 size-large\" src=\"https:\/\/dentakdenizsifa.com\/wp-content\/uploads\/2024\/12\/pedodonti-tedavisi-1024x683.png\" alt=\"\" width=\"800\" height=\"534\" srcset=\"https:\/\/dentakdenizsifa.com\/wp-content\/uploads\/2024\/12\/pedodonti-tedavisi-1024x683.png 1024w, https:\/\/dentakdenizsifa.com\/wp-content\/uploads\/2024\/12\/pedodonti-tedavisi-300x200.png 300w, https:\/\/dentakdenizsifa.com\/wp-content\/uploads\/2024\/12\/pedodonti-tedavisi-768x512.png 768w, https:\/\/dentakdenizsifa.com\/wp-content\/uploads\/2024\/12\/pedodonti-tedavisi.png 1200w\" sizes=\"(max-width: 800px) 100vw, 800px\" \/><\/p>\n<p>Es handelt sich um eine Abteilung, deren Ziel es ist, die gesunden Milch- und bleibenden Z\u00e4hne von Kindern im Alter von 0-13 Jahren zu sch\u00fctzen und die Probleme zu beseitigen, die durch Karies, Traumata, erbliche und \u00e4hnliche Faktoren an diesen Z\u00e4hnen verursacht werden.<\/p>\n<p>Als Kinderzahn\u00e4rzte arbeiten wir mit unseren Fach\u00e4rzten in unserer Klinik zusammen.<\/p>\n<p>Welche Anwendungen f\u00fchren wir in der Kinderzahnheilkunde durch?<\/p>\n<p>1-Zahnpflege Ausbildung<\/p>\n<p>2-Schutzanwendungen<\/p>\n<p>-Fissurenversiegelung Anwendungen<\/p>\n<p>-Fluoranwendungen<\/p>\n<p>3-Zahnreinigung<\/p>\n<p>4-Zahn-Extraktionsbehandlungen<\/p>\n<p>5-Konservative und endodontische Behandlungen<\/p>\n<p>6-Fraktur-Behandlungen<\/p>\n<p>7-Platz-Halter<\/p>\n<p>Unsere Kinderzahn\u00e4rzte wurden speziell darin geschult, wie sie Kinder vor und w\u00e4hrend der Zahnbehandlung beruhigen und entspannen k\u00f6nnen. Dar\u00fcber hinaus sind unsere aktuelle klinische Umgebung, unser Stil und unser Hilfspersonal vollst\u00e4ndig auf die Bed\u00fcrfnisse von Kindern zugeschnitten. Daher f\u00fchlen sich Kinder in unserer Akdeniz \u015eifa Zahnklinik viel wohler und sicherer. Der Komfort, den wir ihnen in den Wartezimmern bieten, Spielzeug, Malb\u00fccher, insbesondere Legos, die f\u00fcr die Entwicklung der Hand- und Augenkoordination von gro\u00dfer Bedeutung sind, Zeugnisse, die f\u00fcr unsere Kinder nach der Behandlung vorbereitet werden, Mut-Diplome sind einige davon.   <\/p>\n<p>Wir betreuen Sie mit unserer freundlichen, geduldigen, sorgf\u00e4ltigen und aufmerksamen Herangehensweise und unserem fachkundigen Personal. Unser oberstes Ziel ist es, Ihnen eine gesunde und zuverl\u00e4ssige Behandlungserfahrung zu bieten. <\/p>\n\t\t\t\t\t\t\t\t<\/div>\n\t\t\t\t<\/div>\n\t\t\t\t\t<\/div>\n\t\t\t\t<\/div>\n\t\t\t\t<\/div>\n\t\t","protected":false},"excerpt":{"rendered":"<p>P\u00c4DODONTISCHE BEHANDLUNG Es handelt sich um eine Abteilung, deren Ziel es ist, die gesunden Milch- und bleibenden Z\u00e4hne von Kindern im Alter von 0-13 Jahren zu sch\u00fctzen und die Probleme zu beseitigen, die durch Karies, Traumata, erbliche und \u00e4hnliche Faktoren an diesen Z\u00e4hnen verursacht werden. Als Kinderzahn\u00e4rzte arbeiten wir mit unseren Fach\u00e4rzten in unserer Klinik [&hellip;]<\/p>\n","protected":false},"author":1,"featured_media":950,"parent":0,"menu_order":0,"comment_status":"closed","ping_status":"closed","template":"elementor_header_footer","meta":{"footnotes":""},"class_list":["post-1435","page","type-page","status-publish","has-post-thumbnail","hentry"],"_links":{"self":[{"href":"https:\/\/dentakdenizsifa.com\/de\/wp-json\/wp\/v2\/pages\/1435","targetHints":{"allow":["GET"]}}],"collection":[{"href":"https:\/\/dentakdenizsifa.com\/de\/wp-json\/wp\/v2\/pages"}],"about":[{"href":"https:\/\/dentakdenizsifa.com\/de\/wp-json\/wp\/v2\/types\/page"}],"author":[{"embeddable":true,"href":"https:\/\/dentakdenizsifa.com\/de\/wp-json\/wp\/v2\/users\/1"}],"replies":[{"embeddable":true,"href":"https:\/\/dentakdenizsifa.com\/de\/wp-json\/wp\/v2\/comments?post=1435"}],"version-history":[{"count":1,"href":"https:\/\/dentakdenizsifa.com\/de\/wp-json\/wp\/v2\/pages\/1435\/revisions"}],"predecessor-version":[{"id":1436,"href":"https:\/\/dentakdenizsifa.com\/de\/wp-json\/wp\/v2\/pages\/1435\/revisions\/1436"}],"wp:featuredmedia":[{"embeddable":true,"href":"https:\/\/dentakdenizsifa.com\/de\/wp-json\/wp\/v2\/media\/950"}],"wp:attachment":[{"href":"https:\/\/dentakdenizsifa.com\/de\/wp-json\/wp\/v2\/media?parent=1435"}],"curies":[{"name":"wp","href":"https:\/\/api.w.org\/{rel}","templated":true}]}}