{"id":1414,"date":"2024-12-15T03:41:52","date_gmt":"2024-12-15T00:41:52","guid":{"rendered":"https:\/\/dentakdenizsifa.com\/endodontie\/"},"modified":"2024-12-28T01:56:54","modified_gmt":"2024-12-27T22:56:54","slug":"endodontie","status":"publish","type":"page","link":"https:\/\/dentakdenizsifa.com\/de\/endodontie\/","title":{"rendered":"Endodontie"},"content":{"rendered":"\t\t<div data-elementor-type=\"wp-page\" data-elementor-id=\"1414\" class=\"elementor elementor-1414 elementor-204\" data-elementor-post-type=\"page\">\n\t\t\t\t<div class=\"elementor-element elementor-element-db2a9b1 e-flex e-con-boxed e-con e-parent\" data-id=\"db2a9b1\" data-element_type=\"container\" data-e-type=\"container\">\n\t\t\t\t\t<div class=\"e-con-inner\">\n\t\t\t\t<div class=\"elementor-element elementor-element-3b4575e elementor-widget elementor-widget-heading\" data-id=\"3b4575e\" data-element_type=\"widget\" data-e-type=\"widget\" data-widget_type=\"heading.default\">\n\t\t\t\t<div class=\"elementor-widget-container\">\n\t\t\t\t\t<h1 class=\"elementor-heading-title elementor-size-default\">ENDODONTISCHE BEHANDLUNG<\/h1>\t\t\t\t<\/div>\n\t\t\t\t<\/div>\n\t\t\t\t\t<\/div>\n\t\t\t\t<\/div>\n\t\t<div class=\"elementor-element elementor-element-60066b0 e-flex e-con-boxed e-con e-parent\" data-id=\"60066b0\" data-element_type=\"container\" data-e-type=\"container\">\n\t\t\t\t\t<div class=\"e-con-inner\">\n\t\t\t\t<div class=\"elementor-element elementor-element-704bd19 elementor-widget elementor-widget-text-editor\" data-id=\"704bd19\" data-element_type=\"widget\" data-e-type=\"widget\" data-widget_type=\"text-editor.default\">\n\t\t\t\t<div class=\"elementor-widget-container\">\n\t\t\t\t\t\t\t\t\t<p><img fetchpriority=\"high\" decoding=\"async\" class=\"aligncenter wp-image-206 size-large\" src=\"https:\/\/dentakdenizsifa.com\/wp-content\/uploads\/2024\/12\/endodonti-tedavisi-1024x683.png\" alt=\"\" width=\"800\" height=\"534\" srcset=\"https:\/\/dentakdenizsifa.com\/wp-content\/uploads\/2024\/12\/endodonti-tedavisi-1024x683.png 1024w, https:\/\/dentakdenizsifa.com\/wp-content\/uploads\/2024\/12\/endodonti-tedavisi-300x200.png 300w, https:\/\/dentakdenizsifa.com\/wp-content\/uploads\/2024\/12\/endodonti-tedavisi-768x512.png 768w, https:\/\/dentakdenizsifa.com\/wp-content\/uploads\/2024\/12\/endodonti-tedavisi.png 1200w\" sizes=\"(max-width: 800px) 100vw, 800px\" \/><\/p>\n<p>Bei der Endodontie handelt es sich um eine Art Vereisung des Zahns. Im Allgemeinen besteht das Ziel der Endodontie darin, den Zahn vor der Extraktion zu bewahren. Anstatt einen kranken oder besch\u00e4digten Zahn zu ziehen, f\u00fchrt ein Zahnarzt eine Kanalbehandlung durch, um sicherzustellen, dass der Zahn noch lange im Mund bleibt.<\/p>\n<p>In F\u00e4llen, in denen die Pulpa der Z\u00e4hne (lebendes Gewebe, das das vaskul\u00e4re Nervenb\u00fcndel enth\u00e4lt) aufgrund von unbehandelter Karies eine Infektion verursacht, in F\u00e4llen, in denen die Pulpa durch Frakturen, Risse, Traumata und fr\u00fchere F\u00fcllungen im Zahn gesch\u00e4digt ist, in F\u00e4llen, in denen die Pulpa durch Z\u00e4hneknirschen gesch\u00e4digt ist, bei prothetischen Versorgungen von eng stehenden Z\u00e4hnen, kann eine Kanalbehandlung erforderlich sein.<\/p>\n<p>Mit der sich entwickelnden Technologie hat die Wurzelbehandlung aufgeh\u00f6rt, eine schmerzhafte und \u00e4ngstliche Behandlung zu sein. Das Pulpagewebe des Zahns wird unter \u00f6rtlicher Bet\u00e4ubung erreicht und die Anzahl der w\u00e4hrend der Behandlung angefertigten R\u00f6ntgenaufnahmen wird durch die Messung der Wurzell\u00e4ngen mit elektronischen Ger\u00e4ten, den sogenannten Apex-Locators, reduziert. Mit rotierenden Instrumentensystemen wird der Kanal schnell, bequem und angemessen geformt und gef\u00fcllt. <\/p>\n<p>In unserer Klinik f\u00fchren wir auch REZEKS\u0130YON (Wurzelspitzenchirurgie des Zahns) durch, ein endodontisches chirurgisches Verfahren, das in F\u00e4llen durchgef\u00fchrt wird, in denen eine Wurzelkanalbehandlung nicht ausreichend oder nicht angemessen ist.<\/p>\n<p>Dar\u00fcber hinaus wird in unserer Klinik auch eine Retreatment-Behandlung durchgef\u00fchrt, d.h. eine Erneuerung der Kanalbehandlung in F\u00e4llen, in denen wir der Meinung sind, dass die Kanalf\u00fcllungen schlecht und ungesund gemacht sind, bei Entz\u00fcndungen oder Abszessbildung und bei Schmerzen unter einer Arbeit, die einer Kanalbehandlung unterzogen wurde.<\/p>\n<p>Als Akdeniz \u015eifa Zahnklinik sorgen wir f\u00fcr einen optimalen Behandlungserfolg, indem wir bei unseren Wurzelkanalbehandlungen die neueste entwickelte Technologie anwenden.<\/p>\n\t\t\t\t\t\t\t\t<\/div>\n\t\t\t\t<\/div>\n\t\t\t\t\t<\/div>\n\t\t\t\t<\/div>\n\t\t\t\t<\/div>\n\t\t","protected":false},"excerpt":{"rendered":"<p>ENDODONTISCHE BEHANDLUNG Bei der Endodontie handelt es sich um eine Art Vereisung des Zahns. Im Allgemeinen besteht das Ziel der Endodontie darin, den Zahn vor der Extraktion zu bewahren. Anstatt einen kranken oder besch\u00e4digten Zahn zu ziehen, f\u00fchrt ein Zahnarzt eine Kanalbehandlung durch, um sicherzustellen, dass der Zahn noch lange im Mund bleibt. In F\u00e4llen, [&hellip;]<\/p>\n","protected":false},"author":1,"featured_media":962,"parent":0,"menu_order":0,"comment_status":"closed","ping_status":"closed","template":"elementor_header_footer","meta":{"footnotes":""},"class_list":["post-1414","page","type-page","status-publish","has-post-thumbnail","hentry"],"_links":{"self":[{"href":"https:\/\/dentakdenizsifa.com\/de\/wp-json\/wp\/v2\/pages\/1414","targetHints":{"allow":["GET"]}}],"collection":[{"href":"https:\/\/dentakdenizsifa.com\/de\/wp-json\/wp\/v2\/pages"}],"about":[{"href":"https:\/\/dentakdenizsifa.com\/de\/wp-json\/wp\/v2\/types\/page"}],"author":[{"embeddable":true,"href":"https:\/\/dentakdenizsifa.com\/de\/wp-json\/wp\/v2\/users\/1"}],"replies":[{"embeddable":true,"href":"https:\/\/dentakdenizsifa.com\/de\/wp-json\/wp\/v2\/comments?post=1414"}],"version-history":[{"count":1,"href":"https:\/\/dentakdenizsifa.com\/de\/wp-json\/wp\/v2\/pages\/1414\/revisions"}],"predecessor-version":[{"id":1415,"href":"https:\/\/dentakdenizsifa.com\/de\/wp-json\/wp\/v2\/pages\/1414\/revisions\/1415"}],"wp:featuredmedia":[{"embeddable":true,"href":"https:\/\/dentakdenizsifa.com\/de\/wp-json\/wp\/v2\/media\/962"}],"wp:attachment":[{"href":"https:\/\/dentakdenizsifa.com\/de\/wp-json\/wp\/v2\/media?parent=1414"}],"curies":[{"name":"wp","href":"https:\/\/api.w.org\/{rel}","templated":true}]}}