{"id":1412,"date":"2024-12-15T03:45:02","date_gmt":"2024-12-15T00:45:02","guid":{"rendered":"https:\/\/dentakdenizsifa.com\/parodontologie\/"},"modified":"2024-12-28T03:19:10","modified_gmt":"2024-12-28T00:19:10","slug":"parodontologie","status":"publish","type":"page","link":"https:\/\/dentakdenizsifa.com\/de\/parodontologie\/","title":{"rendered":"Parodontologie"},"content":{"rendered":"\t\t<div data-elementor-type=\"wp-page\" data-elementor-id=\"1412\" class=\"elementor elementor-1412 elementor-217\" data-elementor-post-type=\"page\">\n\t\t\t\t<div class=\"elementor-element elementor-element-e639450 e-flex e-con-boxed e-con e-parent\" data-id=\"e639450\" data-element_type=\"container\" data-e-type=\"container\">\n\t\t\t\t\t<div class=\"e-con-inner\">\n\t\t\t\t<div class=\"elementor-element elementor-element-2db531d elementor-widget elementor-widget-heading\" data-id=\"2db531d\" data-element_type=\"widget\" data-e-type=\"widget\" data-widget_type=\"heading.default\">\n\t\t\t\t<div class=\"elementor-widget-container\">\n\t\t\t\t\t<h1 class=\"elementor-heading-title elementor-size-default\">PARODONTOLOGISCHE BEHANDLUNG<\/h1>\t\t\t\t<\/div>\n\t\t\t\t<\/div>\n\t\t\t\t\t<\/div>\n\t\t\t\t<\/div>\n\t\t<div class=\"elementor-element elementor-element-3741001 e-flex e-con-boxed e-con e-parent\" data-id=\"3741001\" data-element_type=\"container\" data-e-type=\"container\">\n\t\t\t\t\t<div class=\"e-con-inner\">\n\t\t\t\t<div class=\"elementor-element elementor-element-613a968 elementor-widget elementor-widget-text-editor\" data-id=\"613a968\" data-element_type=\"widget\" data-e-type=\"widget\" data-widget_type=\"text-editor.default\">\n\t\t\t\t<div class=\"elementor-widget-container\">\n\t\t\t\t\t\t\t\t\t<p><img fetchpriority=\"high\" decoding=\"async\" class=\"aligncenter wp-image-219 size-large\" src=\"https:\/\/dentakdenizsifa.com\/wp-content\/uploads\/2024\/12\/periodontoloji-tedavisi-1024x683.png\" alt=\"\" width=\"800\" height=\"534\" srcset=\"https:\/\/dentakdenizsifa.com\/wp-content\/uploads\/2024\/12\/periodontoloji-tedavisi-1024x683.png 1024w, https:\/\/dentakdenizsifa.com\/wp-content\/uploads\/2024\/12\/periodontoloji-tedavisi-300x200.png 300w, https:\/\/dentakdenizsifa.com\/wp-content\/uploads\/2024\/12\/periodontoloji-tedavisi-768x512.png 768w, https:\/\/dentakdenizsifa.com\/wp-content\/uploads\/2024\/12\/periodontoloji-tedavisi.png 1200w\" sizes=\"(max-width: 800px) 100vw, 800px\" \/><\/p>\n<p>Es handelt sich um eine Abteilung, die sich mit Erkrankungen des Gewebes rund um die Z\u00e4hne, des Zahnfleischs und der Knochen rund um die Zahnwurzeln und deren Behandlung besch\u00e4ftigt.<\/p>\n<p>In unserer Klinik in diesem Zusammenhang;<\/p>\n<p>a &#8211; Reinigung von Zahnstein: Bakterieller Zahnbelag verwandelt sich im Laufe der Zeit durch Verh\u00e4rtung in Zahnstein. Er erscheint unter verschiedenen Namen wie Zahnsteinreinigung, Zahnsteinreinigung, Zahnbelagsreinigung. Neben der Verf\u00e4rbung der Z\u00e4hne verursacht Zahnbelag auch Mundgeruch und Karies. Aus diesem Grund sollte Zahnstein alle sechs Monate von einem Zahnarzt gereinigt werden.<\/p>\n<p>Die Entfernung von Zahnstein ist nicht sch\u00e4dlich. Zahnstein sch\u00e4digt unsere Mund- und Zahngesundheit mit schlechtem Atem, Zahnverf\u00e4rbungen, Zahnfleischerkrankungen, Karies und vielen \u00e4hnlichen Problemen. Diese Situationen sollten nicht verursacht werden. Dar\u00fcber hinaus sollten die Patienten diesen Prozess nat\u00fcrlich mit der richtigen Zahnb\u00fcrste, der richtigen Zahnpasta, den richtigen Putztechniken, regelm\u00e4\u00dfigem Putzen, regelm\u00e4\u00dfiger Zahnseide und der Verwendung von Mundsp\u00fclungen unterst\u00fctzen.<\/p>\n<p>b-Gingivektomie: Es handelt sich um die chirurgische Entfernung von Zahnfleischgewebe.<\/p>\n<p>c-Gingivoplastik: Dabei wird das gesunde Zahnfleischgewebe um den Zahn herum geformt.<\/p>\n<p>Die Gingivektomie und die Gingivoplastik werden in folgenden F\u00e4llen eingesetzt<\/p>\n<p>1-Elimination von Psedo-Taschen \u00fcber dem Knochen (falsch)<\/p>\n<p>2-Entfernung von faserigen und \u00f6demat\u00f6sen Wucherungen im Zahnfleisch<\/p>\n<p>3 &#8211; Um die \u00c4sthetik zu verbessern, indem Asymmetrien des Zahnfleischs beseitigt werden<\/p>\n<p>4-Entfernung der Form und Verformung der Zahnfleischr\u00e4nder<\/p>\n<p>5-In Erh\u00f6hung der Retention der anzufertigenden Krone<\/p>\n<p>6 &#8211; Es wird verwendet, um das \u00e4sthetische Erscheinungsbild zu verbessern, indem kurze Z\u00e4hne, die aufgrund einer verz\u00f6gerten passiven Eruption entstanden sind, verl\u00e4ngert werden, was wir als Syndrom der kurzen Z\u00e4hne bezeichnen.<\/p>\n<p>Mundgeruch:<\/p>\n<p>Er bezieht sich auf schlechten oder unangenehmen Geruch, der durch intraorale oder extraorale Ursachen verursacht wird. Es wird angenommen, dass etwa ein Viertel der Weltbev\u00f6lkerung davon betroffen ist. Die Ursachen f\u00fcr Mundgeruch k\u00f6nnen pathologisch oder physiologisch sein, in manchen F\u00e4llen sogar beides.  <\/p>\n<p>80-90% der pathologischen Halitosis ist oralen Ursprungs. Erkrankungen des Zahnfleisches und der Schleimh\u00e4ute, Pilze und Infektionen, Implantate und Prothesen in schlechtem Zustand, Zahnkaries, schlechte F\u00fcllungen, verminderter Speichelfluss und Mundtrockenheit, Mundkrebs und Mandelerkrankungen verursachen Mundgeruch. <\/p>\n<p>Eine weitere Ursache f\u00fcr schlechten Atem im Mund ist zungenbedingter Mundgeruch. Vor allem der hintere Teil der Zunge kann nicht gut mit Speichel gereinigt werden. Zungen mit strukturell eingedr\u00fcckten, hervorstehenden Spalten (Clefts) sind ebenfalls eine wichtige Geruchsquelle. Aus diesem Grund muss die Zunge beim Z\u00e4hneputzen mitgeb\u00fcrstet werden.   <\/p>\n<p>Prophylaktisch k\u00f6nnen wir schlechte Ger\u00fcche im Mund minimieren oder sogar beseitigen, indem wir unseren Patienten Mundhygiene beibringen, ihnen die richtige Zahnputztechnik zeigen und sie regelm\u00e4\u00dfig alle sechs Monate kontrollieren.<\/p>\n<p>Physiologische Halitosis<\/p>\n<p>Es handelt sich um einen Mundgeruch, der nach l\u00e4ngerem Hunger oder nach Mahlzeiten aufgrund von Essgewohnheiten wahrgenommen wird. Er entsteht durch die Wechselwirkung von Bakterien mit Lebensmitteln mit hohem Proteingehalt wie rotem Fleisch, Fisch, K\u00e4se und Milchprodukten. Physiologischer Mundgeruch kann auch nach dem Rauchen, dem Genuss von Alkohol und Kaffee sowie nach geruchsintensiven Lebensmitteln wie Zwiebeln, Knoblauch und Gew\u00fcrzen auftreten.  <\/p>\n<p>Physiologischer Mundgeruch kann beseitigt werden, indem Sie auf Ihre Mundhygiene achten.<\/p>\n\t\t\t\t\t\t\t\t<\/div>\n\t\t\t\t<\/div>\n\t\t\t\t\t<\/div>\n\t\t\t\t<\/div>\n\t\t\t\t<\/div>\n\t\t","protected":false},"excerpt":{"rendered":"<p>PARODONTOLOGISCHE BEHANDLUNG Es handelt sich um eine Abteilung, die sich mit Erkrankungen des Gewebes rund um die Z\u00e4hne, des Zahnfleischs und der Knochen rund um die Zahnwurzeln und deren Behandlung besch\u00e4ftigt. In unserer Klinik in diesem Zusammenhang; a &#8211; Reinigung von Zahnstein: Bakterieller Zahnbelag verwandelt sich im Laufe der Zeit durch Verh\u00e4rtung in Zahnstein. Er [&hellip;]<\/p>\n","protected":false},"author":1,"featured_media":974,"parent":0,"menu_order":0,"comment_status":"closed","ping_status":"closed","template":"elementor_header_footer","meta":{"footnotes":""},"class_list":["post-1412","page","type-page","status-publish","has-post-thumbnail","hentry"],"_links":{"self":[{"href":"https:\/\/dentakdenizsifa.com\/de\/wp-json\/wp\/v2\/pages\/1412","targetHints":{"allow":["GET"]}}],"collection":[{"href":"https:\/\/dentakdenizsifa.com\/de\/wp-json\/wp\/v2\/pages"}],"about":[{"href":"https:\/\/dentakdenizsifa.com\/de\/wp-json\/wp\/v2\/types\/page"}],"author":[{"embeddable":true,"href":"https:\/\/dentakdenizsifa.com\/de\/wp-json\/wp\/v2\/users\/1"}],"replies":[{"embeddable":true,"href":"https:\/\/dentakdenizsifa.com\/de\/wp-json\/wp\/v2\/comments?post=1412"}],"version-history":[{"count":1,"href":"https:\/\/dentakdenizsifa.com\/de\/wp-json\/wp\/v2\/pages\/1412\/revisions"}],"predecessor-version":[{"id":1413,"href":"https:\/\/dentakdenizsifa.com\/de\/wp-json\/wp\/v2\/pages\/1412\/revisions\/1413"}],"wp:featuredmedia":[{"embeddable":true,"href":"https:\/\/dentakdenizsifa.com\/de\/wp-json\/wp\/v2\/media\/974"}],"wp:attachment":[{"href":"https:\/\/dentakdenizsifa.com\/de\/wp-json\/wp\/v2\/media?parent=1412"}],"curies":[{"name":"wp","href":"https:\/\/api.w.org\/{rel}","templated":true}]}}