{"id":1406,"date":"2024-12-15T03:47:49","date_gmt":"2024-12-15T00:47:49","guid":{"rendered":"https:\/\/dentakdenizsifa.com\/prothesenbehandlung\/"},"modified":"2024-12-28T03:27:01","modified_gmt":"2024-12-28T00:27:01","slug":"prothesenbehandlung","status":"publish","type":"page","link":"https:\/\/dentakdenizsifa.com\/de\/prothesenbehandlung\/","title":{"rendered":"Prothesenbehandlung"},"content":{"rendered":"\t\t<div data-elementor-type=\"wp-page\" data-elementor-id=\"1406\" class=\"elementor elementor-1406 elementor-227\" data-elementor-post-type=\"page\">\n\t\t\t\t<div class=\"elementor-element elementor-element-1e6d29c e-flex e-con-boxed e-con e-parent\" data-id=\"1e6d29c\" data-element_type=\"container\" data-e-type=\"container\">\n\t\t\t\t\t<div class=\"e-con-inner\">\n\t\t\t\t<div class=\"elementor-element elementor-element-df80673 elementor-widget elementor-widget-heading\" data-id=\"df80673\" data-element_type=\"widget\" data-e-type=\"widget\" data-widget_type=\"heading.default\">\n\t\t\t\t<div class=\"elementor-widget-container\">\n\t\t\t\t\t<h1 class=\"elementor-heading-title elementor-size-default\">PROTHESENBEHANDLUNG<\/h1>\t\t\t\t<\/div>\n\t\t\t\t<\/div>\n\t\t\t\t\t<\/div>\n\t\t\t\t<\/div>\n\t\t<div class=\"elementor-element elementor-element-84ee364 e-flex e-con-boxed e-con e-parent\" data-id=\"84ee364\" data-element_type=\"container\" data-e-type=\"container\">\n\t\t\t\t\t<div class=\"e-con-inner\">\n\t\t\t\t<div class=\"elementor-element elementor-element-c4cf067 elementor-widget elementor-widget-text-editor\" data-id=\"c4cf067\" data-element_type=\"widget\" data-e-type=\"widget\" data-widget_type=\"text-editor.default\">\n\t\t\t\t<div class=\"elementor-widget-container\">\n\t\t\t\t\t\t\t\t\t<p><img fetchpriority=\"high\" decoding=\"async\" class=\"aligncenter wp-image-230 size-large\" src=\"https:\/\/dentakdenizsifa.com\/wp-content\/uploads\/2024\/12\/protez-tedavisi-1024x683.png\" alt=\"\" width=\"800\" height=\"534\" srcset=\"https:\/\/dentakdenizsifa.com\/wp-content\/uploads\/2024\/12\/protez-tedavisi-1024x683.png 1024w, https:\/\/dentakdenizsifa.com\/wp-content\/uploads\/2024\/12\/protez-tedavisi-300x200.png 300w, https:\/\/dentakdenizsifa.com\/wp-content\/uploads\/2024\/12\/protez-tedavisi-768x512.png 768w, https:\/\/dentakdenizsifa.com\/wp-content\/uploads\/2024\/12\/protez-tedavisi.png 1200w\" sizes=\"(max-width: 800px) 100vw, 800px\" \/><\/p>\n<p>Sie zielt darauf ab, die \u00c4sthetik, Phonation und Funktion, die der Patient verloren hat, wiederherzustellen, indem die verlorenen Z\u00e4hne und das intraorale Umgebungsgewebe rekonstruiert werden.<\/p>\n<p>Behandlungsm\u00f6glichkeiten bei der prothetischen Zahnbehandlung.<\/p>\n<p>Feste Prothesen:<\/p>\n<p>Prothesen, die entweder auf nat\u00fcrliche Z\u00e4hne oder auf Implantate geklebt oder geschraubt werden, geh\u00f6ren zu dieser Gruppe.<\/p>\n<p>Im Vergleich zu herausnehmbaren Prothesen werden sie vom Patienten leichter akzeptiert und k\u00f6nnen von ihm nicht entfernt werden. Mit der Prothese wird versucht, die verlorenen Funktionen des Patienten wiederzuerlangen, gleichzeitig wird versucht, die beeintr\u00e4chtigte Sprache zu korrigieren und das \u00e4sthetische Erscheinungsbild zu verbessern.<\/p>\n<p>Mit der sich entwickelnden Technologie sind festsitzende Prothesen, die das nat\u00fcrliche Aussehen mit vielen verschiedenen Anwendungen imitieren k\u00f6nnen, zu den klinischen L\u00f6sungen hinzugekommen. Es gibt verschiedene Arten von Prothesen, metallgest\u00fctzte Porzellanverblendungen, emax, Zirkoniumverblendungen, laminierte Verblendungen, implantatgetragene festsitzende Prothesen. Ihr Arzt wird Ihnen den am besten geeigneten empfehlen.<\/p>\n<p>Pr\u00e4zise befestigte Prothesen<\/p>\n<p>Es handelt sich um eine Art von Zahnersatz, der in F\u00e4llen eingesetzt wird, in denen viele Z\u00e4hne fehlen und eine Behandlung mit festsitzenden Prothesen nicht m\u00f6glich ist. Im Volksmund ist sie auch als Schnappprothese bekannt, da sie mit versteckten Klammern versehen ist, die in die in den Z\u00e4hnen vorbereiteten Schlitze passen.<\/p>\n<p>Die Teile der pr\u00e4zisionsgefertigten Prothesen, die in die Sch\u00e4fte passen, verhindern, dass sich die Prothese verschiebt, so dass sie sich beim Essen nicht bewegt. Im Laufe der Zeit kann es zu einer Lockerung der empfindlichen B\u00e4nder kommen, in diesem Fall k\u00f6nnen die Reifen leicht ersetzt werden.<\/p>\n<p>Da sich die Teile der pr\u00e4zisionsgegliederten Prothesen, die von den Z\u00e4hnen gest\u00fctzt werden, im Inneren der Prothese befinden, sind sie viel \u00e4sthetischer als Hakenprothesen. Herausnehmbare Prothesen \u00fcben beim Einsetzen und Herausnehmen ein Trauma auf die Z\u00e4hne aus und k\u00f6nnen zu Einschmelzungen im Kieferknochen f\u00fchren. Deshalb sollten Zahnimplantate in den Kieferknochen eingesetzt werden, wenn eine gro\u00dfe Anzahl von Z\u00e4hnen fehlt.<\/p>\n<p>Herausnehmbare Prothese<\/p>\n<p>Es handelt sich um Apparate, die bei der Behandlung eines oder mehrerer fehlender Z\u00e4hne verwendet werden und die der Patient jederzeit leicht einsetzen und entfernen kann. Man unterscheidet zwischen Totalprothesen, Teilprothesen und Sofortprothesen.<\/p>\n<p>Totalprothesen sind Prothesen aus Kunststoff, die sich auf das im Ober- und Unterkiefer verbliebene Knochengewebe st\u00fctzen, wenn keine nat\u00fcrlichen Z\u00e4hne mehr in Ihrem Mund vorhanden sind.<\/p>\n<p>Teilprothesen sind herausnehmbare Prothesen, die in F\u00e4llen angefertigt werden, in denen ein Teil der nat\u00fcrlichen Z\u00e4hne vorhanden ist und einige von ihnen extrahiert wurden. Diese Art von Prothesen sorgen f\u00fcr den Halt mit H\u00e4keldr\u00e4hten, die mit den Hauptz\u00e4hnen verbunden sind. Patienten, die diese Drahtoptik als un\u00e4sthetisch empfinden, k\u00f6nnen unter bestimmten Voraussetzungen \u00e4sthetische Prothesen mit sensibler Verbindung anfertigen lassen.<\/p>\n<p>Sofortige Prothesen sind Prothesen, die in kurzer Zeit vorbereitet und in den Mund des Patienten eingesetzt werden, ohne dass die Einheilung abgewartet werden muss, wenn alle Hauptz\u00e4hne gezogen wurden, wenn der Patient nicht zahnlos sein m\u00f6chte oder wenn Implantate eingesetzt wurden, aber eine Wartezeit erforderlich ist.<\/p>\n<p>Die beste Alternative zu klassischen herausnehmbaren Prothesen sind implantatgetragene Prothesen. Mit dem Implantatverfahren erh\u00f6hen sich sowohl der Halt als auch die Stabilit\u00e4t der Prothesen.<\/p>\n<p>Implantatgetragene Prothesen:<\/p>\n<p>Es handelt sich um eine Methode, die bei Patienten mit Zahndefiziten oder v\u00f6llig zahnlosen Patienten angewandt wird. Dieses Verfahren kann bei Patienten mit ausreichender Zahnknochenstruktur problemlos angewendet werden.<\/p>\n<p>Implantatgetragene Prothesen werden im Vergleich zu herk\u00f6mmlichen Prothesen in kleineren Gr\u00f6\u00dfen angefertigt. Dies erleichtert die Compliance des Patienten mit der Prothese. Implantatgetragene Prothesen sind widerstandsf\u00e4higer gegen Kaukr\u00e4fte.  <\/p>\n\t\t\t\t\t\t\t\t<\/div>\n\t\t\t\t<\/div>\n\t\t\t\t\t<\/div>\n\t\t\t\t<\/div>\n\t\t\t\t<\/div>\n\t\t","protected":false},"excerpt":{"rendered":"<p>PROTHESENBEHANDLUNG Sie zielt darauf ab, die \u00c4sthetik, Phonation und Funktion, die der Patient verloren hat, wiederherzustellen, indem die verlorenen Z\u00e4hne und das intraorale Umgebungsgewebe rekonstruiert werden. Behandlungsm\u00f6glichkeiten bei der prothetischen Zahnbehandlung. Feste Prothesen: Prothesen, die entweder auf nat\u00fcrliche Z\u00e4hne oder auf Implantate geklebt oder geschraubt werden, geh\u00f6ren zu dieser Gruppe. Im Vergleich zu herausnehmbaren Prothesen [&hellip;]<\/p>\n","protected":false},"author":1,"featured_media":986,"parent":0,"menu_order":0,"comment_status":"closed","ping_status":"closed","template":"elementor_header_footer","meta":{"footnotes":""},"class_list":["post-1406","page","type-page","status-publish","has-post-thumbnail","hentry"],"_links":{"self":[{"href":"https:\/\/dentakdenizsifa.com\/de\/wp-json\/wp\/v2\/pages\/1406","targetHints":{"allow":["GET"]}}],"collection":[{"href":"https:\/\/dentakdenizsifa.com\/de\/wp-json\/wp\/v2\/pages"}],"about":[{"href":"https:\/\/dentakdenizsifa.com\/de\/wp-json\/wp\/v2\/types\/page"}],"author":[{"embeddable":true,"href":"https:\/\/dentakdenizsifa.com\/de\/wp-json\/wp\/v2\/users\/1"}],"replies":[{"embeddable":true,"href":"https:\/\/dentakdenizsifa.com\/de\/wp-json\/wp\/v2\/comments?post=1406"}],"version-history":[{"count":1,"href":"https:\/\/dentakdenizsifa.com\/de\/wp-json\/wp\/v2\/pages\/1406\/revisions"}],"predecessor-version":[{"id":1407,"href":"https:\/\/dentakdenizsifa.com\/de\/wp-json\/wp\/v2\/pages\/1406\/revisions\/1407"}],"wp:featuredmedia":[{"embeddable":true,"href":"https:\/\/dentakdenizsifa.com\/de\/wp-json\/wp\/v2\/media\/986"}],"wp:attachment":[{"href":"https:\/\/dentakdenizsifa.com\/de\/wp-json\/wp\/v2\/media?parent=1406"}],"curies":[{"name":"wp","href":"https:\/\/api.w.org\/{rel}","templated":true}]}}