{"id":1383,"date":"2024-12-15T03:50:41","date_gmt":"2024-12-15T00:50:41","guid":{"rendered":"https:\/\/dentakdenizsifa.com\/muendliche-diagnostik\/"},"modified":"2024-12-28T02:51:06","modified_gmt":"2024-12-27T23:51:06","slug":"muendliche-diagnostik","status":"publish","type":"page","link":"https:\/\/dentakdenizsifa.com\/de\/muendliche-diagnostik\/","title":{"rendered":"M\u00fcndliche Diagnostik"},"content":{"rendered":"\t\t<div data-elementor-type=\"wp-page\" data-elementor-id=\"1383\" class=\"elementor elementor-1383 elementor-237\" data-elementor-post-type=\"page\">\n\t\t\t\t<div class=\"elementor-element elementor-element-c8a0128 e-flex e-con-boxed e-con e-parent\" data-id=\"c8a0128\" data-element_type=\"container\" data-e-type=\"container\">\n\t\t\t\t\t<div class=\"e-con-inner\">\n\t\t\t\t<div class=\"elementor-element elementor-element-189673f elementor-widget elementor-widget-heading\" data-id=\"189673f\" data-element_type=\"widget\" data-e-type=\"widget\" data-widget_type=\"heading.default\">\n\t\t\t\t<div class=\"elementor-widget-container\">\n\t\t\t\t\t<h1 class=\"elementor-heading-title elementor-size-default\">ORALE DIAGNOSE BEHANDLUNG<\/h1>\t\t\t\t<\/div>\n\t\t\t\t<\/div>\n\t\t\t\t\t<\/div>\n\t\t\t\t<\/div>\n\t\t<div class=\"elementor-element elementor-element-6cf8dc4 e-flex e-con-boxed e-con e-parent\" data-id=\"6cf8dc4\" data-element_type=\"container\" data-e-type=\"container\">\n\t\t\t\t\t<div class=\"e-con-inner\">\n\t\t\t\t<div class=\"elementor-element elementor-element-24c55e3 elementor-widget elementor-widget-text-editor\" data-id=\"24c55e3\" data-element_type=\"widget\" data-e-type=\"widget\" data-widget_type=\"text-editor.default\">\n\t\t\t\t<div class=\"elementor-widget-container\">\n\t\t\t\t\t\t\t\t\t<p><img fetchpriority=\"high\" decoding=\"async\" class=\"aligncenter wp-image-243 size-large\" src=\"https:\/\/dentakdenizsifa.com\/wp-content\/uploads\/2024\/12\/oral-diagnoz-tedavisi-1024x683.png\" alt=\"\" width=\"800\" height=\"534\" srcset=\"https:\/\/dentakdenizsifa.com\/wp-content\/uploads\/2024\/12\/oral-diagnoz-tedavisi-1024x683.png 1024w, https:\/\/dentakdenizsifa.com\/wp-content\/uploads\/2024\/12\/oral-diagnoz-tedavisi-300x200.png 300w, https:\/\/dentakdenizsifa.com\/wp-content\/uploads\/2024\/12\/oral-diagnoz-tedavisi-768x512.png 768w, https:\/\/dentakdenizsifa.com\/wp-content\/uploads\/2024\/12\/oral-diagnoz-tedavisi.png 1200w\" sizes=\"(max-width: 800px) 100vw, 800px\" \/><\/p>\n<p>Zahnbehandlungen sind sehr vielf\u00e4ltig und viele Patienten ben\u00f6tigen mehr als eine Behandlung. Diese Behandlungen m\u00fcssen korrekt geplant werden. Gleichzeitig wird entschieden, welche Behandlung Vorrang haben soll.  <\/p>\n<p>Die Grundlage der Behandlungsplanung ist die richtige Diagnose. Das Wichtigste, um die richtige Diagnose zu stellen, ist Erfahrung.<\/p>\n<p>Zu diesem Zweck werden die intraorale Untersuchung, die Panorama- und periapikale Bildgebung sowie die dentale Volumentomographie eingesetzt.<\/p>\n<p>Es ist klar, dass der Mund-, Kiefer- und Gesichtsbereich keine vom menschlichen K\u00f6rper unabh\u00e4ngige Region ist. Verschiedene systemische Krankheiten verursachen Symptome im und um den Mund. Wenn systemische Krankheiten wie Diabetes, Herzkrankheiten oder Bluthochdruck bekannt sind, die sich negativ auf die geplanten zahn\u00e4rztlichen Behandlungen auswirken, wird der Patient bei der ersten Untersuchung an den entsprechenden Spezialisten verwiesen.<\/p>\n<p>Jedes Problem im Mund sollte sorgf\u00e4ltig untersucht und die genaueste und umfassendste Diagnose gestellt werden. Da diese Diagnose die Behandlung bestimmt, wird dieser Prozess von unserem seit 25 Jahren erfahrenen Chefarzt Dr. Bekir Er und unseren \u00c4rzten durchgef\u00fchrt, die alle auf ihrem Gebiet erfahren sind.<\/p>\n<p>Laut Zufriedenheitsumfragen sind die Erwartungen der Patienten an die Klinik, in der sie behandelt werden, wie folgt:<\/p>\n<p>Korrekte Diagnose, korrekte Behandlung, sachkundiges, qualifiziertes und erfahrenes medizinisches Personal, Respekt, aufmerksamer Service, freundlicher Service, p\u00fcnktlicher Service, saubere Umgebung, angemessener Preis.<\/p>\n<p>Als Akdeniz \u015eifa Poliklinik ist es unser Ziel, daf\u00fcr zu sorgen, dass sich jeder Patient unter den besten Bedingungen und in zuverl\u00e4ssigen H\u00e4nden befindet&#8230; Daf\u00fcr bietet Ihnen unsere Klinik eine qualitativ hochwertige medizinische Versorgung sowie ein l\u00e4chelndes Gesicht, eine ger\u00e4umige Umgebung, in der Sie sich immer besonders f\u00fchlen werden, und das zu einem vern\u00fcnftigen Preis.<\/p>\n\t\t\t\t\t\t\t\t<\/div>\n\t\t\t\t<\/div>\n\t\t\t\t\t<\/div>\n\t\t\t\t<\/div>\n\t\t\t\t<\/div>\n\t\t","protected":false},"excerpt":{"rendered":"<p>ORALE DIAGNOSE BEHANDLUNG Zahnbehandlungen sind sehr vielf\u00e4ltig und viele Patienten ben\u00f6tigen mehr als eine Behandlung. Diese Behandlungen m\u00fcssen korrekt geplant werden. Gleichzeitig wird entschieden, welche Behandlung Vorrang haben soll. Die Grundlage der Behandlungsplanung ist die richtige Diagnose. Das Wichtigste, um die richtige Diagnose zu stellen, ist Erfahrung. Zu diesem Zweck werden die intraorale Untersuchung, die [&hellip;]<\/p>\n","protected":false},"author":1,"featured_media":998,"parent":0,"menu_order":0,"comment_status":"closed","ping_status":"closed","template":"elementor_header_footer","meta":{"footnotes":""},"class_list":["post-1383","page","type-page","status-publish","has-post-thumbnail","hentry"],"_links":{"self":[{"href":"https:\/\/dentakdenizsifa.com\/de\/wp-json\/wp\/v2\/pages\/1383","targetHints":{"allow":["GET"]}}],"collection":[{"href":"https:\/\/dentakdenizsifa.com\/de\/wp-json\/wp\/v2\/pages"}],"about":[{"href":"https:\/\/dentakdenizsifa.com\/de\/wp-json\/wp\/v2\/types\/page"}],"author":[{"embeddable":true,"href":"https:\/\/dentakdenizsifa.com\/de\/wp-json\/wp\/v2\/users\/1"}],"replies":[{"embeddable":true,"href":"https:\/\/dentakdenizsifa.com\/de\/wp-json\/wp\/v2\/comments?post=1383"}],"version-history":[{"count":1,"href":"https:\/\/dentakdenizsifa.com\/de\/wp-json\/wp\/v2\/pages\/1383\/revisions"}],"predecessor-version":[{"id":1385,"href":"https:\/\/dentakdenizsifa.com\/de\/wp-json\/wp\/v2\/pages\/1383\/revisions\/1385"}],"wp:featuredmedia":[{"embeddable":true,"href":"https:\/\/dentakdenizsifa.com\/de\/wp-json\/wp\/v2\/media\/998"}],"wp:attachment":[{"href":"https:\/\/dentakdenizsifa.com\/de\/wp-json\/wp\/v2\/media?parent=1383"}],"curies":[{"name":"wp","href":"https:\/\/api.w.org\/{rel}","templated":true}]}}