{"id":1378,"date":"2024-12-15T03:58:47","date_gmt":"2024-12-15T00:58:47","guid":{"rendered":"https:\/\/dentakdenizsifa.com\/konservative-behandlungen\/"},"modified":"2024-12-28T02:03:38","modified_gmt":"2024-12-27T23:03:38","slug":"konservative-behandlungen","status":"publish","type":"page","link":"https:\/\/dentakdenizsifa.com\/de\/konservative-behandlungen\/","title":{"rendered":"Konservative Behandlungen"},"content":{"rendered":"\t\t<div data-elementor-type=\"wp-page\" data-elementor-id=\"1378\" class=\"elementor elementor-1378 elementor-253\" data-elementor-post-type=\"page\">\n\t\t\t\t<div class=\"elementor-element elementor-element-279d616 e-flex e-con-boxed e-con e-parent\" data-id=\"279d616\" data-element_type=\"container\" data-e-type=\"container\">\n\t\t\t\t\t<div class=\"e-con-inner\">\n\t\t\t\t<div class=\"elementor-element elementor-element-ce73ad4 elementor-widget elementor-widget-heading\" data-id=\"ce73ad4\" data-element_type=\"widget\" data-e-type=\"widget\" data-widget_type=\"heading.default\">\n\t\t\t\t<div class=\"elementor-widget-container\">\n\t\t\t\t\t<h1 class=\"elementor-heading-title elementor-size-default\">KONSERVATIVE BEHANDLUNG<\/h1>\t\t\t\t<\/div>\n\t\t\t\t<\/div>\n\t\t\t\t\t<\/div>\n\t\t\t\t<\/div>\n\t\t<div class=\"elementor-element elementor-element-df33e74 e-flex e-con-boxed e-con e-parent\" data-id=\"df33e74\" data-element_type=\"container\" data-e-type=\"container\">\n\t\t\t\t\t<div class=\"e-con-inner\">\n\t\t\t\t<div class=\"elementor-element elementor-element-024268d elementor-widget elementor-widget-text-editor\" data-id=\"024268d\" data-element_type=\"widget\" data-e-type=\"widget\" data-widget_type=\"text-editor.default\">\n\t\t\t\t<div class=\"elementor-widget-container\">\n\t\t\t\t\t\t\t\t\t<p><img fetchpriority=\"high\" decoding=\"async\" class=\"aligncenter wp-image-255 size-large\" src=\"https:\/\/dentakdenizsifa.com\/wp-content\/uploads\/2024\/12\/konservatif-tedaviler-1024x683.png\" alt=\"\" width=\"800\" height=\"534\" srcset=\"https:\/\/dentakdenizsifa.com\/wp-content\/uploads\/2024\/12\/konservatif-tedaviler-1024x683.png 1024w, https:\/\/dentakdenizsifa.com\/wp-content\/uploads\/2024\/12\/konservatif-tedaviler-300x200.png 300w, https:\/\/dentakdenizsifa.com\/wp-content\/uploads\/2024\/12\/konservatif-tedaviler-768x512.png 768w, https:\/\/dentakdenizsifa.com\/wp-content\/uploads\/2024\/12\/konservatif-tedaviler.png 1200w\" sizes=\"(max-width: 800px) 100vw, 800px\" \/><\/p>\n<p>Es umfasst alle Anwendungen im Zusammenhang mit zahn\u00e4rztlichen Behandlungen. Die wichtigsten dieser Behandlungen sind: <\/p>\n<p>a- Komposit-Laminate: Komposit-Laminate sind \u00e4sthetische und kosmetische Restaurationen, die mit Kompositmaterial auf den Vorderfl\u00e4chen der Z\u00e4hne hergestellt werden, um die Farbe oder Form zu ver\u00e4ndern, einen Defekt zu vergr\u00f6\u00dfern oder zu behandeln und den Z\u00e4hnen ein \u00e4sthetisches Aussehen zu verleihen, ohne die Z\u00e4hne zu besch\u00e4digen.<\/p>\n<p>Verfahren:<\/p>\n<p>Wir verwenden Komposit-Laminat bei \u00e4sthetischen Frontzahnf\u00fcllungen, in F\u00e4llen, in denen eine L\u00fccke zwischen den Z\u00e4hnen (Diastema) besteht, bei der Reparatur von kari\u00f6sen und abgebrochenen Z\u00e4hnen aus irgendeinem Grund, wenn wir die Farbe des Zahns \u00e4ndern m\u00fcssen. Das wichtigste Merkmal dieser Anwendung ist, dass sie in einer einzigen Sitzung durchgef\u00fchrt werden kann und sehr wirtschaftlich ist. <\/p>\n<p>b-\u00e4sthetische F\u00fcllungen: Es geht darum, ein nat\u00fcrlicheres und \u00e4sthetischeres Aussehen zu erzielen, indem Kompositmaterial in den Z\u00e4hnen und F\u00fcllungsmaterial mit der Zahnfarbe der Person verwendet wird. Die Kompositf\u00fcllung h\u00e4rtet mit Halogenlicht und wird chemisch mit dem Zahn verbunden. Sie ist viel langlebiger, \u00e4sthetischer und ges\u00fcnder als Amalgamf\u00fcllungen.<\/p>\n<p>c-Keramik-Inlay- und Onlay-F\u00fcllungen: Wir verwenden diese F\u00fcllungen, wenn gro\u00dfe Karies auftritt und zu viel Material verloren geht. Inlays und Onlays sind eine L\u00f6sung zwischen F\u00fcllung und Krone (Verblendung). <\/p>\n<p>Inlays oder Onlays werden verwendet, wenn nicht gen\u00fcgend Zahnsubstanz vorhanden ist, um die F\u00fcllung zu tragen, und der Zahn nicht so besch\u00e4digt ist, dass er mit einer Krone bedeckt werden kann. Es handelt sich um Zahnf\u00fcllungen auf Porzellanbasis, die von einem Zahntechniker im Labor hergestellt werden. <\/p>\n\t\t\t\t\t\t\t\t<\/div>\n\t\t\t\t<\/div>\n\t\t\t\t\t<\/div>\n\t\t\t\t<\/div>\n\t\t\t\t<\/div>\n\t\t","protected":false},"excerpt":{"rendered":"<p>KONSERVATIVE BEHANDLUNG Es umfasst alle Anwendungen im Zusammenhang mit zahn\u00e4rztlichen Behandlungen. Die wichtigsten dieser Behandlungen sind: a- Komposit-Laminate: Komposit-Laminate sind \u00e4sthetische und kosmetische Restaurationen, die mit Kompositmaterial auf den Vorderfl\u00e4chen der Z\u00e4hne hergestellt werden, um die Farbe oder Form zu ver\u00e4ndern, einen Defekt zu vergr\u00f6\u00dfern oder zu behandeln und den Z\u00e4hnen ein \u00e4sthetisches Aussehen zu [&hellip;]<\/p>\n","protected":false},"author":1,"featured_media":1010,"parent":0,"menu_order":0,"comment_status":"closed","ping_status":"closed","template":"elementor_header_footer","meta":{"footnotes":""},"class_list":["post-1378","page","type-page","status-publish","has-post-thumbnail","hentry"],"_links":{"self":[{"href":"https:\/\/dentakdenizsifa.com\/de\/wp-json\/wp\/v2\/pages\/1378","targetHints":{"allow":["GET"]}}],"collection":[{"href":"https:\/\/dentakdenizsifa.com\/de\/wp-json\/wp\/v2\/pages"}],"about":[{"href":"https:\/\/dentakdenizsifa.com\/de\/wp-json\/wp\/v2\/types\/page"}],"author":[{"embeddable":true,"href":"https:\/\/dentakdenizsifa.com\/de\/wp-json\/wp\/v2\/users\/1"}],"replies":[{"embeddable":true,"href":"https:\/\/dentakdenizsifa.com\/de\/wp-json\/wp\/v2\/comments?post=1378"}],"version-history":[{"count":1,"href":"https:\/\/dentakdenizsifa.com\/de\/wp-json\/wp\/v2\/pages\/1378\/revisions"}],"predecessor-version":[{"id":1380,"href":"https:\/\/dentakdenizsifa.com\/de\/wp-json\/wp\/v2\/pages\/1378\/revisions\/1380"}],"wp:featuredmedia":[{"embeddable":true,"href":"https:\/\/dentakdenizsifa.com\/de\/wp-json\/wp\/v2\/media\/1010"}],"wp:attachment":[{"href":"https:\/\/dentakdenizsifa.com\/de\/wp-json\/wp\/v2\/media?parent=1378"}],"curies":[{"name":"wp","href":"https:\/\/api.w.org\/{rel}","templated":true}]}}