{"id":1355,"date":"2024-12-15T04:09:05","date_gmt":"2024-12-15T01:09:05","guid":{"rendered":"https:\/\/dentakdenizsifa.com\/lamina-veneer-behandlung\/"},"modified":"2024-12-28T02:00:27","modified_gmt":"2024-12-27T23:00:27","slug":"lamina-veneer-behandlung","status":"publish","type":"page","link":"https:\/\/dentakdenizsifa.com\/de\/lamina-veneer-behandlung\/","title":{"rendered":"Lamina Veneer Behandlung"},"content":{"rendered":"\t\t<div data-elementor-type=\"wp-page\" data-elementor-id=\"1355\" class=\"elementor elementor-1355 elementor-266\" data-elementor-post-type=\"page\">\n\t\t\t\t<div class=\"elementor-element elementor-element-913e404 e-flex e-con-boxed e-con e-parent\" data-id=\"913e404\" data-element_type=\"container\" data-e-type=\"container\">\n\t\t\t\t\t<div class=\"e-con-inner\">\n\t\t\t\t<div class=\"elementor-element elementor-element-46880af elementor-widget elementor-widget-heading\" data-id=\"46880af\" data-element_type=\"widget\" data-e-type=\"widget\" data-widget_type=\"heading.default\">\n\t\t\t\t<div class=\"elementor-widget-container\">\n\t\t\t\t\t<h1 class=\"elementor-heading-title elementor-size-default\">BEHANDLUNG MIT LAMINA-FURNIEREN<\/h1>\t\t\t\t<\/div>\n\t\t\t\t<\/div>\n\t\t\t\t\t<\/div>\n\t\t\t\t<\/div>\n\t\t<div class=\"elementor-element elementor-element-6e59024 e-flex e-con-boxed e-con e-parent\" data-id=\"6e59024\" data-element_type=\"container\" data-e-type=\"container\">\n\t\t\t\t\t<div class=\"e-con-inner\">\n\t\t\t\t<div class=\"elementor-element elementor-element-58c7a67 elementor-widget elementor-widget-text-editor\" data-id=\"58c7a67\" data-element_type=\"widget\" data-e-type=\"widget\" data-widget_type=\"text-editor.default\">\n\t\t\t\t<div class=\"elementor-widget-container\">\n\t\t\t\t\t\t\t\t\t<p><img fetchpriority=\"high\" decoding=\"async\" class=\"aligncenter wp-image-270 size-large\" src=\"https:\/\/dentakdenizsifa.com\/wp-content\/uploads\/2024\/12\/lamine-1024x683.png\" alt=\"\" width=\"800\" height=\"534\" srcset=\"https:\/\/dentakdenizsifa.com\/wp-content\/uploads\/2024\/12\/lamine-1024x683.png 1024w, https:\/\/dentakdenizsifa.com\/wp-content\/uploads\/2024\/12\/lamine-300x200.png 300w, https:\/\/dentakdenizsifa.com\/wp-content\/uploads\/2024\/12\/lamine-768x512.png 768w, https:\/\/dentakdenizsifa.com\/wp-content\/uploads\/2024\/12\/lamine.png 1200w\" sizes=\"(max-width: 800px) 100vw, 800px\" \/><\/p>\n<p>Die Behandlung mit Blattporzellan (laminiert) ist eine Methode, die den Z\u00e4hnen ein nat\u00fcrliches Wei\u00df verleiht und den Patienten ein \u00e4sthetisches L\u00e4cheln erm\u00f6glicht. Sie kann in F\u00e4llen angewendet werden, in denen die strukturelle Form ungleichm\u00e4\u00dfig oder getrennt ist und in denen mit dem Bleaching kein ausreichender Effekt erzielt werden kann.<\/p>\n<p>Bei dieser Methode wird eine d\u00fcnne, speziell f\u00fcr den Patienten angefertigte Porzellanschicht auf die Vorderfl\u00e4che der Z\u00e4hne gelegt.<\/p>\n<p>Da w\u00e4hrend des Eingriffs ein spezielles Material als Klebstoff verwendet wird, ist es nicht m\u00f6glich, dass sich die Veneers aus irgendeinem Grund von der Zahnoberfl\u00e4che l\u00f6sen oder abfallen.<\/p>\n<p>Die Porzellanschicht, mit der die Patienten versorgt werden, ist resistent gegen Flecken und Abrieb. Daher kann sie bei regelm\u00e4\u00dfiger und richtiger Mundpflege viele Jahre lang verwendet werden. <\/p>\n\t\t\t\t\t\t\t\t<\/div>\n\t\t\t\t<\/div>\n\t\t\t\t\t<\/div>\n\t\t\t\t<\/div>\n\t\t\t\t<\/div>\n\t\t","protected":false},"excerpt":{"rendered":"<p>BEHANDLUNG MIT LAMINA-FURNIEREN Die Behandlung mit Blattporzellan (laminiert) ist eine Methode, die den Z\u00e4hnen ein nat\u00fcrliches Wei\u00df verleiht und den Patienten ein \u00e4sthetisches L\u00e4cheln erm\u00f6glicht. Sie kann in F\u00e4llen angewendet werden, in denen die strukturelle Form ungleichm\u00e4\u00dfig oder getrennt ist und in denen mit dem Bleaching kein ausreichender Effekt erzielt werden kann. Bei dieser Methode [&hellip;]<\/p>\n","protected":false},"author":1,"featured_media":1040,"parent":0,"menu_order":0,"comment_status":"closed","ping_status":"closed","template":"elementor_header_footer","meta":{"footnotes":""},"class_list":["post-1355","page","type-page","status-publish","has-post-thumbnail","hentry"],"_links":{"self":[{"href":"https:\/\/dentakdenizsifa.com\/de\/wp-json\/wp\/v2\/pages\/1355","targetHints":{"allow":["GET"]}}],"collection":[{"href":"https:\/\/dentakdenizsifa.com\/de\/wp-json\/wp\/v2\/pages"}],"about":[{"href":"https:\/\/dentakdenizsifa.com\/de\/wp-json\/wp\/v2\/types\/page"}],"author":[{"embeddable":true,"href":"https:\/\/dentakdenizsifa.com\/de\/wp-json\/wp\/v2\/users\/1"}],"replies":[{"embeddable":true,"href":"https:\/\/dentakdenizsifa.com\/de\/wp-json\/wp\/v2\/comments?post=1355"}],"version-history":[{"count":1,"href":"https:\/\/dentakdenizsifa.com\/de\/wp-json\/wp\/v2\/pages\/1355\/revisions"}],"predecessor-version":[{"id":1357,"href":"https:\/\/dentakdenizsifa.com\/de\/wp-json\/wp\/v2\/pages\/1355\/revisions\/1357"}],"wp:featuredmedia":[{"embeddable":true,"href":"https:\/\/dentakdenizsifa.com\/de\/wp-json\/wp\/v2\/media\/1040"}],"wp:attachment":[{"href":"https:\/\/dentakdenizsifa.com\/de\/wp-json\/wp\/v2\/media?parent=1355"}],"curies":[{"name":"wp","href":"https:\/\/api.w.org\/{rel}","templated":true}]}}