{"id":1352,"date":"2024-12-15T04:11:10","date_gmt":"2024-12-15T01:11:10","guid":{"rendered":"https:\/\/dentakdenizsifa.com\/zirkonium-behandlung\/"},"modified":"2024-12-28T03:30:18","modified_gmt":"2024-12-28T00:30:18","slug":"zirkonium-behandlung","status":"publish","type":"page","link":"https:\/\/dentakdenizsifa.com\/de\/zirkonium-behandlung\/","title":{"rendered":"Zirkonium Behandlung"},"content":{"rendered":"\t\t<div data-elementor-type=\"wp-page\" data-elementor-id=\"1352\" class=\"elementor elementor-1352 elementor-282\" data-elementor-post-type=\"page\">\n\t\t\t\t<div class=\"elementor-element elementor-element-c127f5a e-flex e-con-boxed e-con e-parent\" data-id=\"c127f5a\" data-element_type=\"container\" data-e-type=\"container\">\n\t\t\t\t\t<div class=\"e-con-inner\">\n\t\t\t\t<div class=\"elementor-element elementor-element-83a1614 elementor-widget elementor-widget-heading\" data-id=\"83a1614\" data-element_type=\"widget\" data-e-type=\"widget\" data-widget_type=\"heading.default\">\n\t\t\t\t<div class=\"elementor-widget-container\">\n\t\t\t\t\t<h1 class=\"elementor-heading-title elementor-size-default\">BEHANDLUNG MIT ZIRKONIUM<\/h1>\t\t\t\t<\/div>\n\t\t\t\t<\/div>\n\t\t\t\t\t<\/div>\n\t\t\t\t<\/div>\n\t\t<div class=\"elementor-element elementor-element-e3c550d e-flex e-con-boxed e-con e-parent\" data-id=\"e3c550d\" data-element_type=\"container\" data-e-type=\"container\">\n\t\t\t\t\t<div class=\"e-con-inner\">\n\t\t\t\t<div class=\"elementor-element elementor-element-153979f elementor-widget elementor-widget-text-editor\" data-id=\"153979f\" data-element_type=\"widget\" data-e-type=\"widget\" data-widget_type=\"text-editor.default\">\n\t\t\t\t<div class=\"elementor-widget-container\">\n\t\t\t\t\t\t\t\t\t<p><img fetchpriority=\"high\" decoding=\"async\" class=\"aligncenter wp-image-269 size-large\" src=\"https:\/\/dentakdenizsifa.com\/wp-content\/uploads\/2024\/12\/zirkonyum-1024x683.png\" alt=\"\" width=\"800\" height=\"534\" srcset=\"https:\/\/dentakdenizsifa.com\/wp-content\/uploads\/2024\/12\/zirkonyum-1024x683.png 1024w, https:\/\/dentakdenizsifa.com\/wp-content\/uploads\/2024\/12\/zirkonyum-300x200.png 300w, https:\/\/dentakdenizsifa.com\/wp-content\/uploads\/2024\/12\/zirkonyum-768x512.png 768w, https:\/\/dentakdenizsifa.com\/wp-content\/uploads\/2024\/12\/zirkonyum.png 1200w\" sizes=\"(max-width: 800px) 100vw, 800px\" \/><\/p>\n<p>Um den vollst\u00e4ndigen Verlust von deformierten und abgenutzten Z\u00e4hnen aus verschiedenen Gr\u00fcnden zu verhindern, werden von Zahn\u00e4rzten h\u00e4ufig Veneers eingesetzt. Diese Verblendungen k\u00f6nnen zu \u00e4sthetischen Zwecken, bei Zahnfrakturen oder fehlenden Z\u00e4hnen sowie bei Karies, die mit normalen F\u00fcllungen nicht behandelt werden kann, eingesetzt werden. <\/p>\n<p>Damit der Zahn sein fr\u00fcheres Aussehen zur\u00fcckerh\u00e4lt, wird die Beschichtung mit einem metallischen oder nicht-metallischen Material vorgenommen. Diese Materialien sind Materialien wie Keramik, Porzellan, Zirkonium. <\/p>\n<p>Die Lichtdurchl\u00e4ssigkeit des f\u00fcr die Zahnbeschichtung verwendeten Zirkoniummaterials ist h\u00f6her als bei metallgest\u00fctzten Beschichtungen. Auf diese Weise hat es ein nat\u00fcrlicheres Aussehen. Au\u00dferdem ist Zirkonium ein ges\u00fcnderes Material in Bezug auf das Zahnfleisch und minimiert durch Rauchen oder andere Gr\u00fcnde verursachte Verf\u00e4rbungen.  <\/p>\n<p>Es verursacht keinen schlechten Atem und keine Geschmacksver\u00e4nderungen im Mund. Dank seiner Hitzebest\u00e4ndigkeit ist es eine bessere Option f\u00fcr Patienten mit Empfindlichkeit. <\/p>\n\t\t\t\t\t\t\t\t<\/div>\n\t\t\t\t<\/div>\n\t\t\t\t\t<\/div>\n\t\t\t\t<\/div>\n\t\t\t\t<\/div>\n\t\t","protected":false},"excerpt":{"rendered":"<p>BEHANDLUNG MIT ZIRKONIUM Um den vollst\u00e4ndigen Verlust von deformierten und abgenutzten Z\u00e4hnen aus verschiedenen Gr\u00fcnden zu verhindern, werden von Zahn\u00e4rzten h\u00e4ufig Veneers eingesetzt. Diese Verblendungen k\u00f6nnen zu \u00e4sthetischen Zwecken, bei Zahnfrakturen oder fehlenden Z\u00e4hnen sowie bei Karies, die mit normalen F\u00fcllungen nicht behandelt werden kann, eingesetzt werden. Damit der Zahn sein fr\u00fcheres Aussehen zur\u00fcckerh\u00e4lt, wird [&hellip;]<\/p>\n","protected":false},"author":1,"featured_media":1034,"parent":0,"menu_order":0,"comment_status":"closed","ping_status":"closed","template":"elementor_header_footer","meta":{"footnotes":""},"class_list":["post-1352","page","type-page","status-publish","has-post-thumbnail","hentry"],"_links":{"self":[{"href":"https:\/\/dentakdenizsifa.com\/de\/wp-json\/wp\/v2\/pages\/1352","targetHints":{"allow":["GET"]}}],"collection":[{"href":"https:\/\/dentakdenizsifa.com\/de\/wp-json\/wp\/v2\/pages"}],"about":[{"href":"https:\/\/dentakdenizsifa.com\/de\/wp-json\/wp\/v2\/types\/page"}],"author":[{"embeddable":true,"href":"https:\/\/dentakdenizsifa.com\/de\/wp-json\/wp\/v2\/users\/1"}],"replies":[{"embeddable":true,"href":"https:\/\/dentakdenizsifa.com\/de\/wp-json\/wp\/v2\/comments?post=1352"}],"version-history":[{"count":1,"href":"https:\/\/dentakdenizsifa.com\/de\/wp-json\/wp\/v2\/pages\/1352\/revisions"}],"predecessor-version":[{"id":1353,"href":"https:\/\/dentakdenizsifa.com\/de\/wp-json\/wp\/v2\/pages\/1352\/revisions\/1353"}],"wp:featuredmedia":[{"embeddable":true,"href":"https:\/\/dentakdenizsifa.com\/de\/wp-json\/wp\/v2\/media\/1034"}],"wp:attachment":[{"href":"https:\/\/dentakdenizsifa.com\/de\/wp-json\/wp\/v2\/media?parent=1352"}],"curies":[{"name":"wp","href":"https:\/\/api.w.org\/{rel}","templated":true}]}}