{"id":1332,"date":"2024-12-15T04:12:36","date_gmt":"2024-12-15T01:12:36","guid":{"rendered":"https:\/\/dentakdenizsifa.com\/e-max-behandlung\/"},"modified":"2024-12-28T01:51:36","modified_gmt":"2024-12-27T22:51:36","slug":"e-max-behandlung","status":"publish","type":"page","link":"https:\/\/dentakdenizsifa.com\/de\/e-max-behandlung\/","title":{"rendered":"E-Max Behandlung"},"content":{"rendered":"\t\t<div data-elementor-type=\"wp-page\" data-elementor-id=\"1332\" class=\"elementor elementor-1332 elementor-287\" data-elementor-post-type=\"page\">\n\t\t\t\t<div class=\"elementor-element elementor-element-3c734c2 e-flex e-con-boxed e-con e-parent\" data-id=\"3c734c2\" data-element_type=\"container\" data-e-type=\"container\">\n\t\t\t\t\t<div class=\"e-con-inner\">\n\t\t\t\t<div class=\"elementor-element elementor-element-68bedf5 elementor-widget elementor-widget-heading\" data-id=\"68bedf5\" data-element_type=\"widget\" data-e-type=\"widget\" data-widget_type=\"heading.default\">\n\t\t\t\t<div class=\"elementor-widget-container\">\n\t\t\t\t\t<h1 class=\"elementor-heading-title elementor-size-default\">E-MAX BEHANDLUNG<\/h1>\t\t\t\t<\/div>\n\t\t\t\t<\/div>\n\t\t\t\t\t<\/div>\n\t\t\t\t<\/div>\n\t\t<div class=\"elementor-element elementor-element-07feeb8 e-flex e-con-boxed e-con e-parent\" data-id=\"07feeb8\" data-element_type=\"container\" data-e-type=\"container\">\n\t\t\t\t\t<div class=\"e-con-inner\">\n\t\t\t\t<div class=\"elementor-element elementor-element-cbc116c elementor-widget elementor-widget-text-editor\" data-id=\"cbc116c\" data-element_type=\"widget\" data-e-type=\"widget\" data-widget_type=\"text-editor.default\">\n\t\t\t\t<div class=\"elementor-widget-container\">\n\t\t\t\t\t\t\t\t\t<p><img fetchpriority=\"high\" decoding=\"async\" class=\"aligncenter wp-image-288 size-large\" src=\"https:\/\/dentakdenizsifa.com\/wp-content\/uploads\/2024\/12\/e-max-1024x683.png\" alt=\"\" width=\"800\" height=\"534\" srcset=\"https:\/\/dentakdenizsifa.com\/wp-content\/uploads\/2024\/12\/e-max-1024x683.png 1024w, https:\/\/dentakdenizsifa.com\/wp-content\/uploads\/2024\/12\/e-max-300x200.png 300w, https:\/\/dentakdenizsifa.com\/wp-content\/uploads\/2024\/12\/e-max-768x512.png 768w, https:\/\/dentakdenizsifa.com\/wp-content\/uploads\/2024\/12\/e-max.png 1200w\" sizes=\"(max-width: 800px) 100vw, 800px\" \/><\/p>\n<p>Das bedeutet maximale \u00c4sthetik. Der gr\u00f6\u00dfte Vorteil dieser Anwendung ist, dass kein Metall verwendet wird. So wird ein transparentes und naturnahes Aussehen erzielt. Die Oberfl\u00e4che ist vor Flecken und Plaquebildung gesch\u00fctzt.<\/p>\n<p>Da es kein Metall enth\u00e4lt, ruft es keine allergischen Reaktionen hervor, die violette Verf\u00e4rbung des Zahnfleisches und der Zahnr\u00e4nder bleibt aus, die Zahnstruktur wird nicht besch\u00e4digt und die Inhaltsstoffe geh\u00f6ren zu den am besten mit dem Zahn vertr\u00e4glichen Strukturen.<\/p>\n<p>Da es lichtdurchl\u00e4ssig ist, gibt es kein mattes Aussehen, die Farbauswahl ist recht gro\u00df, die Zahnstruktur ist glatt und rutschig. Aus diesem Grund gibt es so gut wie keine Zahnsteinbildung, was das Auftreten von Zahnfleischerkrankungen verhindert. Das EMax-Zahnbeschichtungsverfahren wird haupts\u00e4chlich f\u00fcr die vorderen Schneidez\u00e4hne verwendet. Da Emax-Beschichtungen in Bezug auf die Haltbarkeit schw\u00e4cher sind als Zirkoniumbeschichtungen, werden Zirkoniumbeschichtungen f\u00fcr die Z\u00e4hne im hinteren Bereich bevorzugt.<\/p>\n<p>Emax ist ein Material, das aus monolithischer Lithiumdisilikat-Keramik besteht. Die Lichtdurchl\u00e4ssigkeit ist h\u00f6her als bei Zirkonium. Aus diesem Grund ist es nat\u00fcrlicher und \u00e4sthetischer als Zirkonium, es hat eine glasartige Struktur. Da es jedoch nicht so haltbar ist wie Zirkonium, wird die Zirkoniumbeschichtung in Bereichen mit hohem Druck bevorzugt.<\/p>\n\t\t\t\t\t\t\t\t<\/div>\n\t\t\t\t<\/div>\n\t\t\t\t\t<\/div>\n\t\t\t\t<\/div>\n\t\t\t\t<\/div>\n\t\t","protected":false},"excerpt":{"rendered":"<p>E-MAX BEHANDLUNG Das bedeutet maximale \u00c4sthetik. Der gr\u00f6\u00dfte Vorteil dieser Anwendung ist, dass kein Metall verwendet wird. So wird ein transparentes und naturnahes Aussehen erzielt. Die Oberfl\u00e4che ist vor Flecken und Plaquebildung gesch\u00fctzt. Da es kein Metall enth\u00e4lt, ruft es keine allergischen Reaktionen hervor, die violette Verf\u00e4rbung des Zahnfleisches und der Zahnr\u00e4nder bleibt aus, die [&hellip;]<\/p>\n","protected":false},"author":1,"featured_media":1046,"parent":0,"menu_order":0,"comment_status":"closed","ping_status":"closed","template":"elementor_header_footer","meta":{"footnotes":""},"class_list":["post-1332","page","type-page","status-publish","has-post-thumbnail","hentry"],"_links":{"self":[{"href":"https:\/\/dentakdenizsifa.com\/de\/wp-json\/wp\/v2\/pages\/1332","targetHints":{"allow":["GET"]}}],"collection":[{"href":"https:\/\/dentakdenizsifa.com\/de\/wp-json\/wp\/v2\/pages"}],"about":[{"href":"https:\/\/dentakdenizsifa.com\/de\/wp-json\/wp\/v2\/types\/page"}],"author":[{"embeddable":true,"href":"https:\/\/dentakdenizsifa.com\/de\/wp-json\/wp\/v2\/users\/1"}],"replies":[{"embeddable":true,"href":"https:\/\/dentakdenizsifa.com\/de\/wp-json\/wp\/v2\/comments?post=1332"}],"version-history":[{"count":1,"href":"https:\/\/dentakdenizsifa.com\/de\/wp-json\/wp\/v2\/pages\/1332\/revisions"}],"predecessor-version":[{"id":1333,"href":"https:\/\/dentakdenizsifa.com\/de\/wp-json\/wp\/v2\/pages\/1332\/revisions\/1333"}],"wp:featuredmedia":[{"embeddable":true,"href":"https:\/\/dentakdenizsifa.com\/de\/wp-json\/wp\/v2\/media\/1046"}],"wp:attachment":[{"href":"https:\/\/dentakdenizsifa.com\/de\/wp-json\/wp\/v2\/media?parent=1332"}],"curies":[{"name":"wp","href":"https:\/\/api.w.org\/{rel}","templated":true}]}}