{"id":1327,"date":"2024-12-15T04:14:06","date_gmt":"2024-12-15T01:14:06","guid":{"rendered":"https:\/\/dentakdenizsifa.com\/porzellan-furnier\/"},"modified":"2024-12-28T03:22:30","modified_gmt":"2024-12-28T00:22:30","slug":"porzellan-furnier","status":"publish","type":"page","link":"https:\/\/dentakdenizsifa.com\/de\/porzellan-furnier\/","title":{"rendered":"Porzellan Furnier"},"content":{"rendered":"\t\t<div data-elementor-type=\"wp-page\" data-elementor-id=\"1327\" class=\"elementor elementor-1327 elementor-293\" data-elementor-post-type=\"page\">\n\t\t\t\t<div class=\"elementor-element elementor-element-4f944ab e-flex e-con-boxed e-con e-parent\" data-id=\"4f944ab\" data-element_type=\"container\" data-e-type=\"container\">\n\t\t\t\t\t<div class=\"e-con-inner\">\n\t\t\t\t<div class=\"elementor-element elementor-element-f77c891 elementor-widget elementor-widget-heading\" data-id=\"f77c891\" data-element_type=\"widget\" data-e-type=\"widget\" data-widget_type=\"heading.default\">\n\t\t\t\t<div class=\"elementor-widget-container\">\n\t\t\t\t\t<h1 class=\"elementor-heading-title elementor-size-default\">PORZELLANVERBLENDUNG<\/h1>\t\t\t\t<\/div>\n\t\t\t\t<\/div>\n\t\t\t\t\t<\/div>\n\t\t\t\t<\/div>\n\t\t<div class=\"elementor-element elementor-element-6a4fccc e-flex e-con-boxed e-con e-parent\" data-id=\"6a4fccc\" data-element_type=\"container\" data-e-type=\"container\">\n\t\t\t\t\t<div class=\"e-con-inner\">\n\t\t\t\t<div class=\"elementor-element elementor-element-ab34667 elementor-widget elementor-widget-text-editor\" data-id=\"ab34667\" data-element_type=\"widget\" data-e-type=\"widget\" data-widget_type=\"text-editor.default\">\n\t\t\t\t<div class=\"elementor-widget-container\">\n\t\t\t\t\t\t\t\t\t<p><img fetchpriority=\"high\" decoding=\"async\" class=\"aligncenter wp-image-267 size-large\" src=\"https:\/\/dentakdenizsifa.com\/wp-content\/uploads\/2024\/12\/porselen-dis-1024x683.png\" alt=\"\" width=\"800\" height=\"534\" srcset=\"https:\/\/dentakdenizsifa.com\/wp-content\/uploads\/2024\/12\/porselen-dis-1024x683.png 1024w, https:\/\/dentakdenizsifa.com\/wp-content\/uploads\/2024\/12\/porselen-dis-300x200.png 300w, https:\/\/dentakdenizsifa.com\/wp-content\/uploads\/2024\/12\/porselen-dis-768x512.png 768w, https:\/\/dentakdenizsifa.com\/wp-content\/uploads\/2024\/12\/porselen-dis.png 1200w\" sizes=\"(max-width: 800px) 100vw, 800px\" \/><\/p>\n<p>Die Beschichtung von Porzellanz\u00e4hnen ist eine zahnmedizinische Beschichtungstechnik, die aus Porzellan hergestellt wird, um die urspr\u00fcngliche Zahnoberfl\u00e4che zu bedecken. Der Porzellanzahn ist eine Behandlungsmethode, die angewandt wird, um \u00e4sthetische Probleme an den Z\u00e4hnen zu beseitigen und den Menschen ein sch\u00f6neres L\u00e4cheln zu schenken. <\/p>\n<p>Zahnverblendschalen aus Porzellan sind ein Nachteil f\u00fcr Patienten, denen das \u00e4sthetische Erscheinungsbild am Herzen liegt. Da seine Lichtdurchl\u00e4ssigkeit im Vergleich zu Zirkonium und Emax geringer ist, kann es die nat\u00fcrliche Zahnfarbe nicht reflektieren. Dies f\u00fchrt zu einer stumpfen und glanzlosen Farbe. Sie k\u00f6nnen das nat\u00fcrliche Aussehen nicht einfangen, vor allem nicht an den Frontz\u00e4hnen.   <\/p>\n<p>Sie haben eine gute Haltbarkeit, da es sich um metallgest\u00fctzte Beschichtungen handelt.<\/p>\n\t\t\t\t\t\t\t\t<\/div>\n\t\t\t\t<\/div>\n\t\t\t\t\t<\/div>\n\t\t\t\t<\/div>\n\t\t\t\t<\/div>\n\t\t","protected":false},"excerpt":{"rendered":"<p>PORZELLANVERBLENDUNG Die Beschichtung von Porzellanz\u00e4hnen ist eine zahnmedizinische Beschichtungstechnik, die aus Porzellan hergestellt wird, um die urspr\u00fcngliche Zahnoberfl\u00e4che zu bedecken. Der Porzellanzahn ist eine Behandlungsmethode, die angewandt wird, um \u00e4sthetische Probleme an den Z\u00e4hnen zu beseitigen und den Menschen ein sch\u00f6neres L\u00e4cheln zu schenken. Zahnverblendschalen aus Porzellan sind ein Nachteil f\u00fcr Patienten, denen das \u00e4sthetische [&hellip;]<\/p>\n","protected":false},"author":1,"featured_media":1022,"parent":0,"menu_order":0,"comment_status":"closed","ping_status":"closed","template":"elementor_header_footer","meta":{"footnotes":""},"class_list":["post-1327","page","type-page","status-publish","has-post-thumbnail","hentry"],"_links":{"self":[{"href":"https:\/\/dentakdenizsifa.com\/de\/wp-json\/wp\/v2\/pages\/1327","targetHints":{"allow":["GET"]}}],"collection":[{"href":"https:\/\/dentakdenizsifa.com\/de\/wp-json\/wp\/v2\/pages"}],"about":[{"href":"https:\/\/dentakdenizsifa.com\/de\/wp-json\/wp\/v2\/types\/page"}],"author":[{"embeddable":true,"href":"https:\/\/dentakdenizsifa.com\/de\/wp-json\/wp\/v2\/users\/1"}],"replies":[{"embeddable":true,"href":"https:\/\/dentakdenizsifa.com\/de\/wp-json\/wp\/v2\/comments?post=1327"}],"version-history":[{"count":1,"href":"https:\/\/dentakdenizsifa.com\/de\/wp-json\/wp\/v2\/pages\/1327\/revisions"}],"predecessor-version":[{"id":1329,"href":"https:\/\/dentakdenizsifa.com\/de\/wp-json\/wp\/v2\/pages\/1327\/revisions\/1329"}],"wp:featuredmedia":[{"embeddable":true,"href":"https:\/\/dentakdenizsifa.com\/de\/wp-json\/wp\/v2\/media\/1022"}],"wp:attachment":[{"href":"https:\/\/dentakdenizsifa.com\/de\/wp-json\/wp\/v2\/media?parent=1327"}],"curies":[{"name":"wp","href":"https:\/\/api.w.org\/{rel}","templated":true}]}}