{"id":1321,"date":"2024-12-15T04:15:24","date_gmt":"2024-12-15T01:15:24","guid":{"rendered":"https:\/\/dentakdenizsifa.com\/zahnaufhellung\/"},"modified":"2024-12-28T01:29:27","modified_gmt":"2024-12-27T22:29:27","slug":"zahnaufhellung","status":"publish","type":"page","link":"https:\/\/dentakdenizsifa.com\/de\/zahnaufhellung\/","title":{"rendered":"Zahnaufhellung"},"content":{"rendered":"\t\t<div data-elementor-type=\"wp-page\" data-elementor-id=\"1321\" class=\"elementor elementor-1321 elementor-299\" data-elementor-post-type=\"page\">\n\t\t\t\t<div class=\"elementor-element elementor-element-ed65e31 e-flex e-con-boxed e-con e-parent\" data-id=\"ed65e31\" data-element_type=\"container\" data-e-type=\"container\">\n\t\t\t\t\t<div class=\"e-con-inner\">\n\t\t\t\t<div class=\"elementor-element elementor-element-61d2a23 elementor-widget elementor-widget-heading\" data-id=\"61d2a23\" data-element_type=\"widget\" data-e-type=\"widget\" data-widget_type=\"heading.default\">\n\t\t\t\t<div class=\"elementor-widget-container\">\n\t\t\t\t\t<h1 class=\"elementor-heading-title elementor-size-default\">ZAHNAUFHELLUNG<\/h1>\t\t\t\t<\/div>\n\t\t\t\t<\/div>\n\t\t\t\t\t<\/div>\n\t\t\t\t<\/div>\n\t\t<div class=\"elementor-element elementor-element-59fee2e e-flex e-con-boxed e-con e-parent\" data-id=\"59fee2e\" data-element_type=\"container\" data-e-type=\"container\">\n\t\t\t\t\t<div class=\"e-con-inner\">\n\t\t\t\t<div class=\"elementor-element elementor-element-1671c40 elementor-widget elementor-widget-text-editor\" data-id=\"1671c40\" data-element_type=\"widget\" data-e-type=\"widget\" data-widget_type=\"text-editor.default\">\n\t\t\t\t<div class=\"elementor-widget-container\">\n\t\t\t\t\t\t\t\t\t<\/p>\n<p><img fetchpriority=\"high\" decoding=\"async\" class=\"aligncenter wp-image-268 size-large\" src=\"https:\/\/dentakdenizsifa.com\/wp-content\/uploads\/2024\/12\/dis-beyazlatma-1024x683.png\" alt=\"\" width=\"800\" height=\"534\" srcset=\"https:\/\/dentakdenizsifa.com\/wp-content\/uploads\/2024\/12\/dis-beyazlatma-1024x683.png 1024w, https:\/\/dentakdenizsifa.com\/wp-content\/uploads\/2024\/12\/dis-beyazlatma-300x200.png 300w, https:\/\/dentakdenizsifa.com\/wp-content\/uploads\/2024\/12\/dis-beyazlatma-768x512.png 768w, https:\/\/dentakdenizsifa.com\/wp-content\/uploads\/2024\/12\/dis-beyazlatma.png 1200w\" sizes=\"(max-width: 800px) 100vw, 800px\" \/>Lebensmittel und Getr\u00e4nke, die Farbstoffe enthalten, die im t\u00e4glichen Leben konsumiert werden, sowie fr\u00fchere Erkrankungen, die auf die Kindheit zur\u00fcckgehen, k\u00f6nnen Verf\u00e4rbungen verursachen. Diese Verf\u00e4rbungen k\u00f6nnen dank der Entwicklung verschiedener Methoden und Restaurationsmaterialien in der Zahnmedizin leicht behoben werden. <\/p>\n<p>Es wird in der Zahnklinik in etwa einer Stunde durchgef\u00fchrt. Es ist das schnellste, zuverl\u00e4ssigste und effektivste Aufhellungssystem, das aus Aufhellungsgel und Licht besteht und die Zahnfarbe in kurzer Zeit um 3-4 Nuancen aufhellen kann.<\/p>\n<p>Obwohl die Dauer der Aufhellung je nach der Zahnstruktur der Person variiert, zeigt sie eine Wirkung f\u00fcr etwa 2-3 Jahre.<\/p>\n<p>Die Variation dieses Zeitraums h\u00e4ngt davon ab, ob die Zahnoberfl\u00e4che der Person glatt ist oder nicht, von der Speichelstruktur, dem Tee-, Kaffee- und Zigarettenkonsum und davon, ob sie ihre Z\u00e4hne pflegt oder nicht.<\/p>\n\t\t\t\t\t\t\t\t<\/div>\n\t\t\t\t<\/div>\n\t\t\t\t\t<\/div>\n\t\t\t\t<\/div>\n\t\t\t\t<\/div>\n\t\t","protected":false},"excerpt":{"rendered":"<p>ZAHNAUFHELLUNG Lebensmittel und Getr\u00e4nke, die Farbstoffe enthalten, die im t\u00e4glichen Leben konsumiert werden, sowie fr\u00fchere Erkrankungen, die auf die Kindheit zur\u00fcckgehen, k\u00f6nnen Verf\u00e4rbungen verursachen. Diese Verf\u00e4rbungen k\u00f6nnen dank der Entwicklung verschiedener Methoden und Restaurationsmaterialien in der Zahnmedizin leicht behoben werden. Es wird in der Zahnklinik in etwa einer Stunde durchgef\u00fchrt. Es ist das schnellste, zuverl\u00e4ssigste [&hellip;]<\/p>\n","protected":false},"author":1,"featured_media":1028,"parent":0,"menu_order":0,"comment_status":"closed","ping_status":"closed","template":"elementor_header_footer","meta":{"footnotes":""},"class_list":["post-1321","page","type-page","status-publish","has-post-thumbnail","hentry"],"_links":{"self":[{"href":"https:\/\/dentakdenizsifa.com\/de\/wp-json\/wp\/v2\/pages\/1321","targetHints":{"allow":["GET"]}}],"collection":[{"href":"https:\/\/dentakdenizsifa.com\/de\/wp-json\/wp\/v2\/pages"}],"about":[{"href":"https:\/\/dentakdenizsifa.com\/de\/wp-json\/wp\/v2\/types\/page"}],"author":[{"embeddable":true,"href":"https:\/\/dentakdenizsifa.com\/de\/wp-json\/wp\/v2\/users\/1"}],"replies":[{"embeddable":true,"href":"https:\/\/dentakdenizsifa.com\/de\/wp-json\/wp\/v2\/comments?post=1321"}],"version-history":[{"count":1,"href":"https:\/\/dentakdenizsifa.com\/de\/wp-json\/wp\/v2\/pages\/1321\/revisions"}],"predecessor-version":[{"id":1323,"href":"https:\/\/dentakdenizsifa.com\/de\/wp-json\/wp\/v2\/pages\/1321\/revisions\/1323"}],"wp:featuredmedia":[{"embeddable":true,"href":"https:\/\/dentakdenizsifa.com\/de\/wp-json\/wp\/v2\/media\/1028"}],"wp:attachment":[{"href":"https:\/\/dentakdenizsifa.com\/de\/wp-json\/wp\/v2\/media?parent=1321"}],"curies":[{"name":"wp","href":"https:\/\/api.w.org\/{rel}","templated":true}]}}