{"id":3662,"date":"2025-03-19T02:22:25","date_gmt":"2025-03-18T23:22:25","guid":{"rendered":"https:\/\/dentakdenizsifa.com\/%d0%bb%d0%b5%d1%87%d0%b5%d0%bd%d0%b8%d0%b5-%d1%81-%d1%86%d0%b8%d1%80%d0%ba%d0%be%d0%bd%d0%b8%d0%b9-buyukcekmece\/"},"modified":"2025-03-19T02:22:25","modified_gmt":"2025-03-18T23:22:25","slug":"%d0%bb%d0%b5%d1%87%d0%b5%d0%bd%d0%b8%d0%b5-%d1%81-%d1%86%d0%b8%d1%80%d0%ba%d0%be%d0%bd%d0%b8%d0%b9-buyukcekmece","status":"publish","type":"page","link":"https:\/\/dentakdenizsifa.com\/bg\/%d0%bb%d0%b5%d1%87%d0%b5%d0%bd%d0%b8%d0%b5-%d1%81-%d1%86%d0%b8%d1%80%d0%ba%d0%be%d0%bd%d0%b8%d0%b9-buyukcekmece\/","title":{"rendered":"\u041b\u0435\u0447\u0435\u043d\u0438\u0435 \u0441 \u0446\u0438\u0440\u043a\u043e\u043d\u0438\u0439 Buyukcekmece"},"content":{"rendered":"<p data-start=\"39\" data-end=\"629\">\u0415\u0441\u0442\u0435\u0442\u0438\u043a\u0430\u0442\u0430 \u043d\u0430 \u0437\u044a\u0431\u0438\u0442\u0435 \u0435 \u0432\u0430\u0436\u043d\u0430 \u0437\u0430 \u043a\u0440\u0430\u0441\u0438\u0432\u0430\u0442\u0430 \u0443\u0441\u043c\u0438\u0432\u043a\u0430. <strong>\u041b\u0435\u0447\u0435\u043d\u0438\u0435\u0442\u043e \u0441 \u0446\u0438\u0440\u043a\u043e\u043d\u0438\u0439 \u0432 Buyukcekmece<\/strong> \u043f\u0440\u0435\u0434\u043b\u0430\u0433\u0430 \u0437\u0434\u0440\u0430\u0432\u0438 \u0438 \u0435\u0441\u0442\u0435\u0441\u0442\u0432\u0435\u043d\u043e \u0438\u0437\u0433\u043b\u0435\u0436\u0434\u0430\u0449\u0438 \u0437\u044a\u0431\u0438. \u0422\u043e \u0435 \u043f\u043e-\u0435\u0441\u0442\u0435\u0442\u0438\u0447\u043d\u043e \u043e\u0442 \u043f\u043e\u0434\u0434\u044a\u0440\u0436\u0430\u043d\u0438\u0442\u0435 \u043e\u0442 \u043c\u0435\u0442\u0430\u043b \u0444\u0430\u0441\u0435\u0442\u0438. \u0422\u043e \u0438\u043c\u0430 \u0441\u0442\u0440\u0443\u043a\u0442\u0443\u0440\u0430, \u0441\u044a\u0432\u043c\u0435\u0441\u0442\u0438\u043c\u0430 \u0441 \u0432\u0435\u043d\u0446\u0438\u0442\u0435. \u041e\u0441\u0438\u0433\u0443\u0440\u044f\u0432\u0430 \u0435\u0441\u0442\u0435\u0441\u0442\u0432\u0435\u043d \u0432\u044a\u043d\u0448\u0435\u043d \u0432\u0438\u0434 \u0431\u043b\u0430\u0433\u043e\u0434\u0430\u0440\u0435\u043d\u0438\u0435 \u043d\u0430 \u0444\u0443\u043d\u043a\u0446\u0438\u044f\u0442\u0430 \u0441\u0438 \u0437\u0430 \u043f\u0440\u043e\u043f\u0443\u0441\u043a\u0430\u043d\u0435 \u043d\u0430 \u0441\u0432\u0435\u0442\u043b\u0438\u043d\u0430. \u0422\u043e \u0435 \u0438\u0437\u0434\u0440\u044a\u0436\u043b\u0438\u0432\u043e \u0438 \u0434\u044a\u043b\u0433\u043e\u0442\u0440\u0430\u0439\u043d\u043e. \u041d\u0435 \u043e\u0441\u0442\u0430\u0432\u044f \u043c\u0435\u0442\u0430\u043b\u0435\u043d \u0432\u043a\u0443\u0441 \u0432 \u0443\u0441\u0442\u0430\u0442\u0430. \u041d\u0435 \u0443\u0432\u0440\u0435\u0436\u0434\u0430 \u0432\u0435\u043d\u0446\u0438\u0442\u0435. \u041d\u0435 \u043f\u0440\u0435\u0434\u0438\u0437\u0432\u0438\u043a\u0432\u0430 \u0430\u043b\u0435\u0440\u0433\u0438\u044f. \u041d\u0435 \u0438\u0437\u0438\u0441\u043a\u0432\u0430 \u043f\u0440\u043e\u0446\u0435\u0441 \u043d\u0430 \u0438\u0437\u0431\u0435\u043b\u0432\u0430\u043d\u0435. \u041d\u0435 \u0441\u0435 \u043d\u0430\u0431\u043b\u044e\u0434\u0430\u0432\u0430 \u043f\u0440\u043e\u043c\u044f\u043d\u0430 \u043d\u0430 \u0446\u0432\u0435\u0442\u0430. \u0423\u0441\u0442\u043e\u0439\u0447\u0438\u0432 \u0435 \u043d\u0430 \u043f\u0435\u0442\u043d\u0430 \u043e\u0442 \u043a\u0430\u0444\u0435, \u0447\u0430\u0439 \u0438 \u0446\u0438\u0433\u0430\u0440\u0438. \u0422\u043e\u0432\u0430 \u043b\u0435\u0447\u0435\u043d\u0438\u0435 \u0441\u0435 \u043f\u0440\u0438\u043b\u0430\u0433\u0430 \u043f\u0440\u043e\u0444\u0435\u0441\u0438\u043e\u043d\u0430\u043b\u043d\u043e \u0432 \u0411\u044e\u044e\u043a\u0447\u0435\u043a\u043c\u0435\u0434\u0436\u0435. \u0421\u0435\u0433\u0430 \u043d\u0435\u043a\u0430 \u0440\u0430\u0437\u0433\u043b\u0435\u0434\u0430\u043c\u0435 \u043f\u043e\u0434\u0440\u043e\u0431\u043d\u043e \u043a\u0430\u043a\u0432\u043e \u043f\u0440\u0435\u0434\u0441\u0442\u0430\u0432\u043b\u044f\u0432\u0430 <strong>\u043b\u0435\u0447\u0435\u043d\u0438\u0435\u0442\u043e \u0441 \u0446\u0438\u0440\u043a\u043e\u043d\u0438\u0439 \u0432 B\u00fcy\u00fck\u00e7ekmece<\/strong>.            <\/p>\n<figure id=\"attachment_3651\" aria-describedby=\"caption-attachment-3651\" style=\"width: 224px\" class=\"wp-caption alignleft\"><img fetchpriority=\"high\" decoding=\"async\" class=\" wp-image-3651\" src=\"https:\/\/dentakdenizsifa.com\/wp-content\/uploads\/2025\/03\/woman-smiles-with-dental-shade-guide-indoors-joyful-woman-with-long-hair-holds-dental-shade-guide-cl-200x300.webp\" alt=\"\u0429\u0430\u0441\u0442\u043b\u0438\u0432\u0430 \u0436\u0435\u043d\u0430 \u0441\u0440\u0430\u0432\u043d\u044f\u0432\u0430 \u0446\u0438\u0440\u043a\u043e\u043d\u0438\u0435\u0432\u0438\u0442\u0435 \u0444\u0430\u0441\u0435\u0442\u0438 \u0441 \u0446\u0432\u0435\u0442\u0430 \u043d\u0430 \u0437\u044a\u0431\u0438\u0442\u0435 \u0441\u0438.\" width=\"224\" height=\"336\" srcset=\"https:\/\/dentakdenizsifa.com\/wp-content\/uploads\/2025\/03\/woman-smiles-with-dental-shade-guide-indoors-joyful-woman-with-long-hair-holds-dental-shade-guide-cl-200x300.webp 200w, https:\/\/dentakdenizsifa.com\/wp-content\/uploads\/2025\/03\/woman-smiles-with-dental-shade-guide-indoors-joyful-woman-with-long-hair-holds-dental-shade-guide-cl-683x1024.webp 683w, https:\/\/dentakdenizsifa.com\/wp-content\/uploads\/2025\/03\/woman-smiles-with-dental-shade-guide-indoors-joyful-woman-with-long-hair-holds-dental-shade-guide-cl-768x1152.webp 768w, https:\/\/dentakdenizsifa.com\/wp-content\/uploads\/2025\/03\/woman-smiles-with-dental-shade-guide-indoors-joyful-woman-with-long-hair-holds-dental-shade-guide-cl-1024x1536.webp 1024w, https:\/\/dentakdenizsifa.com\/wp-content\/uploads\/2025\/03\/woman-smiles-with-dental-shade-guide-indoors-joyful-woman-with-long-hair-holds-dental-shade-guide-cl-1365x2048.webp 1365w, https:\/\/dentakdenizsifa.com\/wp-content\/uploads\/2025\/03\/woman-smiles-with-dental-shade-guide-indoors-joyful-woman-with-long-hair-holds-dental-shade-guide-cl-scaled.webp 1707w\" sizes=\"(max-width: 224px) 100vw, 224px\" \/><figcaption id=\"caption-attachment-3651\" class=\"wp-caption-text\">\u041e\u0442\u043a\u0440\u0438\u0439\u0442\u0435 \u0432\u044a\u0437\u043c\u043e\u0436\u043d\u043e\u0441\u0442\u0438\u0442\u0435 \u0437\u0430 \u0446\u0438\u0440\u043a\u043e\u043d\u0438\u0435\u0432\u043e \u043f\u043e\u043a\u0440\u0438\u0442\u0438\u0435 \u043d\u0430 \u0437\u044a\u0431\u0438\u0442\u0435, \u0437\u0430 \u0434\u0430 \u043d\u0430\u043f\u0440\u0430\u0432\u0438\u0442\u0435 \u0443\u0441\u043c\u0438\u0432\u043a\u0430\u0442\u0430 \u0441\u0438 \u0441\u044a\u0432\u044a\u0440\u0448\u0435\u043d\u0430! \u0415\u0441\u0442\u0435\u0442\u0438\u0447\u043d\u043e\u0442\u043e \u0441\u0442\u043e\u043c\u0430\u0442\u043e\u043b\u043e\u0433\u0438\u0447\u043d\u043e \u043b\u0435\u0447\u0435\u043d\u0438\u0435 \u0432 \u0411\u044e\u044e\u043a\u0447\u0435\u043a\u043c\u0435\u0434\u0436\u0435 \u0432\u0438 \u043e\u0447\u0430\u043a\u0432\u0430.<\/figcaption><\/figure>\n<h2 data-start=\"631\" data-end=\"675\"><strong data-start=\"631\" data-end=\"673\">\u041a\u0430\u043a\u0432\u043e \u043f\u0440\u0435\u0434\u0441\u0442\u0430\u0432\u043b\u044f\u0432\u0430 \u043b\u0435\u0447\u0435\u043d\u0438\u0435\u0442\u043e \u0441 \u0446\u0438\u0440\u043a\u043e\u043d\u0438\u0439 Buyukcekmece?<\/strong><\/h2>\n<p data-start=\"677\" data-end=\"1269\"><a href=\"https:\/\/dentakdenizsifa.com\/zirkonyum-tedavisi\/\">\u0426\u0438\u0440\u043a\u043e\u043d\u0438\u044f\u0442<\/a> \u0435 \u0437\u0434\u0440\u0430\u0432 \u043c\u0430\u0442\u0435\u0440\u0438\u0430\u043b, \u043a\u043e\u0439\u0442\u043e \u0441\u0435 \u0438\u0437\u043f\u043e\u043b\u0437\u0432\u0430 \u043f\u0440\u0438 \u0437\u044a\u0431\u043d\u0438\u0442\u0435 \u0444\u0430\u0441\u0435\u0442\u0438. \u0422\u043e\u0439 \u043e\u0441\u0438\u0433\u0443\u0440\u044f\u0432\u0430 \u043d\u0430\u0439-\u0431\u043b\u0438\u0437\u043a\u0438\u044f \u0434\u043e \u0435\u0441\u0442\u0435\u0441\u0442\u0432\u0435\u043d\u0438\u0442\u0435 \u0437\u044a\u0431\u0438 \u0432\u044a\u043d\u0448\u0435\u043d \u0432\u0438\u0434. \u0422\u043e\u0439 \u043d\u0435 \u0441\u044a\u0434\u044a\u0440\u0436\u0430 \u043c\u0435\u0442\u0430\u043b. \u0418\u0434\u0435\u0430\u043b\u0435\u043d \u0437\u0430 \u043f\u0430\u0446\u0438\u0435\u043d\u0442\u0438 \u0441 \u0435\u0441\u0442\u0435\u0442\u0438\u0447\u0435\u0441\u043a\u0438 \u043f\u0440\u043e\u0431\u043b\u0435\u043c\u0438. \u041f\u0440\u0438\u0442\u0435\u0436\u0430\u0432\u0430 \u0432\u0438\u0441\u043e\u043a\u0430 \u0438\u0437\u0434\u0440\u044a\u0436\u043b\u0438\u0432\u043e\u0441\u0442. \u0423\u0441\u0442\u043e\u0439\u0447\u0438\u0432 \u0435 \u043d\u0430 \u043d\u0430\u0442\u0438\u0441\u043a \u043f\u0440\u0438 \u0434\u044a\u0432\u0447\u0435\u043d\u0435. \u0421\u0438\u043b\u043d\u0430 \u0435 \u0441\u0440\u0435\u0449\u0443 \u0441\u0447\u0443\u043f\u0432\u0430\u043d\u0438\u044f. \u041f\u0440\u0435\u0434\u043b\u0430\u0433\u0430 \u0435\u0441\u0442\u0435\u0441\u0442\u0432\u0435\u043d \u0431\u043b\u044f\u0441\u044a\u043a \u0431\u043b\u0430\u0433\u043e\u0434\u0430\u0440\u0435\u043d\u0438\u0435 \u043d\u0430 \u043f\u0440\u043e\u043f\u0443\u0441\u043a\u0430\u043d\u0435\u0442\u043e \u043d\u0430 \u0441\u0432\u0435\u0442\u043b\u0438\u043d\u0430. \u041f\u0435\u0440\u0444\u0435\u043a\u0442\u043d\u0430 \u0445\u0430\u0440\u043c\u043e\u043d\u0438\u044f \u0441 \u0432\u0435\u043d\u0446\u0438\u0442\u0435. \u041d\u0435 \u043f\u0440\u0435\u0434\u0438\u0437\u0432\u0438\u043a\u0432\u0430 \u0440\u0435\u0446\u0435\u0441\u0438\u044f \u043d\u0430 \u0432\u0435\u043d\u0446\u0438\u0442\u0435. \u0412\u0438\u0441\u043e\u043a\u0430 \u0438\u043d\u0442\u0440\u0430\u043e\u0440\u0430\u043b\u043d\u0430 \u0441\u044a\u0432\u043c\u0435\u0441\u0442\u0438\u043c\u043e\u0441\u0442. \u041d\u0435 \u043f\u0440\u0435\u0434\u0438\u0437\u0432\u0438\u043a\u0432\u0430 \u0430\u043b\u0435\u0440\u0433\u0438\u0447\u043d\u0430 \u0440\u0435\u0430\u043a\u0446\u0438\u044f. \u0418\u0437\u0433\u043b\u0435\u0436\u0434\u0430 \u043f\u043e-\u0435\u0441\u0442\u0435\u0441\u0442\u0432\u0435\u043d\u043e \u043e\u0442 \u043f\u043e\u0440\u0446\u0435\u043b\u0430\u043d\u0430. \u041c\u043e\u0436\u0435 \u0434\u0430 \u0441\u0435 \u0438\u0437\u043f\u043e\u043b\u0437\u0432\u0430 \u0431\u0435\u0437\u043e\u043f\u0430\u0441\u043d\u043e \u0432\u044a\u0440\u0445\u0443 \u043f\u0440\u0435\u0434\u043d\u0438 \u0438 \u0437\u0430\u0434\u043d\u0438 \u0437\u044a\u0431\u0438. \u0427\u0435\u0441\u0442\u043e \u0441\u0435 \u043f\u0440\u0435\u0434\u043f\u043e\u0447\u0438\u0442\u0430 \u043f\u0440\u0438 \u043f\u0440\u043e\u0435\u043a\u0442\u0438\u0440\u0430\u043d\u0435\u0442\u043e \u043d\u0430 \u0443\u0441\u043c\u0438\u0432\u043a\u0438. \u0421\u0435\u0433\u0430 \u043d\u0435\u043a\u0430 \u0440\u0430\u0437\u0433\u043b\u0435\u0434\u0430\u043c\u0435 \u043a\u0430\u043a \u0441\u0435 \u043f\u0440\u0438\u043b\u0430\u0433\u0430 <strong data-start=\"1271\" data-end=\"1321\">\u043b\u0435\u0447\u0435\u043d\u0438\u0435\u0442\u043e \u0441 \u0446\u0438\u0440\u043a\u043e\u043d\u0438\u0439 B\u00fcy\u00fck\u00e7ekmece <\/strong>.               <\/p>\n<h2 data-start=\"1271\" data-end=\"1323\"><strong data-start=\"1271\" data-end=\"1321\">\u041a\u0430\u043a \u0441\u0435 \u043b\u0435\u043a\u0443\u0432\u0430 \u0446\u0438\u0440\u043a\u043e\u043d\u0438\u0439 \u0432 \u0411\u0443\u044e\u043a\u0447\u0435\u043a\u043c\u0435\u0434\u0436\u0435?<\/strong><\/h2>\n<p data-start=\"1325\" data-end=\"1873\">\u041f\u044a\u0440\u0432\u043e \u0441\u0435 \u0438\u0437\u0432\u044a\u0440\u0448\u0432\u0430 \u043f\u043e\u0434\u0440\u043e\u0431\u0435\u043d \u043f\u0440\u0435\u0433\u043b\u0435\u0434. \u041e\u0446\u0435\u043d\u044f\u0432\u0430 \u0441\u0435 \u0442\u0435\u043a\u0443\u0449\u043e\u0442\u043e \u0441\u044a\u0441\u0442\u043e\u044f\u043d\u0438\u0435 \u043d\u0430 \u0437\u044a\u0431\u0438\u0442\u0435. \u0418\u0437\u0432\u044a\u0440\u0448\u0432\u0430\u0442 \u0441\u0435 \u0446\u0438\u0444\u0440\u043e\u0432\u0438 \u0438\u0437\u043c\u0435\u0440\u0432\u0430\u043d\u0438\u044f. \u0410\u043a\u043e \u0435 \u043d\u0435\u043e\u0431\u0445\u043e\u0434\u0438\u043c\u043e, \u0432\u044a\u0440\u0445\u0443 \u0437\u044a\u0431\u0438\u0442\u0435 \u0441\u0435 \u043f\u0440\u0430\u0432\u044f\u0442 \u043c\u0430\u043b\u043a\u0438 \u0430\u0431\u0440\u0430\u0437\u0438\u0438. \u0418\u0437\u0433\u043e\u0442\u0432\u044f \u0441\u0435 \u043f\u0435\u0440\u0441\u043e\u043d\u0430\u043b\u0438\u0437\u0438\u0440\u0430\u043d\u043e \u0446\u0438\u0440\u043a\u043e\u043d\u0438\u0435\u0432\u043e \u043f\u043e\u043a\u0440\u0438\u0442\u0438\u0435. \u041e\u043f\u0440\u0435\u0434\u0435\u043b\u044f \u0441\u0435 \u043f\u043e\u0434\u0445\u043e\u0434\u044f\u0449\u0438\u044f\u0442 \u0437\u0430 \u0446\u0432\u0435\u0442\u0430 \u043d\u0430 \u0437\u044a\u0431\u0438\u0442\u0435 \u043d\u044e\u0430\u043d\u0441. \u041f\u043e\u0441\u0442\u0430\u0432\u044f\u0442 \u0441\u0435 \u0432\u0440\u0435\u043c\u0435\u043d\u043d\u0438 \u0444\u0430\u0441\u0435\u0442\u0438. \u041f\u043e\u0441\u0442\u043e\u044f\u043d\u043d\u0438\u0442\u0435 \u0444\u0430\u0441\u0435\u0442\u0438 \u0441\u0435 \u043f\u043e\u0434\u0433\u043e\u0442\u0432\u044f\u0442 \u0432 \u043b\u0430\u0431\u043e\u0440\u0430\u0442\u043e\u0440\u0438\u044f\u0442\u0430. \u041f\u043e\u0434\u0433\u043e\u0442\u0432\u0435\u043d\u0438\u0442\u0435 \u0444\u0430\u0441\u0435\u0442\u0438 \u0441\u0435 \u0437\u0430\u043b\u0435\u043f\u0432\u0430\u0442 \u043a\u044a\u043c \u0437\u044a\u0431\u0438\u0442\u0435. \u0418\u0437\u043f\u043e\u043b\u0437\u0432\u0430 \u0441\u0435 \u0441\u043f\u0435\u0446\u0438\u0430\u043b\u043d\u043e \u043b\u0435\u043f\u0438\u043b\u043e. \u041f\u0440\u043e\u0432\u0435\u0440\u044f\u0432\u0430 \u0441\u0435 \u0441\u044a\u043e\u0442\u0432\u0435\u0442\u0441\u0442\u0432\u0438\u0435\u0442\u043e. \u0423\u0434\u043e\u0432\u043b\u0435\u0442\u0432\u043e\u0440\u0435\u043d\u0438\u0435\u0442\u043e \u043d\u0430 \u043f\u0430\u0446\u0438\u0435\u043d\u0442\u0430 \u0435 \u0432\u0430\u0436\u043d\u043e. \u041f\u0440\u043e\u0446\u0435\u0441\u044a\u0442 \u043f\u0440\u0438\u043a\u043b\u044e\u0447\u0432\u0430 \u0437\u0430 \u043a\u0440\u0430\u0442\u043a\u043e \u0432\u0440\u0435\u043c\u0435. \u041f\u043e\u043b\u0443\u0447\u0430\u0432\u0430 \u0441\u0435 \u0435\u0441\u0442\u0435\u0441\u0442\u0432\u0435\u043d \u0438 \u0435\u0441\u0442\u0435\u0442\u0438\u0447\u0435\u043d \u0432\u0438\u0434. \u0421\u0435\u0433\u0430 \u043d\u0435\u043a\u0430 \u0432\u0438\u0434\u0438\u043c<strong data-start=\"1875\" data-end=\"1918\">\u043a\u043e\u044f <\/strong>\u043a\u043b\u0438\u043d\u0438\u043a\u0430 \u0441\u0435 \u043f\u0440\u0435\u043f\u043e\u0440\u044a\u0447\u0432\u0430 \u0437\u0430 <strong data-start=\"1875\" data-end=\"1918\">\u043b\u0435\u0447\u0435\u043d\u0438\u0435 \u0441 \u0446\u0438\u0440\u043a\u043e\u043d\u0438\u0439 \u0432 \u0411\u044e\u044e\u043a\u0447\u0435\u043a\u043c\u0435\u0434\u0436\u0435<\/strong>.              <\/p>\n<h3 data-start=\"1875\" data-end=\"1920\"><strong data-start=\"1875\" data-end=\"1918\">\u0421\u044a\u0432\u0435\u0442\u0438 \u0437\u0430 \u043b\u0435\u0447\u0435\u043d\u0438\u0435 \u0441 \u0446\u0438\u0440\u043a\u043e\u043d\u0438\u0439 Buyukcekmece<\/strong><\/h3>\n<p data-start=\"1922\" data-end=\"2494\">\u0412\u0430\u0436\u043d\u043e \u0435 \u0434\u0430 \u0438\u0437\u0431\u0435\u0440\u0435\u0442\u0435 \u043e\u043f\u0438\u0442\u043d\u0430 \u043a\u043b\u0438\u043d\u0438\u043a\u0430 \u0437\u0430 \u043b\u0435\u0447\u0435\u043d\u0438\u0435 \u0441 \u0446\u0438\u0440\u043a\u043e\u043d\u0438\u0439. \u041f\u0440\u043e\u0446\u0435\u0434\u0443\u0440\u0430\u0442\u0430 \u0442\u0440\u044f\u0431\u0432\u0430 \u0434\u0430 \u0441\u0435 \u0438\u0437\u0432\u044a\u0440\u0448\u0432\u0430 \u043e\u0442 \u0441\u043f\u0435\u0446\u0438\u0430\u043b\u0438\u0437\u0438\u0440\u0430\u043d\u0438 \u0441\u0442\u043e\u043c\u0430\u0442\u043e\u043b\u043e\u0437\u0438. \u0418\u0437\u043f\u043e\u043b\u0437\u0432\u0430\u043d\u0438\u044f\u0442 \u043c\u0430\u0442\u0435\u0440\u0438\u0430\u043b \u0442\u0440\u044f\u0431\u0432\u0430 \u0434\u0430 \u0435 \u0441 \u0432\u0438\u0441\u043e\u043a\u043e \u043a\u0430\u0447\u0435\u0441\u0442\u0432\u043e. \u041d\u0430\u0434\u0435\u0436\u0434\u0435\u043d \u0430\u0434\u0440\u0435\u0441 \u0432 \u0411\u044e\u044e\u043a\u0447\u0435\u043a\u043c\u0435\u0434\u0436\u0435 \u0435 <strong data-start=\"2110\" data-end=\"2163\">\u043f\u043e\u043b\u0438\u043a\u043b\u0438\u043d\u0438\u043a\u0430\u0442\u0430 \u0437\u0430 \u043e\u0440\u0430\u043b\u043d\u043e \u0438 \u0441\u0442\u043e\u043c\u0430\u0442\u043e\u043b\u043e\u0433\u0438\u0447\u043d\u043e \u0437\u0434\u0440\u0430\u0432\u0435 Dent Akdeniz \u015eifa<\/strong>. \u0422\u044f \u043f\u0440\u0435\u0434\u043e\u0441\u0442\u0430\u0432\u044f \u0443\u0441\u043b\u0443\u0433\u0430\u0442\u0430 \u0441\u044a\u0441 \u0441\u0432\u043e\u044f \u0435\u043a\u0441\u043f\u0435\u0440\u0442\u0435\u043d \u043b\u0435\u043a\u0430\u0440\u0441\u043a\u0438 \u043f\u0435\u0440\u0441\u043e\u043d\u0430\u043b. \u0418\u0437\u043f\u043e\u043b\u0437\u0432\u0430 \u0441\u0435 \u043e\u0431\u043e\u0440\u0443\u0434\u0432\u0430\u043d\u0435 \u043f\u043e \u043f\u043e\u0441\u043b\u0435\u0434\u043d\u0430 \u0442\u0435\u0445\u043d\u043e\u043b\u043e\u0433\u0438\u044f. \u0421\u044a\u0437\u0434\u0430\u0432\u0430 \u0441\u0435 \u043f\u043b\u0430\u043d \u0437\u0430 \u043b\u0435\u0447\u0435\u043d\u0438\u0435, \u0441\u044a\u043e\u0431\u0440\u0430\u0437\u0435\u043d \u0441\u044a\u0441 \u0441\u043f\u0435\u0446\u0438\u0444\u0438\u043a\u0430\u0442\u0430 \u043d\u0430 \u043f\u0430\u0446\u0438\u0435\u043d\u0442\u0430. \u0426\u0435\u043b\u0438 \u0441\u0435 \u043f\u043e\u0441\u0442\u0438\u0433\u0430\u043d\u0435\u0442\u043e \u043d\u0430 \u0435\u0441\u0442\u0435\u0441\u0442\u0432\u0435\u043d\u0438 \u0438 \u0435\u0441\u0442\u0435\u0442\u0438\u0447\u043d\u0438 \u0440\u0435\u0437\u0443\u043b\u0442\u0430\u0442\u0438. \u0421\u0442\u0440\u0438\u043a\u0442\u043d\u043e \u0441\u0435 \u0441\u043f\u0430\u0437\u0432\u0430\u0442 <a href=\"https:\/\/tr.wikipedia.org\/wiki\/Hijyen\" target=\"_blank\" rel=\"noopener\">\u043f\u0440\u0430\u0432\u0438\u043b\u0430\u0442\u0430 \u0437\u0430 \u0445\u0438\u0433\u0438\u0435\u043d\u0430<\/a>. \u0423\u0434\u043e\u0432\u043b\u0435\u0442\u0432\u043e\u0440\u0435\u043d\u0438\u0435\u0442\u043e \u043d\u0430 \u043f\u0430\u0446\u0438\u0435\u043d\u0442\u0438\u0442\u0435 \u0435 \u043d\u0430 \u043f\u0440\u0435\u0434\u0435\u043d \u043f\u043b\u0430\u043d. \u041e\u0441\u0438\u0433\u0443\u0440\u044f\u0432\u0430 \u0441\u0435 \u043a\u043e\u043c\u0444\u043e\u0440\u0442\u0435\u043d \u043f\u0440\u043e\u0446\u0435\u0441 \u043d\u0430 \u043b\u0435\u0447\u0435\u043d\u0438\u0435. \u0414\u0430\u0432\u0430\u0442 \u0441\u0435 \u043f\u0440\u0435\u043f\u043e\u0440\u044a\u043a\u0438 \u0437\u0430 \u0433\u0440\u0438\u0436\u0438 \u0441\u043b\u0435\u0434 \u043b\u0435\u0447\u0435\u043d\u0438\u0435\u0442\u043e. \u0410 \u0441\u0435\u0433\u0430 \u0434\u0430 \u043f\u0440\u0435\u043c\u0438\u043d\u0435\u043c \u043a\u044a\u043c \u0446\u0435\u043d\u0438\u0442\u0435 \u043d\u0430 <strong data-start=\"2496\" data-end=\"2541\">\u043b\u0435\u0447\u0435\u043d\u0438\u0435\u0442\u043e \u0441 \u0446\u0438\u0440\u043a\u043e\u043d\u0438\u0439 \u0432 B\u00fcy\u00fck\u00e7ekmece <\/strong>.           <\/p>\n<h3 data-start=\"2496\" data-end=\"2543\"><strong data-start=\"2496\" data-end=\"2541\">Buyukcekmece \u0426\u0435\u043d\u0438 \u0437\u0430 \u043b\u0435\u0447\u0435\u043d\u0438\u0435 \u0441 \u0446\u0438\u0440\u043a\u043e\u043d\u0438\u0439<\/strong><\/h3>\n<p data-start=\"2545\" data-end=\"3152\" data-is-last-node=\"\" data-is-only-node=\"\">\u0426\u0435\u043d\u0438\u0442\u0435 \u043d\u0430 \u043b\u0435\u0447\u0435\u043d\u0438\u0435\u0442\u043e \u0441 \u0446\u0438\u0440\u043a\u043e\u043d\u0438\u0439 \u0437\u0430\u0432\u0438\u0441\u044f\u0442 \u043e\u0442 \u0440\u0430\u0437\u043b\u0438\u0447\u043d\u0438 \u0444\u0430\u043a\u0442\u043e\u0440\u0438. \u0418\u0437\u043f\u043e\u043b\u0437\u0432\u0430\u043d\u0438\u044f\u0442 \u043c\u0430\u0442\u0435\u0440\u0438\u0430\u043b \u0432\u043b\u0438\u044f\u0435 \u0432\u044a\u0440\u0445\u0443 \u0446\u0435\u043d\u0430\u0442\u0430. \u0411\u0440\u043e\u044f\u0442 \u043d\u0430 \u0437\u044a\u0431\u0438\u0442\u0435 \u0435 \u0432\u0430\u0436\u0435\u043d \u0444\u0430\u043a\u0442\u043e\u0440, \u043e\u043f\u0440\u0435\u0434\u0435\u043b\u044f\u0449 \u0446\u0435\u043d\u0430\u0442\u0430. \u041e\u043f\u0438\u0442\u044a\u0442 \u043d\u0430 \u043b\u0435\u043a\u0443\u0432\u0430\u0449\u0438\u044f \u043b\u0435\u043a\u0430\u0440 \u0441\u044a\u0449\u043e \u0435 \u0435\u0444\u0435\u043a\u0442\u0438\u0432\u0435\u043d \u043f\u0440\u0438 \u043e\u043f\u0440\u0435\u0434\u0435\u043b\u044f\u043d\u0435\u0442\u043e \u043d\u0430 \u0446\u0435\u043d\u0430\u0442\u0430. \u0422\u0435\u0445\u043d\u043e\u043b\u043e\u0433\u0438\u044f\u0442\u0430, \u0438\u0437\u043f\u043e\u043b\u0437\u0432\u0430\u043d\u0430 \u0432 \u043a\u043b\u0438\u043d\u0438\u043a\u0430\u0442\u0430, \u0441\u044a\u0437\u0434\u0430\u0432\u0430 \u0440\u0430\u0437\u043b\u0438\u043a\u0430 \u0432 \u0446\u0435\u043d\u0430\u0442\u0430. \u0421\u0442\u0440\u0443\u043a\u0442\u0443\u0440\u0430\u0442\u0430 \u043d\u0430 \u0443\u0441\u0442\u043d\u0430\u0442\u0430 \u043a\u0443\u0445\u0438\u043d\u0430 \u043d\u0430 \u043f\u0430\u0446\u0438\u0435\u043d\u0442\u0430 \u0438 \u043d\u0435\u043e\u0431\u0445\u043e\u0434\u0438\u043c\u0438\u0442\u0435 \u0434\u043e\u043f\u044a\u043b\u043d\u0438\u0442\u0435\u043b\u043d\u0438 \u043f\u0440\u043e\u0446\u0435\u0434\u0443\u0440\u0438 \u043c\u043e\u0433\u0430\u0442 \u0434\u0430 \u043f\u0440\u043e\u043c\u0435\u043d\u044f\u0442 \u0446\u0435\u043d\u0430\u0442\u0430. \u0426\u0435\u043d\u0438\u0442\u0435 \u0432 \u0411\u0443\u044e\u043a\u0447\u0435\u043a\u043c\u0435\u0434\u0436\u0435 \u0432\u0430\u0440\u0438\u0440\u0430\u0442 \u0432 \u0437\u0430\u0432\u0438\u0441\u0438\u043c\u043e\u0441\u0442 \u043e\u0442 \u043a\u043b\u0438\u043d\u0438\u043a\u0430\u0442\u0430. \u0417\u0430 \u043f\u043e\u043b\u0443\u0447\u0430\u0432\u0430\u043d\u0435 \u043d\u0430 \u043d\u0430\u0439-\u0442\u043e\u0447\u043d\u0430 \u0438\u043d\u0444\u043e\u0440\u043c\u0430\u0446\u0438\u044f \u0437\u0430 \u0446\u0435\u043d\u0438\u0442\u0435 \u0435 \u043d\u0435\u043e\u0431\u0445\u043e\u0434\u0438\u043c \u043f\u0440\u0435\u0433\u043b\u0435\u0434. <strong data-start=\"2971\" data-end=\"3024\">\u041f\u043e\u043b\u0438\u043a\u043b\u0438\u043d\u0438\u043a\u0430\u0442\u0430 \u0437\u0430 \u043e\u0440\u0430\u043b\u043d\u043e \u0438 \u0441\u0442\u043e\u043c\u0430\u0442\u043e\u043b\u043e\u0433\u0438\u0447\u043d\u043e \u0437\u0434\u0440\u0430\u0432\u0435 Dent Akdeniz \u015eifa<\/strong> \u043f\u0440\u0435\u0434\u043b\u0430\u0433\u0430 \u0434\u043e\u0441\u0442\u044a\u043f\u043d\u0438 \u0438 \u043a\u0430\u0447\u0435\u0441\u0442\u0432\u0435\u043d\u0438 \u0443\u0441\u043b\u0443\u0433\u0438. \u0417\u0430 \u043f\u043e\u0434\u0440\u043e\u0431\u043d\u0430 \u0438\u043d\u0444\u043e\u0440\u043c\u0430\u0446\u0438\u044f <strong data-start=\"3093\" data-end=\"3120\"><a href=\"http:\/\/www.dentakdenizsifa.com\" target=\"_new\" rel=\"noopener\" data-start=\"3095\" data-end=\"3118\">www.dentakdenizsifa.com<\/a><\/strong> \u041c\u043e\u0436\u0435\u0442\u0435 \u0434\u0430 \u043f\u043e\u0441\u0435\u0442\u0438\u0442\u0435 \u0430\u0434\u0440\u0435\u0441\u0430: \u0421\u043e\u0444\u0438\u044f, \u0443\u043b.        <\/p>\n<p><iframe style=\"border: 0;\" src=\"https:\/\/www.google.com\/maps\/embed?pb=!1m18!1m12!1m3!1d3010.1303296296164!2d28.58126301198982!3d41.02240451843476!2m3!1f0!2f0!3f0!3m2!1i1024!2i768!4f13.1!3m3!1m2!1s0x14b55f4c21eea74d%3A0xd26ab3ed17af8afd!2zWcOcQ0VMRVIgQcSfxLF6IHZlIERpxZ8gU2HEn2zEscSfxLEgUG9saWtsaW5pxJ9pIELDvHnDvGvDp2VrbWVjZQ!5e0!3m2!1str!2str!4v1742339747212!5m2!1str!2str\" width=\"0,1\" height=\"0,1\" allowfullscreen=\"allowfullscreen\"><\/iframe><br \/>\n<iframe style=\"border: none; overflow: hidden;\" src=\"https:\/\/www.facebook.com\/plugins\/video.php?height=476&amp;href=https%3A%2F%2Fwww.facebook.com%2FEsteworld%2Fvideos%2F819725996335414%2F&amp;show_text=false&amp;width=267&amp;t=0\" width=\"0,1\" height=\"0,1\" frameborder=\"0\" scrolling=\"no\" allowfullscreen=\"allowfullscreen\"><\/iframe><\/p>\n","protected":false},"excerpt":{"rendered":"<p>\u0415\u0441\u0442\u0435\u0442\u0438\u043a\u0430\u0442\u0430 \u043d\u0430 \u0437\u044a\u0431\u0438\u0442\u0435 \u0435 \u0432\u0430\u0436\u043d\u0430 \u0437\u0430 \u043a\u0440\u0430\u0441\u0438\u0432\u0430\u0442\u0430 \u0443\u0441\u043c\u0438\u0432\u043a\u0430. \u041b\u0435\u0447\u0435\u043d\u0438\u0435\u0442\u043e \u0441 \u0446\u0438\u0440\u043a\u043e\u043d\u0438\u0439 \u0432 Buyukcekmece \u043f\u0440\u0435\u0434\u043b\u0430\u0433\u0430 \u0437\u0434\u0440\u0430\u0432\u0438 \u0438 \u0435\u0441\u0442\u0435\u0441\u0442\u0432\u0435\u043d\u043e \u0438\u0437\u0433\u043b\u0435\u0436\u0434\u0430\u0449\u0438 \u0437\u044a\u0431\u0438. \u0422\u043e \u0435 \u043f\u043e-\u0435\u0441\u0442\u0435\u0442\u0438\u0447\u043d\u043e \u043e\u0442 \u043f\u043e\u0434\u0434\u044a\u0440\u0436\u0430\u043d\u0438\u0442\u0435 \u043e\u0442 \u043c\u0435\u0442\u0430\u043b \u0444\u0430\u0441\u0435\u0442\u0438. \u0422\u043e \u0438\u043c\u0430 \u0441\u0442\u0440\u0443\u043a\u0442\u0443\u0440\u0430, \u0441\u044a\u0432\u043c\u0435\u0441\u0442\u0438\u043c\u0430 \u0441 \u0432\u0435\u043d\u0446\u0438\u0442\u0435. \u041e\u0441\u0438\u0433\u0443\u0440\u044f\u0432\u0430 \u0435\u0441\u0442\u0435\u0441\u0442\u0432\u0435\u043d \u0432\u044a\u043d\u0448\u0435\u043d \u0432\u0438\u0434 \u0431\u043b\u0430\u0433\u043e\u0434\u0430\u0440\u0435\u043d\u0438\u0435 \u043d\u0430 \u0444\u0443\u043d\u043a\u0446\u0438\u044f\u0442\u0430 \u0441\u0438 \u0437\u0430 \u043f\u0440\u043e\u043f\u0443\u0441\u043a\u0430\u043d\u0435 \u043d\u0430 \u0441\u0432\u0435\u0442\u043b\u0438\u043d\u0430. \u0422\u043e \u0435 \u0438\u0437\u0434\u0440\u044a\u0436\u043b\u0438\u0432\u043e \u0438 \u0434\u044a\u043b\u0433\u043e\u0442\u0440\u0430\u0439\u043d\u043e. \u041d\u0435 \u043e\u0441\u0442\u0430\u0432\u044f \u043c\u0435\u0442\u0430\u043b\u0435\u043d \u0432\u043a\u0443\u0441 \u0432 [&hellip;]<\/p>\n","protected":false},"author":1,"featured_media":3644,"parent":0,"menu_order":0,"comment_status":"closed","ping_status":"closed","template":"","meta":{"footnotes":""},"class_list":["post-3662","page","type-page","status-publish","has-post-thumbnail","hentry"],"_links":{"self":[{"href":"https:\/\/dentakdenizsifa.com\/bg\/wp-json\/wp\/v2\/pages\/3662","targetHints":{"allow":["GET"]}}],"collection":[{"href":"https:\/\/dentakdenizsifa.com\/bg\/wp-json\/wp\/v2\/pages"}],"about":[{"href":"https:\/\/dentakdenizsifa.com\/bg\/wp-json\/wp\/v2\/types\/page"}],"author":[{"embeddable":true,"href":"https:\/\/dentakdenizsifa.com\/bg\/wp-json\/wp\/v2\/users\/1"}],"replies":[{"embeddable":true,"href":"https:\/\/dentakdenizsifa.com\/bg\/wp-json\/wp\/v2\/comments?post=3662"}],"version-history":[{"count":0,"href":"https:\/\/dentakdenizsifa.com\/bg\/wp-json\/wp\/v2\/pages\/3662\/revisions"}],"wp:featuredmedia":[{"embeddable":true,"href":"https:\/\/dentakdenizsifa.com\/bg\/wp-json\/wp\/v2\/media\/3644"}],"wp:attachment":[{"href":"https:\/\/dentakdenizsifa.com\/bg\/wp-json\/wp\/v2\/media?parent=3662"}],"curies":[{"name":"wp","href":"https:\/\/api.w.org\/{rel}","templated":true}]}}