{"id":2039,"date":"2024-12-25T22:47:20","date_gmt":"2024-12-25T19:47:20","guid":{"rendered":"https:\/\/dentakdenizsifa.com\/%d0%bd%d0%b0%d1%88%d0%b8%d1%82%d0%b5-%d0%ba%d0%bb%d0%be%d0%bd%d0%be%d0%b2%d0%b5\/"},"modified":"2026-02-09T11:00:11","modified_gmt":"2026-02-09T08:00:11","slug":"%d0%bd%d0%b0%d1%88%d0%b8%d1%82%d0%b5-%d0%ba%d0%bb%d0%be%d0%bd%d0%be%d0%b2%d0%b5","status":"publish","type":"page","link":"https:\/\/dentakdenizsifa.com\/bg\/%d0%bd%d0%b0%d1%88%d0%b8%d1%82%d0%b5-%d0%ba%d0%bb%d0%be%d0%bd%d0%be%d0%b2%d0%b5\/","title":{"rendered":"\u041a\u043b\u043e\u043d\u043e\u0432\u0435"},"content":{"rendered":"\t\t<div data-elementor-type=\"wp-page\" data-elementor-id=\"2039\" class=\"elementor elementor-2039 elementor-2036\" data-elementor-post-type=\"page\">\n\t\t\t\t<div class=\"elementor-element elementor-element-9654a4f e-flex e-con-boxed e-con e-parent\" data-id=\"9654a4f\" data-element_type=\"container\" data-e-type=\"container\">\n\t\t\t\t\t<div class=\"e-con-inner\">\n\t\t\t\t<div class=\"elementor-element elementor-element-b9a5057 elementor-widget elementor-widget-gallery\" data-id=\"b9a5057\" data-element_type=\"widget\" data-e-type=\"widget\" data-settings=\"{&quot;lazyload&quot;:&quot;yes&quot;,&quot;gallery_layout&quot;:&quot;grid&quot;,&quot;columns&quot;:4,&quot;columns_tablet&quot;:2,&quot;columns_mobile&quot;:1,&quot;gap&quot;:{&quot;unit&quot;:&quot;px&quot;,&quot;size&quot;:10,&quot;sizes&quot;:[]},&quot;gap_tablet&quot;:{&quot;unit&quot;:&quot;px&quot;,&quot;size&quot;:10,&quot;sizes&quot;:[]},&quot;gap_mobile&quot;:{&quot;unit&quot;:&quot;px&quot;,&quot;size&quot;:10,&quot;sizes&quot;:[]},&quot;link_to&quot;:&quot;file&quot;,&quot;aspect_ratio&quot;:&quot;3:2&quot;,&quot;overlay_background&quot;:&quot;yes&quot;,&quot;content_hover_animation&quot;:&quot;fade-in&quot;}\" data-widget_type=\"gallery.default\">\n\t\t\t\t<div class=\"elementor-widget-container\">\n\t\t\t\t\t\t\t<div class=\"elementor-gallery__container\">\n\t\t\t\t\t\t\t<a class=\"e-gallery-item elementor-gallery-item elementor-animated-content\" href=\"https:\/\/dentakdenizsifa.com\/wp-content\/uploads\/2025\/02\/DSC55680.png\" data-elementor-open-lightbox=\"yes\" data-elementor-lightbox-slideshow=\"b9a5057\" data-elementor-lightbox-title=\"DSC55680\" data-e-action-hash=\"#elementor-action%3Aaction%3Dlightbox%26settings%3DeyJpZCI6MjQ4MiwidXJsIjoiaHR0cHM6XC9cL2RlbnRha2Rlbml6c2lmYS5jb21cL3dwLWNvbnRlbnRcL3VwbG9hZHNcLzIwMjVcLzAyXC9EU0M1NTY4MC5wbmciLCJzbGlkZXNob3ciOiJiOWE1MDU3In0%3D\">\n\t\t\t\t\t<div class=\"e-gallery-image elementor-gallery-item__image\" data-thumbnail=\"https:\/\/dentakdenizsifa.com\/wp-content\/uploads\/2025\/02\/DSC55680-300x168.png\" data-width=\"300\" data-height=\"168\" aria-label=\"\" role=\"img\" ><\/div>\n\t\t\t\t\t\t\t\t\t\t\t<div class=\"elementor-gallery-item__overlay\"><\/div>\n\t\t\t\t\t\t\t\t\t\t\t\t\t\t<\/a>\n\t\t\t\t\t\t\t<a class=\"e-gallery-item elementor-gallery-item elementor-animated-content\" href=\"https:\/\/dentakdenizsifa.com\/wp-content\/uploads\/2025\/02\/DSC55681.png\" data-elementor-open-lightbox=\"yes\" data-elementor-lightbox-slideshow=\"b9a5057\" data-elementor-lightbox-title=\"DSC55681\" data-elementor-lightbox-description=\"B\u00fcy\u00fck\u00e7ekmece Di\u015f Hekimi\" data-e-action-hash=\"#elementor-action%3Aaction%3Dlightbox%26settings%3DeyJpZCI6MjQ4OSwidXJsIjoiaHR0cHM6XC9cL2RlbnRha2Rlbml6c2lmYS5jb21cL3dwLWNvbnRlbnRcL3VwbG9hZHNcLzIwMjVcLzAyXC9EU0M1NTY4MS5wbmciLCJzbGlkZXNob3ciOiJiOWE1MDU3In0%3D\">\n\t\t\t\t\t<div class=\"e-gallery-image elementor-gallery-item__image\" data-thumbnail=\"https:\/\/dentakdenizsifa.com\/wp-content\/uploads\/2025\/02\/DSC55681-300x168.png\" data-width=\"300\" data-height=\"168\" aria-label=\"B\u00fcy\u00fck\u00e7ekmece Di\u015f Hekimi\" role=\"img\" ><\/div>\n\t\t\t\t\t\t\t\t\t\t\t<div class=\"elementor-gallery-item__overlay\"><\/div>\n\t\t\t\t\t\t\t\t\t\t\t\t\t\t<\/a>\n\t\t\t\t\t\t\t<a class=\"e-gallery-item elementor-gallery-item elementor-animated-content\" href=\"https:\/\/dentakdenizsifa.com\/wp-content\/uploads\/2025\/02\/DSC55682.png\" data-elementor-open-lightbox=\"yes\" data-elementor-lightbox-slideshow=\"b9a5057\" data-elementor-lightbox-title=\"DSC55682\" data-e-action-hash=\"#elementor-action%3Aaction%3Dlightbox%26settings%3DeyJpZCI6MjQ5NiwidXJsIjoiaHR0cHM6XC9cL2RlbnRha2Rlbml6c2lmYS5jb21cL3dwLWNvbnRlbnRcL3VwbG9hZHNcLzIwMjVcLzAyXC9EU0M1NTY4Mi5wbmciLCJzbGlkZXNob3ciOiJiOWE1MDU3In0%3D\">\n\t\t\t\t\t<div class=\"e-gallery-image elementor-gallery-item__image\" data-thumbnail=\"https:\/\/dentakdenizsifa.com\/wp-content\/uploads\/2025\/02\/DSC55682-300x168.png\" data-width=\"300\" data-height=\"168\" aria-label=\"\" role=\"img\" ><\/div>\n\t\t\t\t\t\t\t\t\t\t\t<div class=\"elementor-gallery-item__overlay\"><\/div>\n\t\t\t\t\t\t\t\t\t\t\t\t\t\t<\/a>\n\t\t\t\t\t\t\t<a class=\"e-gallery-item elementor-gallery-item elementor-animated-content\" href=\"https:\/\/dentakdenizsifa.com\/wp-content\/uploads\/2025\/02\/DSC55683.png\" data-elementor-open-lightbox=\"yes\" data-elementor-lightbox-slideshow=\"b9a5057\" data-elementor-lightbox-title=\"DSC55683\" data-e-action-hash=\"#elementor-action%3Aaction%3Dlightbox%26settings%3DeyJpZCI6MjUwMywidXJsIjoiaHR0cHM6XC9cL2RlbnRha2Rlbml6c2lmYS5jb21cL3dwLWNvbnRlbnRcL3VwbG9hZHNcLzIwMjVcLzAyXC9EU0M1NTY4My5wbmciLCJzbGlkZXNob3ciOiJiOWE1MDU3In0%3D\">\n\t\t\t\t\t<div class=\"e-gallery-image elementor-gallery-item__image\" data-thumbnail=\"https:\/\/dentakdenizsifa.com\/wp-content\/uploads\/2025\/02\/DSC55683-300x169.png\" data-width=\"300\" data-height=\"169\" aria-label=\"\" role=\"img\" ><\/div>\n\t\t\t\t\t\t\t\t\t\t\t<div class=\"elementor-gallery-item__overlay\"><\/div>\n\t\t\t\t\t\t\t\t\t\t\t\t\t\t<\/a>\n\t\t\t\t\t<\/div>\n\t\t\t\t\t<\/div>\n\t\t\t\t<\/div>\n\t\t\t\t\t<\/div>\n\t\t\t\t<\/div>\n\t\t<div class=\"elementor-element elementor-element-ca637df e-flex e-con-boxed elementor-invisible e-con e-parent\" data-id=\"ca637df\" data-element_type=\"container\" data-e-type=\"container\" data-settings=\"{&quot;background_background&quot;:&quot;classic&quot;,&quot;animation&quot;:&quot;fadeInLeft&quot;}\">\n\t\t\t\t\t<div class=\"e-con-inner\">\n\t\t\t\t<div class=\"elementor-element elementor-element-703a190 elementor-widget elementor-widget-heading\" data-id=\"703a190\" data-element_type=\"widget\" data-e-type=\"widget\" data-widget_type=\"heading.default\">\n\t\t\t\t<div class=\"elementor-widget-container\">\n\t\t\t\t\t<h2 class=\"elementor-heading-title elementor-size-default\">\u041d\u0430\u0448\u0438\u0442\u0435 \u043b\u0435\u043a\u0430\u0440\u0438<\/h2>\t\t\t\t<\/div>\n\t\t\t\t<\/div>\n\t\t\t\t<div class=\"elementor-element elementor-element-8750de7 elementor-widget elementor-widget-heading\" data-id=\"8750de7\" data-element_type=\"widget\" data-e-type=\"widget\" data-widget_type=\"heading.default\">\n\t\t\t\t<div class=\"elementor-widget-container\">\n\t\t\t\t\t<h2 class=\"elementor-heading-title elementor-size-default\">\u041d\u0438\u0435 \u0432\u0438 \u0433\u0430\u0440\u0430\u043d\u0442\u0438\u0440\u0430\u043c\u0435 \u0437\u0434\u0440\u0430\u0432\u0430 \u0443\u0441\u043c\u0438\u0432\u043a\u0430, \u043a\u0430\u0442\u043e \u0438\u0437\u0431\u0438\u0440\u0430\u043c\u0435 \u043d\u0430\u0439-\u043f\u043e\u0434\u0445\u043e\u0434\u044f\u0449\u043e\u0442\u043e \u0437\u0430 \u0432\u0430\u0441 \u0441\u0442\u043e\u043c\u0430\u0442\u043e\u043b\u043e\u0433\u0438\u0447\u043d\u043e \u043b\u0435\u0447\u0435\u043d\u0438\u0435. \u041e\u0442 \u043b\u0435\u0447\u0435\u043d\u0438\u0435 \u0441 \u0438\u043c\u043f\u043b\u0430\u043d\u0442\u0438 \u0434\u043e \u043f\u0440\u043e\u0435\u043a\u0442\u0438\u0440\u0430\u043d\u0435 \u043d\u0430 \u0443\u0441\u043c\u0438\u0432\u043a\u0430 - \u043d\u0438\u0435 \u0441\u043c\u0435 \u043d\u0430 \u0432\u0430\u0448\u0435 \u0440\u0430\u0437\u043f\u043e\u043b\u043e\u0436\u0435\u043d\u0438\u0435 \u0441 \u043d\u0430\u0448\u0438\u044f \u0435\u043a\u0441\u043f\u0435\u0440\u0442\u0435\u043d \u043f\u0435\u0440\u0441\u043e\u043d\u0430\u043b. <\/h2>\t\t\t\t<\/div>\n\t\t\t\t<\/div>\n\t\t\t\t\t<\/div>\n\t\t\t\t<\/div>\n\t\t<div class=\"elementor-element elementor-element-4b89b63 e-flex e-con-boxed e-con e-parent\" data-id=\"4b89b63\" data-element_type=\"container\" data-e-type=\"container\">\n\t\t\t\t\t<div class=\"e-con-inner\">\n\t\t<div class=\"elementor-element elementor-element-9c29d1b e-con-full e-flex e-con e-child\" data-id=\"9c29d1b\" data-element_type=\"container\" data-e-type=\"container\">\n\t\t\t\t<div class=\"elementor-element elementor-element-803950a elementor-widget elementor-widget-image\" data-id=\"803950a\" data-element_type=\"widget\" data-e-type=\"widget\" data-widget_type=\"image.default\">\n\t\t\t\t<div class=\"elementor-widget-container\">\n\t\t\t\t\t\t\t\t\t\t\t\t\t\t\t\t<a href=\"https:\/\/dentakdenizsifa.com\/bg\/dt-mehmet-bekir-er\/\">\n\t\t\t\t\t\t\t<img fetchpriority=\"high\" decoding=\"async\" width=\"522\" height=\"654\" src=\"https:\/\/dentakdenizsifa.com\/wp-content\/uploads\/2025\/02\/Adsiz-tasarim-2025-02-19T005538.806.png\" class=\"attachment-large size-large wp-image-2416\" alt=\"\" srcset=\"https:\/\/dentakdenizsifa.com\/wp-content\/uploads\/2025\/02\/Adsiz-tasarim-2025-02-19T005538.806.png 522w, https:\/\/dentakdenizsifa.com\/wp-content\/uploads\/2025\/02\/Adsiz-tasarim-2025-02-19T005538.806-239x300.png 239w\" sizes=\"(max-width: 522px) 100vw, 522px\" \/>\t\t\t\t\t\t\t\t<\/a>\n\t\t\t\t\t\t\t\t\t\t\t\t\t\t\t<\/div>\n\t\t\t\t<\/div>\n\t\t\t\t<div class=\"elementor-element elementor-element-1815a00 elementor-widget elementor-widget-heading\" data-id=\"1815a00\" data-element_type=\"widget\" data-e-type=\"widget\" data-widget_type=\"heading.default\">\n\t\t\t\t<div class=\"elementor-widget-container\">\n\t\t\t\t\t<h2 class=\"elementor-heading-title elementor-size-default\"><a href=\"https:\/\/dentakdenizsifa.com\/bg\/dt-mehmet-bekir-er\/\">Dt.\nBekir ER <\/a><\/h2>\t\t\t\t<\/div>\n\t\t\t\t<\/div>\n\t\t\t\t<div class=\"elementor-element elementor-element-d86f568 elementor-widget elementor-widget-heading\" data-id=\"d86f568\" data-element_type=\"widget\" data-e-type=\"widget\" data-widget_type=\"heading.default\">\n\t\t\t\t<div class=\"elementor-widget-container\">\n\t\t\t\t\t<h2 class=\"elementor-heading-title elementor-size-default\">\u0417\u044a\u0431\u043e\u043b\u0435\u043a\u0430\u0440<\/h2>\t\t\t\t<\/div>\n\t\t\t\t<\/div>\n\t\t\t\t<\/div>\n\t\t<div class=\"elementor-element elementor-element-133c19a e-con-full e-flex e-con e-child\" data-id=\"133c19a\" data-element_type=\"container\" data-e-type=\"container\">\n\t\t\t\t<div class=\"elementor-element elementor-element-f7d8ae7 elementor-widget elementor-widget-image\" data-id=\"f7d8ae7\" data-element_type=\"widget\" data-e-type=\"widget\" data-widget_type=\"image.default\">\n\t\t\t\t<div class=\"elementor-widget-container\">\n\t\t\t\t\t\t\t\t\t\t\t\t\t\t\t\t<a href=\"https:\/\/dentakdenizsifa.com\/bg\/dt-betul-er\/\">\n\t\t\t\t\t\t\t<img decoding=\"async\" width=\"522\" height=\"654\" src=\"https:\/\/dentakdenizsifa.com\/wp-content\/uploads\/2024\/12\/betul-er.jpg\" class=\"attachment-large size-large wp-image-1055\" alt=\"\" srcset=\"https:\/\/dentakdenizsifa.com\/wp-content\/uploads\/2024\/12\/betul-er.jpg 522w, https:\/\/dentakdenizsifa.com\/wp-content\/uploads\/2024\/12\/betul-er-239x300.jpg 239w\" sizes=\"(max-width: 522px) 100vw, 522px\" \/>\t\t\t\t\t\t\t\t<\/a>\n\t\t\t\t\t\t\t\t\t\t\t\t\t\t\t<\/div>\n\t\t\t\t<\/div>\n\t\t\t\t<div class=\"elementor-element elementor-element-78d95bc elementor-widget elementor-widget-heading\" data-id=\"78d95bc\" data-element_type=\"widget\" data-e-type=\"widget\" data-widget_type=\"heading.default\">\n\t\t\t\t<div class=\"elementor-widget-container\">\n\t\t\t\t\t<h2 class=\"elementor-heading-title elementor-size-default\"><a href=\"https:\/\/dentakdenizsifa.com\/bg\/dt-betul-er\/\">Dt.\nBet\u00fcl Er \n<\/a><\/h2>\t\t\t\t<\/div>\n\t\t\t\t<\/div>\n\t\t\t\t<div class=\"elementor-element elementor-element-4c2a8dc elementor-widget elementor-widget-heading\" data-id=\"4c2a8dc\" data-element_type=\"widget\" data-e-type=\"widget\" data-widget_type=\"heading.default\">\n\t\t\t\t<div class=\"elementor-widget-container\">\n\t\t\t\t\t<h2 class=\"elementor-heading-title elementor-size-default\">\u0417\u044a\u0431\u043e\u043b\u0435\u043a\u0430\u0440<\/h2>\t\t\t\t<\/div>\n\t\t\t\t<\/div>\n\t\t\t\t<\/div>\n\t\t<div class=\"elementor-element elementor-element-3e41601 e-con-full e-flex e-con e-child\" data-id=\"3e41601\" data-element_type=\"container\" data-e-type=\"container\">\n\t\t\t\t<div class=\"elementor-element elementor-element-db45755 elementor-widget elementor-widget-image\" data-id=\"db45755\" data-element_type=\"widget\" data-e-type=\"widget\" data-widget_type=\"image.default\">\n\t\t\t\t<div class=\"elementor-widget-container\">\n\t\t\t\t\t\t\t\t\t\t\t\t\t\t\t\t<a href=\"https:\/\/dentakdenizsifa.com\/bg\/dt-sefa-arslan\/\">\n\t\t\t\t\t\t\t<img decoding=\"async\" width=\"522\" height=\"654\" src=\"https:\/\/dentakdenizsifa.com\/wp-content\/uploads\/2025\/02\/Adsiz-tasarim-2025-02-19T005713.803.png\" class=\"attachment-large size-large wp-image-2424\" alt=\"\" srcset=\"https:\/\/dentakdenizsifa.com\/wp-content\/uploads\/2025\/02\/Adsiz-tasarim-2025-02-19T005713.803.png 522w, https:\/\/dentakdenizsifa.com\/wp-content\/uploads\/2025\/02\/Adsiz-tasarim-2025-02-19T005713.803-239x300.png 239w\" sizes=\"(max-width: 522px) 100vw, 522px\" \/>\t\t\t\t\t\t\t\t<\/a>\n\t\t\t\t\t\t\t\t\t\t\t\t\t\t\t<\/div>\n\t\t\t\t<\/div>\n\t\t\t\t<div class=\"elementor-element elementor-element-d623786 elementor-widget elementor-widget-heading\" data-id=\"d623786\" data-element_type=\"widget\" data-e-type=\"widget\" data-widget_type=\"heading.default\">\n\t\t\t\t<div class=\"elementor-widget-container\">\n\t\t\t\t\t<h2 class=\"elementor-heading-title elementor-size-default\"><a href=\"https:\/\/dentakdenizsifa.com\/bg\/dt-sefa-arslan\/\">Dt.\n\u0421\u0435\u0444\u0430 \u0410\u0440\u0441\u043b\u0430\u043d \n<\/a><\/h2>\t\t\t\t<\/div>\n\t\t\t\t<\/div>\n\t\t\t\t<div class=\"elementor-element elementor-element-14b5b63 elementor-widget elementor-widget-heading\" data-id=\"14b5b63\" data-element_type=\"widget\" data-e-type=\"widget\" data-widget_type=\"heading.default\">\n\t\t\t\t<div class=\"elementor-widget-container\">\n\t\t\t\t\t<h2 class=\"elementor-heading-title elementor-size-default\">\u0417\u044a\u0431\u043e\u043b\u0435\u043a\u0430\u0440<\/h2>\t\t\t\t<\/div>\n\t\t\t\t<\/div>\n\t\t\t\t<\/div>\n\t\t<div class=\"elementor-element elementor-element-30eed5e e-con-full e-flex e-con e-child\" data-id=\"30eed5e\" data-element_type=\"container\" data-e-type=\"container\">\n\t\t\t\t<div class=\"elementor-element elementor-element-b8221e8 elementor-widget elementor-widget-image\" data-id=\"b8221e8\" data-element_type=\"widget\" data-e-type=\"widget\" data-widget_type=\"image.default\">\n\t\t\t\t<div class=\"elementor-widget-container\">\n\t\t\t\t\t\t\t\t\t\t\t\t\t\t\t\t<a href=\"https:\/\/dentakdenizsifa.com\/bg\/dt-merve-akbulut\/\">\n\t\t\t\t\t\t\t<img loading=\"lazy\" decoding=\"async\" width=\"522\" height=\"654\" src=\"https:\/\/dentakdenizsifa.com\/wp-content\/uploads\/2024\/12\/merve-akbulut.jpg\" class=\"attachment-large size-large wp-image-1073\" alt=\"\" srcset=\"https:\/\/dentakdenizsifa.com\/wp-content\/uploads\/2024\/12\/merve-akbulut.jpg 522w, https:\/\/dentakdenizsifa.com\/wp-content\/uploads\/2024\/12\/merve-akbulut-239x300.jpg 239w\" sizes=\"(max-width: 522px) 100vw, 522px\" \/>\t\t\t\t\t\t\t\t<\/a>\n\t\t\t\t\t\t\t\t\t\t\t\t\t\t\t<\/div>\n\t\t\t\t<\/div>\n\t\t\t\t<div class=\"elementor-element elementor-element-73d3f5f elementor-widget elementor-widget-heading\" data-id=\"73d3f5f\" data-element_type=\"widget\" data-e-type=\"widget\" data-widget_type=\"heading.default\">\n\t\t\t\t<div class=\"elementor-widget-container\">\n\t\t\t\t\t<h2 class=\"elementor-heading-title elementor-size-default\"><a href=\"https:\/\/dentakdenizsifa.com\/bg\/dt-merve-akbulut\/\">Dt.\n\u041c\u0435\u0440\u0432\u0435 \u0410\u043a\u0431\u0443\u043b\u0443\u0442 <\/a><\/h2>\t\t\t\t<\/div>\n\t\t\t\t<\/div>\n\t\t\t\t<div class=\"elementor-element elementor-element-334e6df elementor-widget elementor-widget-heading\" data-id=\"334e6df\" data-element_type=\"widget\" data-e-type=\"widget\" data-widget_type=\"heading.default\">\n\t\t\t\t<div class=\"elementor-widget-container\">\n\t\t\t\t\t<h2 class=\"elementor-heading-title elementor-size-default\">\u0417\u044a\u0431\u043e\u043b\u0435\u043a\u0430\u0440<\/h2>\t\t\t\t<\/div>\n\t\t\t\t<\/div>\n\t\t\t\t<\/div>\n\t\t<div class=\"elementor-element elementor-element-caca3d1 e-con-full e-flex e-con e-child\" data-id=\"caca3d1\" data-element_type=\"container\" data-e-type=\"container\">\n\t\t\t\t<div class=\"elementor-element elementor-element-97b608d elementor-widget elementor-widget-image\" data-id=\"97b608d\" data-element_type=\"widget\" data-e-type=\"widget\" data-widget_type=\"image.default\">\n\t\t\t\t<div class=\"elementor-widget-container\">\n\t\t\t\t\t\t\t\t\t\t\t\t\t\t\t\t<a href=\"https:\/\/dentakdenizsifa.com\/bg\/dt-%d0%b5%d0%bb%d0%b8%d1%84-%d1%82%d0%b5%d0%ba%d0%b5\/\">\n\t\t\t\t\t\t\t<img loading=\"lazy\" decoding=\"async\" width=\"522\" height=\"654\" src=\"https:\/\/dentakdenizsifa.com\/wp-content\/uploads\/2025\/02\/Adsiz-tasarim-2025-02-19T005825.675.png\" class=\"attachment-large size-large wp-image-2431\" alt=\"\" srcset=\"https:\/\/dentakdenizsifa.com\/wp-content\/uploads\/2025\/02\/Adsiz-tasarim-2025-02-19T005825.675.png 522w, https:\/\/dentakdenizsifa.com\/wp-content\/uploads\/2025\/02\/Adsiz-tasarim-2025-02-19T005825.675-239x300.png 239w\" sizes=\"(max-width: 522px) 100vw, 522px\" \/>\t\t\t\t\t\t\t\t<\/a>\n\t\t\t\t\t\t\t\t\t\t\t\t\t\t\t<\/div>\n\t\t\t\t<\/div>\n\t\t\t\t<div class=\"elementor-element elementor-element-d03a2f1 elementor-widget elementor-widget-heading\" data-id=\"d03a2f1\" data-element_type=\"widget\" data-e-type=\"widget\" data-widget_type=\"heading.default\">\n\t\t\t\t<div class=\"elementor-widget-container\">\n\t\t\t\t\t<h2 class=\"elementor-heading-title elementor-size-default\"><a href=\"https:\/\/dentakdenizsifa.com\/bg\/dt-%d0%b5%d0%bb%d0%b8%d1%84-%d1%82%d0%b5%d0%ba%d0%b5\/\">Dt. \u0415\u043b\u0438\u0444 \u0422\u0435\u043a\u0435 <\/a><\/h2>\t\t\t\t<\/div>\n\t\t\t\t<\/div>\n\t\t\t\t<div class=\"elementor-element elementor-element-709b1c6 elementor-widget elementor-widget-heading\" data-id=\"709b1c6\" data-element_type=\"widget\" data-e-type=\"widget\" data-widget_type=\"heading.default\">\n\t\t\t\t<div class=\"elementor-widget-container\">\n\t\t\t\t\t<h2 class=\"elementor-heading-title elementor-size-default\">\u0417\u044a\u0431\u043e\u043b\u0435\u043a\u0430\u0440<\/h2>\t\t\t\t<\/div>\n\t\t\t\t<\/div>\n\t\t\t\t<\/div>\n\t\t\t\t\t<\/div>\n\t\t\t\t<\/div>\n\t\t<div class=\"elementor-element elementor-element-83e5905 e-flex e-con-boxed e-con e-parent\" data-id=\"83e5905\" data-element_type=\"container\" data-e-type=\"container\" data-settings=\"{&quot;background_background&quot;:&quot;classic&quot;}\">\n\t\t\t\t\t<div class=\"e-con-inner\">\n\t\t<div class=\"elementor-element elementor-element-3f5680e e-con-full e-flex e-con e-child\" data-id=\"3f5680e\" data-element_type=\"container\" data-e-type=\"container\" data-settings=\"{&quot;background_background&quot;:&quot;classic&quot;}\">\n\t\t\t\t<div class=\"elementor-element elementor-element-6f81e3a elementor-widget elementor-widget-heading\" data-id=\"6f81e3a\" data-element_type=\"widget\" data-e-type=\"widget\" data-widget_type=\"heading.default\">\n\t\t\t\t<div class=\"elementor-widget-container\">\n\t\t\t\t\t<h2 class=\"elementor-heading-title elementor-size-default\">\u041a\u043b\u043e\u043d \u0424\u0430\u0442\u0438\u0445<\/h2>\t\t\t\t<\/div>\n\t\t\t\t<\/div>\n\t\t\t\t<div class=\"elementor-element elementor-element-288a1cf elementor-widget elementor-widget-text-editor\" data-id=\"288a1cf\" data-element_type=\"widget\" data-e-type=\"widget\" data-widget_type=\"text-editor.default\">\n\t\t\t\t<div class=\"elementor-widget-container\">\n\t\t\t\t\t\t\t\t\tAkdeniz Cad. No:38 34080 Fatih\/Istanbul \n\n\t\t\t\t\t\t\t\t<\/div>\n\t\t\t\t<\/div>\n\t\t\t\t<div class=\"elementor-element elementor-element-80ba538 elementor-widget elementor-widget-text-editor\" data-id=\"80ba538\" data-element_type=\"widget\" data-e-type=\"widget\" data-widget_type=\"text-editor.default\">\n\t\t\t\t<div class=\"elementor-widget-container\">\n\t\t\t\t\t\t\t\t\t0533 163 22 63\t\t\t\t\t\t\t\t<\/div>\n\t\t\t\t<\/div>\n\t\t\t\t<div class=\"elementor-element elementor-element-1d7a04c elementor-widget elementor-widget-text-editor\" data-id=\"1d7a04c\" data-element_type=\"widget\" data-e-type=\"widget\" data-widget_type=\"text-editor.default\">\n\t\t\t\t<div class=\"elementor-widget-container\">\n\t\t\t\t\t\t\t\t\t<p>0532 507 23 01<\/p>\t\t\t\t\t\t\t\t<\/div>\n\t\t\t\t<\/div>\n\t\t\t\t<\/div>\n\t\t\t\t\t<\/div>\n\t\t\t\t<\/div>\n\t\t\t\t<\/div>\n\t\t","protected":false},"excerpt":{"rendered":"<p>\u041d\u0430\u0448\u0438\u0442\u0435 \u043b\u0435\u043a\u0430\u0440\u0438 \u041d\u0438\u0435 \u0432\u0438 \u0433\u0430\u0440\u0430\u043d\u0442\u0438\u0440\u0430\u043c\u0435 \u0437\u0434\u0440\u0430\u0432\u0430 \u0443\u0441\u043c\u0438\u0432\u043a\u0430, \u043a\u0430\u0442\u043e \u0438\u0437\u0431\u0438\u0440\u0430\u043c\u0435 \u043d\u0430\u0439-\u043f\u043e\u0434\u0445\u043e\u0434\u044f\u0449\u043e\u0442\u043e \u0437\u0430 \u0432\u0430\u0441 \u0441\u0442\u043e\u043c\u0430\u0442\u043e\u043b\u043e\u0433\u0438\u0447\u043d\u043e \u043b\u0435\u0447\u0435\u043d\u0438\u0435. \u041e\u0442 \u043b\u0435\u0447\u0435\u043d\u0438\u0435 \u0441 \u0438\u043c\u043f\u043b\u0430\u043d\u0442\u0438 \u0434\u043e \u043f\u0440\u043e\u0435\u043a\u0442\u0438\u0440\u0430\u043d\u0435 \u043d\u0430 \u0443\u0441\u043c\u0438\u0432\u043a\u0430 &#8211; \u043d\u0438\u0435 \u0441\u043c\u0435 \u043d\u0430 \u0432\u0430\u0448\u0435 \u0440\u0430\u0437\u043f\u043e\u043b\u043e\u0436\u0435\u043d\u0438\u0435 \u0441 \u043d\u0430\u0448\u0438\u044f \u0435\u043a\u0441\u043f\u0435\u0440\u0442\u0435\u043d \u043f\u0435\u0440\u0441\u043e\u043d\u0430\u043b. Dt. Bekir ER \u0417\u044a\u0431\u043e\u043b\u0435\u043a\u0430\u0440 Dt. Bet\u00fcl Er \u0417\u044a\u0431\u043e\u043b\u0435\u043a\u0430\u0440 Dt. \u0421\u0435\u0444\u0430 \u0410\u0440\u0441\u043b\u0430\u043d \u0417\u044a\u0431\u043e\u043b\u0435\u043a\u0430\u0440 Dt. \u041c\u0435\u0440\u0432\u0435 \u0410\u043a\u0431\u0443\u043b\u0443\u0442 \u0417\u044a\u0431\u043e\u043b\u0435\u043a\u0430\u0440 Dt. \u0415\u043b\u0438\u0444 \u0422\u0435\u043a\u0435 \u0417\u044a\u0431\u043e\u043b\u0435\u043a\u0430\u0440 \u041a\u043b\u043e\u043d \u0424\u0430\u0442\u0438\u0445 Akdeniz [&hellip;]<\/p>\n","protected":false},"author":1,"featured_media":0,"parent":0,"menu_order":0,"comment_status":"closed","ping_status":"closed","template":"elementor_header_footer","meta":{"footnotes":""},"class_list":["post-2039","page","type-page","status-publish","hentry"],"_links":{"self":[{"href":"https:\/\/dentakdenizsifa.com\/bg\/wp-json\/wp\/v2\/pages\/2039","targetHints":{"allow":["GET"]}}],"collection":[{"href":"https:\/\/dentakdenizsifa.com\/bg\/wp-json\/wp\/v2\/pages"}],"about":[{"href":"https:\/\/dentakdenizsifa.com\/bg\/wp-json\/wp\/v2\/types\/page"}],"author":[{"embeddable":true,"href":"https:\/\/dentakdenizsifa.com\/bg\/wp-json\/wp\/v2\/users\/1"}],"replies":[{"embeddable":true,"href":"https:\/\/dentakdenizsifa.com\/bg\/wp-json\/wp\/v2\/comments?post=2039"}],"version-history":[{"count":15,"href":"https:\/\/dentakdenizsifa.com\/bg\/wp-json\/wp\/v2\/pages\/2039\/revisions"}],"predecessor-version":[{"id":4488,"href":"https:\/\/dentakdenizsifa.com\/bg\/wp-json\/wp\/v2\/pages\/2039\/revisions\/4488"}],"wp:attachment":[{"href":"https:\/\/dentakdenizsifa.com\/bg\/wp-json\/wp\/v2\/media?parent=2039"}],"curies":[{"name":"wp","href":"https:\/\/api.w.org\/{rel}","templated":true}]}}