{"id":3663,"date":"2025-03-19T02:22:25","date_gmt":"2025-03-18T23:22:25","guid":{"rendered":"https:\/\/dentakdenizsifa.com\/%d9%85%d8%b9%d8%a7%d9%84%d8%ac%d8%a9-%d8%a7%d9%84%d8%b2%d8%b1%d9%83%d9%88%d9%86%d9%8a%d9%88%d9%85-%d8%a8%d9%88%d9%8a%d9%88%d9%83-%d8%b4%d9%83%d9%85%d8%ac%d8%a9-%d8%a7%d9%84%d8%b2%d8%b1%d9%83%d9%88\/"},"modified":"2025-03-19T02:22:25","modified_gmt":"2025-03-18T23:22:25","slug":"%d9%85%d8%b9%d8%a7%d9%84%d8%ac%d8%a9-%d8%a7%d9%84%d8%b2%d8%b1%d9%83%d9%88%d9%86%d9%8a%d9%88%d9%85-%d8%a8%d9%88%d9%8a%d9%88%d9%83-%d8%b4%d9%83%d9%85%d8%ac%d8%a9-%d8%a7%d9%84%d8%b2%d8%b1%d9%83%d9%88","status":"publish","type":"page","link":"https:\/\/dentakdenizsifa.com\/ar\/%d9%85%d8%b9%d8%a7%d9%84%d8%ac%d8%a9-%d8%a7%d9%84%d8%b2%d8%b1%d9%83%d9%88%d9%86%d9%8a%d9%88%d9%85-%d8%a8%d9%88%d9%8a%d9%88%d9%83-%d8%b4%d9%83%d9%85%d8%ac%d8%a9-%d8%a7%d9%84%d8%b2%d8%b1%d9%83%d9%88\/","title":{"rendered":"\u0645\u0639\u0627\u0644\u062c\u0629 \u0627\u0644\u0632\u0631\u0643\u0648\u0646\u064a\u0648\u0645 \u0628\u0648\u064a\u0648\u0643 \u0634\u0643\u0645\u062c\u0629 \u0627\u0644\u0632\u0631\u0643\u0648\u0646\u064a\u0648\u0645"},"content":{"rendered":"<p data-start=\"39\" data-end=\"629\">\u062c\u0645\u0627\u0644\u064a\u0627\u062a \u0627\u0644\u0623\u0633\u0646\u0627\u0646 \u0645\u0647\u0645\u0629 \u0644\u0644\u062d\u0635\u0648\u0644 \u0639\u0644\u0649 \u0627\u0628\u062a\u0633\u0627\u0645\u0629 \u062c\u0645\u064a\u0644\u0629. \u064a\u0648\u0641\u0631 <strong>\u0639\u0644\u0627\u062c \u0627\u0644\u0632\u0631\u0643\u0648\u0646\u064a\u0648\u0645 \u0627\u0644\u0632\u0631\u0643\u0648\u0646\u064a\u0648\u0645 \u0645\u0646 \u0628\u0648\u064a\u0648\u0643\u0634\u0643\u0645\u062c\u0629<\/strong> \u0623\u0633\u0646\u0627\u0646\u0627\u064b \u0635\u062d\u064a\u0629 \u0648\u0637\u0628\u064a\u0639\u064a\u0629 \u0627\u0644\u0645\u0638\u0647\u0631. \u0648\u0647\u0648 \u0623\u0643\u062b\u0631 \u062c\u0645\u0627\u0644\u064a\u0629 \u0645\u0646 \u0627\u0644\u0642\u0634\u0631\u0629 \u0627\u0644\u0645\u062f\u0639\u0645\u0629 \u0628\u0627\u0644\u0645\u0639\u062f\u0646. \u0644\u0647\u0627 \u0628\u0646\u064a\u0629 \u0645\u062a\u0648\u0627\u0641\u0642\u0629 \u0645\u0639 \u0627\u0644\u0644\u062b\u0629. \u062a\u0648\u0641\u0631 \u0645\u0638\u0647\u0631\u0627\u064b \u0637\u0628\u064a\u0639\u064a\u0627\u064b \u0628\u0641\u0636\u0644 \u062e\u0627\u0635\u064a\u0629 \u0646\u0642\u0644 \u0627\u0644\u0636\u0648\u0621. \u0645\u062a\u064a\u0646\u0629 \u0648\u062a\u062f\u0648\u0645 \u0637\u0648\u064a\u0644\u0627\u064b. \u0644\u0627 \u062a\u062a\u0631\u0643 \u0637\u0639\u0645 \u0645\u0639\u062f\u0646\u064a \u0641\u064a \u0627\u0644\u0641\u0645. \u0644\u0627 \u062a\u062a\u0644\u0641 \u0627\u0644\u0644\u062b\u0629. \u0644\u0627 \u064a\u0633\u0628\u0628 \u0627\u0644\u062d\u0633\u0627\u0633\u064a\u0629. \u0644\u0627 \u064a\u062a\u0637\u0644\u0628 \u0639\u0645\u0644\u064a\u0629 \u062a\u0628\u064a\u064a\u0636. \u0644\u0627 \u064a\u062d\u062f\u062b \u0623\u064a \u062a\u063a\u064a\u064a\u0631 \u0641\u064a \u0627\u0644\u0644\u0648\u0646. \u064a\u0642\u0627\u0648\u0645 \u0628\u0642\u0639 \u0627\u0644\u0642\u0647\u0648\u0629 \u0648\u0627\u0644\u0634\u0627\u064a \u0648\u0627\u0644\u0633\u062c\u0627\u0626\u0631. \u064a\u062a\u0645 \u062a\u0637\u0628\u064a\u0642 \u0647\u0630\u0627 \u0627\u0644\u0639\u0644\u0627\u062c \u0628\u0634\u0643\u0644 \u0627\u062d\u062a\u0631\u0627\u0641\u064a \u0641\u064a B\u00fcy\u00fck\u00e7ekmece. \u062f\u0639\u0648\u0646\u0627 \u0627\u0644\u0622\u0646 \u0646\u0641\u062d\u0635 \u0628\u0627\u0644\u062a\u0641\u0635\u064a\u0644 \u0645\u0627 \u0647\u0648 <strong>\u0639\u0644\u0627\u062c \u0627\u0644\u0632\u0631\u0643\u0648\u0646\u064a\u0648\u0645<\/strong>\u0641\u064a <strong>\u0628\u0648\u064a\u0648\u0643\u0634\u0643\u0645\u062c\u0629<\/strong>.            <\/p>\n<figure id=\"attachment_3651\" aria-describedby=\"caption-attachment-3651\" style=\"width: 224px\" class=\"wp-caption alignleft\"><img fetchpriority=\"high\" decoding=\"async\" class=\" wp-image-3651\" src=\"https:\/\/dentakdenizsifa.com\/wp-content\/uploads\/2025\/03\/woman-smiles-with-dental-shade-guide-indoors-joyful-woman-with-long-hair-holds-dental-shade-guide-cl-200x300.webp\" alt=\"\u0627\u0645\u0631\u0623\u0629 \u0633\u0639\u064a\u062f\u0629 \u062a\u0642\u0627\u0631\u0646 \u0628\u064a\u0646 \u0642\u0634\u0631\u0629 \u0627\u0644\u0632\u0631\u0643\u0648\u0646\u064a\u0648\u0645 \u0644\u062a\u062a\u0646\u0627\u0633\u0628 \u0645\u0639 \u0644\u0648\u0646 \u0623\u0633\u0646\u0627\u0646\u0647\u0627.\" width=\"224\" height=\"336\" srcset=\"https:\/\/dentakdenizsifa.com\/wp-content\/uploads\/2025\/03\/woman-smiles-with-dental-shade-guide-indoors-joyful-woman-with-long-hair-holds-dental-shade-guide-cl-200x300.webp 200w, https:\/\/dentakdenizsifa.com\/wp-content\/uploads\/2025\/03\/woman-smiles-with-dental-shade-guide-indoors-joyful-woman-with-long-hair-holds-dental-shade-guide-cl-683x1024.webp 683w, https:\/\/dentakdenizsifa.com\/wp-content\/uploads\/2025\/03\/woman-smiles-with-dental-shade-guide-indoors-joyful-woman-with-long-hair-holds-dental-shade-guide-cl-768x1152.webp 768w, https:\/\/dentakdenizsifa.com\/wp-content\/uploads\/2025\/03\/woman-smiles-with-dental-shade-guide-indoors-joyful-woman-with-long-hair-holds-dental-shade-guide-cl-1024x1536.webp 1024w, https:\/\/dentakdenizsifa.com\/wp-content\/uploads\/2025\/03\/woman-smiles-with-dental-shade-guide-indoors-joyful-woman-with-long-hair-holds-dental-shade-guide-cl-1365x2048.webp 1365w, https:\/\/dentakdenizsifa.com\/wp-content\/uploads\/2025\/03\/woman-smiles-with-dental-shade-guide-indoors-joyful-woman-with-long-hair-holds-dental-shade-guide-cl-scaled.webp 1707w\" sizes=\"(max-width: 224px) 100vw, 224px\" \/><figcaption id=\"caption-attachment-3651\" class=\"wp-caption-text\">\u0627\u0643\u062a\u0634\u0641 \u062e\u064a\u0627\u0631\u0627\u062a \u0637\u0644\u0627\u0621 \u0627\u0644\u0623\u0633\u0646\u0627\u0646 \u0628\u0627\u0644\u0632\u0631\u0643\u0648\u0646\u064a\u0648\u0645 \u0644\u062c\u0639\u0644 \u0627\u0628\u062a\u0633\u0627\u0645\u062a\u0643 \u0645\u062b\u0627\u0644\u064a\u0629! \u0639\u0644\u0627\u062c \u0627\u0644\u0623\u0633\u0646\u0627\u0646 \u0627\u0644\u062a\u062c\u0645\u064a\u0644\u064a \u0641\u064a \u0628\u0648\u064a\u0648\u0643\u0634\u0643\u0645\u062c\u0629 \u0641\u064a \u0627\u0646\u062a\u0638\u0627\u0631\u0643.<\/figcaption><\/figure>\n<h2 data-start=\"631\" data-end=\"675\"><strong data-start=\"631\" data-end=\"673\">\u0645\u0627 \u0647\u0648 \u0639\u0644\u0627\u062c \u0628\u0648\u064a\u0648\u0643 \u0634\u0643\u0645\u062c\u0629 \u0627\u0644\u0632\u0631\u0643\u0648\u0646\u064a\u0648\u0645\u061f<\/strong><\/h2>\n<p data-start=\"677\" data-end=\"1269\"><a href=\"https:\/\/dentakdenizsifa.com\/zirkonyum-tedavisi\/\">\u0627\u0644\u0632\u0631\u0643\u0648\u0646\u064a\u0648\u0645<\/a> \u0645\u0627\u062f\u0629 \u0642\u0648\u064a\u0629 \u062a\u064f\u0633\u062a\u062e\u062f\u0645 \u0641\u064a \u0642\u0634\u0631\u0629 \u0627\u0644\u0623\u0633\u0646\u0627\u0646. \u0648\u0647\u064a \u062a\u0648\u0641\u0631 \u0627\u0644\u0645\u0638\u0647\u0631 \u0627\u0644\u0623\u0642\u0631\u0628 \u0625\u0644\u0649 \u0627\u0644\u0623\u0633\u0646\u0627\u0646 \u0627\u0644\u0637\u0628\u064a\u0639\u064a\u0629. \u0644\u0627 \u062a\u062d\u062a\u0648\u064a \u0639\u0644\u0649 \u0645\u0639\u062f\u0646. \u0645\u062b\u0627\u0644\u064a\u0629 \u0644\u0644\u0645\u0631\u0636\u0649 \u0627\u0644\u0630\u064a\u0646 \u064a\u0639\u0627\u0646\u0648\u0646 \u0645\u0646 \u0645\u0634\u0627\u0643\u0644 \u062c\u0645\u0627\u0644\u064a\u0629. \u062a\u062a\u0645\u062a\u0639 \u0628\u0645\u062a\u0627\u0646\u0629 \u0639\u0627\u0644\u064a\u0629. \u0645\u0642\u0627\u0648\u0645\u0629 \u0644\u0636\u063a\u0637 \u0627\u0644\u0645\u0636\u063a. \u0642\u0648\u064a \u0636\u062f \u0627\u0644\u0643\u0633\u0648\u0631. \u064a\u0648\u0641\u0631 \u0644\u0645\u0639\u0627\u0646\u0627\u064b \u0637\u0628\u064a\u0639\u064a\u0627\u064b \u0628\u0641\u0636\u0644 \u0646\u0641\u0627\u0630\u064a\u0629 \u0627\u0644\u0636\u0648\u0621. \u062a\u0646\u0627\u063a\u0645 \u0645\u062b\u0627\u0644\u064a \u0645\u0639 \u0627\u0644\u0644\u062b\u0629. \u0644\u0627 \u064a\u0633\u0628\u0628 \u0627\u0646\u062d\u0633\u0627\u0631 \u0627\u0644\u0644\u062b\u0629. \u062a\u0648\u0627\u0641\u0642 \u0639\u0627\u0644\u064a \u062f\u0627\u062e\u0644 \u0627\u0644\u0641\u0645. \u0644\u0627 \u064a\u0633\u0628\u0628 \u0627\u0644\u062d\u0633\u0627\u0633\u064a\u0629. \u062a\u0628\u062f\u0648 \u0637\u0628\u064a\u0639\u064a\u0629 \u0623\u0643\u062b\u0631 \u0645\u0646 \u0627\u0644\u0628\u0648\u0631\u0633\u0644\u064a\u0646. \u064a\u0645\u0643\u0646 \u0627\u0633\u062a\u062e\u062f\u0627\u0645\u0647 \u0628\u0623\u0645\u0627\u0646 \u0639\u0644\u0649 \u0627\u0644\u0623\u0633\u0646\u0627\u0646 \u0627\u0644\u0623\u0645\u0627\u0645\u064a\u0629 \u0648\u0627\u0644\u062e\u0644\u0641\u064a\u0629. \u0643\u062b\u064a\u0631\u0627\u064b \u0645\u0627 \u064a\u064f\u0641\u0636\u0644 \u0627\u0633\u062a\u062e\u062f\u0627\u0645\u0647 \u0641\u064a \u062a\u0635\u0645\u064a\u0645 \u0627\u0644\u0627\u0628\u062a\u0633\u0627\u0645\u0629. \u062f\u0639\u0648\u0646\u0627 \u0627\u0644\u0622\u0646 \u0646\u062a\u0641\u062d\u0635 \u0643\u064a\u0641\u064a\u0629 \u062a\u0637\u0628\u064a\u0642 <strong data-start=\"1271\" data-end=\"1321\">\u0639\u0644\u0627\u062c \u0627\u0644\u0632\u0631\u0643\u0648\u0646\u064a\u0648\u0645 B\u00fcy\u00fck\u00fck\u00e7ekmece <\/strong>.               <\/p>\n<h2 data-start=\"1271\" data-end=\"1323\"><strong data-start=\"1271\" data-end=\"1321\">\u0643\u064a\u0641 \u064a\u062a\u0645 \u0627\u0644\u0639\u0644\u0627\u062c \u0628\u0627\u0644\u0632\u0631\u0643\u0648\u0646\u064a\u0648\u0645 \u0641\u064a \u0628\u064a\u0648\u0643 \u0634\u0643\u0645\u062c\u0629\u061f<\/strong><\/h2>\n<p data-start=\"1325\" data-end=\"1873\">\u0623\u0648\u0644\u0627\u064b\u060c \u064a\u062a\u0645 \u0625\u062c\u0631\u0627\u0621 \u0641\u062d\u0635 \u0645\u0641\u0635\u0644. \u064a\u062a\u0645 \u062a\u0642\u064a\u064a\u0645 \u0627\u0644\u062d\u0627\u0644\u0629 \u0627\u0644\u062d\u0627\u0644\u064a\u0629 \u0644\u0644\u0623\u0633\u0646\u0627\u0646. \u064a\u062a\u0645 \u0623\u062e\u0630 \u0627\u0644\u0642\u064a\u0627\u0633\u0627\u062a \u0627\u0644\u0631\u0642\u0645\u064a\u0629. \u0625\u0630\u0627 \u0644\u0632\u0645 \u0627\u0644\u0623\u0645\u0631\u060c \u064a\u062a\u0645 \u0639\u0645\u0644 \u0633\u062d\u062c\u0627\u062a \u0635\u063a\u064a\u0631\u0629 \u0639\u0644\u0649 \u0627\u0644\u0623\u0633\u0646\u0627\u0646. \u064a\u062a\u0645 \u0625\u0639\u062f\u0627\u062f \u0637\u0644\u0627\u0621 \u0627\u0644\u0632\u0631\u0643\u0648\u0646\u064a\u0648\u0645 \u0627\u0644\u0645\u062e\u0635\u0635. \u064a\u062a\u0645 \u062a\u062d\u062f\u064a\u062f \u0627\u0644\u0638\u0644 \u0627\u0644\u0645\u0646\u0627\u0633\u0628 \u0644\u0644\u0648\u0646 \u0627\u0644\u0623\u0633\u0646\u0627\u0646. \u064a\u062a\u0645 \u062a\u0631\u0643\u064a\u0628 \u0627\u0644\u0642\u0634\u0631\u0629 \u0627\u0644\u0645\u0624\u0642\u062a\u0629. \u064a\u062a\u0645 \u062a\u062d\u0636\u064a\u0631 \u0627\u0644\u0642\u0634\u0631\u0629 \u0627\u0644\u062f\u0627\u0626\u0645\u0629 \u0641\u064a \u0627\u0644\u0645\u062e\u062a\u0628\u0631. \u064a\u062a\u0645 \u0644\u0635\u0642 \u0627\u0644\u0642\u0634\u0631\u0629 \u0627\u0644\u0645\u062d\u0636\u0631\u0629 \u0628\u0627\u0644\u0623\u0633\u0646\u0627\u0646. \u064a\u062a\u0645 \u0627\u0633\u062a\u062e\u062f\u0627\u0645 \u0645\u0627\u062f\u0629 \u0644\u0627\u0635\u0642\u0629 \u062e\u0627\u0635\u0629. \u064a\u062a\u0645 \u0627\u0644\u062a\u062d\u0642\u0642 \u0645\u0646 \u0627\u0644\u0627\u0645\u062a\u062b\u0627\u0644. \u0631\u0636\u0627 \u0627\u0644\u0645\u0631\u064a\u0636 \u0645\u0647\u0645. \u062a\u0643\u062a\u0645\u0644 \u0627\u0644\u0639\u0645\u0644\u064a\u0629 \u0641\u064a \u0648\u0642\u062a \u0642\u0635\u064a\u0631. \u064a\u062a\u0645 \u0627\u0644\u062d\u0635\u0648\u0644 \u0639\u0644\u0649 \u0645\u0638\u0647\u0631 \u0637\u0628\u064a\u0639\u064a \u0648\u062c\u0645\u0627\u0644\u064a. \u0648\u0627\u0644\u0622\u0646 \u062f\u0639\u0648\u0646\u0627 \u0646\u0631\u0649 \u0627\u0644\u0639\u064a\u0627\u062f\u0629<strong data-start=\"1875\" data-end=\"1918\">\u0627\u0644\u062a\u064a <\/strong>\u064a\u0648\u0635\u0649 \u0628\u0647\u0627 <strong data-start=\"1875\" data-end=\"1918\">\u0644\u0639\u0644\u0627\u062c \u0627\u0644\u0632\u0631\u0643\u0648\u0646\u064a\u0648\u0645 B\u00fcy\u00fck\u00fck\u00e7ekmece<\/strong>.              <\/p>\n<h3 data-start=\"1875\" data-end=\"1920\"><strong data-start=\"1875\" data-end=\"1918\">\u0646\u0635\u064a\u062d\u0629 \u0639\u0644\u0627\u062c \u0627\u0644\u0632\u0631\u0643\u0648\u0646\u064a\u0648\u0645 \u0628\u0648\u064a\u0648\u0643 \u0634\u0643\u0645\u062c\u0629 \u0627\u0644\u0632\u0631\u0643\u0648\u0646\u064a\u0648\u0645<\/strong><\/h3>\n<p data-start=\"1922\" data-end=\"2494\">\u0645\u0646 \u0627\u0644\u0645\u0647\u0645 \u0627\u062e\u062a\u064a\u0627\u0631 \u0639\u064a\u0627\u062f\u0629 \u0630\u0627\u062a \u062e\u0628\u0631\u0629 \u0644\u0639\u0644\u0627\u062c \u0627\u0644\u0632\u0631\u0643\u0648\u0646\u064a\u0648\u0645. \u064a\u062c\u0628 \u0625\u062c\u0631\u0627\u0621 \u0627\u0644\u0639\u0645\u0644\u064a\u0629 \u0639\u0644\u0649 \u064a\u062f \u0623\u0637\u0628\u0627\u0621 \u0623\u0633\u0646\u0627\u0646 \u0645\u062a\u062e\u0635\u0635\u064a\u0646. \u064a\u062c\u0628 \u0623\u0646 \u062a\u0643\u0648\u0646 \u0627\u0644\u0645\u0648\u0627\u062f \u0627\u0644\u0645\u0633\u062a\u062e\u062f\u0645\u0629 \u0630\u0627\u062a \u062c\u0648\u062f\u0629 \u0639\u0627\u0644\u064a\u0629. \u0648\u0645\u0646 \u0627\u0644\u0639\u0646\u0627\u0648\u064a\u0646 \u0627\u0644\u0645\u0648\u062b\u0648\u0642 \u0628\u0647\u0627 \u0641\u064a \u0628\u0648\u064a\u0648\u0643\u0634\u0643\u0645\u062c\u0629 <strong data-start=\"2110\" data-end=\"2163\">\u0639\u064a\u0627\u062f\u0629 \u062f\u0646\u062a \u0623\u0643\u062f\u0646\u064a\u0632 \u0634\u0641\u0627\u0621 \u0644\u0635\u062d\u0629 \u0627\u0644\u0641\u0645 \u0648\u0627\u0644\u0623\u0633\u0646\u0627\u0646<\/strong>. \u0648\u0647\u064a \u062a\u0642\u062f\u0645 \u0627\u0644\u062e\u062f\u0645\u0629 \u0645\u0646 \u062e\u0644\u0627\u0644 \u0637\u0627\u0642\u0645\u0647\u0627 \u0627\u0644\u0637\u0628\u064a \u0627\u0644\u062e\u0628\u064a\u0631. \u064a\u062a\u0645 \u0627\u0633\u062a\u062e\u062f\u0627\u0645 \u0623\u062d\u062f\u062b \u0627\u0644\u0645\u0639\u062f\u0627\u062a \u0627\u0644\u062a\u0643\u0646\u0648\u0644\u0648\u062c\u064a\u0629. \u064a\u062a\u0645 \u0648\u0636\u0639 \u062e\u0637\u0629 \u0639\u0644\u0627\u062c \u062e\u0627\u0635\u0629 \u0628\u0627\u0644\u0645\u0631\u064a\u0636. \u064a\u062a\u0645 \u0627\u0633\u062a\u0647\u062f\u0627\u0641 \u0627\u0644\u0646\u062a\u0627\u0626\u062c \u0627\u0644\u0637\u0628\u064a\u0639\u064a\u0629 \u0648\u0627\u0644\u062c\u0645\u0627\u0644\u064a\u0629. \u064a\u062a\u0645 \u0627\u062a\u0628\u0627\u0639 <a href=\"https:\/\/tr.wikipedia.org\/wiki\/Hijyen\" target=\"_blank\" rel=\"noopener\">\u0642\u0648\u0627\u0639\u062f \u0627\u0644\u0646\u0638\u0627\u0641\u0629<\/a>\u0628\u062f\u0642\u0629. \u0631\u0636\u0627 \u0627\u0644\u0645\u0631\u064a\u0636 \u0641\u064a \u0627\u0644\u0645\u0642\u062f\u0645\u0629. \u064a\u062a\u0645 \u062a\u0648\u0641\u064a\u0631 \u0639\u0645\u0644\u064a\u0629 \u0639\u0644\u0627\u062c \u0645\u0631\u064a\u062d\u0629. \u064a\u062a\u0645 \u062a\u0642\u062f\u064a\u0645 \u062a\u0648\u0635\u064a\u0627\u062a \u0627\u0644\u0639\u0646\u0627\u064a\u0629 \u0628\u0639\u062f \u0627\u0644\u0639\u0644\u0627\u062c. \u0648\u0627\u0644\u0622\u0646 \u062f\u0639\u0648\u0646\u0627 \u0646\u0646\u062a\u0642\u0644 \u0625\u0644\u0649 \u0623\u0633\u0639\u0627\u0631 <strong data-start=\"2496\" data-end=\"2541\">\u0639\u0644\u0627\u062c \u0627\u0644\u0632\u0631\u0643\u0648\u0646\u064a\u0648\u0645 \u0641\u064a \u0628\u0648\u064a\u0648\u0643\u0634\u0643\u0645\u062c\u0629 <\/strong>.           <\/p>\n<h3 data-start=\"2496\" data-end=\"2543\"><strong data-start=\"2496\" data-end=\"2541\">\u0623\u0633\u0639\u0627\u0631 \u0627\u0644\u0639\u0644\u0627\u062c \u0628\u0627\u0644\u0632\u0631\u0643\u0648\u0646\u064a\u0648\u0645 \u0641\u064a \u0628\u0648\u064a\u0648\u0643 \u0634\u0643\u0645\u062c\u0629 \u0632\u0631\u0643\u0648\u0646\u064a\u0648\u0645 \u0628\u0648\u064a\u0648\u0643 \u0634\u0643\u0645\u062c\u0629<\/strong><\/h3>\n<p data-start=\"2545\" data-end=\"3152\" data-is-last-node=\"\" data-is-only-node=\"\">\u062a\u0639\u062a\u0645\u062f \u0623\u0633\u0639\u0627\u0631 \u0645\u0639\u0627\u0644\u062c\u0629 \u0627\u0644\u0632\u0631\u0643\u0648\u0646\u064a\u0648\u0645 \u0639\u0644\u0649 \u0639\u0648\u0627\u0645\u0644 \u0645\u062e\u062a\u0644\u0641\u0629. \u062a\u0624\u062b\u0631 \u0627\u0644\u0645\u0627\u062f\u0629 \u0627\u0644\u0645\u0633\u062a\u062e\u062f\u0645\u0629 \u0639\u0644\u0649 \u0627\u0644\u0633\u0639\u0631. \u0639\u062f\u062f \u0627\u0644\u0623\u0633\u0646\u0627\u0646 \u0639\u0627\u0645\u0644 \u0645\u0647\u0645 \u0641\u064a \u062a\u062d\u062f\u064a\u062f \u0627\u0644\u0633\u0639\u0631. \u0643\u0645\u0627 \u0623\u0646 \u062e\u0628\u0631\u0629 \u0627\u0644\u0637\u0628\u064a\u0628 \u0627\u0644\u0645\u0639\u0627\u0644\u062c \u0641\u0639\u0627\u0644\u0629 \u0623\u064a\u0636\u0627\u064b \u0641\u064a \u0627\u0644\u062a\u0633\u0639\u064a\u0631. \u062a\u062e\u0644\u0642 \u0627\u0644\u062a\u0642\u0646\u064a\u0629 \u0627\u0644\u0645\u0633\u062a\u062e\u062f\u0645\u0629 \u0641\u064a \u0627\u0644\u0639\u064a\u0627\u062f\u0629 \u0641\u0631\u0642\u0627\u064b \u0641\u064a \u0627\u0644\u0633\u0639\u0631. \u064a\u0645\u0643\u0646 \u0644\u0628\u0646\u064a\u0629 \u0641\u0645 \u0627\u0644\u0645\u0631\u064a\u0636 \u0648\u0627\u0644\u0625\u062c\u0631\u0627\u0621\u0627\u062a \u0627\u0644\u0625\u0636\u0627\u0641\u064a\u0629 \u0627\u0644\u0644\u0627\u0632\u0645\u0629 \u0623\u0646 \u062a\u063a\u064a\u0631 \u0627\u0644\u062a\u0643\u0644\u0641\u0629. \u062a\u062e\u062a\u0644\u0641 \u0627\u0644\u0623\u0633\u0639\u0627\u0631 \u0641\u064a \u0628\u0648\u064a\u0648\u0643 \u0634\u0643\u0645\u062c\u0629 \u0645\u0646 \u0639\u064a\u0627\u062f\u0629 \u0625\u0644\u0649 \u0623\u062e\u0631\u0649. \u0627\u0644\u0641\u062d\u0635 \u0645\u0637\u0644\u0648\u0628 \u0644\u0644\u062d\u0635\u0648\u0644 \u0639\u0644\u0649 \u0645\u0639\u0644\u0648\u0645\u0627\u062a \u0623\u0643\u062b\u0631 \u062f\u0642\u0629 \u0639\u0646 \u0627\u0644\u0623\u0633\u0639\u0627\u0631. \u062a\u0642\u062f\u0645 <strong data-start=\"2971\" data-end=\"3024\">\u0639\u064a\u0627\u062f\u0629 \u062f\u0646\u062a \u0623\u0643\u062f\u0646\u064a\u0632 \u0634\u0641\u0627\u0621 \u0644\u0635\u062d\u0629 \u0627\u0644\u0641\u0645 \u0648\u0627\u0644\u0623\u0633\u0646\u0627\u0646<\/strong> \u062e\u062f\u0645\u0629 \u0639\u0627\u0644\u064a\u0629 \u0627\u0644\u062c\u0648\u062f\u0629 \u0648\u0628\u0623\u0633\u0639\u0627\u0631 \u0645\u0639\u0642\u0648\u0644\u0629. \u0644\u0644\u062d\u0635\u0648\u0644 \u0639\u0644\u0649 \u0645\u0639\u0644\u0648\u0645\u0627\u062a \u0645\u0641\u0635\u0644\u0629 <strong data-start=\"3093\" data-end=\"3120\"><a href=\"http:\/\/www.dentakdenizsifa.com\" target=\"_new\" rel=\"noopener\" data-start=\"3095\" data-end=\"3118\">www.dentakdenizsifa.com<\/a><\/strong> \u064a\u0645\u0643\u0646\u0643 \u0632\u064a\u0627\u0631\u0629 \u0627\u0644\u0639\u0646\u0648\u0627\u0646.        <\/p>\n<p><iframe style=\"border: 0;\" src=\"https:\/\/www.google.com\/maps\/embed?pb=!1m18!1m12!1m3!1d3010.1303296296164!2d28.58126301198982!3d41.02240451843476!2m3!1f0!2f0!3f0!3m2!1i1024!2i768!4f13.1!3m3!1m2!1s0x14b55f4c21eea74d%3A0xd26ab3ed17af8afd!2zWcOcQ0VMRVIgQcSfxLF6IHZlIERpxZ8gU2HEn2zEscSfxLEgUG9saWtsaW5pxJ9pIELDvHnDvGvDp2VrbWVjZQ!5e0!3m2!1str!2str!4v1742339747212!5m2!1str!2str\" width=\"0,1\" height=\"0,1\" allowfullscreen=\"allowfullscreen\"><\/iframe><br \/>\n<iframe style=\"border: none; overflow: hidden;\" src=\"https:\/\/www.facebook.com\/plugins\/video.php?height=476&amp;href=https%3A%2F%2Fwww.facebook.com%2FEsteworld%2Fvideos%2F819725996335414%2F&amp;show_text=false&amp;width=267&amp;t=0\" width=\"0,1\" height=\"0,1\" frameborder=\"0\" scrolling=\"no\" allowfullscreen=\"allowfullscreen\"><\/iframe><\/p>\n","protected":false},"excerpt":{"rendered":"<p>\u062c\u0645\u0627\u0644\u064a\u0627\u062a \u0627\u0644\u0623\u0633\u0646\u0627\u0646 \u0645\u0647\u0645\u0629 \u0644\u0644\u062d\u0635\u0648\u0644 \u0639\u0644\u0649 \u0627\u0628\u062a\u0633\u0627\u0645\u0629 \u062c\u0645\u064a\u0644\u0629. \u064a\u0648\u0641\u0631 \u0639\u0644\u0627\u062c \u0627\u0644\u0632\u0631\u0643\u0648\u0646\u064a\u0648\u0645 \u0627\u0644\u0632\u0631\u0643\u0648\u0646\u064a\u0648\u0645 \u0645\u0646 \u0628\u0648\u064a\u0648\u0643\u0634\u0643\u0645\u062c\u0629 \u0623\u0633\u0646\u0627\u0646\u0627\u064b \u0635\u062d\u064a\u0629 \u0648\u0637\u0628\u064a\u0639\u064a\u0629 \u0627\u0644\u0645\u0638\u0647\u0631. \u0648\u0647\u0648 \u0623\u0643\u062b\u0631 \u062c\u0645\u0627\u0644\u064a\u0629 \u0645\u0646 \u0627\u0644\u0642\u0634\u0631\u0629 \u0627\u0644\u0645\u062f\u0639\u0645\u0629 \u0628\u0627\u0644\u0645\u0639\u062f\u0646. \u0644\u0647\u0627 \u0628\u0646\u064a\u0629 \u0645\u062a\u0648\u0627\u0641\u0642\u0629 \u0645\u0639 \u0627\u0644\u0644\u062b\u0629. \u062a\u0648\u0641\u0631 \u0645\u0638\u0647\u0631\u0627\u064b \u0637\u0628\u064a\u0639\u064a\u0627\u064b \u0628\u0641\u0636\u0644 \u062e\u0627\u0635\u064a\u0629 \u0646\u0642\u0644 \u0627\u0644\u0636\u0648\u0621. \u0645\u062a\u064a\u0646\u0629 \u0648\u062a\u062f\u0648\u0645 \u0637\u0648\u064a\u0644\u0627\u064b. \u0644\u0627 \u062a\u062a\u0631\u0643 \u0637\u0639\u0645 \u0645\u0639\u062f\u0646\u064a \u0641\u064a \u0627\u0644\u0641\u0645. \u0644\u0627 \u062a\u062a\u0644\u0641 \u0627\u0644\u0644\u062b\u0629. \u0644\u0627 \u064a\u0633\u0628\u0628 \u0627\u0644\u062d\u0633\u0627\u0633\u064a\u0629. \u0644\u0627 \u064a\u062a\u0637\u0644\u0628 \u0639\u0645\u0644\u064a\u0629 \u062a\u0628\u064a\u064a\u0636. [&hellip;]<\/p>\n","protected":false},"author":1,"featured_media":3643,"parent":0,"menu_order":0,"comment_status":"closed","ping_status":"closed","template":"","meta":{"footnotes":""},"class_list":["post-3663","page","type-page","status-publish","has-post-thumbnail","hentry"],"_links":{"self":[{"href":"https:\/\/dentakdenizsifa.com\/ar\/wp-json\/wp\/v2\/pages\/3663","targetHints":{"allow":["GET"]}}],"collection":[{"href":"https:\/\/dentakdenizsifa.com\/ar\/wp-json\/wp\/v2\/pages"}],"about":[{"href":"https:\/\/dentakdenizsifa.com\/ar\/wp-json\/wp\/v2\/types\/page"}],"author":[{"embeddable":true,"href":"https:\/\/dentakdenizsifa.com\/ar\/wp-json\/wp\/v2\/users\/1"}],"replies":[{"embeddable":true,"href":"https:\/\/dentakdenizsifa.com\/ar\/wp-json\/wp\/v2\/comments?post=3663"}],"version-history":[{"count":0,"href":"https:\/\/dentakdenizsifa.com\/ar\/wp-json\/wp\/v2\/pages\/3663\/revisions"}],"wp:featuredmedia":[{"embeddable":true,"href":"https:\/\/dentakdenizsifa.com\/ar\/wp-json\/wp\/v2\/media\/3643"}],"wp:attachment":[{"href":"https:\/\/dentakdenizsifa.com\/ar\/wp-json\/wp\/v2\/media?parent=3663"}],"curies":[{"name":"wp","href":"https:\/\/api.w.org\/{rel}","templated":true}]}}