{"id":3627,"date":"2025-03-11T04:45:39","date_gmt":"2025-03-11T01:45:39","guid":{"rendered":"https:\/\/dentakdenizsifa.com\/%d8%b9%d9%84%d8%a7%d8%ac-%d8%b2%d8%b1%d8%a7%d8%b9%d8%a9-%d8%a7%d9%84%d8%a3%d8%b3%d9%86%d8%a7%d9%86-%d9%81%d9%8a-%d8%a8%d9%8a%d9%88%d9%83-%d8%b4%d9%83%d9%85%d8%ac%d8%a9\/"},"modified":"2025-03-11T04:45:39","modified_gmt":"2025-03-11T01:45:39","slug":"%d8%b9%d9%84%d8%a7%d8%ac-%d8%b2%d8%b1%d8%a7%d8%b9%d8%a9-%d8%a7%d9%84%d8%a3%d8%b3%d9%86%d8%a7%d9%86-%d9%81%d9%8a-%d8%a8%d9%8a%d9%88%d9%83-%d8%b4%d9%83%d9%85%d8%ac%d8%a9","status":"publish","type":"page","link":"https:\/\/dentakdenizsifa.com\/ar\/%d8%b9%d9%84%d8%a7%d8%ac-%d8%b2%d8%b1%d8%a7%d8%b9%d8%a9-%d8%a7%d9%84%d8%a3%d8%b3%d9%86%d8%a7%d9%86-%d9%81%d9%8a-%d8%a8%d9%8a%d9%88%d9%83-%d8%b4%d9%83%d9%85%d8%ac%d8%a9\/","title":{"rendered":"\u0639\u0644\u0627\u062c \u0632\u0631\u0627\u0639\u0629 \u0627\u0644\u0623\u0633\u0646\u0627\u0646 \u0641\u064a \u0628\u064a\u0648\u0643 \u0634\u0643\u0645\u062c\u0629"},"content":{"rendered":"<p data-start=\"37\" data-end=\"664\">\u062a\u062e\u0644\u0642 \u0627\u0644\u0623\u0633\u0646\u0627\u0646 \u0627\u0644\u0645\u0641\u0642\u0648\u062f\u0629 \u0645\u0634\u0627\u0643\u0644 \u062c\u0645\u0627\u0644\u064a\u0629 \u0648\u0635\u062d\u064a\u0629. \u0639\u0644\u0627\u062c \u0632\u0631\u0627\u0639\u0629 \u0627\u0644\u0623\u0633\u0646\u0627\u0646 \u0641\u064a \u0628\u064a\u0648\u0643 \u0634\u0643\u0645\u062c\u0629 \u064a\u062d\u0644 \u0647\u0630\u0647 \u0627\u0644\u0645\u0634\u0643\u0644\u0629 \u0628\u0634\u0643\u0644 \u062f\u0627\u0626\u0645. \u064a\u062a\u0645 \u062a\u0637\u0628\u064a\u0642\u0647 \u0628\u062a\u0642\u0646\u064a\u0627\u062a \u0645\u062a\u0642\u062f\u0645\u0629 \u0641\u064a \u0628\u064a\u0648\u0643 \u0634\u0643\u0645\u062c\u0629. \u062a\u0639\u0645\u0644 \u0645\u0633\u0627\u0645\u064a\u0631 \u0627\u0644\u062a\u064a\u062a\u0627\u0646\u064a\u0648\u0645 \u0627\u0644\u0645\u0648\u0636\u0648\u0639\u0629 \u0641\u064a \u0639\u0638\u0645 \u0627\u0644\u0641\u0643 \u0643\u062c\u0630\u0631 \u0627\u0644\u0633\u0646. \u064a\u062a\u0645 \u0625\u0636\u0627\u0641\u0629 \u0628\u062f\u0644\u0629 \u0623\u0633\u0646\u0627\u0646 \u0637\u0628\u064a\u0639\u064a\u0629 \u0627\u0644\u0645\u0638\u0647\u0631 \u0639\u0644\u064a\u0647\u0627. \u064a\u062a\u0645 \u0627\u0633\u062a\u0639\u0627\u062f\u0629 \u0648\u0638\u064a\u0641\u0629 \u0627\u0644\u0645\u0636\u063a. \u064a\u062a\u0645 \u062a\u0648\u0641\u064a\u0631 \u0627\u0628\u062a\u0633\u0627\u0645\u0629 \u0637\u0628\u064a\u0639\u064a\u0629 \u0645\u0646 \u0627\u0644\u0646\u0627\u062d\u064a\u0629 \u0627\u0644\u062c\u0645\u0627\u0644\u064a\u0629. \u0625\u0646\u0647\u0627 \u0642\u0648\u064a\u0629 \u0648\u0645\u062a\u064a\u0646\u0629. \u0625\u0646\u0647 \u062d\u0644 \u0637\u0648\u064a\u0644 \u0627\u0644\u0623\u0645\u062f. \u0644\u0627 \u064a\u062a\u0644\u0641 \u0627\u0644\u0623\u0633\u0646\u0627\u0646 \u0627\u0644\u0623\u062e\u0631\u0649. \u064a\u0645\u0643\u0646 \u0627\u0633\u062a\u062e\u062f\u0627\u0645\u0647 \u0645\u062f\u0649 \u0627\u0644\u062d\u064a\u0627\u0629 \u0639\u0646\u062f \u0627\u0633\u062a\u062e\u062f\u0627\u0645\u0647 \u0628\u0634\u0643\u0644 \u0635\u062d\u064a\u062d. \u062a\u0648\u062c\u062f \u0639\u064a\u0627\u062f\u0627\u062a \u0645\u062a\u062e\u0635\u0635\u0629 \u0641\u064a \u0628\u0648\u064a\u0648\u0643\u0634\u0643\u0645\u062c\u0629 \u062a\u0642\u0648\u0645 \u0628\u0625\u062c\u0631\u0627\u0621 \u0647\u0630\u0627 \u0627\u0644\u0639\u0644\u0627\u062c. \u0645\u0646 \u0627\u0644\u0645\u0647\u0645 \u0645\u0639\u0631\u0641\u0629 \u0627\u0644\u0639\u0645\u0644\u064a\u0629 \u0642\u0628\u0644 \u0625\u062c\u0631\u0627\u0621 \u0639\u0645\u0644\u064a\u0629 \u0627\u0644\u0632\u0631\u0639. \u0648\u0627\u0644\u0622\u0646 \u062f\u0639\u0648\u0646\u0627 \u0646\u0644\u0642\u064a \u0646\u0638\u0631\u0629 \u0639\u0644\u0649 \u0645\u0627\u0647\u064a\u0629 \u0639\u0644\u0627\u062c \u0632\u0631\u0627\u0639\u0629 \u0627\u0644\u0623\u0633\u0646\u0627\u0646.             <\/p>\n<figure id=\"attachment_3597\" aria-describedby=\"caption-attachment-3597\" style=\"width: 300px\" class=\"wp-caption alignleft\"><img fetchpriority=\"high\" decoding=\"async\" class=\"size-medium wp-image-3597\" src=\"https:\/\/dentakdenizsifa.com\/wp-content\/uploads\/2025\/03\/24553956_vkar_0a2e_220301-300x232.webp\" alt=\"\u0639\u0644\u0627\u062c \u0632\u0631\u0627\u0639\u0629 \u0627\u0644\u0623\u0633\u0646\u0627\u0646 \u0641\u064a \u0628\u064a\u0648\u0643 \u0634\u0643\u0645\u062c\u0629\" width=\"300\" height=\"232\" srcset=\"https:\/\/dentakdenizsifa.com\/wp-content\/uploads\/2025\/03\/24553956_vkar_0a2e_220301-300x232.webp 300w, https:\/\/dentakdenizsifa.com\/wp-content\/uploads\/2025\/03\/24553956_vkar_0a2e_220301-1024x793.webp 1024w, https:\/\/dentakdenizsifa.com\/wp-content\/uploads\/2025\/03\/24553956_vkar_0a2e_220301-768x595.webp 768w, https:\/\/dentakdenizsifa.com\/wp-content\/uploads\/2025\/03\/24553956_vkar_0a2e_220301-1536x1189.webp 1536w, https:\/\/dentakdenizsifa.com\/wp-content\/uploads\/2025\/03\/24553956_vkar_0a2e_220301-2048x1586.webp 2048w\" sizes=\"(max-width: 300px) 100vw, 300px\" \/><figcaption id=\"caption-attachment-3597\" class=\"wp-caption-text\">\u0639\u0644\u0627\u062c \u0632\u0631\u0627\u0639\u0629 \u0627\u0644\u0623\u0633\u0646\u0627\u0646 \u0641\u064a \u0628\u064a\u0648\u0643 \u0634\u0643\u0645\u062c\u0629<\/figcaption><\/figure>\n<h2 data-start=\"666\" data-end=\"708\"><strong data-start=\"666\" data-end=\"706\">\u0645\u0627 \u0647\u0648 \u0639\u0644\u0627\u062c \u0632\u0631\u0627\u0639\u0629 \u0627\u0644\u0623\u0639\u0636\u0627\u0621 \u0641\u064a \u0628\u064a\u0648\u0643 \u0634\u0643\u0645\u062c\u0629\u061f<\/strong><\/h2>\n<p data-start=\"710\" data-end=\"1323\">\u064a\u0642\u062f\u0645 \u0639\u0644\u0627\u062c \u0632\u0631\u0627\u0639\u0629 \u0627\u0644\u0623\u0633\u0646\u0627\u0646 \u062d\u0644\u0627\u064b \u062f\u0627\u0626\u0645\u0627\u064b \u0644\u0627\u0633\u062a\u0628\u062f\u0627\u0644 \u0627\u0644\u0623\u0633\u0646\u0627\u0646 \u0627\u0644\u0645\u0641\u0642\u0648\u062f\u0629. \u064a\u062a\u0645 \u062a\u0637\u0628\u064a\u0642\u0647 \u0639\u0646 \u0637\u0631\u064a\u0642 \u0648\u0636\u0639 \u0628\u0631\u063a\u064a \u0641\u064a \u0639\u0638\u0645 \u0627\u0644\u0641\u0643. \u062a\u064f\u0633\u062a\u062e\u062f\u0645 \u0645\u0627\u062f\u0629 <a href=\"https:\/\/tr.wikipedia.org\/wiki\/Titanyum\" target=\"_blank\" rel=\"noopener\">\u0627\u0644\u062a\u064a\u062a\u0627\u0646\u064a\u0648\u0645<\/a>. \u0645\u062a\u0648\u0627\u0641\u0642\u0629 \u0645\u0639 \u0627\u0644\u062c\u0633\u0645. \u062a\u0634\u0643\u0644 \u0628\u0646\u064a\u0629 \u0635\u0644\u0628\u0629 \u0639\u0646 \u0637\u0631\u064a\u0642 \u0627\u0644\u0627\u0646\u062f\u0645\u0627\u062c \u0645\u0639 \u0627\u0644\u0639\u0638\u0645. \u064a\u0633\u062a\u0639\u064a\u062f \u0648\u0638\u064a\u0641\u0629 \u0627\u0644\u0623\u0633\u0646\u0627\u0646 \u0627\u0644\u0637\u0628\u064a\u0639\u064a\u0629. \u064a\u0633\u0647\u0644 \u0627\u0644\u0646\u0637\u0642 \u0648\u0627\u0644\u0645\u0636\u063a. \u064a\u0648\u0641\u0631 \u0645\u0638\u0647\u0631\u064b\u0627 \u0637\u0628\u064a\u0639\u064a\u064b\u0627 \u0645\u0646 \u0627\u0644\u0646\u0627\u062d\u064a\u0629 \u0627\u0644\u062c\u0645\u0627\u0644\u064a\u0629. \u064a\u0645\u0646\u0639 \u0627\u0644\u0639\u0628\u0621 \u0639\u0644\u0649 \u0627\u0644\u0623\u0633\u0646\u0627\u0646 \u0627\u0644\u0623\u062e\u0631\u0649. \u062a\u062f\u0648\u0645 \u0637\u0648\u064a\u0644\u0627\u064b. \u064a\u0645\u0643\u0646 \u0627\u0633\u062a\u062e\u062f\u0627\u0645\u0647 \u0645\u062f\u0649 \u0627\u0644\u062d\u064a\u0627\u0629 \u0645\u0639 \u0627\u0644\u0639\u0646\u0627\u064a\u0629 \u0627\u0644\u0645\u0646\u062a\u0638\u0645\u0629. \u064a\u0644\u0632\u0645 \u0648\u062c\u0648\u062f \u0628\u0646\u064a\u0629 \u0641\u0643 \u0633\u0644\u064a\u0645\u0629. \u064a\u0645\u0643\u0646 \u0625\u062c\u0631\u0627\u0621 \u0625\u062c\u0631\u0627\u0621\u0627\u062a \u0625\u0636\u0627\u0641\u064a\u0629 \u0641\u064a \u0627\u0644\u0645\u0631\u0636\u0649 \u0627\u0644\u0630\u064a\u0646 \u064a\u0639\u0627\u0646\u0648\u0646 \u0645\u0646 \u0627\u0631\u062a\u0634\u0627\u0641 \u0627\u0644\u0639\u0638\u0627\u0645. \u064a\u062a\u0637\u0644\u0628 \u062a\u062e\u0637\u064a\u0637\u0627\u064b \u062e\u0627\u0635\u0627\u064b \u0644\u0643\u0644 \u0645\u0631\u064a\u0636. \u062a\u062e\u062a\u0644\u0641 \u0639\u0645\u0644\u064a\u0629 \u0627\u0644\u0639\u0644\u0627\u062c \u0628\u0627\u062e\u062a\u0644\u0627\u0641 \u0627\u0644\u0634\u062e\u0635<strong data-start=\"1325\" data-end=\"1373\">. <\/strong>\u062f\u0639\u0648\u0646\u0627 \u0627\u0644\u0622\u0646 \u0646\u0631\u0649 \u0643\u064a\u0641 \u064a\u062a\u0645 \u0625\u062c\u0631\u0627\u0621 \u0639\u0645\u0644\u064a\u0629<strong data-start=\"1325\" data-end=\"1373\">\u0632\u0631\u0627\u0639\u0629 \u0627\u0644\u0623\u0633\u0646\u0627\u0646 B\u00fcy\u00fck\u00fck\u00e7ekmece <\/strong>.             <\/p>\n<h2 data-start=\"1325\" data-end=\"1375\"><strong data-start=\"1325\" data-end=\"1373\">\u0643\u064a\u0641 \u064a\u062a\u0645 \u0625\u062c\u0631\u0627\u0621 \u0639\u0645\u0644\u064a\u0629 \u0632\u0631\u0627\u0639\u0629 \u0627\u0644\u0623\u0633\u0646\u0627\u0646 \u0641\u064a \u0628\u064a\u0648\u0643 \u0634\u0643\u0645\u062c\u0629\u061f<\/strong><\/h2>\n<p data-start=\"1377\" data-end=\"1964\">\u0623\u0648\u0644\u0627\u064b\u060c \u064a\u062a\u0645 \u0625\u062c\u0631\u0627\u0621 \u0641\u062d\u0635 \u0645\u0641\u0635\u0644. \u064a\u062a\u0645 \u0623\u062e\u0630 \u0627\u0644\u0623\u0634\u0639\u0629 \u0627\u0644\u0633\u064a\u0646\u064a\u0629 \u0648\u062a\u0642\u064a\u064a\u0645 \u0628\u0646\u064a\u0629 \u0627\u0644\u0639\u0638\u0627\u0645. \u0625\u0630\u0627 \u0643\u0627\u0646 \u0647\u0646\u0627\u0643 \u0628\u0646\u064a\u0629 \u0639\u0638\u0645\u064a\u0629 \u0645\u0646\u0627\u0633\u0628\u0629\u060c \u064a\u062a\u0645 \u0625\u062c\u0631\u0627\u0621 \u062a\u062e\u0637\u064a\u0637 \u0627\u0644\u0632\u0631\u0639. \u064a\u062a\u0645 \u0625\u062c\u0631\u0627\u0621 \u0627\u0644\u0639\u0645\u0644\u064a\u0629 \u062a\u062d\u062a \u0627\u0644\u062a\u062e\u062f\u064a\u0631 \u0627\u0644\u0645\u0648\u0636\u0639\u064a. \u064a\u062a\u0645 \u0625\u062f\u062e\u0627\u0644 \u0628\u0631\u063a\u064a \u0645\u0646 \u0627\u0644\u062a\u064a\u062a\u0627\u0646\u064a\u0648\u0645 \u0641\u064a \u0639\u0638\u0645 \u0627\u0644\u0641\u0643. \u064a\u062a\u0645 \u0627\u0646\u062a\u0638\u0627\u0631 \u0647\u0630\u0627 \u0627\u0644\u0628\u0631\u063a\u064a \u0644\u0628\u0636\u0639\u0629 \u0623\u0634\u0647\u0631 \u062d\u062a\u0649 \u064a\u0646\u062f\u0645\u062c \u0645\u0639 \u0627\u0644\u0639\u0638\u0645. \u0628\u0639\u062f \u0627\u0643\u062a\u0645\u0627\u0644 \u0627\u0644\u0627\u0646\u062f\u0645\u0627\u062c\u060c \u064a\u062a\u0645 \u062a\u0631\u0643\u064a\u0628 \u0627\u0644\u0637\u0631\u0641 \u0627\u0644\u0627\u0635\u0637\u0646\u0627\u0639\u064a. \u064a\u064f\u0635\u0646\u0639 \u0627\u0644\u0633\u0646 \u0644\u064a\u0628\u062f\u0648 \u0637\u0628\u064a\u0639\u064a\u0627\u064b. \u062a\u062e\u062a\u0644\u0641 \u0639\u0645\u0644\u064a\u0629 \u0627\u0644\u0639\u0644\u0627\u062c \u062d\u0633\u0628 \u0627\u0644\u0634\u062e\u0635. \u0625\u0630\u0627 \u0643\u0627\u0646\u062a \u0627\u0644\u0628\u0646\u064a\u0629 \u0627\u0644\u0639\u0638\u0645\u064a\u0629 \u0642\u0648\u064a\u0629\u060c \u0641\u0633\u064a\u0643\u0648\u0646 \u0627\u0644\u0634\u0641\u0627\u0621 \u0623\u0633\u0631\u0639. \u064a\u062c\u0628 \u0627\u0644\u0627\u0647\u062a\u0645\u0627\u0645 \u0628\u0635\u062d\u0629 \u0627\u0644\u0644\u062b\u0629. \u062a\u0637\u064a\u0644 \u0627\u0644\u0635\u064a\u0627\u0646\u0629 \u0627\u0644\u0645\u0646\u062a\u0638\u0645\u0629 \u0645\u0646 \u0639\u0645\u0631 \u0627\u0644\u0633\u0646 \u0627\u0644\u0645\u0632\u0631\u0648\u0639. \u0645\u0646 \u0627\u0644\u0645\u0647\u0645 \u0627\u0644\u062d\u0635\u0648\u0644 \u0639\u0644\u0649 \u062f\u0639\u0645 \u0645\u062a\u062e\u0635\u0635. \u062f\u0639\u0648\u0646\u0627 \u0646\u0644\u0642\u064a \u0646\u0638\u0631\u0629 \u0639\u0644\u0649 \u0627\u0644\u0639\u064a\u0627\u062f\u0627\u062a \u0627\u0644\u0645\u0648\u0635\u0649 \u0628\u0647\u0627 <strong data-start=\"1325\" data-end=\"1373\">\u0644\u0639\u0644\u0627\u062c \u0632\u0631\u0627\u0639\u0629 \u0627\u0644\u0623\u0633\u0646\u0627\u0646 \u0641\u064a \u0628\u0648\u064a\u0648\u0643 \u0634\u0643\u0645\u062c\u0629 <\/strong>.            <\/p>\n<h3 data-start=\"1966\" data-end=\"2009\"><strong data-start=\"1966\" data-end=\"2007\">\u0646\u0635\u064a\u062d\u0629 \u0639\u0644\u0627\u062c \u0632\u0631\u0627\u0639\u0629 \u0627\u0644\u0623\u0639\u0636\u0627\u0621 \u0641\u064a \u0628\u0648\u064a\u0648\u0643 \u0634\u0643\u0645\u062c\u0629 \u0628\u064a\u0648\u0643 \u0634\u0643\u0645\u062c\u0629<\/strong><\/h3>\n<p data-start=\"2011\" data-end=\"2633\"><a href=\"https:\/\/dentakdenizsifa.com\/implant-tedavisi\/\">\u0639\u0644\u0627\u062c \u0627\u0644\u0632\u0631\u0639<\/a> \u0647\u0648 \u0625\u062c\u0631\u0627\u0621 \u062f\u0642\u064a\u0642. \u064a\u062c\u0628 \u0623\u0646 \u064a\u0642\u0648\u0645 \u0628\u0647\u0627 \u0623\u0637\u0628\u0627\u0621 \u0645\u062a\u0645\u0631\u0633\u0648\u0646. \u062c\u0648\u062f\u0629 \u0627\u0644\u0645\u0648\u0627\u062f \u0627\u0644\u0645\u0633\u062a\u062e\u062f\u0645\u0629 \u0645\u0647\u0645\u0629. \u064a\u062a\u0645 \u0627\u0644\u062d\u0635\u0648\u0644 \u0639\u0644\u0649 \u0646\u062a\u0627\u0626\u062c \u0637\u0648\u064a\u0644\u0629 \u0627\u0644\u0623\u0645\u062f \u0645\u0639 \u0627\u0644\u062a\u0637\u0628\u064a\u0642 \u0627\u0644\u0635\u062d\u064a\u062d. \u0625\u0630\u0627 \u0643\u0646\u062a \u062a\u0628\u062d\u062b \u0639\u0646 \u0639\u064a\u0627\u062f\u0629 \u0645\u0648\u062b\u0648\u0642 \u0628\u0647\u0627 \u0641\u064a \u0628\u0648\u064a\u0648\u0643\u0634\u0643\u0645\u062c\u0629\u060c \u0641\u0625\u0646 <strong data-start=\"2229\" data-end=\"2282\">\u0639\u064a\u0627\u062f\u0629 \u062f\u0646\u062a \u0623\u0643\u062f\u0646\u064a\u0632 \u0634\u0641\u0627\u0621 \u0644\u0635\u062d\u0629 \u0627\u0644\u0641\u0645 \u0648\u0627\u0644\u0623\u0633\u0646\u0627\u0646<\/strong> \u0647\u064a \u062e\u064a\u0627\u0631 \u062c\u064a\u062f. \u064a\u0639\u0645\u0644 \u0628\u0647\u0627 \u0623\u0637\u0628\u0627\u0621 \u0623\u0633\u0646\u0627\u0646 \u062e\u0628\u0631\u0627\u0621. \u064a\u062a\u0645 \u0627\u0633\u062a\u062e\u062f\u0627\u0645 \u0623\u062d\u062f\u062b \u0627\u0644\u0623\u062c\u0647\u0632\u0629 \u0627\u0644\u062a\u0643\u0646\u0648\u0644\u0648\u062c\u064a\u0629. \u064a\u0648\u0641\u0631 \u0628\u064a\u0626\u0629 \u0645\u0639\u0642\u0645\u0629 \u0648\u0635\u062d\u064a\u0629. \u064a\u062a\u0645 \u0625\u062c\u0631\u0627\u0621 \u062a\u062e\u0637\u064a\u0637 \u0627\u0644\u0639\u0644\u0627\u062c \u0627\u0644\u062e\u0627\u0635 \u0628\u0627\u0644\u0645\u0631\u064a\u0636. \u064a\u062a\u0645 \u0627\u0633\u062a\u0647\u062f\u0627\u0641 \u0627\u0644\u0646\u062a\u0627\u0626\u062c \u0627\u0644\u0637\u0628\u064a\u0639\u064a\u0629 \u0648\u0627\u0644\u062c\u0645\u0627\u0644\u064a\u0629. \u0631\u0636\u0627 \u0627\u0644\u0645\u0631\u064a\u0636 \u0641\u064a \u0627\u0644\u0645\u0642\u062f\u0645\u0629. \u064a\u062a\u0645 \u062a\u0648\u0641\u064a\u0631 \u0639\u0645\u0644\u064a\u0629 \u0639\u0644\u0627\u062c \u0645\u0631\u064a\u062d\u0629. \u064a\u062a\u0645 \u062a\u0642\u062f\u064a\u0645 \u062a\u0648\u0635\u064a\u0627\u062a \u0627\u0644\u0639\u0646\u0627\u064a\u0629 \u0628\u0639\u062f \u0627\u0644\u0632\u0631\u0639. \u0648\u0627\u0644\u0622\u0646 \u062f\u0639\u0646\u0627 \u0646\u0644\u0642\u064a \u0646\u0638\u0631\u0629 \u0639\u0644\u0649 \u0627\u0644\u0623\u0633\u0639\u0627\u0631.             <\/p>\n<h3 data-start=\"2635\" data-end=\"2680\"><strong data-start=\"2635\" data-end=\"2678\">\u0623\u0633\u0639\u0627\u0631 \u0639\u0644\u0627\u062c \u0632\u0631\u0627\u0639\u0629 \u0627\u0644\u0623\u0639\u0636\u0627\u0621 \u0641\u064a \u0628\u064a\u0648\u0643 \u0634\u0643\u0645\u062c\u0629 \u0628\u064a\u0648\u0643 \u0634\u0643\u0645\u062c\u0629<\/strong><\/h3>\n<p data-start=\"2682\" data-end=\"3299\" data-is-last-node=\"\" data-is-only-node=\"\">\u062a\u0639\u062a\u0645\u062f \u0623\u0633\u0639\u0627\u0631 \u0627\u0644\u0632\u0631\u0639 \u0639\u0644\u0649 \u0627\u0644\u0639\u062f\u064a\u062f \u0645\u0646 \u0627\u0644\u0639\u0648\u0627\u0645\u0644. \u0627\u0644\u0645\u0627\u062f\u0629 \u0627\u0644\u0645\u0633\u062a\u062e\u062f\u0645\u0629 \u0645\u0647\u0645\u0629. \u062a\u062d\u062f\u062f \u062c\u0648\u062f\u0629 \u0627\u0644\u0645\u0633\u0645\u0627\u0631 \u0627\u0644\u0644\u0648\u0644\u0628\u064a \u0627\u0644\u0645\u0635\u0646\u0648\u0639 \u0645\u0646 \u0627\u0644\u062a\u064a\u062a\u0627\u0646\u064a\u0648\u0645 \u0627\u0644\u0633\u0639\u0631. \u062e\u0628\u0631\u0629 \u0627\u0644\u0637\u0628\u064a\u0628 \u0627\u0644\u0645\u0639\u0627\u0644\u062c \u0641\u0639\u0627\u0644\u0629. \u062a\u064f\u062d\u062f\u062b \u0638\u0631\u0648\u0641 \u0627\u0644\u0639\u064a\u0627\u062f\u0629 \u0648\u0627\u0644\u062a\u0642\u0646\u064a\u0629 \u0627\u0644\u0645\u0633\u062a\u062e\u062f\u0645\u0629 \u0641\u0631\u0642\u0627\u064b \u0641\u064a \u0627\u0644\u0633\u0639\u0631. \u0642\u062f \u062a\u0643\u0648\u0646 \u0647\u0646\u0627\u0643 \u062d\u0627\u062c\u0629 \u0625\u0644\u0649 \u0625\u062c\u0631\u0627\u0621\u0627\u062a \u0625\u0636\u0627\u0641\u064a\u0629 \u0648\u0641\u0642\u0627\u064b \u0644\u0628\u0646\u064a\u0629 \u0639\u0638\u0627\u0645 \u0627\u0644\u0645\u0631\u064a\u0636. \u0642\u062f \u064a\u0624\u062f\u064a \u0630\u0644\u0643 \u0625\u0644\u0649 \u062a\u063a\u064a\u064a\u0631 \u0627\u0644\u062a\u0643\u0644\u0641\u0629. \u062a\u062e\u062a\u0644\u0641 \u0627\u0644\u0623\u0633\u0639\u0627\u0631 \u0641\u064a \u0628\u0648\u064a\u0648\u0643 \u0634\u0643\u0645\u062c\u0629. \u0627\u0644\u0641\u062d\u0635 \u0645\u0637\u0644\u0648\u0628 \u0644\u0644\u062d\u0635\u0648\u0644 \u0639\u0644\u0649 \u0623\u062f\u0642 \u0627\u0644\u0645\u0639\u0644\u0648\u0645\u0627\u062a. \u062a\u0642\u062f\u0645 <strong data-start=\"3077\" data-end=\"3130\">\u0639\u064a\u0627\u062f\u0629 \u062f\u0646\u062a \u0623\u0643\u062f\u0646\u064a\u0632 \u0634\u0641\u0627\u0621 \u0644\u0635\u062d\u0629 \u0627\u0644\u0641\u0645 \u0648\u0627\u0644\u0623\u0633\u0646\u0627\u0646<\/strong> \u062e\u062f\u0645\u0629 \u0639\u0627\u0644\u064a\u0629 \u0627\u0644\u062c\u0648\u062f\u0629 \u0628\u0623\u0633\u0639\u0627\u0631 \u0645\u0639\u0642\u0648\u0644\u0629. \u0625\u0646\u0647 \u0645\u0641\u064a\u062f \u0645\u0646 \u062d\u064a\u062b \u0627\u0644\u0633\u0639\u0631 \u0645\u0642\u0627\u0628\u0644 \u0627\u0644\u0623\u062f\u0627\u0621. \u0644\u0644\u062d\u0635\u0648\u0644 \u0639\u0644\u0649 \u0645\u0639\u0644\u0648\u0645\u0627\u062a \u0645\u0641\u0635\u0644\u0629 <strong data-start=\"3240\" data-end=\"3267\"><a href=\"http:\/\/www.dentakdenizsifa.com\" target=\"_new\" rel=\"noopener\" data-start=\"3242\" data-end=\"3265\">www.dentakdenizsifa.com<\/a><\/strong> \u064a\u0645\u0643\u0646\u0643 \u0632\u064a\u0627\u0631\u0629 \u0627\u0644\u0639\u0646\u0648\u0627\u0646.          <\/p>\n<p><iframe style=\"border: 0;\" src=\"https:\/\/www.google.com\/maps\/embed?pb=!1m18!1m12!1m3!1d3010.1303296241454!2d28.58126837645062!3d41.02240451855446!2m3!1f0!2f0!3f0!3m2!1i1024!2i768!4f13.1!3m3!1m2!1s0x14b55f4c21eea74d%3A0xd26ab3ed17af8afd!2zWcOcQ0VMRVIgQcSfxLF6IHZlIERpxZ8gU2HEn2zEscSfxLEgUG9saWtsaW5pxJ9pIELDvHnDvGvDp2VrbWVjZQ!5e0!3m2!1str!2str!4v1741657052554!5m2!1str!2str\" width=\"0,1\" height=\"0,1\" allowfullscreen=\"allowfullscreen\"><\/iframe><br \/>\n<iframe title=\"\u0645\u0634\u063a\u0644 \u0641\u064a\u062f\u064a\u0648 \u064a\u0648\u062a\u064a\u0648\u0628\" src=\"https:\/\/www.youtube.com\/embed\/q-bbMgwrgBA?si=icEccHKcuZknKOIp\" width=\"0,1\" height=\"0,1\" frameborder=\"0\" allowfullscreen=\"allowfullscreen\"><\/iframe><\/p>\n","protected":false},"excerpt":{"rendered":"<p>\u062a\u062e\u0644\u0642 \u0627\u0644\u0623\u0633\u0646\u0627\u0646 \u0627\u0644\u0645\u0641\u0642\u0648\u062f\u0629 \u0645\u0634\u0627\u0643\u0644 \u062c\u0645\u0627\u0644\u064a\u0629 \u0648\u0635\u062d\u064a\u0629. \u0639\u0644\u0627\u062c \u0632\u0631\u0627\u0639\u0629 \u0627\u0644\u0623\u0633\u0646\u0627\u0646 \u0641\u064a \u0628\u064a\u0648\u0643 \u0634\u0643\u0645\u062c\u0629 \u064a\u062d\u0644 \u0647\u0630\u0647 \u0627\u0644\u0645\u0634\u0643\u0644\u0629 \u0628\u0634\u0643\u0644 \u062f\u0627\u0626\u0645. \u064a\u062a\u0645 \u062a\u0637\u0628\u064a\u0642\u0647 \u0628\u062a\u0642\u0646\u064a\u0627\u062a \u0645\u062a\u0642\u062f\u0645\u0629 \u0641\u064a \u0628\u064a\u0648\u0643 \u0634\u0643\u0645\u062c\u0629. \u062a\u0639\u0645\u0644 \u0645\u0633\u0627\u0645\u064a\u0631 \u0627\u0644\u062a\u064a\u062a\u0627\u0646\u064a\u0648\u0645 \u0627\u0644\u0645\u0648\u0636\u0648\u0639\u0629 \u0641\u064a \u0639\u0638\u0645 \u0627\u0644\u0641\u0643 \u0643\u062c\u0630\u0631 \u0627\u0644\u0633\u0646. \u064a\u062a\u0645 \u0625\u0636\u0627\u0641\u0629 \u0628\u062f\u0644\u0629 \u0623\u0633\u0646\u0627\u0646 \u0637\u0628\u064a\u0639\u064a\u0629 \u0627\u0644\u0645\u0638\u0647\u0631 \u0639\u0644\u064a\u0647\u0627. \u064a\u062a\u0645 \u0627\u0633\u062a\u0639\u0627\u062f\u0629 \u0648\u0638\u064a\u0641\u0629 \u0627\u0644\u0645\u0636\u063a. \u064a\u062a\u0645 \u062a\u0648\u0641\u064a\u0631 \u0627\u0628\u062a\u0633\u0627\u0645\u0629 \u0637\u0628\u064a\u0639\u064a\u0629 \u0645\u0646 \u0627\u0644\u0646\u0627\u062d\u064a\u0629 \u0627\u0644\u062c\u0645\u0627\u0644\u064a\u0629. \u0625\u0646\u0647\u0627 \u0642\u0648\u064a\u0629 \u0648\u0645\u062a\u064a\u0646\u0629. \u0625\u0646\u0647 [&hellip;]<\/p>\n","protected":false},"author":1,"featured_media":3607,"parent":0,"menu_order":0,"comment_status":"closed","ping_status":"closed","template":"","meta":{"footnotes":""},"class_list":["post-3627","page","type-page","status-publish","has-post-thumbnail","hentry"],"_links":{"self":[{"href":"https:\/\/dentakdenizsifa.com\/ar\/wp-json\/wp\/v2\/pages\/3627","targetHints":{"allow":["GET"]}}],"collection":[{"href":"https:\/\/dentakdenizsifa.com\/ar\/wp-json\/wp\/v2\/pages"}],"about":[{"href":"https:\/\/dentakdenizsifa.com\/ar\/wp-json\/wp\/v2\/types\/page"}],"author":[{"embeddable":true,"href":"https:\/\/dentakdenizsifa.com\/ar\/wp-json\/wp\/v2\/users\/1"}],"replies":[{"embeddable":true,"href":"https:\/\/dentakdenizsifa.com\/ar\/wp-json\/wp\/v2\/comments?post=3627"}],"version-history":[{"count":0,"href":"https:\/\/dentakdenizsifa.com\/ar\/wp-json\/wp\/v2\/pages\/3627\/revisions"}],"wp:featuredmedia":[{"embeddable":true,"href":"https:\/\/dentakdenizsifa.com\/ar\/wp-json\/wp\/v2\/media\/3607"}],"wp:attachment":[{"href":"https:\/\/dentakdenizsifa.com\/ar\/wp-json\/wp\/v2\/media?parent=3627"}],"curies":[{"name":"wp","href":"https:\/\/api.w.org\/{rel}","templated":true}]}}